{"id":5528,"date":"2017-10-06T06:19:16","date_gmt":"2017-10-06T04:19:16","guid":{"rendered":"http:\/\/192.99.132.249\/?page_id=5528"},"modified":"2022-03-17T14:33:36","modified_gmt":"2022-03-17T18:33:36","slug":"products","status":"publish","type":"page","link":"https:\/\/lovepac.com\/en\/products\/","title":{"rendered":"Products"},"content":{"rendered":"<div class=\"fusion-fullwidth fullwidth-box fusion-builder-row-1 nonhundred-percent-fullwidth non-hundred-percent-height-scrolling\" style=\"--awb-border-radius-top-left:0px;--awb-border-radius-top-right:0px;--awb-border-radius-bottom-right:0px;--awb-border-radius-bottom-left:0px;--awb-flex-wrap:wrap;\" ><div class=\"fusion-builder-row fusion-row\"><div class=\"fusion-layout-column fusion_builder_column fusion-builder-column-0 fusion_builder_column_1_1 1_1 fusion-one-full fusion-column-first fusion-column-last\" style=\"--awb-bg-size:cover;--awb-margin-bottom:0px;\"><div class=\"fusion-column-wrapper fusion-flex-column-wrapper-legacy\"><div class=\"fusion-text fusion-text-1\"><h3>Products<\/h3>\n<h4 class=\"fusion-responsive-typography-calculated\" data-fontsize=\"28\" data-lineheight=\"29.96px\">Redefining Custom Corrugated Box Packaging<\/h4>\n<p><img decoding=\"async\" class=\" alignright size-full wp-image-5530\" style=\"float: right; margin-left: 20px; margin-bottom: 20px;\" src=\"http:\/\/192.99.132.249\/wp-content\/uploads\/2012\/09\/images_foam-in-box.jpg\" alt=\"emballage de protection\" width=\"532\" height=\"328\" border=\"0\" srcset=\"https:\/\/lovepac.com\/wp-content\/uploads\/2012\/09\/images_foam-in-box-300x185.jpg 300w, https:\/\/lovepac.com\/wp-content\/uploads\/2012\/09\/images_foam-in-box.jpg 532w\" sizes=\"(max-width: 532px) 100vw, 532px\" \/><\/p>\n<p>Lovepac is the leading online custom protective packaging provider in North America capable of manufacturing, designing, and servicing a complete range of corrugated and protective foam packaging products and supplies.<\/p>\n<p>Our company is deeply committed to delivering on the promise of a more consistent and reliable customer service experience by nurturing long-term relationships based on a mutual vision for success: a packaging solution that protects your valuable goods.<\/p>\n<p>The Lovepac delivery model sets the bar high in terms of delivering the highest levels of design, manufacturing, inventory, and customer service experiences in the industry.<\/p>\n<h4 class=\"fusion-responsive-typography-calculated\" data-fontsize=\"28\" data-lineheight=\"29.96px\">One-Stop Solution Center for Custom Protective Packaging<\/h4>\n<p><img decoding=\"async\" class=\" alignright size-full wp-image-5531\" style=\"float: right; margin-left: 20px;\" src=\"http:\/\/192.99.132.249\/wp-content\/uploads\/2012\/09\/images_custom-packaging.jpg\" alt=\"emballage de protection en mousse\" width=\"436\" height=\"423\" border=\"0\" srcset=\"https:\/\/lovepac.com\/wp-content\/uploads\/2012\/09\/images_custom-packaging-300x291.jpg 300w, https:\/\/lovepac.com\/wp-content\/uploads\/2012\/09\/images_custom-packaging.jpg 436w\" sizes=\"(max-width: 436px) 100vw, 436px\" \/><\/p>\n<p>We are dedicated to providing businesses complete peace of mind. Your products will be protected in a custom corrugated box, foam packaging, and\/or crating solution designed for your unique packaging requirements.<\/p>\n<p>The Lovepac team offers more depth and breadth of services and skills in the protective packaging industry than anyone else. From our creative and detail-oriented CorrDesign<sup>TM<\/sup>\u00a0team (Design Squad) to our innovative LovepacQ<sup>TM<\/sup>\u00a0manufacturing and quality control pros,\u00a0every member of the Lovepac team cares personally about matching the right solutions with your needs.<\/p>\n<p>As your manufacturing partner, our goal is to support a long-term relationship built on trust. This begins with understanding your needs\u2014and developing a custom packaging solution that consistently delivers on the promise of protecting your valuable goods.<\/p>\n<p><a href=\"https:\/\/lovepac.com\/en\/products\/index.php?Itemid=169\">Find out more about Lovepac\u2019s unique CorrMethod\u2122 approach to custom protective packaging.<\/a><\/p>\n<\/div><div class=\"fusion-clearfix\"><\/div><\/div><\/div><\/div><\/div>\n","protected":false},"excerpt":{"rendered":"","protected":false},"author":1,"featured_media":0,"parent":0,"menu_order":4,"comment_status":"closed","ping_status":"closed","template":"side-navigation.php","meta":{"footnotes":""},"class_list":["post-5528","page","type-page","status-publish","hentry"],"yoast_head":"<!-- This site is optimized with the Yoast SEO plugin v27.5 - https:\/\/yoast.com\/product\/yoast-seo-wordpress\/ -->\n<title>Custom Corrugated Box Packaging, Protective Foam Packaging<\/title>\n<meta name=\"description\" content=\"Lovepac is dedicated to fulfilling custom corrugated box packaging, protective foam packaging or crating solution needs for clients in Quebec and beyond.\" \/>\n<meta name=\"robots\" content=\"index, follow, max-snippet:-1, max-image-preview:large, max-video-preview:-1\" \/>\n<link rel=\"canonical\" href=\"https:\/\/lovepac.com\/en\/products\/\" \/>\n<meta property=\"og:locale\" content=\"en_US\" \/>\n<meta property=\"og:type\" content=\"article\" \/>\n<meta property=\"og:title\" content=\"Custom Corrugated Box Packaging, Protective Foam Packaging\" \/>\n<meta property=\"og:description\" content=\"Lovepac is dedicated to fulfilling custom corrugated box packaging, protective foam packaging or crating solution needs for clients in Quebec and beyond.\" \/>\n<meta property=\"og:url\" content=\"https:\/\/lovepac.com\/en\/products\/\" \/>\n<meta property=\"og:site_name\" content=\"Lovepac\" \/>\n<meta property=\"article:modified_time\" content=\"2022-03-17T18:33:36+00:00\" \/>\n<meta property=\"og:image\" content=\"http:\/\/192.99.132.249\/wp-content\/uploads\/2012\/09\/images_foam-in-box.jpg\" \/>\n<meta name=\"twitter:card\" content=\"summary_large_image\" \/>\n<meta name=\"twitter:label1\" content=\"Est. reading time\" \/>\n\t<meta name=\"twitter:data1\" content=\"2 minutes\" \/>\n<script type=\"application\/ld+json\" class=\"yoast-schema-graph\">{\"@context\":\"https:\\\/\\\/schema.org\",\"@graph\":[{\"@type\":\"WebPage\",\"@id\":\"https:\\\/\\\/lovepac.com\\\/en\\\/products\\\/\",\"url\":\"https:\\\/\\\/lovepac.com\\\/en\\\/products\\\/\",\"name\":\"Custom Corrugated Box Packaging, Protective Foam Packaging\",\"isPartOf\":{\"@id\":\"https:\\\/\\\/lovepac.com\\\/en\\\/#website\"},\"primaryImageOfPage\":{\"@id\":\"https:\\\/\\\/lovepac.com\\\/en\\\/products\\\/#primaryimage\"},\"image\":{\"@id\":\"https:\\\/\\\/lovepac.com\\\/en\\\/products\\\/#primaryimage\"},\"thumbnailUrl\":\"http:\\\/\\\/192.99.132.249\\\/wp-content\\\/uploads\\\/2012\\\/09\\\/images_foam-in-box.jpg\",\"datePublished\":\"2017-10-06T04:19:16+00:00\",\"dateModified\":\"2022-03-17T18:33:36+00:00\",\"description\":\"Lovepac is dedicated to fulfilling custom corrugated box packaging, protective foam packaging or crating solution needs for clients in Quebec and beyond.\",\"breadcrumb\":{\"@id\":\"https:\\\/\\\/lovepac.com\\\/en\\\/products\\\/#breadcrumb\"},\"inLanguage\":\"en-US\",\"potentialAction\":[{\"@type\":\"ReadAction\",\"target\":[\"https:\\\/\\\/lovepac.com\\\/en\\\/products\\\/\"]}]},{\"@type\":\"ImageObject\",\"inLanguage\":\"en-US\",\"@id\":\"https:\\\/\\\/lovepac.com\\\/en\\\/products\\\/#primaryimage\",\"url\":\"http:\\\/\\\/192.99.132.249\\\/wp-content\\\/uploads\\\/2012\\\/09\\\/images_foam-in-box.jpg\",\"contentUrl\":\"http:\\\/\\\/192.99.132.249\\\/wp-content\\\/uploads\\\/2012\\\/09\\\/images_foam-in-box.jpg\"},{\"@type\":\"BreadcrumbList\",\"@id\":\"https:\\\/\\\/lovepac.com\\\/en\\\/products\\\/#breadcrumb\",\"itemListElement\":[{\"@type\":\"ListItem\",\"position\":1,\"name\":\"Accueil\",\"item\":\"https:\\\/\\\/lovepac.com\\\/en\\\/\"},{\"@type\":\"ListItem\",\"position\":2,\"name\":\"Products\"}]},{\"@type\":\"WebSite\",\"@id\":\"https:\\\/\\\/lovepac.com\\\/en\\\/#website\",\"url\":\"https:\\\/\\\/lovepac.com\\\/en\\\/\",\"name\":\"Lovepac\",\"description\":\"Emballages de bo\u00eetes en carton fiables et de qualit\u00e9 sup\u00e9rieure\",\"publisher\":{\"@id\":\"https:\\\/\\\/lovepac.com\\\/en\\\/#organization\"},\"potentialAction\":[{\"@type\":\"SearchAction\",\"target\":{\"@type\":\"EntryPoint\",\"urlTemplate\":\"https:\\\/\\\/lovepac.com\\\/en\\\/?s={search_term_string}\"},\"query-input\":{\"@type\":\"PropertyValueSpecification\",\"valueRequired\":true,\"valueName\":\"search_term_string\"}}],\"inLanguage\":\"en-US\"},{\"@type\":\"Organization\",\"@id\":\"https:\\\/\\\/lovepac.com\\\/en\\\/#organization\",\"name\":\"Lovepac\",\"url\":\"https:\\\/\\\/lovepac.com\\\/en\\\/\",\"logo\":{\"@type\":\"ImageObject\",\"inLanguage\":\"en-US\",\"@id\":\"https:\\\/\\\/lovepac.com\\\/en\\\/#\\\/schema\\\/logo\\\/image\\\/\",\"url\":\"https:\\\/\\\/lovepac.com\\\/wp-content\\\/uploads\\\/2017\\\/10\\\/Novapac_Blog.jpg\",\"contentUrl\":\"https:\\\/\\\/lovepac.com\\\/wp-content\\\/uploads\\\/2017\\\/10\\\/Novapac_Blog.jpg\",\"width\":1000,\"height\":600,\"caption\":\"Lovepac\"},\"image\":{\"@id\":\"https:\\\/\\\/lovepac.com\\\/en\\\/#\\\/schema\\\/logo\\\/image\\\/\"}}]}<\/script>\n<!-- \/ Yoast SEO plugin. -->","yoast_head_json":{"title":"Custom Corrugated Box Packaging, Protective Foam Packaging","description":"Lovepac is dedicated to fulfilling custom corrugated box packaging, protective foam packaging or crating solution needs for clients in Quebec and beyond.","robots":{"index":"index","follow":"follow","max-snippet":"max-snippet:-1","max-image-preview":"max-image-preview:large","max-video-preview":"max-video-preview:-1"},"canonical":"https:\/\/lovepac.com\/en\/products\/","og_locale":"en_US","og_type":"article","og_title":"Custom Corrugated Box Packaging, Protective Foam Packaging","og_description":"Lovepac is dedicated to fulfilling custom corrugated box packaging, protective foam packaging or crating solution needs for clients in Quebec and beyond.","og_url":"https:\/\/lovepac.com\/en\/products\/","og_site_name":"Lovepac","article_modified_time":"2022-03-17T18:33:36+00:00","og_image":[{"url":"http:\/\/192.99.132.249\/wp-content\/uploads\/2012\/09\/images_foam-in-box.jpg","type":"","width":"","height":""}],"twitter_card":"summary_large_image","twitter_misc":{"Est. reading time":"2 minutes"},"schema":{"@context":"https:\/\/schema.org","@graph":[{"@type":"WebPage","@id":"https:\/\/lovepac.com\/en\/products\/","url":"https:\/\/lovepac.com\/en\/products\/","name":"Custom Corrugated Box Packaging, Protective Foam Packaging","isPartOf":{"@id":"https:\/\/lovepac.com\/en\/#website"},"primaryImageOfPage":{"@id":"https:\/\/lovepac.com\/en\/products\/#primaryimage"},"image":{"@id":"https:\/\/lovepac.com\/en\/products\/#primaryimage"},"thumbnailUrl":"http:\/\/192.99.132.249\/wp-content\/uploads\/2012\/09\/images_foam-in-box.jpg","datePublished":"2017-10-06T04:19:16+00:00","dateModified":"2022-03-17T18:33:36+00:00","description":"Lovepac is dedicated to fulfilling custom corrugated box packaging, protective foam packaging or crating solution needs for clients in Quebec and beyond.","breadcrumb":{"@id":"https:\/\/lovepac.com\/en\/products\/#breadcrumb"},"inLanguage":"en-US","potentialAction":[{"@type":"ReadAction","target":["https:\/\/lovepac.com\/en\/products\/"]}]},{"@type":"ImageObject","inLanguage":"en-US","@id":"https:\/\/lovepac.com\/en\/products\/#primaryimage","url":"http:\/\/192.99.132.249\/wp-content\/uploads\/2012\/09\/images_foam-in-box.jpg","contentUrl":"http:\/\/192.99.132.249\/wp-content\/uploads\/2012\/09\/images_foam-in-box.jpg"},{"@type":"BreadcrumbList","@id":"https:\/\/lovepac.com\/en\/products\/#breadcrumb","itemListElement":[{"@type":"ListItem","position":1,"name":"Accueil","item":"https:\/\/lovepac.com\/en\/"},{"@type":"ListItem","position":2,"name":"Products"}]},{"@type":"WebSite","@id":"https:\/\/lovepac.com\/en\/#website","url":"https:\/\/lovepac.com\/en\/","name":"Lovepac","description":"Emballages de bo\u00eetes en carton fiables et de qualit\u00e9 sup\u00e9rieure","publisher":{"@id":"https:\/\/lovepac.com\/en\/#organization"},"potentialAction":[{"@type":"SearchAction","target":{"@type":"EntryPoint","urlTemplate":"https:\/\/lovepac.com\/en\/?s={search_term_string}"},"query-input":{"@type":"PropertyValueSpecification","valueRequired":true,"valueName":"search_term_string"}}],"inLanguage":"en-US"},{"@type":"Organization","@id":"https:\/\/lovepac.com\/en\/#organization","name":"Lovepac","url":"https:\/\/lovepac.com\/en\/","logo":{"@type":"ImageObject","inLanguage":"en-US","@id":"https:\/\/lovepac.com\/en\/#\/schema\/logo\/image\/","url":"https:\/\/lovepac.com\/wp-content\/uploads\/2017\/10\/Novapac_Blog.jpg","contentUrl":"https:\/\/lovepac.com\/wp-content\/uploads\/2017\/10\/Novapac_Blog.jpg","width":1000,"height":600,"caption":"Lovepac"},"image":{"@id":"https:\/\/lovepac.com\/en\/#\/schema\/logo\/image\/"}}]}},"_links":{"self":[{"href":"https:\/\/lovepac.com\/en\/wp-json\/wp\/v2\/pages\/5528","targetHints":{"allow":["GET"]}}],"collection":[{"href":"https:\/\/lovepac.com\/en\/wp-json\/wp\/v2\/pages"}],"about":[{"href":"https:\/\/lovepac.com\/en\/wp-json\/wp\/v2\/types\/page"}],"author":[{"embeddable":true,"href":"https:\/\/lovepac.com\/en\/wp-json\/wp\/v2\/users\/1"}],"replies":[{"embeddable":true,"href":"https:\/\/lovepac.com\/en\/wp-json\/wp\/v2\/comments?post=5528"}],"version-history":[{"count":5,"href":"https:\/\/lovepac.com\/en\/wp-json\/wp\/v2\/pages\/5528\/revisions"}],"predecessor-version":[{"id":9226,"href":"https:\/\/lovepac.com\/en\/wp-json\/wp\/v2\/pages\/5528\/revisions\/9226"}],"wp:attachment":[{"href":"https:\/\/lovepac.com\/en\/wp-json\/wp\/v2\/media?parent=5528"}],"curies":[{"name":"wp","href":"https:\/\/api.w.org\/{rel}","templated":true}]}}