{"id":5589,"date":"2017-10-06T06:57:35","date_gmt":"2017-10-06T04:57:35","guid":{"rendered":"http:\/\/192.99.132.249\/?page_id=5589"},"modified":"2022-03-17T16:06:24","modified_gmt":"2022-03-17T20:06:24","slug":"custom-boxes","status":"publish","type":"page","link":"https:\/\/lovepac.com\/en\/products\/custom-boxes\/","title":{"rendered":"Custom Boxes"},"content":{"rendered":"<div class=\"fusion-fullwidth fullwidth-box fusion-builder-row-1 nonhundred-percent-fullwidth non-hundred-percent-height-scrolling\" style=\"--awb-border-radius-top-left:0px;--awb-border-radius-top-right:0px;--awb-border-radius-bottom-right:0px;--awb-border-radius-bottom-left:0px;--awb-flex-wrap:wrap;\" ><div class=\"fusion-builder-row fusion-row\"><div class=\"fusion-layout-column fusion_builder_column fusion-builder-column-0 fusion_builder_column_1_1 1_1 fusion-one-full fusion-column-first fusion-column-last\" style=\"--awb-bg-size:cover;--awb-margin-bottom:0px;\"><div class=\"fusion-column-wrapper fusion-flex-column-wrapper-legacy\"><div class=\"fusion-text fusion-text-1\"><h3 class=\"fusion-responsive-typography-calculated\" data-fontsize=\"34\" data-lineheight=\"38.08px\">Custom Boxes<\/h3>\n<h4 class=\"fusion-responsive-typography-calculated\" data-fontsize=\"28\" data-lineheight=\"29.96px\">Your Low to Medium Volume Corrugated Cardboard Box Expert<\/h4>\n<p>&nbsp;<\/p>\n<p>In-house box design, conversion, gluing, printing, stacking, warehousing, and shipping are here at Lovepac.<\/p>\n<p>All of our corrugated packaging products are made with high performance liners and supported by leading design and manufacturing services that come together in high quality cardboard boxes to keep your products and goods safe.<\/p>\n<p>Every member of the knowledgeable Lovepac packaging team is personally committed to the highest levels of packaging innovation and customized products and services.<\/p>\n<p>We produce A, B, C, D, E and specialty flutes (such as BC and AC). Tell us what you need, and we\u2019ll deliver a solution that you can be confident will protect your valuable goods.<\/p>\n<h4><\/h4>\n<\/div><div class=\"fusion-menu-anchor\" id=\"pizza\"><\/div><div class=\"fusion-text fusion-text-2\"><h4 id=\"pizzabox\" class=\"fusion-responsive-typography-calculated\" data-fontsize=\"28\" data-lineheight=\"29.96px\">Die Cut \u2013 \u2018Pizza Style\u2019 Box<\/h4>\n<p class=\"floatright\" style=\"text-align: left;\" align=\"center\"><img decoding=\"async\" width=\"425\" height=\"264\" class=\"size-full wp-image-302 alignright\" style=\"margin-bottom: 0px;\" src=\"https:\/\/lovepac.com\/wp-content\/uploads\/2014\/06\/images_pizzabox.jpg\" alt=\"bo\u00eetes d\u00e9coup\u00e9es - bo\u00eetes \u00e0 pizza\" border=\"0\" srcset=\"https:\/\/lovepac.com\/wp-content\/uploads\/2014\/06\/images_pizzabox-300x186.jpg 300w, https:\/\/lovepac.com\/wp-content\/uploads\/2014\/06\/images_pizzabox.jpg 425w\" sizes=\"(max-width: 425px) 100vw, 425px\" \/>This model is 100% custom to your specifications. It is excellent as a shipping box, it also offers great presentation properties. It stacks well because of its double sided walls and is excellent if you wanted to place several into a master box and ship them in bulk. It is typically made with a single wall corrugated (cardboard) material, and is available in various paper strengths and thicknesses. No bonding agent is necessary; therefore you won\u2019t need to tape it.<\/p>\n<p><strong><em>Key items to think about<\/em><\/strong><\/p>\n<ul>\n<li>Ships flat and is easy to assemble by hand.<\/li>\n<li>Can be printed with customized logo*. (one time tool is extra for printing)<\/li>\n<li>It\u2019s custom! (a one-time tool is required per size)<\/li>\n<\/ul>\n<\/div><div class=\"fusion-menu-anchor\" id=\"regulieres\"><\/div><div class=\"fusion-text fusion-text-3\"><h4 id=\"rsc\" class=\"fusion-responsive-typography-calculated\" data-fontsize=\"28\" data-lineheight=\"29.96px\">Regular Slotted Container (RSC)<\/h4>\n<p class=\"floatright\" style=\"text-align: left;\" align=\"center\"><img decoding=\"async\" width=\"425\" height=\"259\" class=\"size-full wp-image-5592 alignright\" src=\"https:\/\/lovepac.com\/wp-content\/uploads\/2014\/06\/images_rsc.jpg\" alt=\"bo\u00eetes r\u00e9guli\u00e8res (RSC)\" border=\"0\" srcset=\"https:\/\/lovepac.com\/wp-content\/uploads\/2014\/06\/images_rsc-300x183.jpg 300w, https:\/\/lovepac.com\/wp-content\/uploads\/2014\/06\/images_rsc.jpg 425w\" sizes=\"(max-width: 425px) 100vw, 425px\" \/>The RSC can be used for most products and is the most common corrugated (cardboard) box style. This box when assembled is stackable, shippable, and easy to pack and seal. If you plan to ship your products via courier, it is recommended you choose the double wall corrugated (cardboard) style. (The choice of single or double wall will be available at the next step, once you select this style) The RSC is an ideal box when wanting to ship goods inexpensively.<\/p>\n<p><strong><em>Key Items to think about<\/em><\/strong><\/p>\n<ul>\n<li>Shipped flat.<\/li>\n<li>This is a highly efficient design for many applications.<\/li>\n<li>There is very little manufacturing waste therefore making it an eco-friendly choice.<\/li>\n<li>A budget-friendly solution.<\/li>\n<li>Can be printed with customized logo*. (one time tool is extra for printing)<\/li>\n<li>No other tools are required to make your custom size solution.<\/li>\n<\/ul>\n<h4><\/h4>\n<\/div><div class=\"fusion-menu-anchor\" id=\"telescopiques\"><\/div><div class=\"fusion-text fusion-text-4\"><h4 id=\"telescopic\" class=\"fusion-responsive-typography-calculated\" data-fontsize=\"28\" data-lineheight=\"29.96px\">Telescopic<\/h4>\n<p class=\"floatright\" style=\"text-align: left;\" align=\"center\"><img decoding=\"async\" width=\"425\" height=\"259\" class=\"size-full wp-image-5593 alignright\" src=\"https:\/\/lovepac.com\/wp-content\/uploads\/2014\/06\/images_tele.jpg\" alt=\"bo\u00eetes t\u00e9l\u00e9scopiques\" border=\"0\" srcset=\"https:\/\/lovepac.com\/wp-content\/uploads\/2014\/06\/images_tele-300x183.jpg 300w, https:\/\/lovepac.com\/wp-content\/uploads\/2014\/06\/images_tele.jpg 425w\" sizes=\"(max-width: 425px) 100vw, 425px\" \/>Telescopic boxes are a great option when shipping heavy or large products. This box is typically assembled directly around the product itself. Since this style is highly customizable, it is recommended you send all your information and a member of the Lovepac Corr Design Team will review your project to ensure you get the best protective packaging solution for your needs.<\/p>\n<p>Telescopic boxes are a great option when shipping heavy or large products. This box is typically assembled directly around the product itself. Since this style is highly customizable, it is recommended you send all your information and a member of the Lovepac Corr Design Team will review your project to ensure you get the best protective packaging solution for your needs.<\/p>\n<ul>\n<li>Shipped Flat.<\/li>\n<li>Highly resistant to compression when stacked.<\/li>\n<li>Ideal for heavy and or large products.<\/li>\n<li>Can be printed with customized logo*. (one time tool is extra for printing)<\/li>\n<li>No other tools are required to make your custom size solution.<\/li>\n<\/ul>\n<h4><\/h4>\n<\/div><div class=\"fusion-menu-anchor\" id=\"rabats\"><\/div><div class=\"fusion-text fusion-text-5\"><h4 id=\"fol\" class=\"fusion-responsive-typography-calculated\" data-fontsize=\"28\" data-lineheight=\"29.96px\">Full Overlap Box (FOL)<\/h4>\n<p class=\"floatright\" style=\"text-align: left;\" align=\"center\"><img decoding=\"async\" width=\"425\" height=\"259\" class=\"floatright size-full wp-image-5594 alignright\" src=\"https:\/\/lovepac.com\/wp-content\/uploads\/2014\/06\/images_fol.jpg\" alt=\"bo\u00eetes \u00e0 rabats recouvrants (BRR)\" border=\"0\" srcset=\"https:\/\/lovepac.com\/wp-content\/uploads\/2014\/06\/images_fol-300x183.jpg 300w, https:\/\/lovepac.com\/wp-content\/uploads\/2014\/06\/images_fol.jpg 425w\" sizes=\"(max-width: 425px) 100vw, 425px\" \/>A Full Overlap Box is similar to an RSC except the outer flaps fully overlap. The overlapping flaps provide extra stacking strength and edge protection. This style is especially resistant to rough handling. Stacked on its bottom panel, the overlapping flaps provide added cushioning. If you plan to ship your products via courier, it is recommended you choose the double wall corrugated (cardboard) style. (The choice of single or double wall will be available at the next step, once you select this style)<\/p>\n<p><strong><em>Key things to think about<\/em><\/strong><\/p>\n<ul>\n<li>Shipped flat.<\/li>\n<li>This is a very efficient design for many applications.<\/li>\n<li>There is very little manufacturing waste, therefore making it an eco-friendly choice.<\/li>\n<li>Great for long and small items, i.e. Plastic or metal extrusions, blinds, etc.<\/li>\n<li>Can be printed with customized logo*. (One time tool is extra for printing)<\/li>\n<li>No other tools are required to make your custom size box<\/li>\n<\/ul>\n<h4><\/h4>\n<\/div><div class=\"fusion-menu-anchor\" id=\"demirabats\"><\/div><div class=\"fusion-text fusion-text-6\"><h4 id=\"hsc\" class=\"fusion-responsive-typography-calculated\" data-fontsize=\"28\" data-lineheight=\"29.96px\">Half Slotted Container (HSC)<\/h4>\n<p class=\"floatright\" style=\"text-align: left;\" align=\"center\"><img decoding=\"async\" width=\"425\" height=\"259\" class=\"size-full wp-image-5595 alignright\" src=\"https:\/\/lovepac.com\/wp-content\/uploads\/2014\/06\/images_HSC.jpg\" alt=\"demi-bo\u00eetes \u00e0 rabats (HSC)\" border=\"0\" srcset=\"https:\/\/lovepac.com\/wp-content\/uploads\/2014\/06\/images_HSC-300x183.jpg 300w, https:\/\/lovepac.com\/wp-content\/uploads\/2014\/06\/images_HSC.jpg 425w\" sizes=\"(max-width: 425px) 100vw, 425px\" \/>Typically an HSC is an RSC without the bottom flaps (or top depending on your needs). This type of design is ideal when used as a cover for a product that is already assembled. Since this style is highly customizable, it is recommended you send all your information and a member of the Lovepac Corr Design Team will review your project to ensure you get the best protective packaging solution for your needs.<\/p>\n<p><strong><em>Key things to think about<\/em><\/strong><\/p>\n<ul>\n<li>Shipped flat.<\/li>\n<li>Typically the HSC is combined with a custom tray or display box.<\/li>\n<li>Can be printed with customized logo*. (One time tool is extra for printing)<\/li>\n<li>No other tools are required to make your custom size box<\/li>\n<\/ul>\n<h4><\/h4>\n<\/div><div class=\"fusion-menu-anchor\" id=\"enveloppes\"><\/div><div class=\"fusion-text fusion-text-7\"><h4 id=\"fpw\" class=\"fusion-responsive-typography-calculated\" data-fontsize=\"28\" data-lineheight=\"29.96px\">Five Panel Wrapper (FPW)<\/h4>\n<p class=\"floatright\" style=\"text-align: left;\" align=\"center\"><img decoding=\"async\" width=\"425\" height=\"259\" class=\"size-full wp-image-5596 alignright\" src=\"https:\/\/lovepac.com\/wp-content\/uploads\/2014\/06\/images_FPW.jpg\" alt=\"enveloppes \u00e0 cinq panneaux (FPW)\" border=\"0\" srcset=\"https:\/\/lovepac.com\/wp-content\/uploads\/2014\/06\/images_FPW-300x183.jpg 300w, https:\/\/lovepac.com\/wp-content\/uploads\/2014\/06\/images_FPW.jpg 425w\" sizes=\"(max-width: 425px) 100vw, 425px\" \/>This style is very useful for non-standardized products. Typically the FPW corrugated (cardboard) box is built to be wrapped around the product. This box is usually used for long items or multiple long items. The object can be place on the corrugated board, and then the box \u2018wraps\u2019 around your product and is then taped at each end.<\/p>\n<p><strong><em>Key things to think about<\/em><\/strong><\/p>\n<ul>\n<li>Shipped flat.<\/li>\n<li>FPW is an ideal box when packing a product that is difficult to maneuver.<\/li>\n<li>Can be printed with customized logo*.(One time tool is extra for printing)<\/li>\n<li>No other tools are required to make your custom size box.<\/li>\n<\/ul>\n<h4><\/h4>\n<\/div><div class=\"fusion-menu-anchor\" id=\"separateurs\"><\/div><div class=\"fusion-text fusion-text-8\"><h4 id=\"waffles\" class=\"fusion-responsive-typography-calculated\" data-fontsize=\"28\" data-lineheight=\"29.96px\">Inserts (waffles)<\/h4>\n<p class=\"floatright\" style=\"text-align: left;\" align=\"center\"><img decoding=\"async\" width=\"425\" height=\"259\" class=\"size-full wp-image-5597 alignright\" src=\"http:\/\/lovepac.com\/wp-content\/uploads\/2014\/06\/images_waffle 2.jpg\" alt=\"s\u00e9parateurs\" border=\"0\" srcset=\"https:\/\/lovepac.com\/wp-content\/uploads\/2014\/06\/images_waffle%202-300x183.jpg 300w, https:\/\/lovepac.com\/wp-content\/uploads\/2014\/06\/images_waffle%202.jpg 425w\" sizes=\"(max-width: 425px) 100vw, 425px\" \/> <a href=\"https:\/\/lovepac.com\/en\/contact-us\/\"><span class=\"smallcaps\">Get a Quote<\/span><\/a><\/p>\n<p>Cardboard or corrugated box inserts for packaging boxes are a great way to protect your products. We offer a lot of options such as corrugate cardboard dividers, waffles, corner protectors and many more. Our design team can evaluate your needs and provide a solution that will fit your product and your budget.<\/p>\n<h4><\/h4>\n<\/div><div class=\"fusion-menu-anchor\" id=\"coroplaste\"><\/div><div class=\"fusion-text fusion-text-9\"><h4 id=\"coroplastboxes\" class=\"fusion-responsive-typography-calculated\" data-fontsize=\"28\" data-lineheight=\"29.96px\">Coroplast Boxes<\/h4>\n<p class=\"floatright\" style=\"text-align: left;\" align=\"center\"><img decoding=\"async\" width=\"425\" height=\"259\" class=\"size-full wp-image-5598 alignright\" src=\"http:\/\/lovepac.com\/wp-content\/uploads\/2014\/06\/images_reusable boxes.jpg\" alt=\"bo\u00eetes en coroplaste\" border=\"0\" srcset=\"https:\/\/lovepac.com\/wp-content\/uploads\/2014\/06\/images_reusable%20boxes-300x183.jpg 300w, https:\/\/lovepac.com\/wp-content\/uploads\/2014\/06\/images_reusable%20boxes.jpg 425w\" sizes=\"(max-width: 425px) 100vw, 425px\" \/> <a href=\"https:\/\/lovepac.com\/en\/contact-us\/\"><span class=\"smallcaps\">Get a Quote<\/span><\/a><\/p>\n<p>Reusable boxes are completely custom designed and made out of a plastic corrugated material. These boxes are ideal for the medical or food industry since they are entirely waterproof. Many styles of boxes, trays and partitions can be made out of this reusable material that will not deteriorate with use, making it an eco-friendly choice. Note: Our CorrDesign team is always available to discuss your custom packaging needs. Click, call or chat to contact us with any questions you may have!<\/p>\n<\/div><div class=\"fusion-clearfix\"><\/div><\/div><\/div><\/div><\/div>\n","protected":false},"excerpt":{"rendered":"","protected":false},"author":1,"featured_media":0,"parent":5528,"menu_order":6,"comment_status":"closed","ping_status":"closed","template":"side-navigation.php","meta":{"footnotes":""},"class_list":["post-5589","page","type-page","status-publish","hentry"],"yoast_head":"<!-- This site is optimized with the Yoast SEO plugin v27.5 - https:\/\/yoast.com\/product\/yoast-seo-wordpress\/ -->\n<title>Corrugated Cardboard Boxes, Custom Corrugated Packaging<\/title>\n<meta name=\"description\" content=\"Lovepac in Quebec offers custom corrugated packaging, including corrugated cardboard boxes. Custom designs include die cut, telescopic, coroplast and more.\" \/>\n<meta name=\"robots\" content=\"index, follow, max-snippet:-1, max-image-preview:large, max-video-preview:-1\" \/>\n<link rel=\"canonical\" href=\"https:\/\/lovepac.com\/en\/products\/custom-boxes\/\" \/>\n<meta property=\"og:locale\" content=\"en_US\" \/>\n<meta property=\"og:type\" content=\"article\" \/>\n<meta property=\"og:title\" content=\"Corrugated Cardboard Boxes, Custom Corrugated Packaging\" \/>\n<meta property=\"og:description\" content=\"Lovepac in Quebec offers custom corrugated packaging, including corrugated cardboard boxes. Custom designs include die cut, telescopic, coroplast and more.\" \/>\n<meta property=\"og:url\" content=\"https:\/\/lovepac.com\/en\/products\/custom-boxes\/\" \/>\n<meta property=\"og:site_name\" content=\"Lovepac\" \/>\n<meta property=\"article:modified_time\" content=\"2022-03-17T20:06:24+00:00\" \/>\n<meta property=\"og:image\" content=\"https:\/\/lovepac.com\/wp-content\/uploads\/2014\/06\/images_pizzabox.jpg\" \/>\n<meta name=\"twitter:card\" content=\"summary_large_image\" \/>\n<meta name=\"twitter:label1\" content=\"Est. reading time\" \/>\n\t<meta name=\"twitter:data1\" content=\"7 minutes\" \/>\n<script type=\"application\/ld+json\" class=\"yoast-schema-graph\">{\"@context\":\"https:\\\/\\\/schema.org\",\"@graph\":[{\"@type\":\"WebPage\",\"@id\":\"https:\\\/\\\/lovepac.com\\\/en\\\/products\\\/custom-boxes\\\/\",\"url\":\"https:\\\/\\\/lovepac.com\\\/en\\\/products\\\/custom-boxes\\\/\",\"name\":\"Corrugated Cardboard Boxes, Custom Corrugated Packaging\",\"isPartOf\":{\"@id\":\"https:\\\/\\\/lovepac.com\\\/en\\\/#website\"},\"primaryImageOfPage\":{\"@id\":\"https:\\\/\\\/lovepac.com\\\/en\\\/products\\\/custom-boxes\\\/#primaryimage\"},\"image\":{\"@id\":\"https:\\\/\\\/lovepac.com\\\/en\\\/products\\\/custom-boxes\\\/#primaryimage\"},\"thumbnailUrl\":\"https:\\\/\\\/lovepac.com\\\/wp-content\\\/uploads\\\/2014\\\/06\\\/images_pizzabox.jpg\",\"datePublished\":\"2017-10-06T04:57:35+00:00\",\"dateModified\":\"2022-03-17T20:06:24+00:00\",\"description\":\"Lovepac in Quebec offers custom corrugated packaging, including corrugated cardboard boxes. Custom designs include die cut, telescopic, coroplast and more.\",\"breadcrumb\":{\"@id\":\"https:\\\/\\\/lovepac.com\\\/en\\\/products\\\/custom-boxes\\\/#breadcrumb\"},\"inLanguage\":\"en-US\",\"potentialAction\":[{\"@type\":\"ReadAction\",\"target\":[\"https:\\\/\\\/lovepac.com\\\/en\\\/products\\\/custom-boxes\\\/\"]}]},{\"@type\":\"ImageObject\",\"inLanguage\":\"en-US\",\"@id\":\"https:\\\/\\\/lovepac.com\\\/en\\\/products\\\/custom-boxes\\\/#primaryimage\",\"url\":\"https:\\\/\\\/lovepac.com\\\/wp-content\\\/uploads\\\/2014\\\/06\\\/images_pizzabox.jpg\",\"contentUrl\":\"https:\\\/\\\/lovepac.com\\\/wp-content\\\/uploads\\\/2014\\\/06\\\/images_pizzabox.jpg\"},{\"@type\":\"BreadcrumbList\",\"@id\":\"https:\\\/\\\/lovepac.com\\\/en\\\/products\\\/custom-boxes\\\/#breadcrumb\",\"itemListElement\":[{\"@type\":\"ListItem\",\"position\":1,\"name\":\"Accueil\",\"item\":\"https:\\\/\\\/lovepac.com\\\/en\\\/\"},{\"@type\":\"ListItem\",\"position\":2,\"name\":\"Products\",\"item\":\"https:\\\/\\\/lovepac.com\\\/en\\\/produits\\\/\"},{\"@type\":\"ListItem\",\"position\":3,\"name\":\"Custom Boxes\"}]},{\"@type\":\"WebSite\",\"@id\":\"https:\\\/\\\/lovepac.com\\\/en\\\/#website\",\"url\":\"https:\\\/\\\/lovepac.com\\\/en\\\/\",\"name\":\"Lovepac\",\"description\":\"Emballages de bo\u00eetes en carton fiables et de qualit\u00e9 sup\u00e9rieure\",\"publisher\":{\"@id\":\"https:\\\/\\\/lovepac.com\\\/en\\\/#organization\"},\"potentialAction\":[{\"@type\":\"SearchAction\",\"target\":{\"@type\":\"EntryPoint\",\"urlTemplate\":\"https:\\\/\\\/lovepac.com\\\/en\\\/?s={search_term_string}\"},\"query-input\":{\"@type\":\"PropertyValueSpecification\",\"valueRequired\":true,\"valueName\":\"search_term_string\"}}],\"inLanguage\":\"en-US\"},{\"@type\":\"Organization\",\"@id\":\"https:\\\/\\\/lovepac.com\\\/en\\\/#organization\",\"name\":\"Lovepac\",\"url\":\"https:\\\/\\\/lovepac.com\\\/en\\\/\",\"logo\":{\"@type\":\"ImageObject\",\"inLanguage\":\"en-US\",\"@id\":\"https:\\\/\\\/lovepac.com\\\/en\\\/#\\\/schema\\\/logo\\\/image\\\/\",\"url\":\"https:\\\/\\\/lovepac.com\\\/wp-content\\\/uploads\\\/2017\\\/10\\\/Novapac_Blog.jpg\",\"contentUrl\":\"https:\\\/\\\/lovepac.com\\\/wp-content\\\/uploads\\\/2017\\\/10\\\/Novapac_Blog.jpg\",\"width\":1000,\"height\":600,\"caption\":\"Lovepac\"},\"image\":{\"@id\":\"https:\\\/\\\/lovepac.com\\\/en\\\/#\\\/schema\\\/logo\\\/image\\\/\"}}]}<\/script>\n<!-- \/ Yoast SEO plugin. -->","yoast_head_json":{"title":"Corrugated Cardboard Boxes, Custom Corrugated Packaging","description":"Lovepac in Quebec offers custom corrugated packaging, including corrugated cardboard boxes. Custom designs include die cut, telescopic, coroplast and more.","robots":{"index":"index","follow":"follow","max-snippet":"max-snippet:-1","max-image-preview":"max-image-preview:large","max-video-preview":"max-video-preview:-1"},"canonical":"https:\/\/lovepac.com\/en\/products\/custom-boxes\/","og_locale":"en_US","og_type":"article","og_title":"Corrugated Cardboard Boxes, Custom Corrugated Packaging","og_description":"Lovepac in Quebec offers custom corrugated packaging, including corrugated cardboard boxes. Custom designs include die cut, telescopic, coroplast and more.","og_url":"https:\/\/lovepac.com\/en\/products\/custom-boxes\/","og_site_name":"Lovepac","article_modified_time":"2022-03-17T20:06:24+00:00","og_image":[{"url":"https:\/\/lovepac.com\/wp-content\/uploads\/2014\/06\/images_pizzabox.jpg","type":"","width":"","height":""}],"twitter_card":"summary_large_image","twitter_misc":{"Est. reading time":"7 minutes"},"schema":{"@context":"https:\/\/schema.org","@graph":[{"@type":"WebPage","@id":"https:\/\/lovepac.com\/en\/products\/custom-boxes\/","url":"https:\/\/lovepac.com\/en\/products\/custom-boxes\/","name":"Corrugated Cardboard Boxes, Custom Corrugated Packaging","isPartOf":{"@id":"https:\/\/lovepac.com\/en\/#website"},"primaryImageOfPage":{"@id":"https:\/\/lovepac.com\/en\/products\/custom-boxes\/#primaryimage"},"image":{"@id":"https:\/\/lovepac.com\/en\/products\/custom-boxes\/#primaryimage"},"thumbnailUrl":"https:\/\/lovepac.com\/wp-content\/uploads\/2014\/06\/images_pizzabox.jpg","datePublished":"2017-10-06T04:57:35+00:00","dateModified":"2022-03-17T20:06:24+00:00","description":"Lovepac in Quebec offers custom corrugated packaging, including corrugated cardboard boxes. Custom designs include die cut, telescopic, coroplast and more.","breadcrumb":{"@id":"https:\/\/lovepac.com\/en\/products\/custom-boxes\/#breadcrumb"},"inLanguage":"en-US","potentialAction":[{"@type":"ReadAction","target":["https:\/\/lovepac.com\/en\/products\/custom-boxes\/"]}]},{"@type":"ImageObject","inLanguage":"en-US","@id":"https:\/\/lovepac.com\/en\/products\/custom-boxes\/#primaryimage","url":"https:\/\/lovepac.com\/wp-content\/uploads\/2014\/06\/images_pizzabox.jpg","contentUrl":"https:\/\/lovepac.com\/wp-content\/uploads\/2014\/06\/images_pizzabox.jpg"},{"@type":"BreadcrumbList","@id":"https:\/\/lovepac.com\/en\/products\/custom-boxes\/#breadcrumb","itemListElement":[{"@type":"ListItem","position":1,"name":"Accueil","item":"https:\/\/lovepac.com\/en\/"},{"@type":"ListItem","position":2,"name":"Products","item":"https:\/\/lovepac.com\/en\/produits\/"},{"@type":"ListItem","position":3,"name":"Custom Boxes"}]},{"@type":"WebSite","@id":"https:\/\/lovepac.com\/en\/#website","url":"https:\/\/lovepac.com\/en\/","name":"Lovepac","description":"Emballages de bo\u00eetes en carton fiables et de qualit\u00e9 sup\u00e9rieure","publisher":{"@id":"https:\/\/lovepac.com\/en\/#organization"},"potentialAction":[{"@type":"SearchAction","target":{"@type":"EntryPoint","urlTemplate":"https:\/\/lovepac.com\/en\/?s={search_term_string}"},"query-input":{"@type":"PropertyValueSpecification","valueRequired":true,"valueName":"search_term_string"}}],"inLanguage":"en-US"},{"@type":"Organization","@id":"https:\/\/lovepac.com\/en\/#organization","name":"Lovepac","url":"https:\/\/lovepac.com\/en\/","logo":{"@type":"ImageObject","inLanguage":"en-US","@id":"https:\/\/lovepac.com\/en\/#\/schema\/logo\/image\/","url":"https:\/\/lovepac.com\/wp-content\/uploads\/2017\/10\/Novapac_Blog.jpg","contentUrl":"https:\/\/lovepac.com\/wp-content\/uploads\/2017\/10\/Novapac_Blog.jpg","width":1000,"height":600,"caption":"Lovepac"},"image":{"@id":"https:\/\/lovepac.com\/en\/#\/schema\/logo\/image\/"}}]}},"_links":{"self":[{"href":"https:\/\/lovepac.com\/en\/wp-json\/wp\/v2\/pages\/5589","targetHints":{"allow":["GET"]}}],"collection":[{"href":"https:\/\/lovepac.com\/en\/wp-json\/wp\/v2\/pages"}],"about":[{"href":"https:\/\/lovepac.com\/en\/wp-json\/wp\/v2\/types\/page"}],"author":[{"embeddable":true,"href":"https:\/\/lovepac.com\/en\/wp-json\/wp\/v2\/users\/1"}],"replies":[{"embeddable":true,"href":"https:\/\/lovepac.com\/en\/wp-json\/wp\/v2\/comments?post=5589"}],"version-history":[{"count":5,"href":"https:\/\/lovepac.com\/en\/wp-json\/wp\/v2\/pages\/5589\/revisions"}],"predecessor-version":[{"id":9069,"href":"https:\/\/lovepac.com\/en\/wp-json\/wp\/v2\/pages\/5589\/revisions\/9069"}],"up":[{"embeddable":true,"href":"https:\/\/lovepac.com\/en\/wp-json\/wp\/v2\/pages\/5528"}],"wp:attachment":[{"href":"https:\/\/lovepac.com\/en\/wp-json\/wp\/v2\/media?parent=5589"}],"curies":[{"name":"wp","href":"https:\/\/api.w.org\/{rel}","templated":true}]}}