{"id":5603,"date":"2017-10-06T07:05:40","date_gmt":"2017-10-06T05:05:40","guid":{"rendered":"http:\/\/192.99.132.249\/?page_id=5603"},"modified":"2022-03-17T17:23:20","modified_gmt":"2022-03-17T21:23:20","slug":"protective-foam","status":"publish","type":"page","link":"https:\/\/lovepac.com\/en\/products\/protective-foam\/","title":{"rendered":"Protective Foam"},"content":{"rendered":"<div class=\"fusion-fullwidth fullwidth-box fusion-builder-row-1 nonhundred-percent-fullwidth non-hundred-percent-height-scrolling\" style=\"--awb-border-radius-top-left:0px;--awb-border-radius-top-right:0px;--awb-border-radius-bottom-right:0px;--awb-border-radius-bottom-left:0px;--awb-flex-wrap:wrap;\" ><div class=\"fusion-builder-row fusion-row\"><div class=\"fusion-layout-column fusion_builder_column fusion-builder-column-0 fusion_builder_column_1_1 1_1 fusion-one-full fusion-column-first fusion-column-last\" style=\"--awb-bg-size:cover;--awb-margin-bottom:0px;\"><div class=\"fusion-column-wrapper fusion-flex-column-wrapper-legacy\"><div class=\"fusion-text fusion-text-1\"><h3 id=\"\" class=\"fusion-responsive-typography-calculated\" data-fontsize=\"34\" data-lineheight=\"38.08px\">Protective Foam<\/h3>\n<h4 class=\"fusion-responsive-typography-calculated\" data-fontsize=\"28\" data-lineheight=\"29.96px\">Custom protective foam solutions for all your packaging needs<\/h4>\n<h4 style=\"text-align: left;\"><\/h4>\n<div class=\"fusion-menu-anchor\" id=\"polyurethanne\"><\/div>\n<h3 id=\"pe\" class=\"fusion-responsive-typography-calculated\" data-fontsize=\"34\" data-lineheight=\"38.08px\">PE \u2013 Polyethylene<\/h3>\n<p style=\"text-align: left;\">Polyethylene or PE foam comes in standard rolls and planks. It is available in a variety of densities, and thicknesses depending on your needs. It is also available in special options such as anti-static, non-abrasive, and recycled. This type of protective foam can also be cut to specific sizes or converted into protective end caps to protect your products during transport. At lovepac, foam is our specialty, below is a selection of products we carry.<\/p>\n<h4 style=\"text-align: left;\"><img decoding=\"async\" width=\"425\" height=\"259\" class=\"size-full wp-image-5605 alignright\" src=\"https:\/\/lovepac.com\/wp-content\/uploads\/2014\/06\/images_PE roll.jpg\" alt=\"Rouleaux de mousse\" border=\"0\" srcset=\"https:\/\/lovepac.com\/wp-content\/uploads\/2014\/06\/images_PE%20roll-300x183.jpg 300w, https:\/\/lovepac.com\/wp-content\/uploads\/2014\/06\/images_PE%20roll.jpg 425w\" sizes=\"(max-width: 425px) 100vw, 425px\" \/><\/h4>\n<div class=\"fusion-menu-anchor\" id=\"rouleaux\"><\/div>\n<h4 id=\"rolls\" class=\"fusion-responsive-typography-calculated\" data-fontsize=\"28\" data-lineheight=\"29.96px\">Foam Rolls<\/h4>\n<p class=\"floatright\" style=\"text-align: left;\" align=\"center\"><img decoding=\"async\" class=\"alignright\" src=\"https:\/\/lovepac.com\/images\/PE%20roll.jpg\" alt=\"\" border=\"0\" \/><a href=\"https:\/\/lovepac.com\/en\/home\/contact-us\/\"><span class=\"smallcaps\">Get a Quote<\/span><\/a><\/p>\n<p>Polyethylene foam rolls from the Revive line contain 75% recycled materials and are available in the following density and dimension:<\/p>\n<ul>\n<li>1\/2\u2019\u2019 thick, 1.7 lbs density, 48\u2019\u2019 wide and 125\u2019 long<\/li>\n<\/ul>\n<p>These rolls can be cut to 24\u2019\u2019 wide or perforated upon request.<\/p>\n<h4><\/h4>\n<div class=\"fusion-menu-anchor\" id=\"planches\"><\/div>\n<h4 id=\"planks\" class=\"fusion-responsive-typography-calculated\" data-fontsize=\"28\" data-lineheight=\"29.96px\">Foam Planks<\/h4>\n<p class=\"floatright\" style=\"text-align: left;\" align=\"center\"><img decoding=\"async\" width=\"425\" height=\"259\" class=\"size-full wp-image-5606 alignright\" src=\"https:\/\/lovepac.com\/wp-content\/uploads\/2014\/06\/images_foam plank.jpg\" alt=\"Planches de mousse\" border=\"0\" srcset=\"https:\/\/lovepac.com\/wp-content\/uploads\/2014\/06\/images_foam%20plank-300x183.jpg 300w, https:\/\/lovepac.com\/wp-content\/uploads\/2014\/06\/images_foam%20plank.jpg 425w\" sizes=\"(max-width: 425px) 100vw, 425px\" \/> <a href=\"https:\/\/lovepac.com\/en\/contact-us\/\"><span class=\"smallcaps\"><img decoding=\"async\" class=\"alignright\" src=\"https:\/\/lovepac.com\/images\/foam%20plank.jpg\" alt=\"\" border=\"0\" \/><\/span><\/a><a href=\"https:\/\/lovepac.com\/en\/home\/contact-us\/\">Get a Quote<\/a><\/p>\n<p style=\"text-align: left;\">Our standard foam planks come in 48\u201d x 108\u201d sheets and are available in different thicknesses and densities (1.2 \u2013 4 lbs per cubic foot). All our planks can be cut to custom sizes to meet your needs. We also offer other options such as anti-static, nonabrasive and containing 75% recycled material.<\/p>\n<h4><\/h4>\n<div class=\"fusion-menu-anchor\" id=\"revive\"><\/div>\n<h4 id=\"revivefoam\" class=\"fusion-responsive-typography-calculated\" data-fontsize=\"28\" data-lineheight=\"29.96px\">Revive Foam<\/h4>\n<h4 class=\"fusion-responsive-typography-calculated\" data-fontsize=\"28\" data-lineheight=\"29.96px\"><img decoding=\"async\" class=\"alignright\" src=\"https:\/\/lovepac.com\/images\/endcap%20revive%203.jpg\" alt=\"\" border=\"0\" \/><a href=\"https:\/\/lovepac.com\/en\/home\/contact-us\/\"><span class=\"smallcaps\">Get a Quote<\/span><\/a><\/h4>\n<p><em><strong>We\u2019ve gone dark to go green<\/strong><\/em><\/p>\n<p><img decoding=\"async\" class=\"size-full wp-image-312 alignright\" src=\"https:\/\/lovepac.com\/wp-content\/uploads\/2014\/06\/images_endcap revive.jpg\" alt=\"Mousse Revive\" border=\"0\" \/><\/p>\n<p>Eco-friendly packaging material is a hot topic at Lovepac. Our team is extremely proud to introduce our environmentally friendly protective foam line: Revive foam.\u00a0<strong>Our dark line contains 75% recycled content<\/strong>, and yet has the same physical properties as our regular protective foam materials. Our Revive foam products are customizable in any way you want and come in sheets and rolls. Our foam products are customizable in any way.<\/p>\n<p><strong><em>Our Revive Products Include:<\/em><\/strong><\/p>\n<ul>\n<li>1\/2\u2033 1.7 lb, 48\u2033 x 125\u2019 black recycled foam rolls<\/li>\n<li>1\u2033or 2\u2033 1.7 lb, 48\u2033 x 108\u2033 black recycled sheets<\/li>\n<li>1\u201dor 2\u201d 2.2 lb, 48\u2033 x 108\u2033 black regular sheets<\/li>\n<li>1\u201dor 2\u201d 1.7 lb, 48\u201d x 108\u201d black recycled with blue top skin<\/li>\n<\/ul>\n<p>Choosing an eco-friendly product doesn\u2019t mean you have to sacrifice on quality. Below is a table comparing the physical properties of regular and recycled foam.<\/p>\n<table class=\"table\">\n<tbody>\n<tr>\n<th>Physical Properties<\/th>\n<th>Test Method<\/th>\n<th>\u00bd\u201d, 1\u201d or 2\u201d 1.7 lbs 48\u201d x 108\u201d\u00a0<strong>recycled<\/strong>\u00a0black sheets and rolls (optional laminated blue top)<\/th>\n<th>1\u2033 or 2\u2033 2.2 lbs 48\u2033 x 108\u2033<strong>regular<\/strong>\u00a0black sheets<\/th>\n<\/tr>\n<tr>\n<th>Compressive Strength<\/th>\n<td>ASTM D3575-00 Suffix D @ 25% \/ 50%<\/td>\n<td>4-5 \/ 9-11<\/td>\n<td>5-11 \/ 14-18<\/td>\n<\/tr>\n<tr>\n<th>Compression Set (%)<\/th>\n<td>ASTM D3575-00 Suffix B<\/td>\n<td>&lt; 25<\/td>\n<td>&lt; 20<\/td>\n<\/tr>\n<tr>\n<th>Compression Creep<\/th>\n<td>ASTM D3575-00 Suffix B 168 hr<\/td>\n<td>&lt; 10 @ 1.0 psi<\/td>\n<td>&lt; 10 @ 2.5 psi<\/td>\n<\/tr>\n<tr>\n<th>Density Range (lb \/ ft3)<\/th>\n<td>ASTM D3575-00<\/td>\n<td>1.7<\/td>\n<td>2.2<\/td>\n<\/tr>\n<tr>\n<th>Water Absorption (lb \u2044 ft2)<\/th>\n<td>ASTM D3575-00 Suffix L<\/td>\n<td>0.2<\/td>\n<td>0.13 \u2013 0.3<\/td>\n<\/tr>\n<tr>\n<th>Thermal Stability (%)<\/th>\n<td>ASTM D3575-00 Suffix S<\/td>\n<td>&lt; 8<\/td>\n<td>&lt; 8<\/td>\n<\/tr>\n<\/tbody>\n<\/table>\n<p><img decoding=\"async\" class=\"alignright\" src=\"https:\/\/lovepac.com\/images\/pu.jpg\" alt=\"\" border=\"0\" \/><a href=\"https:\/\/lovepac.com\/en\/home\/contact-us\/\"><span class=\"smallcaps\">Get a Quote<\/span><\/a><\/p>\n<p><strong>PU &#8211; Polyurethane<\/strong><\/p>\n<p style=\"text-align: left;\">Ultra-soft and ultra-pliable PU options are ideal for contouring those extra-delicate products.<\/p>\n<p class=\"floatright\" style=\"text-align: left;\" align=\"center\"><img decoding=\"async\" class=\" wp-image-5608 alignright\" src=\"https:\/\/lovepac.com\/wp-content\/uploads\/2014\/06\/images_pu.jpg\" alt=\"PU \u2013 Polyur\u00e9thane\" width=\"426\" height=\"260\" border=\"0\" srcset=\"https:\/\/lovepac.com\/wp-content\/uploads\/2014\/06\/images_pu-300x183.jpg 300w, https:\/\/lovepac.com\/wp-content\/uploads\/2014\/06\/images_pu.jpg 539w\" sizes=\"(max-width: 426px) 100vw, 426px\" \/><\/p>\n<ul>\n<li>Straight<\/li>\n<li>Convoluted<\/li>\n<li>Gray<\/li>\n<li>White<\/li>\n<li>ESD (electrostatic discharge)<\/li>\n<\/ul>\n<p>Available in most densities.<div class=\"fusion-menu-anchor\" id=\"profiles\"><\/div><\/p>\n<h4 id=\"profilesfoam\" class=\"fusion-responsive-typography-calculated\" data-fontsize=\"28\" data-lineheight=\"29.96px\">Profiles<\/h4>\n<p class=\"floatright\" style=\"text-align: left;\" align=\"center\"><img decoding=\"async\" width=\"425\" height=\"259\" class=\"size-full wp-image-5609 alignright\" src=\"https:\/\/lovepac.com\/wp-content\/uploads\/2014\/06\/images_profiles.jpg\" alt=\"Profil\u00e9s\" border=\"0\" srcset=\"https:\/\/lovepac.com\/wp-content\/uploads\/2014\/06\/images_profiles-300x183.jpg 300w, https:\/\/lovepac.com\/wp-content\/uploads\/2014\/06\/images_profiles.jpg 425w\" sizes=\"(max-width: 425px) 100vw, 425px\" \/> <a href=\"https:\/\/lovepac.com\/en\/home\/contact-us\/\"><span class=\"smallcaps\">Get a Quote!<\/span><\/a><\/p>\n<p style=\"text-align: left;\">Polyethylene profiles provide surface and edge protection to limitless packaging applications. Able to conform to just about any product contour, foam profiles are easy to use and withstand multiple impacts as well as constant vibration. They are available in multiple shapes and come in 72\u2019\u2019 sticks that can be cut to desired size.<\/p>\n<h4><\/h4>\n<div class=\"fusion-menu-anchor\" id=\"embouts\"><\/div>\n<h4 id=\"endcaps\" class=\"fusion-responsive-typography-calculated\" data-fontsize=\"28\" data-lineheight=\"29.96px\">Endcaps<\/h4>\n<p>Lovepac\u00a0<em>expertly<\/em>\u00a0designs your protective inserts in the most cost effective manner possible.<\/p>\n<p style=\"text-align: left;\" align=\"center\"><a href=\"https:\/\/lovepac.com\/en\/home\/contact-us\/\"><span class=\"smallcaps\">Get a Quote!<\/span><\/a><\/p>\n<p style=\"text-align: left;\"><strong><em><img decoding=\"async\" class=\"size-medium wp-image-5611 alignright\" src=\"https:\/\/lovepac.com\/wp-content\/uploads\/2014\/06\/images_endcap revive 2-300x178.jpg\" alt=\"embouts en mousse recycl\u00e9e\" width=\"300\" height=\"178\" srcset=\"https:\/\/lovepac.com\/wp-content\/uploads\/2014\/06\/images_endcap%20revive%202-300x178.jpg 300w, https:\/\/lovepac.com\/wp-content\/uploads\/2014\/06\/images_endcap%20revive%202.jpg 304w\" sizes=\"(max-width: 300px) 100vw, 300px\" \/>Recycled foam endcaps<br \/>\n<\/em><\/strong><\/p>\n<p style=\"text-align: left;\">Foam endcaps are the best solution for packaging fragile goods. Created from our \u201crevive\u201d recycled foam line, they are custom designed to fit your product so that it will be suspended inside the box during transport. All of our foam endcaps are custom designed to offer the best protective solution, at the best price.<\/p>\n<p style=\"text-align: left;\"><a href=\"https:\/\/lovepac.com\/en\/home\/contact-us\/\"><span class=\"smallcaps\">Get a Quote!<\/span><\/a><\/p>\n<p>Hinged foam end caps<\/p>\n<p><img decoding=\"async\" class=\"size-medium wp-image-5613 alignright\" src=\"https:\/\/lovepac.com\/wp-content\/uploads\/2014\/06\/images_endcap-bluetop-revive-300x183.jpg\" alt=\"embouts en mousse \u00e0 charni\u00e8re\" width=\"300\" height=\"183\" srcset=\"https:\/\/lovepac.com\/wp-content\/uploads\/2014\/06\/images_endcap-bluetop-revive-300x183.jpg 300w, https:\/\/lovepac.com\/wp-content\/uploads\/2014\/06\/images_endcap-bluetop-revive.jpg 425w\" sizes=\"(max-width: 300px) 100vw, 300px\" \/><\/p>\n<p style=\"text-align: left;\">Foam endcaps are the best solution for packaging fragile goods. Hinge style endcaps are created using foam that has a denser blue layer that is cut in specific places only. With this method called \u201ckisscutting\u201d, the blue layer will act as a hinge and create an endcap that is shipped flat and can be easily constructed when needed.<\/p>\n<p><a href=\"https:\/\/lovepac.com\/en\/home\/contact-us\/\"><span class=\"smallcaps\">Get a Quote!<\/span><\/a><\/p>\n<\/div><div class=\"fusion-clearfix\"><\/div><\/div><\/div><\/div><\/div>\n","protected":false},"excerpt":{"rendered":"","protected":false},"author":1,"featured_media":0,"parent":5528,"menu_order":4,"comment_status":"closed","ping_status":"closed","template":"side-navigation.php","meta":{"footnotes":""},"class_list":["post-5603","page","type-page","status-publish","hentry"],"yoast_head":"<!-- This site is optimized with the Yoast SEO plugin v27.3 - https:\/\/yoast.com\/product\/yoast-seo-wordpress\/ -->\n<title>Custom Protective Foam Packaging, Polyethylene Foam Rolls<\/title>\n<meta name=\"description\" content=\"Custom protective foam packaging solutions from Lovepac in Quebec include polyethylene foam rolls, protective endcaps, profiles, planks and revive products.\" \/>\n<meta name=\"robots\" content=\"index, follow, max-snippet:-1, max-image-preview:large, max-video-preview:-1\" \/>\n<link rel=\"canonical\" href=\"https:\/\/lovepac.com\/en\/products\/protective-foam\/\" \/>\n<meta property=\"og:locale\" content=\"en_US\" \/>\n<meta property=\"og:type\" content=\"article\" \/>\n<meta property=\"og:title\" content=\"Custom Protective Foam Packaging, Polyethylene Foam Rolls\" \/>\n<meta property=\"og:description\" content=\"Custom protective foam packaging solutions from Lovepac in Quebec include polyethylene foam rolls, protective endcaps, profiles, planks and revive products.\" \/>\n<meta property=\"og:url\" content=\"https:\/\/lovepac.com\/en\/products\/protective-foam\/\" \/>\n<meta property=\"og:site_name\" content=\"Lovepac\" \/>\n<meta property=\"article:modified_time\" content=\"2022-03-17T21:23:20+00:00\" \/>\n<meta property=\"og:image\" content=\"https:\/\/lovepac.com\/wp-content\/uploads\/2014\/06\/images_PE%20roll.jpg\" \/>\n<meta name=\"twitter:card\" content=\"summary_large_image\" \/>\n<meta name=\"twitter:label1\" content=\"Est. reading time\" \/>\n\t<meta name=\"twitter:data1\" content=\"4 minutes\" \/>\n<script type=\"application\/ld+json\" class=\"yoast-schema-graph\">{\"@context\":\"https:\\\/\\\/schema.org\",\"@graph\":[{\"@type\":\"WebPage\",\"@id\":\"https:\\\/\\\/lovepac.com\\\/en\\\/products\\\/protective-foam\\\/\",\"url\":\"https:\\\/\\\/lovepac.com\\\/en\\\/products\\\/protective-foam\\\/\",\"name\":\"Custom Protective Foam Packaging, Polyethylene Foam Rolls\",\"isPartOf\":{\"@id\":\"https:\\\/\\\/lovepac.com\\\/en\\\/#website\"},\"primaryImageOfPage\":{\"@id\":\"https:\\\/\\\/lovepac.com\\\/en\\\/products\\\/protective-foam\\\/#primaryimage\"},\"image\":{\"@id\":\"https:\\\/\\\/lovepac.com\\\/en\\\/products\\\/protective-foam\\\/#primaryimage\"},\"thumbnailUrl\":\"https:\\\/\\\/lovepac.com\\\/images\\\/PE%20roll.jpg\",\"datePublished\":\"2017-10-06T05:05:40+00:00\",\"dateModified\":\"2022-03-17T21:23:20+00:00\",\"description\":\"Custom protective foam packaging solutions from Lovepac in Quebec include polyethylene foam rolls, protective endcaps, profiles, planks and revive products.\",\"breadcrumb\":{\"@id\":\"https:\\\/\\\/lovepac.com\\\/en\\\/products\\\/protective-foam\\\/#breadcrumb\"},\"inLanguage\":\"en-US\",\"potentialAction\":[{\"@type\":\"ReadAction\",\"target\":[\"https:\\\/\\\/lovepac.com\\\/en\\\/products\\\/protective-foam\\\/\"]}]},{\"@type\":\"ImageObject\",\"inLanguage\":\"en-US\",\"@id\":\"https:\\\/\\\/lovepac.com\\\/en\\\/products\\\/protective-foam\\\/#primaryimage\",\"url\":\"https:\\\/\\\/lovepac.com\\\/images\\\/PE%20roll.jpg\",\"contentUrl\":\"https:\\\/\\\/lovepac.com\\\/images\\\/PE%20roll.jpg\"},{\"@type\":\"BreadcrumbList\",\"@id\":\"https:\\\/\\\/lovepac.com\\\/en\\\/products\\\/protective-foam\\\/#breadcrumb\",\"itemListElement\":[{\"@type\":\"ListItem\",\"position\":1,\"name\":\"Accueil\",\"item\":\"https:\\\/\\\/lovepac.com\\\/en\\\/\"},{\"@type\":\"ListItem\",\"position\":2,\"name\":\"Products\",\"item\":\"https:\\\/\\\/lovepac.com\\\/en\\\/produits\\\/\"},{\"@type\":\"ListItem\",\"position\":3,\"name\":\"Protective Foam\"}]},{\"@type\":\"WebSite\",\"@id\":\"https:\\\/\\\/lovepac.com\\\/en\\\/#website\",\"url\":\"https:\\\/\\\/lovepac.com\\\/en\\\/\",\"name\":\"Lovepac\",\"description\":\"Emballages de bo\u00eetes en carton fiables et de qualit\u00e9 sup\u00e9rieure\",\"publisher\":{\"@id\":\"https:\\\/\\\/lovepac.com\\\/en\\\/#organization\"},\"potentialAction\":[{\"@type\":\"SearchAction\",\"target\":{\"@type\":\"EntryPoint\",\"urlTemplate\":\"https:\\\/\\\/lovepac.com\\\/en\\\/?s={search_term_string}\"},\"query-input\":{\"@type\":\"PropertyValueSpecification\",\"valueRequired\":true,\"valueName\":\"search_term_string\"}}],\"inLanguage\":\"en-US\"},{\"@type\":\"Organization\",\"@id\":\"https:\\\/\\\/lovepac.com\\\/en\\\/#organization\",\"name\":\"Lovepac\",\"url\":\"https:\\\/\\\/lovepac.com\\\/en\\\/\",\"logo\":{\"@type\":\"ImageObject\",\"inLanguage\":\"en-US\",\"@id\":\"https:\\\/\\\/lovepac.com\\\/en\\\/#\\\/schema\\\/logo\\\/image\\\/\",\"url\":\"https:\\\/\\\/lovepac.com\\\/wp-content\\\/uploads\\\/2017\\\/10\\\/Novapac_Blog.jpg\",\"contentUrl\":\"https:\\\/\\\/lovepac.com\\\/wp-content\\\/uploads\\\/2017\\\/10\\\/Novapac_Blog.jpg\",\"width\":1000,\"height\":600,\"caption\":\"Lovepac\"},\"image\":{\"@id\":\"https:\\\/\\\/lovepac.com\\\/en\\\/#\\\/schema\\\/logo\\\/image\\\/\"}}]}<\/script>\n<!-- \/ Yoast SEO plugin. -->","yoast_head_json":{"title":"Custom Protective Foam Packaging, Polyethylene Foam Rolls","description":"Custom protective foam packaging solutions from Lovepac in Quebec include polyethylene foam rolls, protective endcaps, profiles, planks and revive products.","robots":{"index":"index","follow":"follow","max-snippet":"max-snippet:-1","max-image-preview":"max-image-preview:large","max-video-preview":"max-video-preview:-1"},"canonical":"https:\/\/lovepac.com\/en\/products\/protective-foam\/","og_locale":"en_US","og_type":"article","og_title":"Custom Protective Foam Packaging, Polyethylene Foam Rolls","og_description":"Custom protective foam packaging solutions from Lovepac in Quebec include polyethylene foam rolls, protective endcaps, profiles, planks and revive products.","og_url":"https:\/\/lovepac.com\/en\/products\/protective-foam\/","og_site_name":"Lovepac","article_modified_time":"2022-03-17T21:23:20+00:00","og_image":[{"url":"https:\/\/lovepac.com\/wp-content\/uploads\/2014\/06\/images_PE roll.jpg","type":"","width":"","height":""}],"twitter_card":"summary_large_image","twitter_misc":{"Est. reading time":"4 minutes"},"schema":{"@context":"https:\/\/schema.org","@graph":[{"@type":"WebPage","@id":"https:\/\/lovepac.com\/en\/products\/protective-foam\/","url":"https:\/\/lovepac.com\/en\/products\/protective-foam\/","name":"Custom Protective Foam Packaging, Polyethylene Foam Rolls","isPartOf":{"@id":"https:\/\/lovepac.com\/en\/#website"},"primaryImageOfPage":{"@id":"https:\/\/lovepac.com\/en\/products\/protective-foam\/#primaryimage"},"image":{"@id":"https:\/\/lovepac.com\/en\/products\/protective-foam\/#primaryimage"},"thumbnailUrl":"https:\/\/lovepac.com\/images\/PE%20roll.jpg","datePublished":"2017-10-06T05:05:40+00:00","dateModified":"2022-03-17T21:23:20+00:00","description":"Custom protective foam packaging solutions from Lovepac in Quebec include polyethylene foam rolls, protective endcaps, profiles, planks and revive products.","breadcrumb":{"@id":"https:\/\/lovepac.com\/en\/products\/protective-foam\/#breadcrumb"},"inLanguage":"en-US","potentialAction":[{"@type":"ReadAction","target":["https:\/\/lovepac.com\/en\/products\/protective-foam\/"]}]},{"@type":"ImageObject","inLanguage":"en-US","@id":"https:\/\/lovepac.com\/en\/products\/protective-foam\/#primaryimage","url":"https:\/\/lovepac.com\/images\/PE%20roll.jpg","contentUrl":"https:\/\/lovepac.com\/images\/PE%20roll.jpg"},{"@type":"BreadcrumbList","@id":"https:\/\/lovepac.com\/en\/products\/protective-foam\/#breadcrumb","itemListElement":[{"@type":"ListItem","position":1,"name":"Accueil","item":"https:\/\/lovepac.com\/en\/"},{"@type":"ListItem","position":2,"name":"Products","item":"https:\/\/lovepac.com\/en\/produits\/"},{"@type":"ListItem","position":3,"name":"Protective Foam"}]},{"@type":"WebSite","@id":"https:\/\/lovepac.com\/en\/#website","url":"https:\/\/lovepac.com\/en\/","name":"Lovepac","description":"Emballages de bo\u00eetes en carton fiables et de qualit\u00e9 sup\u00e9rieure","publisher":{"@id":"https:\/\/lovepac.com\/en\/#organization"},"potentialAction":[{"@type":"SearchAction","target":{"@type":"EntryPoint","urlTemplate":"https:\/\/lovepac.com\/en\/?s={search_term_string}"},"query-input":{"@type":"PropertyValueSpecification","valueRequired":true,"valueName":"search_term_string"}}],"inLanguage":"en-US"},{"@type":"Organization","@id":"https:\/\/lovepac.com\/en\/#organization","name":"Lovepac","url":"https:\/\/lovepac.com\/en\/","logo":{"@type":"ImageObject","inLanguage":"en-US","@id":"https:\/\/lovepac.com\/en\/#\/schema\/logo\/image\/","url":"https:\/\/lovepac.com\/wp-content\/uploads\/2017\/10\/Novapac_Blog.jpg","contentUrl":"https:\/\/lovepac.com\/wp-content\/uploads\/2017\/10\/Novapac_Blog.jpg","width":1000,"height":600,"caption":"Lovepac"},"image":{"@id":"https:\/\/lovepac.com\/en\/#\/schema\/logo\/image\/"}}]}},"_links":{"self":[{"href":"https:\/\/lovepac.com\/en\/wp-json\/wp\/v2\/pages\/5603","targetHints":{"allow":["GET"]}}],"collection":[{"href":"https:\/\/lovepac.com\/en\/wp-json\/wp\/v2\/pages"}],"about":[{"href":"https:\/\/lovepac.com\/en\/wp-json\/wp\/v2\/types\/page"}],"author":[{"embeddable":true,"href":"https:\/\/lovepac.com\/en\/wp-json\/wp\/v2\/users\/1"}],"replies":[{"embeddable":true,"href":"https:\/\/lovepac.com\/en\/wp-json\/wp\/v2\/comments?post=5603"}],"version-history":[{"count":5,"href":"https:\/\/lovepac.com\/en\/wp-json\/wp\/v2\/pages\/5603\/revisions"}],"predecessor-version":[{"id":9249,"href":"https:\/\/lovepac.com\/en\/wp-json\/wp\/v2\/pages\/5603\/revisions\/9249"}],"up":[{"embeddable":true,"href":"https:\/\/lovepac.com\/en\/wp-json\/wp\/v2\/pages\/5528"}],"wp:attachment":[{"href":"https:\/\/lovepac.com\/en\/wp-json\/wp\/v2\/media?parent=5603"}],"curies":[{"name":"wp","href":"https:\/\/api.w.org\/{rel}","templated":true}]}}