{"id":5615,"date":"2017-10-06T07:09:41","date_gmt":"2017-10-06T05:09:41","guid":{"rendered":"http:\/\/192.99.132.249\/?page_id=5615"},"modified":"2022-03-17T15:49:45","modified_gmt":"2022-03-17T19:49:45","slug":"corrugated-inserts-pallets-and-esd-bags","status":"publish","type":"page","link":"https:\/\/lovepac.com\/en\/products\/corrugated-inserts-pallets-and-esd-bags\/","title":{"rendered":"Corrugated Inserts, Pallets and ESD Bags"},"content":{"rendered":"<div class=\"fusion-fullwidth fullwidth-box fusion-builder-row-1 nonhundred-percent-fullwidth non-hundred-percent-height-scrolling\" style=\"--awb-border-radius-top-left:0px;--awb-border-radius-top-right:0px;--awb-border-radius-bottom-right:0px;--awb-border-radius-bottom-left:0px;--awb-flex-wrap:wrap;\" ><div class=\"fusion-builder-row fusion-row\"><div class=\"fusion-layout-column fusion_builder_column fusion-builder-column-0 fusion_builder_column_1_1 1_1 fusion-one-full fusion-column-first fusion-column-last\" style=\"--awb-bg-size:cover;--awb-margin-bottom:0px;\"><div class=\"fusion-column-wrapper fusion-flex-column-wrapper-legacy\"><div class=\"fusion-text fusion-text-1\"><header>\n<h3 class=\"fusion-responsive-typography-calculated\" data-fontsize=\"34\" data-lineheight=\"38.08px\">Corrugated Inserts, Pallets and ESD Bags<\/h3>\n<\/header>\n<p><img decoding=\"async\" class=\"floatright alignright\" src=\"\/wp-content\/uploads\/2012\/09\/images_stuff.jpg\" alt=\"\" border=\"0\" \/>For a protective packaging solution that reduces your inventory space and protects your product, corrugated cardboard inserts and corrugated pallets are often the answer. Our cardboard inserts for packaging come in various styles including\u00a0regular pads, die cut hinges,\u00a0corrugated inserts,\u00a0corrugated pallets, cardboard corner protectors and much more. Our qualified CorrDesign team will custom-design a protective cardboard packaging solution using corrugated materials that wrap around your product and provide maximum protection while keeping you within budget and maintaining low inventory levels. And because we incorporate ESD packaging (such as ESD gray static shielding bags), we are certain to have a solution that will protect your static-sensitive products<\/p>\n<\/div><div class=\"fusion-clearfix\"><\/div><\/div><\/div><\/div><\/div>\n","protected":false},"excerpt":{"rendered":"","protected":false},"author":1,"featured_media":0,"parent":5528,"menu_order":0,"comment_status":"closed","ping_status":"closed","template":"side-navigation.php","meta":{"footnotes":""},"class_list":["post-5615","page","type-page","status-publish","hentry"],"yoast_head":"<!-- This site is optimized with the Yoast SEO plugin v27.3 - https:\/\/yoast.com\/product\/yoast-seo-wordpress\/ -->\n<title>Corrugated Cardboard Inserts and Pallets, ESD Bags<\/title>\n<meta name=\"description\" content=\"Corrugated cardboard inserts and corrugated pallets from Lovepac in Quebec offer protective packaging solutions. ESD static shielding bags are also available.\" \/>\n<meta name=\"robots\" content=\"index, follow, max-snippet:-1, max-image-preview:large, max-video-preview:-1\" \/>\n<link rel=\"canonical\" href=\"https:\/\/lovepac.com\/en\/products\/corrugated-inserts-pallets-and-esd-bags\/\" \/>\n<meta property=\"og:locale\" content=\"en_US\" \/>\n<meta property=\"og:type\" content=\"article\" \/>\n<meta property=\"og:title\" content=\"Corrugated Cardboard Inserts and Pallets, ESD Bags\" \/>\n<meta property=\"og:description\" content=\"Corrugated cardboard inserts and corrugated pallets from Lovepac in Quebec offer protective packaging solutions. ESD static shielding bags are also available.\" \/>\n<meta property=\"og:url\" content=\"https:\/\/lovepac.com\/en\/products\/corrugated-inserts-pallets-and-esd-bags\/\" \/>\n<meta property=\"og:site_name\" content=\"Lovepac\" \/>\n<meta property=\"article:modified_time\" content=\"2022-03-17T19:49:45+00:00\" \/>\n<meta property=\"og:image\" content=\"https:\/\/lovepac.com\/wp-content\/uploads\/2012\/09\/images_stuff.jpg\" \/>\n<meta name=\"twitter:card\" content=\"summary_large_image\" \/>\n<meta name=\"twitter:label1\" content=\"Est. reading time\" \/>\n\t<meta name=\"twitter:data1\" content=\"2 minutes\" \/>\n<script type=\"application\/ld+json\" class=\"yoast-schema-graph\">{\"@context\":\"https:\\\/\\\/schema.org\",\"@graph\":[{\"@type\":\"WebPage\",\"@id\":\"https:\\\/\\\/lovepac.com\\\/en\\\/products\\\/corrugated-inserts-pallets-and-esd-bags\\\/\",\"url\":\"https:\\\/\\\/lovepac.com\\\/en\\\/products\\\/corrugated-inserts-pallets-and-esd-bags\\\/\",\"name\":\"Corrugated Cardboard Inserts and Pallets, ESD Bags\",\"isPartOf\":{\"@id\":\"https:\\\/\\\/lovepac.com\\\/en\\\/#website\"},\"datePublished\":\"2017-10-06T05:09:41+00:00\",\"dateModified\":\"2022-03-17T19:49:45+00:00\",\"description\":\"Corrugated cardboard inserts and corrugated pallets from Lovepac in Quebec offer protective packaging solutions. ESD static shielding bags are also available.\",\"breadcrumb\":{\"@id\":\"https:\\\/\\\/lovepac.com\\\/en\\\/products\\\/corrugated-inserts-pallets-and-esd-bags\\\/#breadcrumb\"},\"inLanguage\":\"en-US\",\"potentialAction\":[{\"@type\":\"ReadAction\",\"target\":[\"https:\\\/\\\/lovepac.com\\\/en\\\/products\\\/corrugated-inserts-pallets-and-esd-bags\\\/\"]}]},{\"@type\":\"BreadcrumbList\",\"@id\":\"https:\\\/\\\/lovepac.com\\\/en\\\/products\\\/corrugated-inserts-pallets-and-esd-bags\\\/#breadcrumb\",\"itemListElement\":[{\"@type\":\"ListItem\",\"position\":1,\"name\":\"Accueil\",\"item\":\"https:\\\/\\\/lovepac.com\\\/en\\\/\"},{\"@type\":\"ListItem\",\"position\":2,\"name\":\"Products\",\"item\":\"https:\\\/\\\/lovepac.com\\\/en\\\/produits\\\/\"},{\"@type\":\"ListItem\",\"position\":3,\"name\":\"Corrugated Inserts, Pallets and ESD Bags\"}]},{\"@type\":\"WebSite\",\"@id\":\"https:\\\/\\\/lovepac.com\\\/en\\\/#website\",\"url\":\"https:\\\/\\\/lovepac.com\\\/en\\\/\",\"name\":\"Lovepac\",\"description\":\"Emballages de bo\u00eetes en carton fiables et de qualit\u00e9 sup\u00e9rieure\",\"publisher\":{\"@id\":\"https:\\\/\\\/lovepac.com\\\/en\\\/#organization\"},\"potentialAction\":[{\"@type\":\"SearchAction\",\"target\":{\"@type\":\"EntryPoint\",\"urlTemplate\":\"https:\\\/\\\/lovepac.com\\\/en\\\/?s={search_term_string}\"},\"query-input\":{\"@type\":\"PropertyValueSpecification\",\"valueRequired\":true,\"valueName\":\"search_term_string\"}}],\"inLanguage\":\"en-US\"},{\"@type\":\"Organization\",\"@id\":\"https:\\\/\\\/lovepac.com\\\/en\\\/#organization\",\"name\":\"Lovepac\",\"url\":\"https:\\\/\\\/lovepac.com\\\/en\\\/\",\"logo\":{\"@type\":\"ImageObject\",\"inLanguage\":\"en-US\",\"@id\":\"https:\\\/\\\/lovepac.com\\\/en\\\/#\\\/schema\\\/logo\\\/image\\\/\",\"url\":\"https:\\\/\\\/lovepac.com\\\/wp-content\\\/uploads\\\/2017\\\/10\\\/Novapac_Blog.jpg\",\"contentUrl\":\"https:\\\/\\\/lovepac.com\\\/wp-content\\\/uploads\\\/2017\\\/10\\\/Novapac_Blog.jpg\",\"width\":1000,\"height\":600,\"caption\":\"Lovepac\"},\"image\":{\"@id\":\"https:\\\/\\\/lovepac.com\\\/en\\\/#\\\/schema\\\/logo\\\/image\\\/\"}}]}<\/script>\n<!-- \/ Yoast SEO plugin. -->","yoast_head_json":{"title":"Corrugated Cardboard Inserts and Pallets, ESD Bags","description":"Corrugated cardboard inserts and corrugated pallets from Lovepac in Quebec offer protective packaging solutions. ESD static shielding bags are also available.","robots":{"index":"index","follow":"follow","max-snippet":"max-snippet:-1","max-image-preview":"max-image-preview:large","max-video-preview":"max-video-preview:-1"},"canonical":"https:\/\/lovepac.com\/en\/products\/corrugated-inserts-pallets-and-esd-bags\/","og_locale":"en_US","og_type":"article","og_title":"Corrugated Cardboard Inserts and Pallets, ESD Bags","og_description":"Corrugated cardboard inserts and corrugated pallets from Lovepac in Quebec offer protective packaging solutions. ESD static shielding bags are also available.","og_url":"https:\/\/lovepac.com\/en\/products\/corrugated-inserts-pallets-and-esd-bags\/","og_site_name":"Lovepac","article_modified_time":"2022-03-17T19:49:45+00:00","og_image":[{"url":"https:\/\/lovepac.com\/wp-content\/uploads\/2012\/09\/images_stuff.jpg","type":"","width":"","height":""}],"twitter_card":"summary_large_image","twitter_misc":{"Est. reading time":"2 minutes"},"schema":{"@context":"https:\/\/schema.org","@graph":[{"@type":"WebPage","@id":"https:\/\/lovepac.com\/en\/products\/corrugated-inserts-pallets-and-esd-bags\/","url":"https:\/\/lovepac.com\/en\/products\/corrugated-inserts-pallets-and-esd-bags\/","name":"Corrugated Cardboard Inserts and Pallets, ESD Bags","isPartOf":{"@id":"https:\/\/lovepac.com\/en\/#website"},"datePublished":"2017-10-06T05:09:41+00:00","dateModified":"2022-03-17T19:49:45+00:00","description":"Corrugated cardboard inserts and corrugated pallets from Lovepac in Quebec offer protective packaging solutions. ESD static shielding bags are also available.","breadcrumb":{"@id":"https:\/\/lovepac.com\/en\/products\/corrugated-inserts-pallets-and-esd-bags\/#breadcrumb"},"inLanguage":"en-US","potentialAction":[{"@type":"ReadAction","target":["https:\/\/lovepac.com\/en\/products\/corrugated-inserts-pallets-and-esd-bags\/"]}]},{"@type":"BreadcrumbList","@id":"https:\/\/lovepac.com\/en\/products\/corrugated-inserts-pallets-and-esd-bags\/#breadcrumb","itemListElement":[{"@type":"ListItem","position":1,"name":"Accueil","item":"https:\/\/lovepac.com\/en\/"},{"@type":"ListItem","position":2,"name":"Products","item":"https:\/\/lovepac.com\/en\/produits\/"},{"@type":"ListItem","position":3,"name":"Corrugated Inserts, Pallets and ESD Bags"}]},{"@type":"WebSite","@id":"https:\/\/lovepac.com\/en\/#website","url":"https:\/\/lovepac.com\/en\/","name":"Lovepac","description":"Emballages de bo\u00eetes en carton fiables et de qualit\u00e9 sup\u00e9rieure","publisher":{"@id":"https:\/\/lovepac.com\/en\/#organization"},"potentialAction":[{"@type":"SearchAction","target":{"@type":"EntryPoint","urlTemplate":"https:\/\/lovepac.com\/en\/?s={search_term_string}"},"query-input":{"@type":"PropertyValueSpecification","valueRequired":true,"valueName":"search_term_string"}}],"inLanguage":"en-US"},{"@type":"Organization","@id":"https:\/\/lovepac.com\/en\/#organization","name":"Lovepac","url":"https:\/\/lovepac.com\/en\/","logo":{"@type":"ImageObject","inLanguage":"en-US","@id":"https:\/\/lovepac.com\/en\/#\/schema\/logo\/image\/","url":"https:\/\/lovepac.com\/wp-content\/uploads\/2017\/10\/Novapac_Blog.jpg","contentUrl":"https:\/\/lovepac.com\/wp-content\/uploads\/2017\/10\/Novapac_Blog.jpg","width":1000,"height":600,"caption":"Lovepac"},"image":{"@id":"https:\/\/lovepac.com\/en\/#\/schema\/logo\/image\/"}}]}},"_links":{"self":[{"href":"https:\/\/lovepac.com\/en\/wp-json\/wp\/v2\/pages\/5615","targetHints":{"allow":["GET"]}}],"collection":[{"href":"https:\/\/lovepac.com\/en\/wp-json\/wp\/v2\/pages"}],"about":[{"href":"https:\/\/lovepac.com\/en\/wp-json\/wp\/v2\/types\/page"}],"author":[{"embeddable":true,"href":"https:\/\/lovepac.com\/en\/wp-json\/wp\/v2\/users\/1"}],"replies":[{"embeddable":true,"href":"https:\/\/lovepac.com\/en\/wp-json\/wp\/v2\/comments?post=5615"}],"version-history":[{"count":5,"href":"https:\/\/lovepac.com\/en\/wp-json\/wp\/v2\/pages\/5615\/revisions"}],"predecessor-version":[{"id":9229,"href":"https:\/\/lovepac.com\/en\/wp-json\/wp\/v2\/pages\/5615\/revisions\/9229"}],"up":[{"embeddable":true,"href":"https:\/\/lovepac.com\/en\/wp-json\/wp\/v2\/pages\/5528"}],"wp:attachment":[{"href":"https:\/\/lovepac.com\/en\/wp-json\/wp\/v2\/media?parent=5615"}],"curies":[{"name":"wp","href":"https:\/\/api.w.org\/{rel}","templated":true}]}}