{"id":5632,"date":"2017-10-06T07:42:00","date_gmt":"2017-10-06T05:42:00","guid":{"rendered":"http:\/\/192.99.132.249\/?page_id=5632"},"modified":"2022-03-17T16:16:31","modified_gmt":"2022-03-17T20:16:31","slug":"custom-pallets-and-crates","status":"publish","type":"page","link":"https:\/\/lovepac.com\/en\/products\/custom-pallets-and-crates\/","title":{"rendered":"Custom Pallets and Crates"},"content":{"rendered":"<p><div class=\"fusion-fullwidth fullwidth-box fusion-builder-row-1 nonhundred-percent-fullwidth non-hundred-percent-height-scrolling\" style=\"--awb-border-radius-top-left:0px;--awb-border-radius-top-right:0px;--awb-border-radius-bottom-right:0px;--awb-border-radius-bottom-left:0px;--awb-flex-wrap:wrap;\" ><\/div><div class=\"fusion-builder-row fusion-row\"><\/div><div class=\"fusion-layout-column fusion_builder_column fusion-builder-column-0 fusion_builder_column_1_1 1_1 fusion-one-full fusion-column-first fusion-column-last\" style=\"--awb-bg-size:cover;--awb-margin-bottom:0px;width:100%;\"><div class=\"fusion-column-wrapper fusion-flex-column-wrapper-legacy\"><div class=\"fusion-clearfix\"><\/div><\/div><\/div><div class=\"fusion-text fusion-text-1\"><\/div><\/p>\n<h3 class=\"fusion-responsive-typography-calculated\" data-fontsize=\"34\" data-lineheight=\"38.08px\">Custom Pallets and Crates<\/h3>\n<p>Wood crates\u00a0and\u00a0custom pallets\u00a0are always a solution to very heavy or fragile items that are often transported by multiple carriers. Our CorrDesign team strives to combine as much corrugated material as possible to reduce weight and material costs in order to help you save on packaging and transport charges. Using our unique CorrMethod approach, we develop protective packaging solutions that produce custom, heat-treated\u00a0wood crates\u00a0and\u00a0custom pallets\u00a0ready for export. Our designs are lighter and less expensive, and take up less space on your inventory floor.<\/p>\n<p><a href=\"https:\/\/lovepac.com\/en\/home\/contact-us\/\">Contact us now to get a quote!<\/a><\/p>\n<h4 class=\"fusion-responsive-typography-calculated\" data-fontsize=\"28\" data-lineheight=\"29.96px\">Wood Crates<\/h4>\n<p><img decoding=\"async\" class=\"alignnone size-medium wp-image-5876\" src=\"https:\/\/lovepac.com\/wp-content\/uploads\/2017\/10\/woodencrates-300x202.jpg\" alt=\"Caisses sur mesure - caisses de bois\" width=\"300\" height=\"202\" srcset=\"https:\/\/lovepac.com\/wp-content\/uploads\/2017\/10\/woodencrates-200x134.jpg 200w, https:\/\/lovepac.com\/wp-content\/uploads\/2017\/10\/woodencrates-300x202.jpg 300w, https:\/\/lovepac.com\/wp-content\/uploads\/2017\/10\/woodencrates-400x269.jpg 400w, https:\/\/lovepac.com\/wp-content\/uploads\/2017\/10\/woodencrates.jpg 418w\" sizes=\"(max-width: 300px) 100vw, 300px\" \/><\/p>\n<h4 class=\"fusion-responsive-typography-calculated\" data-fontsize=\"28\" data-lineheight=\"29.96px\">Hybrid Crates<\/h4>\n<p><img decoding=\"async\" class=\"alignnone size-medium wp-image-5874\" src=\"https:\/\/lovepac.com\/wp-content\/uploads\/2017\/10\/hybrides-300x202.jpg\" alt=\"Caisses sur mesure - caisses hybrides\" width=\"300\" height=\"202\" srcset=\"https:\/\/lovepac.com\/wp-content\/uploads\/2017\/10\/hybrides-200x134.jpg 200w, https:\/\/lovepac.com\/wp-content\/uploads\/2017\/10\/hybrides-300x202.jpg 300w, https:\/\/lovepac.com\/wp-content\/uploads\/2017\/10\/hybrides-400x269.jpg 400w, https:\/\/lovepac.com\/wp-content\/uploads\/2017\/10\/hybrides.jpg 418w\" sizes=\"(max-width: 300px) 100vw, 300px\" \/><\/p>\n<h4 class=\"fusion-responsive-typography-calculated\" data-fontsize=\"28\" data-lineheight=\"29.96px\">Custom Pallets<\/h4>\n<p><img decoding=\"async\" class=\"alignnone size-medium wp-image-5872\" src=\"https:\/\/lovepac.com\/wp-content\/uploads\/2017\/10\/customcrates-300x202.jpg\" alt=\"Caisses sur mesure - palettes sur mesure\" width=\"300\" height=\"202\" srcset=\"https:\/\/lovepac.com\/wp-content\/uploads\/2017\/10\/customcrates-200x134.jpg 200w, https:\/\/lovepac.com\/wp-content\/uploads\/2017\/10\/customcrates-300x202.jpg 300w, https:\/\/lovepac.com\/wp-content\/uploads\/2017\/10\/customcrates-400x269.jpg 400w, https:\/\/lovepac.com\/wp-content\/uploads\/2017\/10\/customcrates.jpg 418w\" sizes=\"(max-width: 300px) 100vw, 300px\" \/><\/p>\n<h4 class=\"fusion-responsive-typography-calculated\" data-fontsize=\"28\" data-lineheight=\"29.96px\">EasyCrate<\/h4>\n<p><img decoding=\"async\" class=\"alignnone size-medium wp-image-5872\" src=\"https:\/\/lovepac.com\/wp-content\/uploads\/2019\/06\/Easycrate-300x185.jpg\" alt=\"Caisses sur mesure - palettes sur mesure\" width=\"300\" height=\"202\" \/><\/p>\n<p>EasyCrates feature patented technology, are shipped flat and collapsible for easy storage. No tools are needed to open them, they\u2019re light weight, reusable and stackable. No nail, screws, metal or plastic clips required. EasyCrates are durable, fast and easy to assemble and manufactured and designed in Canada.<\/p>\n<p>Available in OSB 5\/8 for heavy duty applications. Made of 5\/8\u201d plywood, foam liner and custom foam inserts (optional). ISPM 15 certified. Company logo can be imprinted (optional).<\/p>\n<h4 class=\"fusion-responsive-typography-calculated\" data-fontsize=\"28\" data-lineheight=\"29.96px\">Lovewood Crates<\/h4>\n<p><img decoding=\"async\" class=\"alignnone size-medium wp-image-5872\" src=\"https:\/\/lovepac.com\/wp-content\/uploads\/2019\/06\/Lovewood-1-300x185.jpg\" alt=\"Caisses sur mesure - palettes sur mesure\" width=\"300\" height=\"202\" \/><\/p>\n<p>There are more than a thousand different ways to build a crate. Your application will help us determine the ideal construction and assembly.<\/p>\n<p>Lovewood offers an unconstrained variety of custom crates. Custom designs for wooden crates and containers are specifically tailored to your needs, while keeping them as simple as possible<br \/>\nfor production and application.<\/p>\n<p>The fully customizable design from Lovewood is the perfect solution to stand out from your competitors!<\/p>\n<p>&nbsp;<\/p>\n","protected":false},"excerpt":{"rendered":"<p>Custom Pallets and Crates Wood crates\u00a0and\u00a0custom pallets\u00a0are always a solution  [&#8230;]<\/p>\n","protected":false},"author":1,"featured_media":0,"parent":5528,"menu_order":16,"comment_status":"closed","ping_status":"closed","template":"side-navigation.php","meta":{"footnotes":""},"class_list":["post-5632","page","type-page","status-publish","hentry"],"yoast_head":"<!-- This site is optimized with the Yoast SEO plugin v27.3 - https:\/\/yoast.com\/product\/yoast-seo-wordpress\/ -->\n<title>Custom Shipping Pallets, Wood Packaging Crates Quebec<\/title>\n<meta name=\"description\" content=\"Lovepac provides custom shipping pallets, wood packaging crates and hybrid crates in a variety of designs to best support the items being transported.\" \/>\n<meta name=\"robots\" content=\"index, follow, max-snippet:-1, max-image-preview:large, max-video-preview:-1\" \/>\n<link rel=\"canonical\" href=\"https:\/\/lovepac.com\/en\/products\/custom-pallets-and-crates\/\" \/>\n<meta property=\"og:locale\" content=\"en_US\" \/>\n<meta property=\"og:type\" content=\"article\" \/>\n<meta property=\"og:title\" content=\"Custom Shipping Pallets, Wood Packaging Crates Quebec\" \/>\n<meta property=\"og:description\" content=\"Lovepac provides custom shipping pallets, wood packaging crates and hybrid crates in a variety of designs to best support the items being transported.\" \/>\n<meta property=\"og:url\" content=\"https:\/\/lovepac.com\/en\/products\/custom-pallets-and-crates\/\" \/>\n<meta property=\"og:site_name\" content=\"Lovepac\" \/>\n<meta property=\"article:modified_time\" content=\"2022-03-17T20:16:31+00:00\" \/>\n<meta property=\"og:image\" content=\"https:\/\/lovepac.com\/wp-content\/uploads\/2017\/10\/woodencrates-300x202.jpg\" \/>\n<meta name=\"twitter:card\" content=\"summary_large_image\" \/>\n<meta name=\"twitter:label1\" content=\"Est. reading time\" \/>\n\t<meta name=\"twitter:data1\" content=\"2 minutes\" \/>\n<script type=\"application\/ld+json\" class=\"yoast-schema-graph\">{\"@context\":\"https:\\\/\\\/schema.org\",\"@graph\":[{\"@type\":\"WebPage\",\"@id\":\"https:\\\/\\\/lovepac.com\\\/en\\\/products\\\/custom-pallets-and-crates\\\/\",\"url\":\"https:\\\/\\\/lovepac.com\\\/en\\\/products\\\/custom-pallets-and-crates\\\/\",\"name\":\"Custom Shipping Pallets, Wood Packaging Crates Quebec\",\"isPartOf\":{\"@id\":\"https:\\\/\\\/lovepac.com\\\/en\\\/#website\"},\"primaryImageOfPage\":{\"@id\":\"https:\\\/\\\/lovepac.com\\\/en\\\/products\\\/custom-pallets-and-crates\\\/#primaryimage\"},\"image\":{\"@id\":\"https:\\\/\\\/lovepac.com\\\/en\\\/products\\\/custom-pallets-and-crates\\\/#primaryimage\"},\"thumbnailUrl\":\"https:\\\/\\\/lovepac.com\\\/wp-content\\\/uploads\\\/2017\\\/10\\\/woodencrates-300x202.jpg\",\"datePublished\":\"2017-10-06T05:42:00+00:00\",\"dateModified\":\"2022-03-17T20:16:31+00:00\",\"description\":\"Lovepac provides custom shipping pallets, wood packaging crates and hybrid crates in a variety of designs to best support the items being transported.\",\"breadcrumb\":{\"@id\":\"https:\\\/\\\/lovepac.com\\\/en\\\/products\\\/custom-pallets-and-crates\\\/#breadcrumb\"},\"inLanguage\":\"en-US\",\"potentialAction\":[{\"@type\":\"ReadAction\",\"target\":[\"https:\\\/\\\/lovepac.com\\\/en\\\/products\\\/custom-pallets-and-crates\\\/\"]}]},{\"@type\":\"ImageObject\",\"inLanguage\":\"en-US\",\"@id\":\"https:\\\/\\\/lovepac.com\\\/en\\\/products\\\/custom-pallets-and-crates\\\/#primaryimage\",\"url\":\"https:\\\/\\\/lovepac.com\\\/wp-content\\\/uploads\\\/2017\\\/10\\\/woodencrates-300x202.jpg\",\"contentUrl\":\"https:\\\/\\\/lovepac.com\\\/wp-content\\\/uploads\\\/2017\\\/10\\\/woodencrates-300x202.jpg\"},{\"@type\":\"BreadcrumbList\",\"@id\":\"https:\\\/\\\/lovepac.com\\\/en\\\/products\\\/custom-pallets-and-crates\\\/#breadcrumb\",\"itemListElement\":[{\"@type\":\"ListItem\",\"position\":1,\"name\":\"Accueil\",\"item\":\"https:\\\/\\\/lovepac.com\\\/en\\\/\"},{\"@type\":\"ListItem\",\"position\":2,\"name\":\"Products\",\"item\":\"https:\\\/\\\/lovepac.com\\\/en\\\/produits\\\/\"},{\"@type\":\"ListItem\",\"position\":3,\"name\":\"Custom Pallets and Crates\"}]},{\"@type\":\"WebSite\",\"@id\":\"https:\\\/\\\/lovepac.com\\\/en\\\/#website\",\"url\":\"https:\\\/\\\/lovepac.com\\\/en\\\/\",\"name\":\"Lovepac\",\"description\":\"Emballages de bo\u00eetes en carton fiables et de qualit\u00e9 sup\u00e9rieure\",\"publisher\":{\"@id\":\"https:\\\/\\\/lovepac.com\\\/en\\\/#organization\"},\"potentialAction\":[{\"@type\":\"SearchAction\",\"target\":{\"@type\":\"EntryPoint\",\"urlTemplate\":\"https:\\\/\\\/lovepac.com\\\/en\\\/?s={search_term_string}\"},\"query-input\":{\"@type\":\"PropertyValueSpecification\",\"valueRequired\":true,\"valueName\":\"search_term_string\"}}],\"inLanguage\":\"en-US\"},{\"@type\":\"Organization\",\"@id\":\"https:\\\/\\\/lovepac.com\\\/en\\\/#organization\",\"name\":\"Lovepac\",\"url\":\"https:\\\/\\\/lovepac.com\\\/en\\\/\",\"logo\":{\"@type\":\"ImageObject\",\"inLanguage\":\"en-US\",\"@id\":\"https:\\\/\\\/lovepac.com\\\/en\\\/#\\\/schema\\\/logo\\\/image\\\/\",\"url\":\"https:\\\/\\\/lovepac.com\\\/wp-content\\\/uploads\\\/2017\\\/10\\\/Novapac_Blog.jpg\",\"contentUrl\":\"https:\\\/\\\/lovepac.com\\\/wp-content\\\/uploads\\\/2017\\\/10\\\/Novapac_Blog.jpg\",\"width\":1000,\"height\":600,\"caption\":\"Lovepac\"},\"image\":{\"@id\":\"https:\\\/\\\/lovepac.com\\\/en\\\/#\\\/schema\\\/logo\\\/image\\\/\"}}]}<\/script>\n<!-- \/ Yoast SEO plugin. -->","yoast_head_json":{"title":"Custom Shipping Pallets, Wood Packaging Crates Quebec","description":"Lovepac provides custom shipping pallets, wood packaging crates and hybrid crates in a variety of designs to best support the items being transported.","robots":{"index":"index","follow":"follow","max-snippet":"max-snippet:-1","max-image-preview":"max-image-preview:large","max-video-preview":"max-video-preview:-1"},"canonical":"https:\/\/lovepac.com\/en\/products\/custom-pallets-and-crates\/","og_locale":"en_US","og_type":"article","og_title":"Custom Shipping Pallets, Wood Packaging Crates Quebec","og_description":"Lovepac provides custom shipping pallets, wood packaging crates and hybrid crates in a variety of designs to best support the items being transported.","og_url":"https:\/\/lovepac.com\/en\/products\/custom-pallets-and-crates\/","og_site_name":"Lovepac","article_modified_time":"2022-03-17T20:16:31+00:00","og_image":[{"url":"https:\/\/lovepac.com\/wp-content\/uploads\/2017\/10\/woodencrates-300x202.jpg","type":"","width":"","height":""}],"twitter_card":"summary_large_image","twitter_misc":{"Est. reading time":"2 minutes"},"schema":{"@context":"https:\/\/schema.org","@graph":[{"@type":"WebPage","@id":"https:\/\/lovepac.com\/en\/products\/custom-pallets-and-crates\/","url":"https:\/\/lovepac.com\/en\/products\/custom-pallets-and-crates\/","name":"Custom Shipping Pallets, Wood Packaging Crates Quebec","isPartOf":{"@id":"https:\/\/lovepac.com\/en\/#website"},"primaryImageOfPage":{"@id":"https:\/\/lovepac.com\/en\/products\/custom-pallets-and-crates\/#primaryimage"},"image":{"@id":"https:\/\/lovepac.com\/en\/products\/custom-pallets-and-crates\/#primaryimage"},"thumbnailUrl":"https:\/\/lovepac.com\/wp-content\/uploads\/2017\/10\/woodencrates-300x202.jpg","datePublished":"2017-10-06T05:42:00+00:00","dateModified":"2022-03-17T20:16:31+00:00","description":"Lovepac provides custom shipping pallets, wood packaging crates and hybrid crates in a variety of designs to best support the items being transported.","breadcrumb":{"@id":"https:\/\/lovepac.com\/en\/products\/custom-pallets-and-crates\/#breadcrumb"},"inLanguage":"en-US","potentialAction":[{"@type":"ReadAction","target":["https:\/\/lovepac.com\/en\/products\/custom-pallets-and-crates\/"]}]},{"@type":"ImageObject","inLanguage":"en-US","@id":"https:\/\/lovepac.com\/en\/products\/custom-pallets-and-crates\/#primaryimage","url":"https:\/\/lovepac.com\/wp-content\/uploads\/2017\/10\/woodencrates-300x202.jpg","contentUrl":"https:\/\/lovepac.com\/wp-content\/uploads\/2017\/10\/woodencrates-300x202.jpg"},{"@type":"BreadcrumbList","@id":"https:\/\/lovepac.com\/en\/products\/custom-pallets-and-crates\/#breadcrumb","itemListElement":[{"@type":"ListItem","position":1,"name":"Accueil","item":"https:\/\/lovepac.com\/en\/"},{"@type":"ListItem","position":2,"name":"Products","item":"https:\/\/lovepac.com\/en\/produits\/"},{"@type":"ListItem","position":3,"name":"Custom Pallets and Crates"}]},{"@type":"WebSite","@id":"https:\/\/lovepac.com\/en\/#website","url":"https:\/\/lovepac.com\/en\/","name":"Lovepac","description":"Emballages de bo\u00eetes en carton fiables et de qualit\u00e9 sup\u00e9rieure","publisher":{"@id":"https:\/\/lovepac.com\/en\/#organization"},"potentialAction":[{"@type":"SearchAction","target":{"@type":"EntryPoint","urlTemplate":"https:\/\/lovepac.com\/en\/?s={search_term_string}"},"query-input":{"@type":"PropertyValueSpecification","valueRequired":true,"valueName":"search_term_string"}}],"inLanguage":"en-US"},{"@type":"Organization","@id":"https:\/\/lovepac.com\/en\/#organization","name":"Lovepac","url":"https:\/\/lovepac.com\/en\/","logo":{"@type":"ImageObject","inLanguage":"en-US","@id":"https:\/\/lovepac.com\/en\/#\/schema\/logo\/image\/","url":"https:\/\/lovepac.com\/wp-content\/uploads\/2017\/10\/Novapac_Blog.jpg","contentUrl":"https:\/\/lovepac.com\/wp-content\/uploads\/2017\/10\/Novapac_Blog.jpg","width":1000,"height":600,"caption":"Lovepac"},"image":{"@id":"https:\/\/lovepac.com\/en\/#\/schema\/logo\/image\/"}}]}},"_links":{"self":[{"href":"https:\/\/lovepac.com\/en\/wp-json\/wp\/v2\/pages\/5632","targetHints":{"allow":["GET"]}}],"collection":[{"href":"https:\/\/lovepac.com\/en\/wp-json\/wp\/v2\/pages"}],"about":[{"href":"https:\/\/lovepac.com\/en\/wp-json\/wp\/v2\/types\/page"}],"author":[{"embeddable":true,"href":"https:\/\/lovepac.com\/en\/wp-json\/wp\/v2\/users\/1"}],"replies":[{"embeddable":true,"href":"https:\/\/lovepac.com\/en\/wp-json\/wp\/v2\/comments?post=5632"}],"version-history":[{"count":5,"href":"https:\/\/lovepac.com\/en\/wp-json\/wp\/v2\/pages\/5632\/revisions"}],"predecessor-version":[{"id":9235,"href":"https:\/\/lovepac.com\/en\/wp-json\/wp\/v2\/pages\/5632\/revisions\/9235"}],"up":[{"embeddable":true,"href":"https:\/\/lovepac.com\/en\/wp-json\/wp\/v2\/pages\/5528"}],"wp:attachment":[{"href":"https:\/\/lovepac.com\/en\/wp-json\/wp\/v2\/media?parent=5632"}],"curies":[{"name":"wp","href":"https:\/\/api.w.org\/{rel}","templated":true}]}}