{"id":5655,"date":"2017-10-06T07:58:40","date_gmt":"2017-10-06T05:58:40","guid":{"rendered":"http:\/\/192.99.132.249\/?page_id=5655"},"modified":"2022-03-17T16:26:25","modified_gmt":"2022-03-17T20:26:25","slug":"design-squad","status":"publish","type":"page","link":"https:\/\/lovepac.com\/en\/services\/design-squad\/","title":{"rendered":"Design Squad"},"content":{"rendered":"<header>\n<h3>Design Squad<\/h3>\n<\/header>\n<section class=\"content test\">\n<h4>Packaging Solutions Custom Designed To Work<\/h4>\n<p><img decoding=\"async\" class=\"alignright\" src=\"\/wp-content\/uploads\/2012\/09\/images_box-sketch.jpg\" border=\"0\" \/>Your packaging needs to meet or exceed your expectations every time. Combining innovation and experience with collaboration and creativity, Lovepac\u2019s expert packaging design professionals will create a foam, corrugate and\/or crating packaging solution to work for your specific needs.<\/p>\n<p>Our knowledgeable in-house custom Design Squad will lay out the blueprints incorporating your ideas, product experience and variables. The successfully designed protective packaging solution will protect the goods and products that are important to you.<\/p>\n<p><a href=\"https:\/\/lovepac.com\/en\/home\/contact-us\/\">Find out more about the Lovepac CorrDesign\u2122 professional in-house design service.<\/a><\/p>\n<\/section>\n","protected":false},"excerpt":{"rendered":"<p>Design Squad Packaging Solutions Custom Designed To Work Your packaging  [&#8230;]<\/p>\n","protected":false},"author":1,"featured_media":0,"parent":5649,"menu_order":4,"comment_status":"closed","ping_status":"closed","template":"side-navigation.php","meta":{"footnotes":""},"class_list":["post-5655","page","type-page","status-publish","hentry"],"yoast_head":"<!-- This site is optimized with the Yoast SEO plugin v27.3 - https:\/\/yoast.com\/product\/yoast-seo-wordpress\/ -->\n<title>Custom Protective Packaging Solutions by Lovepac<\/title>\n<meta name=\"description\" content=\"Lovepac offers custom protective packaging solutions through our in-house custom Design Squad including foam, corrugate and\/or crating packaging.\" \/>\n<meta name=\"robots\" content=\"index, follow, max-snippet:-1, max-image-preview:large, max-video-preview:-1\" \/>\n<link rel=\"canonical\" href=\"https:\/\/lovepac.com\/en\/services\/design-squad\/\" \/>\n<meta property=\"og:locale\" content=\"en_US\" \/>\n<meta property=\"og:type\" content=\"article\" \/>\n<meta property=\"og:title\" content=\"Custom Protective Packaging Solutions by Lovepac\" \/>\n<meta property=\"og:description\" content=\"Lovepac offers custom protective packaging solutions through our in-house custom Design Squad including foam, corrugate and\/or crating packaging.\" \/>\n<meta property=\"og:url\" content=\"https:\/\/lovepac.com\/en\/services\/design-squad\/\" \/>\n<meta property=\"og:site_name\" content=\"Lovepac\" \/>\n<meta property=\"article:modified_time\" content=\"2022-03-17T20:26:25+00:00\" \/>\n<meta property=\"og:image\" content=\"https:\/\/lovepac.com\/wp-content\/uploads\/2012\/09\/images_box-sketch.jpg\" \/>\n<meta name=\"twitter:card\" content=\"summary_large_image\" \/>\n<script type=\"application\/ld+json\" class=\"yoast-schema-graph\">{\"@context\":\"https:\\\/\\\/schema.org\",\"@graph\":[{\"@type\":\"WebPage\",\"@id\":\"https:\\\/\\\/lovepac.com\\\/en\\\/services\\\/design-squad\\\/\",\"url\":\"https:\\\/\\\/lovepac.com\\\/en\\\/services\\\/design-squad\\\/\",\"name\":\"Custom Protective Packaging Solutions by Lovepac\",\"isPartOf\":{\"@id\":\"https:\\\/\\\/lovepac.com\\\/en\\\/#website\"},\"datePublished\":\"2017-10-06T05:58:40+00:00\",\"dateModified\":\"2022-03-17T20:26:25+00:00\",\"description\":\"Lovepac offers custom protective packaging solutions through our in-house custom Design Squad including foam, corrugate and\\\/or crating packaging.\",\"breadcrumb\":{\"@id\":\"https:\\\/\\\/lovepac.com\\\/en\\\/services\\\/design-squad\\\/#breadcrumb\"},\"inLanguage\":\"en-US\",\"potentialAction\":[{\"@type\":\"ReadAction\",\"target\":[\"https:\\\/\\\/lovepac.com\\\/en\\\/services\\\/design-squad\\\/\"]}]},{\"@type\":\"BreadcrumbList\",\"@id\":\"https:\\\/\\\/lovepac.com\\\/en\\\/services\\\/design-squad\\\/#breadcrumb\",\"itemListElement\":[{\"@type\":\"ListItem\",\"position\":1,\"name\":\"Accueil\",\"item\":\"https:\\\/\\\/lovepac.com\\\/en\\\/\"},{\"@type\":\"ListItem\",\"position\":2,\"name\":\"Services\",\"item\":\"https:\\\/\\\/lovepac.com\\\/en\\\/services\\\/\"},{\"@type\":\"ListItem\",\"position\":3,\"name\":\"Design Squad\"}]},{\"@type\":\"WebSite\",\"@id\":\"https:\\\/\\\/lovepac.com\\\/en\\\/#website\",\"url\":\"https:\\\/\\\/lovepac.com\\\/en\\\/\",\"name\":\"Lovepac\",\"description\":\"Emballages de bo\u00eetes en carton fiables et de qualit\u00e9 sup\u00e9rieure\",\"publisher\":{\"@id\":\"https:\\\/\\\/lovepac.com\\\/en\\\/#organization\"},\"potentialAction\":[{\"@type\":\"SearchAction\",\"target\":{\"@type\":\"EntryPoint\",\"urlTemplate\":\"https:\\\/\\\/lovepac.com\\\/en\\\/?s={search_term_string}\"},\"query-input\":{\"@type\":\"PropertyValueSpecification\",\"valueRequired\":true,\"valueName\":\"search_term_string\"}}],\"inLanguage\":\"en-US\"},{\"@type\":\"Organization\",\"@id\":\"https:\\\/\\\/lovepac.com\\\/en\\\/#organization\",\"name\":\"Lovepac\",\"url\":\"https:\\\/\\\/lovepac.com\\\/en\\\/\",\"logo\":{\"@type\":\"ImageObject\",\"inLanguage\":\"en-US\",\"@id\":\"https:\\\/\\\/lovepac.com\\\/en\\\/#\\\/schema\\\/logo\\\/image\\\/\",\"url\":\"https:\\\/\\\/lovepac.com\\\/wp-content\\\/uploads\\\/2017\\\/10\\\/Novapac_Blog.jpg\",\"contentUrl\":\"https:\\\/\\\/lovepac.com\\\/wp-content\\\/uploads\\\/2017\\\/10\\\/Novapac_Blog.jpg\",\"width\":1000,\"height\":600,\"caption\":\"Lovepac\"},\"image\":{\"@id\":\"https:\\\/\\\/lovepac.com\\\/en\\\/#\\\/schema\\\/logo\\\/image\\\/\"}}]}<\/script>\n<!-- \/ Yoast SEO plugin. -->","yoast_head_json":{"title":"Custom Protective Packaging Solutions by Lovepac","description":"Lovepac offers custom protective packaging solutions through our in-house custom Design Squad including foam, corrugate and\/or crating packaging.","robots":{"index":"index","follow":"follow","max-snippet":"max-snippet:-1","max-image-preview":"max-image-preview:large","max-video-preview":"max-video-preview:-1"},"canonical":"https:\/\/lovepac.com\/en\/services\/design-squad\/","og_locale":"en_US","og_type":"article","og_title":"Custom Protective Packaging Solutions by Lovepac","og_description":"Lovepac offers custom protective packaging solutions through our in-house custom Design Squad including foam, corrugate and\/or crating packaging.","og_url":"https:\/\/lovepac.com\/en\/services\/design-squad\/","og_site_name":"Lovepac","article_modified_time":"2022-03-17T20:26:25+00:00","og_image":[{"url":"https:\/\/lovepac.com\/wp-content\/uploads\/2012\/09\/images_box-sketch.jpg","type":"","width":"","height":""}],"twitter_card":"summary_large_image","schema":{"@context":"https:\/\/schema.org","@graph":[{"@type":"WebPage","@id":"https:\/\/lovepac.com\/en\/services\/design-squad\/","url":"https:\/\/lovepac.com\/en\/services\/design-squad\/","name":"Custom Protective Packaging Solutions by Lovepac","isPartOf":{"@id":"https:\/\/lovepac.com\/en\/#website"},"datePublished":"2017-10-06T05:58:40+00:00","dateModified":"2022-03-17T20:26:25+00:00","description":"Lovepac offers custom protective packaging solutions through our in-house custom Design Squad including foam, corrugate and\/or crating packaging.","breadcrumb":{"@id":"https:\/\/lovepac.com\/en\/services\/design-squad\/#breadcrumb"},"inLanguage":"en-US","potentialAction":[{"@type":"ReadAction","target":["https:\/\/lovepac.com\/en\/services\/design-squad\/"]}]},{"@type":"BreadcrumbList","@id":"https:\/\/lovepac.com\/en\/services\/design-squad\/#breadcrumb","itemListElement":[{"@type":"ListItem","position":1,"name":"Accueil","item":"https:\/\/lovepac.com\/en\/"},{"@type":"ListItem","position":2,"name":"Services","item":"https:\/\/lovepac.com\/en\/services\/"},{"@type":"ListItem","position":3,"name":"Design Squad"}]},{"@type":"WebSite","@id":"https:\/\/lovepac.com\/en\/#website","url":"https:\/\/lovepac.com\/en\/","name":"Lovepac","description":"Emballages de bo\u00eetes en carton fiables et de qualit\u00e9 sup\u00e9rieure","publisher":{"@id":"https:\/\/lovepac.com\/en\/#organization"},"potentialAction":[{"@type":"SearchAction","target":{"@type":"EntryPoint","urlTemplate":"https:\/\/lovepac.com\/en\/?s={search_term_string}"},"query-input":{"@type":"PropertyValueSpecification","valueRequired":true,"valueName":"search_term_string"}}],"inLanguage":"en-US"},{"@type":"Organization","@id":"https:\/\/lovepac.com\/en\/#organization","name":"Lovepac","url":"https:\/\/lovepac.com\/en\/","logo":{"@type":"ImageObject","inLanguage":"en-US","@id":"https:\/\/lovepac.com\/en\/#\/schema\/logo\/image\/","url":"https:\/\/lovepac.com\/wp-content\/uploads\/2017\/10\/Novapac_Blog.jpg","contentUrl":"https:\/\/lovepac.com\/wp-content\/uploads\/2017\/10\/Novapac_Blog.jpg","width":1000,"height":600,"caption":"Lovepac"},"image":{"@id":"https:\/\/lovepac.com\/en\/#\/schema\/logo\/image\/"}}]}},"_links":{"self":[{"href":"https:\/\/lovepac.com\/en\/wp-json\/wp\/v2\/pages\/5655","targetHints":{"allow":["GET"]}}],"collection":[{"href":"https:\/\/lovepac.com\/en\/wp-json\/wp\/v2\/pages"}],"about":[{"href":"https:\/\/lovepac.com\/en\/wp-json\/wp\/v2\/types\/page"}],"author":[{"embeddable":true,"href":"https:\/\/lovepac.com\/en\/wp-json\/wp\/v2\/users\/1"}],"replies":[{"embeddable":true,"href":"https:\/\/lovepac.com\/en\/wp-json\/wp\/v2\/comments?post=5655"}],"version-history":[{"count":3,"href":"https:\/\/lovepac.com\/en\/wp-json\/wp\/v2\/pages\/5655\/revisions"}],"predecessor-version":[{"id":8654,"href":"https:\/\/lovepac.com\/en\/wp-json\/wp\/v2\/pages\/5655\/revisions\/8654"}],"up":[{"embeddable":true,"href":"https:\/\/lovepac.com\/en\/wp-json\/wp\/v2\/pages\/5649"}],"wp:attachment":[{"href":"https:\/\/lovepac.com\/en\/wp-json\/wp\/v2\/media?parent=5655"}],"curies":[{"name":"wp","href":"https:\/\/api.w.org\/{rel}","templated":true}]}}