{"id":5657,"date":"2017-10-06T08:01:08","date_gmt":"2017-10-06T06:01:08","guid":{"rendered":"http:\/\/192.99.132.249\/?page_id=5657"},"modified":"2022-03-17T16:43:12","modified_gmt":"2022-03-17T20:43:12","slug":"turn-key-manufacturing","status":"publish","type":"page","link":"https:\/\/lovepac.com\/en\/services\/turn-key-manufacturing\/","title":{"rendered":"Turn-key Manufacturing"},"content":{"rendered":"<header>\n<h3>Turn-key Manufacturing<\/h3>\n<\/header>\n<section class=\"content test\">\n<h4>Packaging Innovation on Your Schedule<\/h4>\n<p>We understand that your delivery schedule depends entirely on ours. That\u2019s why we offer turn-key manufacturing of custom corrugate, crating, and low and high density foam packaging products to ensure your solution is professionally designed and manufactured with the highest levels of quality, within the timeframe that suits your business needs.<\/p>\n<p><img decoding=\"async\" class=\"alignright\" style=\"float: right; margin: -18px 13px 0px -34px;\" src=\"\/wp-content\/uploads\/2012\/12\/images_box-foam-etc.jpg\" border=\"0\" \/><\/p>\n<ul>\n<li>Box Forming\u00a0(scoring and slotting)<\/li>\n<li>Gluing<\/li>\n<li>Die Cutting<\/li>\n<li>Wood Crating<\/li>\n<li>Printing<\/li>\n<li>Assembly<\/li>\n<li>Delivery<\/li>\n<li>Printing (flexo and digital)<\/li>\n<\/ul>\n<p>&nbsp;<br \/>\n&nbsp;<br \/>\n&nbsp;<br \/>\n&nbsp;<br \/>\n&nbsp;<br \/>\n&nbsp;<br \/>\n<a href=\"https:\/\/lovepac.com\/en\/home\/contact-us\/\">Find out how the Lovepac CorrDate\u2122\u00a0online delivery information system takes all of the worry out of tight deadlines.<\/a><\/p>\n<\/section>\n","protected":false},"excerpt":{"rendered":"<p>Turn-key Manufacturing Packaging Innovation on Your Schedule We understand that  [&#8230;]<\/p>\n","protected":false},"author":1,"featured_media":0,"parent":5649,"menu_order":32,"comment_status":"closed","ping_status":"closed","template":"side-navigation.php","meta":{"footnotes":""},"class_list":["post-5657","page","type-page","status-publish","hentry"],"yoast_head":"<!-- This site is optimized with the Yoast SEO plugin v27.5 - https:\/\/yoast.com\/product\/yoast-seo-wordpress\/ -->\n<title>Turn-key Manufacturing of Custom Packaging Products<\/title>\n<meta name=\"description\" content=\"Lovepac in Quebec provides turn-key manufacturing services for custom packaging products which include corrugate, crating and foam packaging products.\" \/>\n<meta name=\"robots\" content=\"index, follow, max-snippet:-1, max-image-preview:large, max-video-preview:-1\" \/>\n<link rel=\"canonical\" href=\"https:\/\/lovepac.com\/en\/services\/turn-key-manufacturing\/\" \/>\n<meta property=\"og:locale\" content=\"en_US\" \/>\n<meta property=\"og:type\" content=\"article\" \/>\n<meta property=\"og:title\" content=\"Turn-key Manufacturing of Custom Packaging Products\" \/>\n<meta property=\"og:description\" content=\"Lovepac in Quebec provides turn-key manufacturing services for custom packaging products which include corrugate, crating and foam packaging products.\" \/>\n<meta property=\"og:url\" content=\"https:\/\/lovepac.com\/en\/services\/turn-key-manufacturing\/\" \/>\n<meta property=\"og:site_name\" content=\"Lovepac\" \/>\n<meta property=\"article:modified_time\" content=\"2022-03-17T20:43:12+00:00\" \/>\n<meta property=\"og:image\" content=\"https:\/\/lovepac.com\/wp-content\/uploads\/2012\/12\/images_box-foam-etc.jpg\" \/>\n<meta name=\"twitter:card\" content=\"summary_large_image\" \/>\n<meta name=\"twitter:label1\" content=\"Est. reading time\" \/>\n\t<meta name=\"twitter:data1\" content=\"1 minute\" \/>\n<script type=\"application\/ld+json\" class=\"yoast-schema-graph\">{\"@context\":\"https:\\\/\\\/schema.org\",\"@graph\":[{\"@type\":\"WebPage\",\"@id\":\"https:\\\/\\\/lovepac.com\\\/en\\\/services\\\/turn-key-manufacturing\\\/\",\"url\":\"https:\\\/\\\/lovepac.com\\\/en\\\/services\\\/turn-key-manufacturing\\\/\",\"name\":\"Turn-key Manufacturing of Custom Packaging Products\",\"isPartOf\":{\"@id\":\"https:\\\/\\\/lovepac.com\\\/en\\\/#website\"},\"datePublished\":\"2017-10-06T06:01:08+00:00\",\"dateModified\":\"2022-03-17T20:43:12+00:00\",\"description\":\"Lovepac in Quebec provides turn-key manufacturing services for custom packaging products which include corrugate, crating and foam packaging products.\",\"breadcrumb\":{\"@id\":\"https:\\\/\\\/lovepac.com\\\/en\\\/services\\\/turn-key-manufacturing\\\/#breadcrumb\"},\"inLanguage\":\"en-US\",\"potentialAction\":[{\"@type\":\"ReadAction\",\"target\":[\"https:\\\/\\\/lovepac.com\\\/en\\\/services\\\/turn-key-manufacturing\\\/\"]}]},{\"@type\":\"BreadcrumbList\",\"@id\":\"https:\\\/\\\/lovepac.com\\\/en\\\/services\\\/turn-key-manufacturing\\\/#breadcrumb\",\"itemListElement\":[{\"@type\":\"ListItem\",\"position\":1,\"name\":\"Accueil\",\"item\":\"https:\\\/\\\/lovepac.com\\\/en\\\/\"},{\"@type\":\"ListItem\",\"position\":2,\"name\":\"Services\",\"item\":\"https:\\\/\\\/lovepac.com\\\/en\\\/services\\\/\"},{\"@type\":\"ListItem\",\"position\":3,\"name\":\"Turn-key Manufacturing\"}]},{\"@type\":\"WebSite\",\"@id\":\"https:\\\/\\\/lovepac.com\\\/en\\\/#website\",\"url\":\"https:\\\/\\\/lovepac.com\\\/en\\\/\",\"name\":\"Lovepac\",\"description\":\"Emballages de bo\u00eetes en carton fiables et de qualit\u00e9 sup\u00e9rieure\",\"publisher\":{\"@id\":\"https:\\\/\\\/lovepac.com\\\/en\\\/#organization\"},\"potentialAction\":[{\"@type\":\"SearchAction\",\"target\":{\"@type\":\"EntryPoint\",\"urlTemplate\":\"https:\\\/\\\/lovepac.com\\\/en\\\/?s={search_term_string}\"},\"query-input\":{\"@type\":\"PropertyValueSpecification\",\"valueRequired\":true,\"valueName\":\"search_term_string\"}}],\"inLanguage\":\"en-US\"},{\"@type\":\"Organization\",\"@id\":\"https:\\\/\\\/lovepac.com\\\/en\\\/#organization\",\"name\":\"Lovepac\",\"url\":\"https:\\\/\\\/lovepac.com\\\/en\\\/\",\"logo\":{\"@type\":\"ImageObject\",\"inLanguage\":\"en-US\",\"@id\":\"https:\\\/\\\/lovepac.com\\\/en\\\/#\\\/schema\\\/logo\\\/image\\\/\",\"url\":\"https:\\\/\\\/lovepac.com\\\/wp-content\\\/uploads\\\/2017\\\/10\\\/Novapac_Blog.jpg\",\"contentUrl\":\"https:\\\/\\\/lovepac.com\\\/wp-content\\\/uploads\\\/2017\\\/10\\\/Novapac_Blog.jpg\",\"width\":1000,\"height\":600,\"caption\":\"Lovepac\"},\"image\":{\"@id\":\"https:\\\/\\\/lovepac.com\\\/en\\\/#\\\/schema\\\/logo\\\/image\\\/\"}}]}<\/script>\n<!-- \/ Yoast SEO plugin. -->","yoast_head_json":{"title":"Turn-key Manufacturing of Custom Packaging Products","description":"Lovepac in Quebec provides turn-key manufacturing services for custom packaging products which include corrugate, crating and foam packaging products.","robots":{"index":"index","follow":"follow","max-snippet":"max-snippet:-1","max-image-preview":"max-image-preview:large","max-video-preview":"max-video-preview:-1"},"canonical":"https:\/\/lovepac.com\/en\/services\/turn-key-manufacturing\/","og_locale":"en_US","og_type":"article","og_title":"Turn-key Manufacturing of Custom Packaging Products","og_description":"Lovepac in Quebec provides turn-key manufacturing services for custom packaging products which include corrugate, crating and foam packaging products.","og_url":"https:\/\/lovepac.com\/en\/services\/turn-key-manufacturing\/","og_site_name":"Lovepac","article_modified_time":"2022-03-17T20:43:12+00:00","og_image":[{"url":"https:\/\/lovepac.com\/wp-content\/uploads\/2012\/12\/images_box-foam-etc.jpg","type":"","width":"","height":""}],"twitter_card":"summary_large_image","twitter_misc":{"Est. reading time":"1 minute"},"schema":{"@context":"https:\/\/schema.org","@graph":[{"@type":"WebPage","@id":"https:\/\/lovepac.com\/en\/services\/turn-key-manufacturing\/","url":"https:\/\/lovepac.com\/en\/services\/turn-key-manufacturing\/","name":"Turn-key Manufacturing of Custom Packaging Products","isPartOf":{"@id":"https:\/\/lovepac.com\/en\/#website"},"datePublished":"2017-10-06T06:01:08+00:00","dateModified":"2022-03-17T20:43:12+00:00","description":"Lovepac in Quebec provides turn-key manufacturing services for custom packaging products which include corrugate, crating and foam packaging products.","breadcrumb":{"@id":"https:\/\/lovepac.com\/en\/services\/turn-key-manufacturing\/#breadcrumb"},"inLanguage":"en-US","potentialAction":[{"@type":"ReadAction","target":["https:\/\/lovepac.com\/en\/services\/turn-key-manufacturing\/"]}]},{"@type":"BreadcrumbList","@id":"https:\/\/lovepac.com\/en\/services\/turn-key-manufacturing\/#breadcrumb","itemListElement":[{"@type":"ListItem","position":1,"name":"Accueil","item":"https:\/\/lovepac.com\/en\/"},{"@type":"ListItem","position":2,"name":"Services","item":"https:\/\/lovepac.com\/en\/services\/"},{"@type":"ListItem","position":3,"name":"Turn-key Manufacturing"}]},{"@type":"WebSite","@id":"https:\/\/lovepac.com\/en\/#website","url":"https:\/\/lovepac.com\/en\/","name":"Lovepac","description":"Emballages de bo\u00eetes en carton fiables et de qualit\u00e9 sup\u00e9rieure","publisher":{"@id":"https:\/\/lovepac.com\/en\/#organization"},"potentialAction":[{"@type":"SearchAction","target":{"@type":"EntryPoint","urlTemplate":"https:\/\/lovepac.com\/en\/?s={search_term_string}"},"query-input":{"@type":"PropertyValueSpecification","valueRequired":true,"valueName":"search_term_string"}}],"inLanguage":"en-US"},{"@type":"Organization","@id":"https:\/\/lovepac.com\/en\/#organization","name":"Lovepac","url":"https:\/\/lovepac.com\/en\/","logo":{"@type":"ImageObject","inLanguage":"en-US","@id":"https:\/\/lovepac.com\/en\/#\/schema\/logo\/image\/","url":"https:\/\/lovepac.com\/wp-content\/uploads\/2017\/10\/Novapac_Blog.jpg","contentUrl":"https:\/\/lovepac.com\/wp-content\/uploads\/2017\/10\/Novapac_Blog.jpg","width":1000,"height":600,"caption":"Lovepac"},"image":{"@id":"https:\/\/lovepac.com\/en\/#\/schema\/logo\/image\/"}}]}},"_links":{"self":[{"href":"https:\/\/lovepac.com\/en\/wp-json\/wp\/v2\/pages\/5657","targetHints":{"allow":["GET"]}}],"collection":[{"href":"https:\/\/lovepac.com\/en\/wp-json\/wp\/v2\/pages"}],"about":[{"href":"https:\/\/lovepac.com\/en\/wp-json\/wp\/v2\/types\/page"}],"author":[{"embeddable":true,"href":"https:\/\/lovepac.com\/en\/wp-json\/wp\/v2\/users\/1"}],"replies":[{"embeddable":true,"href":"https:\/\/lovepac.com\/en\/wp-json\/wp\/v2\/comments?post=5657"}],"version-history":[{"count":5,"href":"https:\/\/lovepac.com\/en\/wp-json\/wp\/v2\/pages\/5657\/revisions"}],"predecessor-version":[{"id":8663,"href":"https:\/\/lovepac.com\/en\/wp-json\/wp\/v2\/pages\/5657\/revisions\/8663"}],"up":[{"embeddable":true,"href":"https:\/\/lovepac.com\/en\/wp-json\/wp\/v2\/pages\/5649"}],"wp:attachment":[{"href":"https:\/\/lovepac.com\/en\/wp-json\/wp\/v2\/media?parent=5657"}],"curies":[{"name":"wp","href":"https:\/\/api.w.org\/{rel}","templated":true}]}}