{"id":5660,"date":"2017-10-06T08:03:14","date_gmt":"2017-10-06T06:03:14","guid":{"rendered":"http:\/\/192.99.132.249\/?page_id=5660"},"modified":"2022-03-17T16:42:13","modified_gmt":"2022-03-17T20:42:13","slug":"on-time-deliveries","status":"publish","type":"page","link":"https:\/\/lovepac.com\/en\/services\/on-time-deliveries\/","title":{"rendered":"On-Time Deliveries"},"content":{"rendered":"<h3>On-Time Deliveries<\/h3>\n<h4>Flexible Delivery System<\/h4>\n<p><img decoding=\"async\" class=\"alignright\" src=\"\/wp-content\/uploads\/2012\/12\/images_whitebox.jpg\" border=\"0\" \/>Our CorrDelivery\u2122\u00a0team takes all of the worry out of tight deadlines.<\/p>\n<p>You will never hear an excuse from Lovepac\u2014because as a company, we believe there is always an option. If you are stuck with low inventory or get an unexpected order, call us and we\u2019ll figure out a way to help you get through the crisis.<\/p>\n<p>Our on-time delivery system is simple: We want to be your partner, and will strive to satisfy your needs.<\/p>\n<p><a href=\"https:\/\/lovepac.com\/corr-method\">Find out more about how the Lovepac CorrMethod\u2122 can help get you what you need, when you need it!<\/a><\/p>\n","protected":false},"excerpt":{"rendered":"<p>On-Time Deliveries Flexible Delivery System Our CorrDelivery\u2122\u00a0team takes all of  [&#8230;]<\/p>\n","protected":false},"author":1,"featured_media":0,"parent":5649,"menu_order":31,"comment_status":"closed","ping_status":"closed","template":"side-navigation.php","meta":{"footnotes":""},"class_list":["post-5660","page","type-page","status-publish","hentry"],"yoast_head":"<!-- This site is optimized with the Yoast SEO plugin v27.3 - https:\/\/yoast.com\/product\/yoast-seo-wordpress\/ -->\n<title>Order Fulfillment Services, On-Time Deliveries<\/title>\n<meta name=\"description\" content=\"Lovepac offers a flexible delivery as part of our order fulfillment services to ensure on-time deliveries and client satisfaction.\" \/>\n<meta name=\"robots\" content=\"index, follow, max-snippet:-1, max-image-preview:large, max-video-preview:-1\" \/>\n<link rel=\"canonical\" href=\"https:\/\/lovepac.com\/en\/services\/on-time-deliveries\/\" \/>\n<meta property=\"og:locale\" content=\"en_US\" \/>\n<meta property=\"og:type\" content=\"article\" \/>\n<meta property=\"og:title\" content=\"Order Fulfillment Services, On-Time Deliveries\" \/>\n<meta property=\"og:description\" content=\"Lovepac offers a flexible delivery as part of our order fulfillment services to ensure on-time deliveries and client satisfaction.\" \/>\n<meta property=\"og:url\" content=\"https:\/\/lovepac.com\/en\/services\/on-time-deliveries\/\" \/>\n<meta property=\"og:site_name\" content=\"Lovepac\" \/>\n<meta property=\"article:modified_time\" content=\"2022-03-17T20:42:13+00:00\" \/>\n<meta property=\"og:image\" content=\"https:\/\/lovepac.com\/wp-content\/uploads\/2012\/12\/images_whitebox.jpg\" \/>\n<meta name=\"twitter:card\" content=\"summary_large_image\" \/>\n<meta name=\"twitter:label1\" content=\"Est. reading time\" \/>\n\t<meta name=\"twitter:data1\" content=\"1 minute\" \/>\n<script type=\"application\/ld+json\" class=\"yoast-schema-graph\">{\"@context\":\"https:\\\/\\\/schema.org\",\"@graph\":[{\"@type\":\"WebPage\",\"@id\":\"https:\\\/\\\/lovepac.com\\\/en\\\/services\\\/on-time-deliveries\\\/\",\"url\":\"https:\\\/\\\/lovepac.com\\\/en\\\/services\\\/on-time-deliveries\\\/\",\"name\":\"Order Fulfillment Services, On-Time Deliveries\",\"isPartOf\":{\"@id\":\"https:\\\/\\\/lovepac.com\\\/en\\\/#website\"},\"datePublished\":\"2017-10-06T06:03:14+00:00\",\"dateModified\":\"2022-03-17T20:42:13+00:00\",\"description\":\"Lovepac offers a flexible delivery as part of our order fulfillment services to ensure on-time deliveries and client satisfaction.\",\"breadcrumb\":{\"@id\":\"https:\\\/\\\/lovepac.com\\\/en\\\/services\\\/on-time-deliveries\\\/#breadcrumb\"},\"inLanguage\":\"en-US\",\"potentialAction\":[{\"@type\":\"ReadAction\",\"target\":[\"https:\\\/\\\/lovepac.com\\\/en\\\/services\\\/on-time-deliveries\\\/\"]}]},{\"@type\":\"BreadcrumbList\",\"@id\":\"https:\\\/\\\/lovepac.com\\\/en\\\/services\\\/on-time-deliveries\\\/#breadcrumb\",\"itemListElement\":[{\"@type\":\"ListItem\",\"position\":1,\"name\":\"Accueil\",\"item\":\"https:\\\/\\\/lovepac.com\\\/en\\\/\"},{\"@type\":\"ListItem\",\"position\":2,\"name\":\"Services\",\"item\":\"https:\\\/\\\/lovepac.com\\\/en\\\/services\\\/\"},{\"@type\":\"ListItem\",\"position\":3,\"name\":\"On-Time Deliveries\"}]},{\"@type\":\"WebSite\",\"@id\":\"https:\\\/\\\/lovepac.com\\\/en\\\/#website\",\"url\":\"https:\\\/\\\/lovepac.com\\\/en\\\/\",\"name\":\"Lovepac\",\"description\":\"Emballages de bo\u00eetes en carton fiables et de qualit\u00e9 sup\u00e9rieure\",\"publisher\":{\"@id\":\"https:\\\/\\\/lovepac.com\\\/en\\\/#organization\"},\"potentialAction\":[{\"@type\":\"SearchAction\",\"target\":{\"@type\":\"EntryPoint\",\"urlTemplate\":\"https:\\\/\\\/lovepac.com\\\/en\\\/?s={search_term_string}\"},\"query-input\":{\"@type\":\"PropertyValueSpecification\",\"valueRequired\":true,\"valueName\":\"search_term_string\"}}],\"inLanguage\":\"en-US\"},{\"@type\":\"Organization\",\"@id\":\"https:\\\/\\\/lovepac.com\\\/en\\\/#organization\",\"name\":\"Lovepac\",\"url\":\"https:\\\/\\\/lovepac.com\\\/en\\\/\",\"logo\":{\"@type\":\"ImageObject\",\"inLanguage\":\"en-US\",\"@id\":\"https:\\\/\\\/lovepac.com\\\/en\\\/#\\\/schema\\\/logo\\\/image\\\/\",\"url\":\"https:\\\/\\\/lovepac.com\\\/wp-content\\\/uploads\\\/2017\\\/10\\\/Novapac_Blog.jpg\",\"contentUrl\":\"https:\\\/\\\/lovepac.com\\\/wp-content\\\/uploads\\\/2017\\\/10\\\/Novapac_Blog.jpg\",\"width\":1000,\"height\":600,\"caption\":\"Lovepac\"},\"image\":{\"@id\":\"https:\\\/\\\/lovepac.com\\\/en\\\/#\\\/schema\\\/logo\\\/image\\\/\"}}]}<\/script>\n<!-- \/ Yoast SEO plugin. -->","yoast_head_json":{"title":"Order Fulfillment Services, On-Time Deliveries","description":"Lovepac offers a flexible delivery as part of our order fulfillment services to ensure on-time deliveries and client satisfaction.","robots":{"index":"index","follow":"follow","max-snippet":"max-snippet:-1","max-image-preview":"max-image-preview:large","max-video-preview":"max-video-preview:-1"},"canonical":"https:\/\/lovepac.com\/en\/services\/on-time-deliveries\/","og_locale":"en_US","og_type":"article","og_title":"Order Fulfillment Services, On-Time Deliveries","og_description":"Lovepac offers a flexible delivery as part of our order fulfillment services to ensure on-time deliveries and client satisfaction.","og_url":"https:\/\/lovepac.com\/en\/services\/on-time-deliveries\/","og_site_name":"Lovepac","article_modified_time":"2022-03-17T20:42:13+00:00","og_image":[{"url":"https:\/\/lovepac.com\/wp-content\/uploads\/2012\/12\/images_whitebox.jpg","type":"","width":"","height":""}],"twitter_card":"summary_large_image","twitter_misc":{"Est. reading time":"1 minute"},"schema":{"@context":"https:\/\/schema.org","@graph":[{"@type":"WebPage","@id":"https:\/\/lovepac.com\/en\/services\/on-time-deliveries\/","url":"https:\/\/lovepac.com\/en\/services\/on-time-deliveries\/","name":"Order Fulfillment Services, On-Time Deliveries","isPartOf":{"@id":"https:\/\/lovepac.com\/en\/#website"},"datePublished":"2017-10-06T06:03:14+00:00","dateModified":"2022-03-17T20:42:13+00:00","description":"Lovepac offers a flexible delivery as part of our order fulfillment services to ensure on-time deliveries and client satisfaction.","breadcrumb":{"@id":"https:\/\/lovepac.com\/en\/services\/on-time-deliveries\/#breadcrumb"},"inLanguage":"en-US","potentialAction":[{"@type":"ReadAction","target":["https:\/\/lovepac.com\/en\/services\/on-time-deliveries\/"]}]},{"@type":"BreadcrumbList","@id":"https:\/\/lovepac.com\/en\/services\/on-time-deliveries\/#breadcrumb","itemListElement":[{"@type":"ListItem","position":1,"name":"Accueil","item":"https:\/\/lovepac.com\/en\/"},{"@type":"ListItem","position":2,"name":"Services","item":"https:\/\/lovepac.com\/en\/services\/"},{"@type":"ListItem","position":3,"name":"On-Time Deliveries"}]},{"@type":"WebSite","@id":"https:\/\/lovepac.com\/en\/#website","url":"https:\/\/lovepac.com\/en\/","name":"Lovepac","description":"Emballages de bo\u00eetes en carton fiables et de qualit\u00e9 sup\u00e9rieure","publisher":{"@id":"https:\/\/lovepac.com\/en\/#organization"},"potentialAction":[{"@type":"SearchAction","target":{"@type":"EntryPoint","urlTemplate":"https:\/\/lovepac.com\/en\/?s={search_term_string}"},"query-input":{"@type":"PropertyValueSpecification","valueRequired":true,"valueName":"search_term_string"}}],"inLanguage":"en-US"},{"@type":"Organization","@id":"https:\/\/lovepac.com\/en\/#organization","name":"Lovepac","url":"https:\/\/lovepac.com\/en\/","logo":{"@type":"ImageObject","inLanguage":"en-US","@id":"https:\/\/lovepac.com\/en\/#\/schema\/logo\/image\/","url":"https:\/\/lovepac.com\/wp-content\/uploads\/2017\/10\/Novapac_Blog.jpg","contentUrl":"https:\/\/lovepac.com\/wp-content\/uploads\/2017\/10\/Novapac_Blog.jpg","width":1000,"height":600,"caption":"Lovepac"},"image":{"@id":"https:\/\/lovepac.com\/en\/#\/schema\/logo\/image\/"}}]}},"_links":{"self":[{"href":"https:\/\/lovepac.com\/en\/wp-json\/wp\/v2\/pages\/5660","targetHints":{"allow":["GET"]}}],"collection":[{"href":"https:\/\/lovepac.com\/en\/wp-json\/wp\/v2\/pages"}],"about":[{"href":"https:\/\/lovepac.com\/en\/wp-json\/wp\/v2\/types\/page"}],"author":[{"embeddable":true,"href":"https:\/\/lovepac.com\/en\/wp-json\/wp\/v2\/users\/1"}],"replies":[{"embeddable":true,"href":"https:\/\/lovepac.com\/en\/wp-json\/wp\/v2\/comments?post=5660"}],"version-history":[{"count":2,"href":"https:\/\/lovepac.com\/en\/wp-json\/wp\/v2\/pages\/5660\/revisions"}],"predecessor-version":[{"id":8657,"href":"https:\/\/lovepac.com\/en\/wp-json\/wp\/v2\/pages\/5660\/revisions\/8657"}],"up":[{"embeddable":true,"href":"https:\/\/lovepac.com\/en\/wp-json\/wp\/v2\/pages\/5649"}],"wp:attachment":[{"href":"https:\/\/lovepac.com\/en\/wp-json\/wp\/v2\/media?parent=5660"}],"curies":[{"name":"wp","href":"https:\/\/api.w.org\/{rel}","templated":true}]}}