{"id":5663,"date":"2017-10-06T08:04:38","date_gmt":"2017-10-06T06:04:38","guid":{"rendered":"http:\/\/192.99.132.249\/?page_id=5663"},"modified":"2021-03-11T20:01:21","modified_gmt":"2021-03-12T01:01:21","slug":"corrcare-welcome-to-our-customer-service","status":"publish","type":"page","link":"https:\/\/lovepac.com\/en\/services\/corrcare-welcome-to-our-customer-service\/","title":{"rendered":"CorrCare\u2122: Welcome to our customer service"},"content":{"rendered":"<h3>CorrCare<sup>TM<\/sup>: Welcome to our customer service<\/h3>\n<h4>The Custom Protective Packaging Info You Need, When you Need It!<\/h4>\n<p>Setting the Lovepac team apart is our passion for personalized customer service. The CorrCare\u2122 team understands that innovative design and successful protective packaging solutions require working as partners to meet your goals.<\/p>\n<p>Our dynamic and personalized process is structured to deliver corrugated, foam, and crating packaging products the way every customer wants it, when they want it. At Lovepac, customer care guides all that we do.<\/p>\n<p><a href=\"https:\/\/lovepac.com\/en\/contact-us\/\">Find out more about Lovepac\u2019s precedent-setting CorrCare\u2122 customer service program.<\/a><\/p>\n","protected":false},"excerpt":{"rendered":"<p>CorrCareTM: Welcome to our customer service The Custom Protective Packaging  [&#8230;]<\/p>\n","protected":false},"author":1,"featured_media":0,"parent":5649,"menu_order":30,"comment_status":"closed","ping_status":"closed","template":"side-navigation.php","meta":{"footnotes":""},"class_list":["post-5663","page","type-page","status-publish","hentry"],"yoast_head":"<!-- This site is optimized with the Yoast SEO plugin v27.3 - https:\/\/yoast.com\/product\/yoast-seo-wordpress\/ -->\n<title>CorrCare\u2122 Welcome to our customer service - lovepac<\/title>\n<meta name=\"description\" content=\"CorrCare\u2122 Welcome to our customer service The Custom Protective Packaging Info You Need, When you Need It! Setting the Lovepac team apart is our passion for personalized customer service.\" \/>\n<meta name=\"robots\" content=\"index, follow, max-snippet:-1, max-image-preview:large, max-video-preview:-1\" \/>\n<link rel=\"canonical\" href=\"https:\/\/lovepac.com\/en\/services\/corrcare-welcome-to-our-customer-service\/\" \/>\n<meta property=\"og:locale\" content=\"en_US\" \/>\n<meta property=\"og:type\" content=\"article\" \/>\n<meta property=\"og:title\" content=\"CorrCare\u2122 Welcome to our customer service - lovepac\" \/>\n<meta property=\"og:description\" content=\"CorrCare\u2122 Welcome to our customer service The Custom Protective Packaging Info You Need, When you Need It! Setting the Lovepac team apart is our passion for personalized customer service.\" \/>\n<meta property=\"og:url\" content=\"https:\/\/lovepac.com\/en\/services\/corrcare-welcome-to-our-customer-service\/\" \/>\n<meta property=\"og:site_name\" content=\"Lovepac\" \/>\n<meta property=\"article:modified_time\" content=\"2021-03-12T01:01:21+00:00\" \/>\n<meta name=\"twitter:card\" content=\"summary_large_image\" \/>\n<script type=\"application\/ld+json\" class=\"yoast-schema-graph\">{\"@context\":\"https:\\\/\\\/schema.org\",\"@graph\":[{\"@type\":\"WebPage\",\"@id\":\"https:\\\/\\\/lovepac.com\\\/en\\\/services\\\/corrcare-welcome-to-our-customer-service\\\/\",\"url\":\"https:\\\/\\\/lovepac.com\\\/en\\\/services\\\/corrcare-welcome-to-our-customer-service\\\/\",\"name\":\"CorrCare\u2122 Welcome to our customer service - lovepac\",\"isPartOf\":{\"@id\":\"https:\\\/\\\/lovepac.com\\\/en\\\/#website\"},\"datePublished\":\"2017-10-06T06:04:38+00:00\",\"dateModified\":\"2021-03-12T01:01:21+00:00\",\"description\":\"CorrCare\u2122 Welcome to our customer service The Custom Protective Packaging Info You Need, When you Need It! Setting the Lovepac team apart is our passion for personalized customer service.\",\"breadcrumb\":{\"@id\":\"https:\\\/\\\/lovepac.com\\\/en\\\/services\\\/corrcare-welcome-to-our-customer-service\\\/#breadcrumb\"},\"inLanguage\":\"en-US\",\"potentialAction\":[{\"@type\":\"ReadAction\",\"target\":[\"https:\\\/\\\/lovepac.com\\\/en\\\/services\\\/corrcare-welcome-to-our-customer-service\\\/\"]}]},{\"@type\":\"BreadcrumbList\",\"@id\":\"https:\\\/\\\/lovepac.com\\\/en\\\/services\\\/corrcare-welcome-to-our-customer-service\\\/#breadcrumb\",\"itemListElement\":[{\"@type\":\"ListItem\",\"position\":1,\"name\":\"Accueil\",\"item\":\"https:\\\/\\\/lovepac.com\\\/en\\\/\"},{\"@type\":\"ListItem\",\"position\":2,\"name\":\"Services\",\"item\":\"https:\\\/\\\/lovepac.com\\\/en\\\/services\\\/\"},{\"@type\":\"ListItem\",\"position\":3,\"name\":\"CorrCare\u2122: Welcome to our customer service\"}]},{\"@type\":\"WebSite\",\"@id\":\"https:\\\/\\\/lovepac.com\\\/en\\\/#website\",\"url\":\"https:\\\/\\\/lovepac.com\\\/en\\\/\",\"name\":\"Lovepac\",\"description\":\"Emballages de bo\u00eetes en carton fiables et de qualit\u00e9 sup\u00e9rieure\",\"publisher\":{\"@id\":\"https:\\\/\\\/lovepac.com\\\/en\\\/#organization\"},\"potentialAction\":[{\"@type\":\"SearchAction\",\"target\":{\"@type\":\"EntryPoint\",\"urlTemplate\":\"https:\\\/\\\/lovepac.com\\\/en\\\/?s={search_term_string}\"},\"query-input\":{\"@type\":\"PropertyValueSpecification\",\"valueRequired\":true,\"valueName\":\"search_term_string\"}}],\"inLanguage\":\"en-US\"},{\"@type\":\"Organization\",\"@id\":\"https:\\\/\\\/lovepac.com\\\/en\\\/#organization\",\"name\":\"Lovepac\",\"url\":\"https:\\\/\\\/lovepac.com\\\/en\\\/\",\"logo\":{\"@type\":\"ImageObject\",\"inLanguage\":\"en-US\",\"@id\":\"https:\\\/\\\/lovepac.com\\\/en\\\/#\\\/schema\\\/logo\\\/image\\\/\",\"url\":\"https:\\\/\\\/lovepac.com\\\/wp-content\\\/uploads\\\/2017\\\/10\\\/Novapac_Blog.jpg\",\"contentUrl\":\"https:\\\/\\\/lovepac.com\\\/wp-content\\\/uploads\\\/2017\\\/10\\\/Novapac_Blog.jpg\",\"width\":1000,\"height\":600,\"caption\":\"Lovepac\"},\"image\":{\"@id\":\"https:\\\/\\\/lovepac.com\\\/en\\\/#\\\/schema\\\/logo\\\/image\\\/\"}}]}<\/script>\n<!-- \/ Yoast SEO plugin. -->","yoast_head_json":{"title":"CorrCare\u2122 Welcome to our customer service - lovepac","description":"CorrCare\u2122 Welcome to our customer service The Custom Protective Packaging Info You Need, When you Need It! Setting the Lovepac team apart is our passion for personalized customer service.","robots":{"index":"index","follow":"follow","max-snippet":"max-snippet:-1","max-image-preview":"max-image-preview:large","max-video-preview":"max-video-preview:-1"},"canonical":"https:\/\/lovepac.com\/en\/services\/corrcare-welcome-to-our-customer-service\/","og_locale":"en_US","og_type":"article","og_title":"CorrCare\u2122 Welcome to our customer service - lovepac","og_description":"CorrCare\u2122 Welcome to our customer service The Custom Protective Packaging Info You Need, When you Need It! Setting the Lovepac team apart is our passion for personalized customer service.","og_url":"https:\/\/lovepac.com\/en\/services\/corrcare-welcome-to-our-customer-service\/","og_site_name":"Lovepac","article_modified_time":"2021-03-12T01:01:21+00:00","twitter_card":"summary_large_image","schema":{"@context":"https:\/\/schema.org","@graph":[{"@type":"WebPage","@id":"https:\/\/lovepac.com\/en\/services\/corrcare-welcome-to-our-customer-service\/","url":"https:\/\/lovepac.com\/en\/services\/corrcare-welcome-to-our-customer-service\/","name":"CorrCare\u2122 Welcome to our customer service - lovepac","isPartOf":{"@id":"https:\/\/lovepac.com\/en\/#website"},"datePublished":"2017-10-06T06:04:38+00:00","dateModified":"2021-03-12T01:01:21+00:00","description":"CorrCare\u2122 Welcome to our customer service The Custom Protective Packaging Info You Need, When you Need It! Setting the Lovepac team apart is our passion for personalized customer service.","breadcrumb":{"@id":"https:\/\/lovepac.com\/en\/services\/corrcare-welcome-to-our-customer-service\/#breadcrumb"},"inLanguage":"en-US","potentialAction":[{"@type":"ReadAction","target":["https:\/\/lovepac.com\/en\/services\/corrcare-welcome-to-our-customer-service\/"]}]},{"@type":"BreadcrumbList","@id":"https:\/\/lovepac.com\/en\/services\/corrcare-welcome-to-our-customer-service\/#breadcrumb","itemListElement":[{"@type":"ListItem","position":1,"name":"Accueil","item":"https:\/\/lovepac.com\/en\/"},{"@type":"ListItem","position":2,"name":"Services","item":"https:\/\/lovepac.com\/en\/services\/"},{"@type":"ListItem","position":3,"name":"CorrCare\u2122: Welcome to our customer service"}]},{"@type":"WebSite","@id":"https:\/\/lovepac.com\/en\/#website","url":"https:\/\/lovepac.com\/en\/","name":"Lovepac","description":"Emballages de bo\u00eetes en carton fiables et de qualit\u00e9 sup\u00e9rieure","publisher":{"@id":"https:\/\/lovepac.com\/en\/#organization"},"potentialAction":[{"@type":"SearchAction","target":{"@type":"EntryPoint","urlTemplate":"https:\/\/lovepac.com\/en\/?s={search_term_string}"},"query-input":{"@type":"PropertyValueSpecification","valueRequired":true,"valueName":"search_term_string"}}],"inLanguage":"en-US"},{"@type":"Organization","@id":"https:\/\/lovepac.com\/en\/#organization","name":"Lovepac","url":"https:\/\/lovepac.com\/en\/","logo":{"@type":"ImageObject","inLanguage":"en-US","@id":"https:\/\/lovepac.com\/en\/#\/schema\/logo\/image\/","url":"https:\/\/lovepac.com\/wp-content\/uploads\/2017\/10\/Novapac_Blog.jpg","contentUrl":"https:\/\/lovepac.com\/wp-content\/uploads\/2017\/10\/Novapac_Blog.jpg","width":1000,"height":600,"caption":"Lovepac"},"image":{"@id":"https:\/\/lovepac.com\/en\/#\/schema\/logo\/image\/"}}]}},"_links":{"self":[{"href":"https:\/\/lovepac.com\/en\/wp-json\/wp\/v2\/pages\/5663","targetHints":{"allow":["GET"]}}],"collection":[{"href":"https:\/\/lovepac.com\/en\/wp-json\/wp\/v2\/pages"}],"about":[{"href":"https:\/\/lovepac.com\/en\/wp-json\/wp\/v2\/types\/page"}],"author":[{"embeddable":true,"href":"https:\/\/lovepac.com\/en\/wp-json\/wp\/v2\/users\/1"}],"replies":[{"embeddable":true,"href":"https:\/\/lovepac.com\/en\/wp-json\/wp\/v2\/comments?post=5663"}],"version-history":[{"count":1,"href":"https:\/\/lovepac.com\/en\/wp-json\/wp\/v2\/pages\/5663\/revisions"}],"predecessor-version":[{"id":5664,"href":"https:\/\/lovepac.com\/en\/wp-json\/wp\/v2\/pages\/5663\/revisions\/5664"}],"up":[{"embeddable":true,"href":"https:\/\/lovepac.com\/en\/wp-json\/wp\/v2\/pages\/5649"}],"wp:attachment":[{"href":"https:\/\/lovepac.com\/en\/wp-json\/wp\/v2\/media?parent=5663"}],"curies":[{"name":"wp","href":"https:\/\/api.w.org\/{rel}","templated":true}]}}