{"id":5665,"date":"2017-10-06T08:06:47","date_gmt":"2017-10-06T06:06:47","guid":{"rendered":"http:\/\/192.99.132.249\/?page_id=5665"},"modified":"2022-03-17T16:27:28","modified_gmt":"2022-03-17T20:27:28","slug":"layered-inventory","status":"publish","type":"page","link":"https:\/\/lovepac.com\/en\/services\/layered-inventory\/","title":{"rendered":"Layered Inventory"},"content":{"rendered":"<header>\n<h3>Layered Inventory<\/h3>\n<\/header>\n<section class=\"content test\">\n<h4>On Demand Manufacturing and Flexible Warehousing Options<\/h4>\n<p>While we seek to produce custom packaging solutions in run sizes that optimize pricing for our customers, we know you may not be able to store an entire run\u2014especially for assembled foam packs or protective packaging kits.<\/p>\n<p>The Lovepac inventory management program utilizes a unique layered approach comprised of inventory options designed to ensure your packaging is ready when you need it and inventory storage issues are minimized.<\/p>\n<p><img decoding=\"async\" class=\"alignright\" src=\"\/wp-content\/uploads\/2012\/12\/images_stacked-boxes.jpg\" border=\"0\" \/>The Lovepac layered inventory options:<\/p>\n<ol>\n<li>Make and ship\n<ul>\n<li>Normal time: two weeks<\/li>\n<\/ul>\n<\/li>\n<li>Produce all and release on-demand<\/li>\n<li>Store flat (corrugated) or assemble (foam)\n<ul>\n<li>72-hour service for our five main foam products<\/li>\n<li>3-7 days for product specific foam<\/li>\n<\/ul>\n<\/li>\n<li>Minimum emergency stock inventory available at all times\n<ol>\n<li>24-hour service<\/li>\n<\/ol>\n<\/li>\n<\/ol>\n<h4>On Demand Manufacturing and Flexible Warehousing Options<\/h4>\n<p>Lovepac\u2019s flexible inventory program helps customers like you reduce risk with increased delivery speed and service excellence.<\/p>\n<p>24 to 48-hour service on key items at all times<\/p>\n<\/section>\n","protected":false},"excerpt":{"rendered":"<p>Layered Inventory On Demand Manufacturing and Flexible Warehousing Options While  [&#8230;]<\/p>\n","protected":false},"author":1,"featured_media":0,"parent":5649,"menu_order":29,"comment_status":"closed","ping_status":"closed","template":"side-navigation.php","meta":{"footnotes":""},"class_list":["post-5665","page","type-page","status-publish","hentry"],"yoast_head":"<!-- This site is optimized with the Yoast SEO plugin v27.3 - https:\/\/yoast.com\/product\/yoast-seo-wordpress\/ -->\n<title>Layered Warehousing Inventory Management Program<\/title>\n<meta name=\"description\" content=\"Lovepac offers layered inventory program options to ensure your packaging is ready when you need it and warehousing inventory storage issues are minimized.\" \/>\n<meta name=\"robots\" content=\"index, follow, max-snippet:-1, max-image-preview:large, max-video-preview:-1\" \/>\n<link rel=\"canonical\" href=\"https:\/\/lovepac.com\/en\/services\/layered-inventory\/\" \/>\n<meta property=\"og:locale\" content=\"en_US\" \/>\n<meta property=\"og:type\" content=\"article\" \/>\n<meta property=\"og:title\" content=\"Layered Warehousing Inventory Management Program\" \/>\n<meta property=\"og:description\" content=\"Lovepac offers layered inventory program options to ensure your packaging is ready when you need it and warehousing inventory storage issues are minimized.\" \/>\n<meta property=\"og:url\" content=\"https:\/\/lovepac.com\/en\/services\/layered-inventory\/\" \/>\n<meta property=\"og:site_name\" content=\"Lovepac\" \/>\n<meta property=\"article:modified_time\" content=\"2022-03-17T20:27:28+00:00\" \/>\n<meta property=\"og:image\" content=\"https:\/\/lovepac.com\/wp-content\/uploads\/2012\/12\/images_stacked-boxes.jpg\" \/>\n<meta name=\"twitter:card\" content=\"summary_large_image\" \/>\n<meta name=\"twitter:label1\" content=\"Est. reading time\" \/>\n\t<meta name=\"twitter:data1\" content=\"1 minute\" \/>\n<script type=\"application\/ld+json\" class=\"yoast-schema-graph\">{\"@context\":\"https:\\\/\\\/schema.org\",\"@graph\":[{\"@type\":\"WebPage\",\"@id\":\"https:\\\/\\\/lovepac.com\\\/en\\\/services\\\/layered-inventory\\\/\",\"url\":\"https:\\\/\\\/lovepac.com\\\/en\\\/services\\\/layered-inventory\\\/\",\"name\":\"Layered Warehousing Inventory Management Program\",\"isPartOf\":{\"@id\":\"https:\\\/\\\/lovepac.com\\\/en\\\/#website\"},\"datePublished\":\"2017-10-06T06:06:47+00:00\",\"dateModified\":\"2022-03-17T20:27:28+00:00\",\"description\":\"Lovepac offers layered inventory program options to ensure your packaging is ready when you need it and warehousing inventory storage issues are minimized.\",\"breadcrumb\":{\"@id\":\"https:\\\/\\\/lovepac.com\\\/en\\\/services\\\/layered-inventory\\\/#breadcrumb\"},\"inLanguage\":\"en-US\",\"potentialAction\":[{\"@type\":\"ReadAction\",\"target\":[\"https:\\\/\\\/lovepac.com\\\/en\\\/services\\\/layered-inventory\\\/\"]}]},{\"@type\":\"BreadcrumbList\",\"@id\":\"https:\\\/\\\/lovepac.com\\\/en\\\/services\\\/layered-inventory\\\/#breadcrumb\",\"itemListElement\":[{\"@type\":\"ListItem\",\"position\":1,\"name\":\"Accueil\",\"item\":\"https:\\\/\\\/lovepac.com\\\/en\\\/\"},{\"@type\":\"ListItem\",\"position\":2,\"name\":\"Services\",\"item\":\"https:\\\/\\\/lovepac.com\\\/en\\\/services\\\/\"},{\"@type\":\"ListItem\",\"position\":3,\"name\":\"Layered Inventory\"}]},{\"@type\":\"WebSite\",\"@id\":\"https:\\\/\\\/lovepac.com\\\/en\\\/#website\",\"url\":\"https:\\\/\\\/lovepac.com\\\/en\\\/\",\"name\":\"Lovepac\",\"description\":\"Emballages de bo\u00eetes en carton fiables et de qualit\u00e9 sup\u00e9rieure\",\"publisher\":{\"@id\":\"https:\\\/\\\/lovepac.com\\\/en\\\/#organization\"},\"potentialAction\":[{\"@type\":\"SearchAction\",\"target\":{\"@type\":\"EntryPoint\",\"urlTemplate\":\"https:\\\/\\\/lovepac.com\\\/en\\\/?s={search_term_string}\"},\"query-input\":{\"@type\":\"PropertyValueSpecification\",\"valueRequired\":true,\"valueName\":\"search_term_string\"}}],\"inLanguage\":\"en-US\"},{\"@type\":\"Organization\",\"@id\":\"https:\\\/\\\/lovepac.com\\\/en\\\/#organization\",\"name\":\"Lovepac\",\"url\":\"https:\\\/\\\/lovepac.com\\\/en\\\/\",\"logo\":{\"@type\":\"ImageObject\",\"inLanguage\":\"en-US\",\"@id\":\"https:\\\/\\\/lovepac.com\\\/en\\\/#\\\/schema\\\/logo\\\/image\\\/\",\"url\":\"https:\\\/\\\/lovepac.com\\\/wp-content\\\/uploads\\\/2017\\\/10\\\/Novapac_Blog.jpg\",\"contentUrl\":\"https:\\\/\\\/lovepac.com\\\/wp-content\\\/uploads\\\/2017\\\/10\\\/Novapac_Blog.jpg\",\"width\":1000,\"height\":600,\"caption\":\"Lovepac\"},\"image\":{\"@id\":\"https:\\\/\\\/lovepac.com\\\/en\\\/#\\\/schema\\\/logo\\\/image\\\/\"}}]}<\/script>\n<!-- \/ Yoast SEO plugin. -->","yoast_head_json":{"title":"Layered Warehousing Inventory Management Program","description":"Lovepac offers layered inventory program options to ensure your packaging is ready when you need it and warehousing inventory storage issues are minimized.","robots":{"index":"index","follow":"follow","max-snippet":"max-snippet:-1","max-image-preview":"max-image-preview:large","max-video-preview":"max-video-preview:-1"},"canonical":"https:\/\/lovepac.com\/en\/services\/layered-inventory\/","og_locale":"en_US","og_type":"article","og_title":"Layered Warehousing Inventory Management Program","og_description":"Lovepac offers layered inventory program options to ensure your packaging is ready when you need it and warehousing inventory storage issues are minimized.","og_url":"https:\/\/lovepac.com\/en\/services\/layered-inventory\/","og_site_name":"Lovepac","article_modified_time":"2022-03-17T20:27:28+00:00","og_image":[{"url":"https:\/\/lovepac.com\/wp-content\/uploads\/2012\/12\/images_stacked-boxes.jpg","type":"","width":"","height":""}],"twitter_card":"summary_large_image","twitter_misc":{"Est. reading time":"1 minute"},"schema":{"@context":"https:\/\/schema.org","@graph":[{"@type":"WebPage","@id":"https:\/\/lovepac.com\/en\/services\/layered-inventory\/","url":"https:\/\/lovepac.com\/en\/services\/layered-inventory\/","name":"Layered Warehousing Inventory Management Program","isPartOf":{"@id":"https:\/\/lovepac.com\/en\/#website"},"datePublished":"2017-10-06T06:06:47+00:00","dateModified":"2022-03-17T20:27:28+00:00","description":"Lovepac offers layered inventory program options to ensure your packaging is ready when you need it and warehousing inventory storage issues are minimized.","breadcrumb":{"@id":"https:\/\/lovepac.com\/en\/services\/layered-inventory\/#breadcrumb"},"inLanguage":"en-US","potentialAction":[{"@type":"ReadAction","target":["https:\/\/lovepac.com\/en\/services\/layered-inventory\/"]}]},{"@type":"BreadcrumbList","@id":"https:\/\/lovepac.com\/en\/services\/layered-inventory\/#breadcrumb","itemListElement":[{"@type":"ListItem","position":1,"name":"Accueil","item":"https:\/\/lovepac.com\/en\/"},{"@type":"ListItem","position":2,"name":"Services","item":"https:\/\/lovepac.com\/en\/services\/"},{"@type":"ListItem","position":3,"name":"Layered Inventory"}]},{"@type":"WebSite","@id":"https:\/\/lovepac.com\/en\/#website","url":"https:\/\/lovepac.com\/en\/","name":"Lovepac","description":"Emballages de bo\u00eetes en carton fiables et de qualit\u00e9 sup\u00e9rieure","publisher":{"@id":"https:\/\/lovepac.com\/en\/#organization"},"potentialAction":[{"@type":"SearchAction","target":{"@type":"EntryPoint","urlTemplate":"https:\/\/lovepac.com\/en\/?s={search_term_string}"},"query-input":{"@type":"PropertyValueSpecification","valueRequired":true,"valueName":"search_term_string"}}],"inLanguage":"en-US"},{"@type":"Organization","@id":"https:\/\/lovepac.com\/en\/#organization","name":"Lovepac","url":"https:\/\/lovepac.com\/en\/","logo":{"@type":"ImageObject","inLanguage":"en-US","@id":"https:\/\/lovepac.com\/en\/#\/schema\/logo\/image\/","url":"https:\/\/lovepac.com\/wp-content\/uploads\/2017\/10\/Novapac_Blog.jpg","contentUrl":"https:\/\/lovepac.com\/wp-content\/uploads\/2017\/10\/Novapac_Blog.jpg","width":1000,"height":600,"caption":"Lovepac"},"image":{"@id":"https:\/\/lovepac.com\/en\/#\/schema\/logo\/image\/"}}]}},"_links":{"self":[{"href":"https:\/\/lovepac.com\/en\/wp-json\/wp\/v2\/pages\/5665","targetHints":{"allow":["GET"]}}],"collection":[{"href":"https:\/\/lovepac.com\/en\/wp-json\/wp\/v2\/pages"}],"about":[{"href":"https:\/\/lovepac.com\/en\/wp-json\/wp\/v2\/types\/page"}],"author":[{"embeddable":true,"href":"https:\/\/lovepac.com\/en\/wp-json\/wp\/v2\/users\/1"}],"replies":[{"embeddable":true,"href":"https:\/\/lovepac.com\/en\/wp-json\/wp\/v2\/comments?post=5665"}],"version-history":[{"count":4,"href":"https:\/\/lovepac.com\/en\/wp-json\/wp\/v2\/pages\/5665\/revisions"}],"predecessor-version":[{"id":8656,"href":"https:\/\/lovepac.com\/en\/wp-json\/wp\/v2\/pages\/5665\/revisions\/8656"}],"up":[{"embeddable":true,"href":"https:\/\/lovepac.com\/en\/wp-json\/wp\/v2\/pages\/5649"}],"wp:attachment":[{"href":"https:\/\/lovepac.com\/en\/wp-json\/wp\/v2\/media?parent=5665"}],"curies":[{"name":"wp","href":"https:\/\/api.w.org\/{rel}","templated":true}]}}