{"id":5675,"date":"2017-10-06T08:13:56","date_gmt":"2017-10-06T06:13:56","guid":{"rendered":"http:\/\/192.99.132.249\/?page_id=5675"},"modified":"2022-03-17T16:46:09","modified_gmt":"2022-03-17T20:46:09","slug":"corr-method","status":"publish","type":"page","link":"https:\/\/lovepac.com\/en\/corr-method\/","title":{"rendered":"CORR Method"},"content":{"rendered":"<header>\n<h3>CORR Method<\/h3>\n<\/header>\n<section class=\"content test\">\n<h4>The Industry\u2019s Only Branded Process for Custom Box Manufacturing<\/h4>\n<p><img decoding=\"async\" class=\"alignright\" src=\"https:\/\/lovepac.com\/images\/corr-method.gif\" border=\"0\" \/><\/p>\n<map name=\"map\">\n<area coords=\"0,0,130,130\" shape=\"rect\" href=\"https:\/\/lovepac.com\/corrdiscovery-for-your-protective-packaging\" \/>\n<area coords=\"130,0,260,130\" shape=\"rect\" href=\"https:\/\/lovepac.com\/corrconcept-for-your-packaging-design\" \/>\n<area coords=\"0,130,130,260\" shape=\"rect\" href=\"https:\/\/lovepac.com\/corrcare-welcome-to-our-customer-service\" \/>\n<area coords=\"130,130,260,260\" shape=\"rect\" href=\"https:\/\/lovepac.com\/corrpackage-its-time-for-production\" \/><\/map>\n<p>Lovepac leads the way in all aspects of sales, design, customer service, delivery, quality control and e-commerce capabilities in the realm of custom protective packaging.<\/p>\n<p>Our proprietary strategic process\u2014the Lovepac CorrMethod\u2122\u2014delivers on the promise of a more consistent and reliable customer service experience and ultimately, creates a corrugated or foam packaging solution that consistently protects our customers\u2019 valuable goods.<\/p>\n<h4>The Lovepac CorrMethod: Transparent, Focused and Strategic<\/h4>\n<p>The Lovepac team tackles custom packaging solutions differently\u2014and we believe, better. We begin by asking the \u201ctough love\u201d questions; then, once we get to know each other, our expert packaging team will have the information they need to propose smart solutions for meeting all of your custom packaging project objectives.<\/p>\n<p>From product design, custom manufacturing and inventory management, your protective packaging solution will ultimately meet our combined goals:<\/p>\n<ul>\n<li>Design and produce a custom corrugated box, crate and\/or low or high density foam packaging solution that will protect your valuable goods<\/li>\n<li>Establish a long-term relationship through a highly personalized, interactive customer service experience<\/li>\n<li>Support your business needs with innovative inventory, e-commerce, and technology tools for the long term<\/li>\n<\/ul>\n<\/section>\n","protected":false},"excerpt":{"rendered":"<p>CORR Method The Industry\u2019s Only Branded Process for Custom Box  [&#8230;]<\/p>\n","protected":false},"author":1,"featured_media":0,"parent":0,"menu_order":28,"comment_status":"closed","ping_status":"closed","template":"side-navigation.php","meta":{"footnotes":""},"class_list":["post-5675","page","type-page","status-publish","hentry"],"yoast_head":"<!-- This site is optimized with the Yoast SEO plugin v27.5 - https:\/\/yoast.com\/product\/yoast-seo-wordpress\/ -->\n<title>Lovepac CorrMethod\u2122 Custom Box Production Solution<\/title>\n<meta name=\"description\" content=\"CorrMethod\u2122 by Lovepac is the only branded custom box production process in the industry! Get started on your corrugated or foam packaging solution today.\" \/>\n<meta name=\"robots\" content=\"index, follow, max-snippet:-1, max-image-preview:large, max-video-preview:-1\" \/>\n<link rel=\"canonical\" href=\"https:\/\/lovepac.com\/en\/corr-method\/\" \/>\n<meta property=\"og:locale\" content=\"en_US\" \/>\n<meta property=\"og:type\" content=\"article\" \/>\n<meta property=\"og:title\" content=\"Lovepac CorrMethod\u2122 Custom Box Production Solution\" \/>\n<meta property=\"og:description\" content=\"CorrMethod\u2122 by Lovepac is the only branded custom box production process in the industry! Get started on your corrugated or foam packaging solution today.\" \/>\n<meta property=\"og:url\" content=\"https:\/\/lovepac.com\/en\/corr-method\/\" \/>\n<meta property=\"og:site_name\" content=\"Lovepac\" \/>\n<meta property=\"article:modified_time\" content=\"2022-03-17T20:46:09+00:00\" \/>\n<meta property=\"og:image\" content=\"https:\/\/lovepac.com\/images\/corr-method.gif\" \/>\n<meta name=\"twitter:card\" content=\"summary_large_image\" \/>\n<meta name=\"twitter:label1\" content=\"Est. reading time\" \/>\n\t<meta name=\"twitter:data1\" content=\"1 minute\" \/>\n<script type=\"application\/ld+json\" class=\"yoast-schema-graph\">{\"@context\":\"https:\\\/\\\/schema.org\",\"@graph\":[{\"@type\":\"WebPage\",\"@id\":\"https:\\\/\\\/lovepac.com\\\/en\\\/corr-method\\\/\",\"url\":\"https:\\\/\\\/lovepac.com\\\/en\\\/corr-method\\\/\",\"name\":\"Lovepac CorrMethod\u2122 Custom Box Production Solution\",\"isPartOf\":{\"@id\":\"https:\\\/\\\/lovepac.com\\\/en\\\/#website\"},\"primaryImageOfPage\":{\"@id\":\"https:\\\/\\\/lovepac.com\\\/en\\\/corr-method\\\/#primaryimage\"},\"image\":{\"@id\":\"https:\\\/\\\/lovepac.com\\\/en\\\/corr-method\\\/#primaryimage\"},\"thumbnailUrl\":\"https:\\\/\\\/lovepac.com\\\/images\\\/corr-method.gif\",\"datePublished\":\"2017-10-06T06:13:56+00:00\",\"dateModified\":\"2022-03-17T20:46:09+00:00\",\"description\":\"CorrMethod\u2122 by Lovepac is the only branded custom box production process in the industry! Get started on your corrugated or foam packaging solution today.\",\"breadcrumb\":{\"@id\":\"https:\\\/\\\/lovepac.com\\\/en\\\/corr-method\\\/#breadcrumb\"},\"inLanguage\":\"en-US\",\"potentialAction\":[{\"@type\":\"ReadAction\",\"target\":[\"https:\\\/\\\/lovepac.com\\\/en\\\/corr-method\\\/\"]}]},{\"@type\":\"ImageObject\",\"inLanguage\":\"en-US\",\"@id\":\"https:\\\/\\\/lovepac.com\\\/en\\\/corr-method\\\/#primaryimage\",\"url\":\"https:\\\/\\\/lovepac.com\\\/images\\\/corr-method.gif\",\"contentUrl\":\"https:\\\/\\\/lovepac.com\\\/images\\\/corr-method.gif\"},{\"@type\":\"BreadcrumbList\",\"@id\":\"https:\\\/\\\/lovepac.com\\\/en\\\/corr-method\\\/#breadcrumb\",\"itemListElement\":[{\"@type\":\"ListItem\",\"position\":1,\"name\":\"Accueil\",\"item\":\"https:\\\/\\\/lovepac.com\\\/en\\\/\"},{\"@type\":\"ListItem\",\"position\":2,\"name\":\"CORR Method\"}]},{\"@type\":\"WebSite\",\"@id\":\"https:\\\/\\\/lovepac.com\\\/en\\\/#website\",\"url\":\"https:\\\/\\\/lovepac.com\\\/en\\\/\",\"name\":\"Lovepac\",\"description\":\"Emballages de bo\u00eetes en carton fiables et de qualit\u00e9 sup\u00e9rieure\",\"publisher\":{\"@id\":\"https:\\\/\\\/lovepac.com\\\/en\\\/#organization\"},\"potentialAction\":[{\"@type\":\"SearchAction\",\"target\":{\"@type\":\"EntryPoint\",\"urlTemplate\":\"https:\\\/\\\/lovepac.com\\\/en\\\/?s={search_term_string}\"},\"query-input\":{\"@type\":\"PropertyValueSpecification\",\"valueRequired\":true,\"valueName\":\"search_term_string\"}}],\"inLanguage\":\"en-US\"},{\"@type\":\"Organization\",\"@id\":\"https:\\\/\\\/lovepac.com\\\/en\\\/#organization\",\"name\":\"Lovepac\",\"url\":\"https:\\\/\\\/lovepac.com\\\/en\\\/\",\"logo\":{\"@type\":\"ImageObject\",\"inLanguage\":\"en-US\",\"@id\":\"https:\\\/\\\/lovepac.com\\\/en\\\/#\\\/schema\\\/logo\\\/image\\\/\",\"url\":\"https:\\\/\\\/lovepac.com\\\/wp-content\\\/uploads\\\/2017\\\/10\\\/Novapac_Blog.jpg\",\"contentUrl\":\"https:\\\/\\\/lovepac.com\\\/wp-content\\\/uploads\\\/2017\\\/10\\\/Novapac_Blog.jpg\",\"width\":1000,\"height\":600,\"caption\":\"Lovepac\"},\"image\":{\"@id\":\"https:\\\/\\\/lovepac.com\\\/en\\\/#\\\/schema\\\/logo\\\/image\\\/\"}}]}<\/script>\n<!-- \/ Yoast SEO plugin. -->","yoast_head_json":{"title":"Lovepac CorrMethod\u2122 Custom Box Production Solution","description":"CorrMethod\u2122 by Lovepac is the only branded custom box production process in the industry! Get started on your corrugated or foam packaging solution today.","robots":{"index":"index","follow":"follow","max-snippet":"max-snippet:-1","max-image-preview":"max-image-preview:large","max-video-preview":"max-video-preview:-1"},"canonical":"https:\/\/lovepac.com\/en\/corr-method\/","og_locale":"en_US","og_type":"article","og_title":"Lovepac CorrMethod\u2122 Custom Box Production Solution","og_description":"CorrMethod\u2122 by Lovepac is the only branded custom box production process in the industry! Get started on your corrugated or foam packaging solution today.","og_url":"https:\/\/lovepac.com\/en\/corr-method\/","og_site_name":"Lovepac","article_modified_time":"2022-03-17T20:46:09+00:00","og_image":[{"url":"https:\/\/lovepac.com\/images\/corr-method.gif","type":"","width":"","height":""}],"twitter_card":"summary_large_image","twitter_misc":{"Est. reading time":"1 minute"},"schema":{"@context":"https:\/\/schema.org","@graph":[{"@type":"WebPage","@id":"https:\/\/lovepac.com\/en\/corr-method\/","url":"https:\/\/lovepac.com\/en\/corr-method\/","name":"Lovepac CorrMethod\u2122 Custom Box Production Solution","isPartOf":{"@id":"https:\/\/lovepac.com\/en\/#website"},"primaryImageOfPage":{"@id":"https:\/\/lovepac.com\/en\/corr-method\/#primaryimage"},"image":{"@id":"https:\/\/lovepac.com\/en\/corr-method\/#primaryimage"},"thumbnailUrl":"https:\/\/lovepac.com\/images\/corr-method.gif","datePublished":"2017-10-06T06:13:56+00:00","dateModified":"2022-03-17T20:46:09+00:00","description":"CorrMethod\u2122 by Lovepac is the only branded custom box production process in the industry! Get started on your corrugated or foam packaging solution today.","breadcrumb":{"@id":"https:\/\/lovepac.com\/en\/corr-method\/#breadcrumb"},"inLanguage":"en-US","potentialAction":[{"@type":"ReadAction","target":["https:\/\/lovepac.com\/en\/corr-method\/"]}]},{"@type":"ImageObject","inLanguage":"en-US","@id":"https:\/\/lovepac.com\/en\/corr-method\/#primaryimage","url":"https:\/\/lovepac.com\/images\/corr-method.gif","contentUrl":"https:\/\/lovepac.com\/images\/corr-method.gif"},{"@type":"BreadcrumbList","@id":"https:\/\/lovepac.com\/en\/corr-method\/#breadcrumb","itemListElement":[{"@type":"ListItem","position":1,"name":"Accueil","item":"https:\/\/lovepac.com\/en\/"},{"@type":"ListItem","position":2,"name":"CORR Method"}]},{"@type":"WebSite","@id":"https:\/\/lovepac.com\/en\/#website","url":"https:\/\/lovepac.com\/en\/","name":"Lovepac","description":"Emballages de bo\u00eetes en carton fiables et de qualit\u00e9 sup\u00e9rieure","publisher":{"@id":"https:\/\/lovepac.com\/en\/#organization"},"potentialAction":[{"@type":"SearchAction","target":{"@type":"EntryPoint","urlTemplate":"https:\/\/lovepac.com\/en\/?s={search_term_string}"},"query-input":{"@type":"PropertyValueSpecification","valueRequired":true,"valueName":"search_term_string"}}],"inLanguage":"en-US"},{"@type":"Organization","@id":"https:\/\/lovepac.com\/en\/#organization","name":"Lovepac","url":"https:\/\/lovepac.com\/en\/","logo":{"@type":"ImageObject","inLanguage":"en-US","@id":"https:\/\/lovepac.com\/en\/#\/schema\/logo\/image\/","url":"https:\/\/lovepac.com\/wp-content\/uploads\/2017\/10\/Novapac_Blog.jpg","contentUrl":"https:\/\/lovepac.com\/wp-content\/uploads\/2017\/10\/Novapac_Blog.jpg","width":1000,"height":600,"caption":"Lovepac"},"image":{"@id":"https:\/\/lovepac.com\/en\/#\/schema\/logo\/image\/"}}]}},"_links":{"self":[{"href":"https:\/\/lovepac.com\/en\/wp-json\/wp\/v2\/pages\/5675","targetHints":{"allow":["GET"]}}],"collection":[{"href":"https:\/\/lovepac.com\/en\/wp-json\/wp\/v2\/pages"}],"about":[{"href":"https:\/\/lovepac.com\/en\/wp-json\/wp\/v2\/types\/page"}],"author":[{"embeddable":true,"href":"https:\/\/lovepac.com\/en\/wp-json\/wp\/v2\/users\/1"}],"replies":[{"embeddable":true,"href":"https:\/\/lovepac.com\/en\/wp-json\/wp\/v2\/comments?post=5675"}],"version-history":[{"count":2,"href":"https:\/\/lovepac.com\/en\/wp-json\/wp\/v2\/pages\/5675\/revisions"}],"predecessor-version":[{"id":7267,"href":"https:\/\/lovepac.com\/en\/wp-json\/wp\/v2\/pages\/5675\/revisions\/7267"}],"wp:attachment":[{"href":"https:\/\/lovepac.com\/en\/wp-json\/wp\/v2\/media?parent=5675"}],"curies":[{"name":"wp","href":"https:\/\/api.w.org\/{rel}","templated":true}]}}