{"id":5678,"date":"2017-10-06T08:15:38","date_gmt":"2017-10-06T06:15:38","guid":{"rendered":"http:\/\/192.99.132.249\/?page_id=5678"},"modified":"2022-03-17T16:52:40","modified_gmt":"2022-03-17T20:52:40","slug":"step-1-corrdiscovery","status":"publish","type":"page","link":"https:\/\/lovepac.com\/en\/corr-method\/step-1-corrdiscovery\/","title":{"rendered":"Step 1: CorrDiscovery"},"content":{"rendered":"<header>\n<h3>CorrDiscovery for your protective packaging<\/h3>\n<\/header>\n<section class=\"content test\">\n<h4>A Plan for Achieving Your Custom Packaging Goals<\/h4>\n<p><img decoding=\"async\" class=\" alignright wp-image-268\" style=\"float: right;\" src=\"https:\/\/lovepac.com\/wp-content\/uploads\/2012\/09\/images_protective-foam.jpg\" sizes=\"(max-width: 421px) 100vw, 421px\" srcset=\"https:\/\/lovepac.com\/wp-content\/uploads\/2012\/09\/images_protective-foam-300x187.jpg 300w, https:\/\/lovepac.com\/wp-content\/uploads\/2012\/09\/images_protective-foam.jpg 531w\" alt=\"\u00e9valuation d'emballage\" width=\"421\" height=\"263\" border=\"0\" \/>The Lovepac brand promise stands on the pillars of consistent value, competitive pricing, and innovative products\u2014all supported by dedicated and reliable package manufacturing experts committed to our culture of service and care.<\/p>\n<p>Through our initial discovery process, we strive to learn about where you have been and where you aim to go with improved packaging products and processes. Our game plan will outline a roadmap of confidence for achieving our common goals.<\/p>\n<p>From the design of custom box or protective foam solutions to small quantity ordering or storage, every member of the Lovepac team cares personally about delivering the right packaging solution for protecting your uniquely valuable goods.<\/p>\n<\/section>\n","protected":false},"excerpt":{"rendered":"<p>CorrDiscovery for your protective packaging A Plan for Achieving Your  [&#8230;]<\/p>\n","protected":false},"author":1,"featured_media":0,"parent":5675,"menu_order":27,"comment_status":"closed","ping_status":"closed","template":"side-navigation.php","meta":{"footnotes":""},"class_list":["post-5678","page","type-page","status-publish","hentry"],"yoast_head":"<!-- This site is optimized with the Yoast SEO plugin v27.5 - https:\/\/yoast.com\/product\/yoast-seo-wordpress\/ -->\n<title>Custom Packaging Solutions Planning Process<\/title>\n<meta name=\"description\" content=\"CorrDiscovery is the custom packaging solutions planning phase of Lovepac CorrMethod\u2122. This process helps to discover the right packaging solution for you.\" \/>\n<meta name=\"robots\" content=\"index, follow, max-snippet:-1, max-image-preview:large, max-video-preview:-1\" \/>\n<link rel=\"canonical\" href=\"https:\/\/lovepac.com\/en\/corr-method\/step-1-corrdiscovery\/\" \/>\n<meta property=\"og:locale\" content=\"en_US\" \/>\n<meta property=\"og:type\" content=\"article\" \/>\n<meta property=\"og:title\" content=\"Custom Packaging Solutions Planning Process\" \/>\n<meta property=\"og:description\" content=\"CorrDiscovery is the custom packaging solutions planning phase of Lovepac CorrMethod\u2122. This process helps to discover the right packaging solution for you.\" \/>\n<meta property=\"og:url\" content=\"https:\/\/lovepac.com\/en\/corr-method\/step-1-corrdiscovery\/\" \/>\n<meta property=\"og:site_name\" content=\"Lovepac\" \/>\n<meta property=\"article:modified_time\" content=\"2022-03-17T20:52:40+00:00\" \/>\n<meta property=\"og:image\" content=\"https:\/\/lovepac.com\/wp-content\/uploads\/2012\/09\/images_protective-foam.jpg\" \/>\n<meta name=\"twitter:card\" content=\"summary_large_image\" \/>\n<meta name=\"twitter:label1\" content=\"Est. reading time\" \/>\n\t<meta name=\"twitter:data1\" content=\"1 minute\" \/>\n<script type=\"application\/ld+json\" class=\"yoast-schema-graph\">{\"@context\":\"https:\\\/\\\/schema.org\",\"@graph\":[{\"@type\":\"WebPage\",\"@id\":\"https:\\\/\\\/lovepac.com\\\/en\\\/corr-method\\\/step-1-corrdiscovery\\\/\",\"url\":\"https:\\\/\\\/lovepac.com\\\/en\\\/corr-method\\\/step-1-corrdiscovery\\\/\",\"name\":\"Custom Packaging Solutions Planning Process\",\"isPartOf\":{\"@id\":\"https:\\\/\\\/lovepac.com\\\/en\\\/#website\"},\"primaryImageOfPage\":{\"@id\":\"https:\\\/\\\/lovepac.com\\\/en\\\/corr-method\\\/step-1-corrdiscovery\\\/#primaryimage\"},\"image\":{\"@id\":\"https:\\\/\\\/lovepac.com\\\/en\\\/corr-method\\\/step-1-corrdiscovery\\\/#primaryimage\"},\"thumbnailUrl\":\"https:\\\/\\\/lovepac.com\\\/wp-content\\\/uploads\\\/2012\\\/09\\\/images_protective-foam.jpg\",\"datePublished\":\"2017-10-06T06:15:38+00:00\",\"dateModified\":\"2022-03-17T20:52:40+00:00\",\"description\":\"CorrDiscovery is the custom packaging solutions planning phase of Lovepac CorrMethod\u2122. This process helps to discover the right packaging solution for you.\",\"breadcrumb\":{\"@id\":\"https:\\\/\\\/lovepac.com\\\/en\\\/corr-method\\\/step-1-corrdiscovery\\\/#breadcrumb\"},\"inLanguage\":\"en-US\",\"potentialAction\":[{\"@type\":\"ReadAction\",\"target\":[\"https:\\\/\\\/lovepac.com\\\/en\\\/corr-method\\\/step-1-corrdiscovery\\\/\"]}]},{\"@type\":\"ImageObject\",\"inLanguage\":\"en-US\",\"@id\":\"https:\\\/\\\/lovepac.com\\\/en\\\/corr-method\\\/step-1-corrdiscovery\\\/#primaryimage\",\"url\":\"https:\\\/\\\/lovepac.com\\\/wp-content\\\/uploads\\\/2012\\\/09\\\/images_protective-foam.jpg\",\"contentUrl\":\"https:\\\/\\\/lovepac.com\\\/wp-content\\\/uploads\\\/2012\\\/09\\\/images_protective-foam.jpg\"},{\"@type\":\"BreadcrumbList\",\"@id\":\"https:\\\/\\\/lovepac.com\\\/en\\\/corr-method\\\/step-1-corrdiscovery\\\/#breadcrumb\",\"itemListElement\":[{\"@type\":\"ListItem\",\"position\":1,\"name\":\"Accueil\",\"item\":\"https:\\\/\\\/lovepac.com\\\/en\\\/\"},{\"@type\":\"ListItem\",\"position\":2,\"name\":\"CORR Method\",\"item\":\"https:\\\/\\\/lovepac.com\\\/en\\\/corr-method\\\/\"},{\"@type\":\"ListItem\",\"position\":3,\"name\":\"Step 1: CorrDiscovery\"}]},{\"@type\":\"WebSite\",\"@id\":\"https:\\\/\\\/lovepac.com\\\/en\\\/#website\",\"url\":\"https:\\\/\\\/lovepac.com\\\/en\\\/\",\"name\":\"Lovepac\",\"description\":\"Emballages de bo\u00eetes en carton fiables et de qualit\u00e9 sup\u00e9rieure\",\"publisher\":{\"@id\":\"https:\\\/\\\/lovepac.com\\\/en\\\/#organization\"},\"potentialAction\":[{\"@type\":\"SearchAction\",\"target\":{\"@type\":\"EntryPoint\",\"urlTemplate\":\"https:\\\/\\\/lovepac.com\\\/en\\\/?s={search_term_string}\"},\"query-input\":{\"@type\":\"PropertyValueSpecification\",\"valueRequired\":true,\"valueName\":\"search_term_string\"}}],\"inLanguage\":\"en-US\"},{\"@type\":\"Organization\",\"@id\":\"https:\\\/\\\/lovepac.com\\\/en\\\/#organization\",\"name\":\"Lovepac\",\"url\":\"https:\\\/\\\/lovepac.com\\\/en\\\/\",\"logo\":{\"@type\":\"ImageObject\",\"inLanguage\":\"en-US\",\"@id\":\"https:\\\/\\\/lovepac.com\\\/en\\\/#\\\/schema\\\/logo\\\/image\\\/\",\"url\":\"https:\\\/\\\/lovepac.com\\\/wp-content\\\/uploads\\\/2017\\\/10\\\/Novapac_Blog.jpg\",\"contentUrl\":\"https:\\\/\\\/lovepac.com\\\/wp-content\\\/uploads\\\/2017\\\/10\\\/Novapac_Blog.jpg\",\"width\":1000,\"height\":600,\"caption\":\"Lovepac\"},\"image\":{\"@id\":\"https:\\\/\\\/lovepac.com\\\/en\\\/#\\\/schema\\\/logo\\\/image\\\/\"}}]}<\/script>\n<!-- \/ Yoast SEO plugin. -->","yoast_head_json":{"title":"Custom Packaging Solutions Planning Process","description":"CorrDiscovery is the custom packaging solutions planning phase of Lovepac CorrMethod\u2122. This process helps to discover the right packaging solution for you.","robots":{"index":"index","follow":"follow","max-snippet":"max-snippet:-1","max-image-preview":"max-image-preview:large","max-video-preview":"max-video-preview:-1"},"canonical":"https:\/\/lovepac.com\/en\/corr-method\/step-1-corrdiscovery\/","og_locale":"en_US","og_type":"article","og_title":"Custom Packaging Solutions Planning Process","og_description":"CorrDiscovery is the custom packaging solutions planning phase of Lovepac CorrMethod\u2122. This process helps to discover the right packaging solution for you.","og_url":"https:\/\/lovepac.com\/en\/corr-method\/step-1-corrdiscovery\/","og_site_name":"Lovepac","article_modified_time":"2022-03-17T20:52:40+00:00","og_image":[{"url":"https:\/\/lovepac.com\/wp-content\/uploads\/2012\/09\/images_protective-foam.jpg","type":"","width":"","height":""}],"twitter_card":"summary_large_image","twitter_misc":{"Est. reading time":"1 minute"},"schema":{"@context":"https:\/\/schema.org","@graph":[{"@type":"WebPage","@id":"https:\/\/lovepac.com\/en\/corr-method\/step-1-corrdiscovery\/","url":"https:\/\/lovepac.com\/en\/corr-method\/step-1-corrdiscovery\/","name":"Custom Packaging Solutions Planning Process","isPartOf":{"@id":"https:\/\/lovepac.com\/en\/#website"},"primaryImageOfPage":{"@id":"https:\/\/lovepac.com\/en\/corr-method\/step-1-corrdiscovery\/#primaryimage"},"image":{"@id":"https:\/\/lovepac.com\/en\/corr-method\/step-1-corrdiscovery\/#primaryimage"},"thumbnailUrl":"https:\/\/lovepac.com\/wp-content\/uploads\/2012\/09\/images_protective-foam.jpg","datePublished":"2017-10-06T06:15:38+00:00","dateModified":"2022-03-17T20:52:40+00:00","description":"CorrDiscovery is the custom packaging solutions planning phase of Lovepac CorrMethod\u2122. This process helps to discover the right packaging solution for you.","breadcrumb":{"@id":"https:\/\/lovepac.com\/en\/corr-method\/step-1-corrdiscovery\/#breadcrumb"},"inLanguage":"en-US","potentialAction":[{"@type":"ReadAction","target":["https:\/\/lovepac.com\/en\/corr-method\/step-1-corrdiscovery\/"]}]},{"@type":"ImageObject","inLanguage":"en-US","@id":"https:\/\/lovepac.com\/en\/corr-method\/step-1-corrdiscovery\/#primaryimage","url":"https:\/\/lovepac.com\/wp-content\/uploads\/2012\/09\/images_protective-foam.jpg","contentUrl":"https:\/\/lovepac.com\/wp-content\/uploads\/2012\/09\/images_protective-foam.jpg"},{"@type":"BreadcrumbList","@id":"https:\/\/lovepac.com\/en\/corr-method\/step-1-corrdiscovery\/#breadcrumb","itemListElement":[{"@type":"ListItem","position":1,"name":"Accueil","item":"https:\/\/lovepac.com\/en\/"},{"@type":"ListItem","position":2,"name":"CORR Method","item":"https:\/\/lovepac.com\/en\/corr-method\/"},{"@type":"ListItem","position":3,"name":"Step 1: CorrDiscovery"}]},{"@type":"WebSite","@id":"https:\/\/lovepac.com\/en\/#website","url":"https:\/\/lovepac.com\/en\/","name":"Lovepac","description":"Emballages de bo\u00eetes en carton fiables et de qualit\u00e9 sup\u00e9rieure","publisher":{"@id":"https:\/\/lovepac.com\/en\/#organization"},"potentialAction":[{"@type":"SearchAction","target":{"@type":"EntryPoint","urlTemplate":"https:\/\/lovepac.com\/en\/?s={search_term_string}"},"query-input":{"@type":"PropertyValueSpecification","valueRequired":true,"valueName":"search_term_string"}}],"inLanguage":"en-US"},{"@type":"Organization","@id":"https:\/\/lovepac.com\/en\/#organization","name":"Lovepac","url":"https:\/\/lovepac.com\/en\/","logo":{"@type":"ImageObject","inLanguage":"en-US","@id":"https:\/\/lovepac.com\/en\/#\/schema\/logo\/image\/","url":"https:\/\/lovepac.com\/wp-content\/uploads\/2017\/10\/Novapac_Blog.jpg","contentUrl":"https:\/\/lovepac.com\/wp-content\/uploads\/2017\/10\/Novapac_Blog.jpg","width":1000,"height":600,"caption":"Lovepac"},"image":{"@id":"https:\/\/lovepac.com\/en\/#\/schema\/logo\/image\/"}}]}},"_links":{"self":[{"href":"https:\/\/lovepac.com\/en\/wp-json\/wp\/v2\/pages\/5678","targetHints":{"allow":["GET"]}}],"collection":[{"href":"https:\/\/lovepac.com\/en\/wp-json\/wp\/v2\/pages"}],"about":[{"href":"https:\/\/lovepac.com\/en\/wp-json\/wp\/v2\/types\/page"}],"author":[{"embeddable":true,"href":"https:\/\/lovepac.com\/en\/wp-json\/wp\/v2\/users\/1"}],"replies":[{"embeddable":true,"href":"https:\/\/lovepac.com\/en\/wp-json\/wp\/v2\/comments?post=5678"}],"version-history":[{"count":2,"href":"https:\/\/lovepac.com\/en\/wp-json\/wp\/v2\/pages\/5678\/revisions"}],"predecessor-version":[{"id":8670,"href":"https:\/\/lovepac.com\/en\/wp-json\/wp\/v2\/pages\/5678\/revisions\/8670"}],"up":[{"embeddable":true,"href":"https:\/\/lovepac.com\/en\/wp-json\/wp\/v2\/pages\/5675"}],"wp:attachment":[{"href":"https:\/\/lovepac.com\/en\/wp-json\/wp\/v2\/media?parent=5678"}],"curies":[{"name":"wp","href":"https:\/\/api.w.org\/{rel}","templated":true}]}}