{"id":5680,"date":"2017-10-06T08:16:59","date_gmt":"2017-10-06T06:16:59","guid":{"rendered":"http:\/\/192.99.132.249\/?page_id=5680"},"modified":"2022-03-17T16:51:30","modified_gmt":"2022-03-17T20:51:30","slug":"step-2","status":"publish","type":"page","link":"https:\/\/lovepac.com\/en\/corr-method\/step-2\/","title":{"rendered":"Step 2: CorrConcept"},"content":{"rendered":"<header>\n<h3>CorrConcept for your Packaging Design<\/h3>\n<\/header>\n<section class=\"content test\">\n<h4>Design Expertise for a Long-Term Packaging Partnership<\/h4>\n<p>Our technical engagement with your project provides a great opportunity to improve on your current packaging products and processes. Lovepac\u2019s experienced Design Squad will work to propose the most efficient custom corrugated or foam packaging solution that meets your needs.<\/p>\n<p><img decoding=\"async\" class=\"alignright wp-image-8667 size-full\" style=\"float: right;\" src=\"https:\/\/lovepac.com\/wp-content\/uploads\/2012\/09\/images_box-sketch.jpg\" alt=\"conception d\u2019emballage CorrConcept\" width=\"251\" height=\"239\" border=\"0\">ey elements of the design process include:<\/p>\n<ul>\n<li>Custom packaging designs that work<\/li>\n<li>Price guarantees<\/li>\n<li>Flexible storage solutions<\/li>\n<li>Innovative inventory strategies<\/li>\n<li>Detailed cost analysis<\/li>\n<li>Drop test services specific to your parameters<\/li>\n<\/ul>\n<p>Find out more about the Lovepac CorrDesign\u2122 professional in-house design service.<\/p>\n<\/section>\n","protected":false},"excerpt":{"rendered":"<p>CorrConcept for your Packaging Design Design Expertise for a Long-Term  [&#8230;]<\/p>\n","protected":false},"author":1,"featured_media":0,"parent":5675,"menu_order":26,"comment_status":"closed","ping_status":"closed","template":"side-navigation.php","meta":{"footnotes":""},"class_list":["post-5680","page","type-page","status-publish","hentry"],"yoast_head":"<!-- This site is optimized with the Yoast SEO plugin v27.3 - https:\/\/yoast.com\/product\/yoast-seo-wordpress\/ -->\n<title>Custom Corrugated or Foam Packaging Design Solution<\/title>\n<meta name=\"description\" content=\"CorrConcept process allows Lovepac\u2019s Design Squad to propose the most efficient custom corrugated or foam packaging design solution to meet your needs.\" \/>\n<meta name=\"robots\" content=\"index, follow, max-snippet:-1, max-image-preview:large, max-video-preview:-1\" \/>\n<link rel=\"canonical\" href=\"https:\/\/lovepac.com\/en\/corr-method\/step-2\/\" \/>\n<meta property=\"og:locale\" content=\"en_US\" \/>\n<meta property=\"og:type\" content=\"article\" \/>\n<meta property=\"og:title\" content=\"Custom Corrugated or Foam Packaging Design Solution\" \/>\n<meta property=\"og:description\" content=\"CorrConcept process allows Lovepac\u2019s Design Squad to propose the most efficient custom corrugated or foam packaging design solution to meet your needs.\" \/>\n<meta property=\"og:url\" content=\"https:\/\/lovepac.com\/en\/corr-method\/step-2\/\" \/>\n<meta property=\"og:site_name\" content=\"Lovepac\" \/>\n<meta property=\"article:modified_time\" content=\"2022-03-17T20:51:30+00:00\" \/>\n<meta property=\"og:image\" content=\"https:\/\/lovepac.com\/wp-content\/uploads\/2012\/09\/images_box-sketch.jpg\" \/>\n<meta name=\"twitter:card\" content=\"summary_large_image\" \/>\n<script type=\"application\/ld+json\" class=\"yoast-schema-graph\">{\"@context\":\"https:\\\/\\\/schema.org\",\"@graph\":[{\"@type\":\"WebPage\",\"@id\":\"https:\\\/\\\/lovepac.com\\\/en\\\/corr-method\\\/step-2\\\/\",\"url\":\"https:\\\/\\\/lovepac.com\\\/en\\\/corr-method\\\/step-2\\\/\",\"name\":\"Custom Corrugated or Foam Packaging Design Solution\",\"isPartOf\":{\"@id\":\"https:\\\/\\\/lovepac.com\\\/en\\\/#website\"},\"primaryImageOfPage\":{\"@id\":\"https:\\\/\\\/lovepac.com\\\/en\\\/corr-method\\\/step-2\\\/#primaryimage\"},\"image\":{\"@id\":\"https:\\\/\\\/lovepac.com\\\/en\\\/corr-method\\\/step-2\\\/#primaryimage\"},\"thumbnailUrl\":\"https:\\\/\\\/lovepac.com\\\/wp-content\\\/uploads\\\/2012\\\/09\\\/images_box-sketch.jpg\",\"datePublished\":\"2017-10-06T06:16:59+00:00\",\"dateModified\":\"2022-03-17T20:51:30+00:00\",\"description\":\"CorrConcept process allows Lovepac\u2019s Design Squad to propose the most efficient custom corrugated or foam packaging design solution to meet your needs.\",\"breadcrumb\":{\"@id\":\"https:\\\/\\\/lovepac.com\\\/en\\\/corr-method\\\/step-2\\\/#breadcrumb\"},\"inLanguage\":\"en-US\",\"potentialAction\":[{\"@type\":\"ReadAction\",\"target\":[\"https:\\\/\\\/lovepac.com\\\/en\\\/corr-method\\\/step-2\\\/\"]}]},{\"@type\":\"ImageObject\",\"inLanguage\":\"en-US\",\"@id\":\"https:\\\/\\\/lovepac.com\\\/en\\\/corr-method\\\/step-2\\\/#primaryimage\",\"url\":\"https:\\\/\\\/lovepac.com\\\/wp-content\\\/uploads\\\/2012\\\/09\\\/images_box-sketch.jpg\",\"contentUrl\":\"https:\\\/\\\/lovepac.com\\\/wp-content\\\/uploads\\\/2012\\\/09\\\/images_box-sketch.jpg\"},{\"@type\":\"BreadcrumbList\",\"@id\":\"https:\\\/\\\/lovepac.com\\\/en\\\/corr-method\\\/step-2\\\/#breadcrumb\",\"itemListElement\":[{\"@type\":\"ListItem\",\"position\":1,\"name\":\"Accueil\",\"item\":\"https:\\\/\\\/lovepac.com\\\/en\\\/\"},{\"@type\":\"ListItem\",\"position\":2,\"name\":\"CORR Method\",\"item\":\"https:\\\/\\\/lovepac.com\\\/en\\\/corr-method\\\/\"},{\"@type\":\"ListItem\",\"position\":3,\"name\":\"Step 2: CorrConcept\"}]},{\"@type\":\"WebSite\",\"@id\":\"https:\\\/\\\/lovepac.com\\\/en\\\/#website\",\"url\":\"https:\\\/\\\/lovepac.com\\\/en\\\/\",\"name\":\"Lovepac\",\"description\":\"Emballages de bo\u00eetes en carton fiables et de qualit\u00e9 sup\u00e9rieure\",\"publisher\":{\"@id\":\"https:\\\/\\\/lovepac.com\\\/en\\\/#organization\"},\"potentialAction\":[{\"@type\":\"SearchAction\",\"target\":{\"@type\":\"EntryPoint\",\"urlTemplate\":\"https:\\\/\\\/lovepac.com\\\/en\\\/?s={search_term_string}\"},\"query-input\":{\"@type\":\"PropertyValueSpecification\",\"valueRequired\":true,\"valueName\":\"search_term_string\"}}],\"inLanguage\":\"en-US\"},{\"@type\":\"Organization\",\"@id\":\"https:\\\/\\\/lovepac.com\\\/en\\\/#organization\",\"name\":\"Lovepac\",\"url\":\"https:\\\/\\\/lovepac.com\\\/en\\\/\",\"logo\":{\"@type\":\"ImageObject\",\"inLanguage\":\"en-US\",\"@id\":\"https:\\\/\\\/lovepac.com\\\/en\\\/#\\\/schema\\\/logo\\\/image\\\/\",\"url\":\"https:\\\/\\\/lovepac.com\\\/wp-content\\\/uploads\\\/2017\\\/10\\\/Novapac_Blog.jpg\",\"contentUrl\":\"https:\\\/\\\/lovepac.com\\\/wp-content\\\/uploads\\\/2017\\\/10\\\/Novapac_Blog.jpg\",\"width\":1000,\"height\":600,\"caption\":\"Lovepac\"},\"image\":{\"@id\":\"https:\\\/\\\/lovepac.com\\\/en\\\/#\\\/schema\\\/logo\\\/image\\\/\"}}]}<\/script>\n<!-- \/ Yoast SEO plugin. -->","yoast_head_json":{"title":"Custom Corrugated or Foam Packaging Design Solution","description":"CorrConcept process allows Lovepac\u2019s Design Squad to propose the most efficient custom corrugated or foam packaging design solution to meet your needs.","robots":{"index":"index","follow":"follow","max-snippet":"max-snippet:-1","max-image-preview":"max-image-preview:large","max-video-preview":"max-video-preview:-1"},"canonical":"https:\/\/lovepac.com\/en\/corr-method\/step-2\/","og_locale":"en_US","og_type":"article","og_title":"Custom Corrugated or Foam Packaging Design Solution","og_description":"CorrConcept process allows Lovepac\u2019s Design Squad to propose the most efficient custom corrugated or foam packaging design solution to meet your needs.","og_url":"https:\/\/lovepac.com\/en\/corr-method\/step-2\/","og_site_name":"Lovepac","article_modified_time":"2022-03-17T20:51:30+00:00","og_image":[{"url":"https:\/\/lovepac.com\/wp-content\/uploads\/2012\/09\/images_box-sketch.jpg","type":"","width":"","height":""}],"twitter_card":"summary_large_image","schema":{"@context":"https:\/\/schema.org","@graph":[{"@type":"WebPage","@id":"https:\/\/lovepac.com\/en\/corr-method\/step-2\/","url":"https:\/\/lovepac.com\/en\/corr-method\/step-2\/","name":"Custom Corrugated or Foam Packaging Design Solution","isPartOf":{"@id":"https:\/\/lovepac.com\/en\/#website"},"primaryImageOfPage":{"@id":"https:\/\/lovepac.com\/en\/corr-method\/step-2\/#primaryimage"},"image":{"@id":"https:\/\/lovepac.com\/en\/corr-method\/step-2\/#primaryimage"},"thumbnailUrl":"https:\/\/lovepac.com\/wp-content\/uploads\/2012\/09\/images_box-sketch.jpg","datePublished":"2017-10-06T06:16:59+00:00","dateModified":"2022-03-17T20:51:30+00:00","description":"CorrConcept process allows Lovepac\u2019s Design Squad to propose the most efficient custom corrugated or foam packaging design solution to meet your needs.","breadcrumb":{"@id":"https:\/\/lovepac.com\/en\/corr-method\/step-2\/#breadcrumb"},"inLanguage":"en-US","potentialAction":[{"@type":"ReadAction","target":["https:\/\/lovepac.com\/en\/corr-method\/step-2\/"]}]},{"@type":"ImageObject","inLanguage":"en-US","@id":"https:\/\/lovepac.com\/en\/corr-method\/step-2\/#primaryimage","url":"https:\/\/lovepac.com\/wp-content\/uploads\/2012\/09\/images_box-sketch.jpg","contentUrl":"https:\/\/lovepac.com\/wp-content\/uploads\/2012\/09\/images_box-sketch.jpg"},{"@type":"BreadcrumbList","@id":"https:\/\/lovepac.com\/en\/corr-method\/step-2\/#breadcrumb","itemListElement":[{"@type":"ListItem","position":1,"name":"Accueil","item":"https:\/\/lovepac.com\/en\/"},{"@type":"ListItem","position":2,"name":"CORR Method","item":"https:\/\/lovepac.com\/en\/corr-method\/"},{"@type":"ListItem","position":3,"name":"Step 2: CorrConcept"}]},{"@type":"WebSite","@id":"https:\/\/lovepac.com\/en\/#website","url":"https:\/\/lovepac.com\/en\/","name":"Lovepac","description":"Emballages de bo\u00eetes en carton fiables et de qualit\u00e9 sup\u00e9rieure","publisher":{"@id":"https:\/\/lovepac.com\/en\/#organization"},"potentialAction":[{"@type":"SearchAction","target":{"@type":"EntryPoint","urlTemplate":"https:\/\/lovepac.com\/en\/?s={search_term_string}"},"query-input":{"@type":"PropertyValueSpecification","valueRequired":true,"valueName":"search_term_string"}}],"inLanguage":"en-US"},{"@type":"Organization","@id":"https:\/\/lovepac.com\/en\/#organization","name":"Lovepac","url":"https:\/\/lovepac.com\/en\/","logo":{"@type":"ImageObject","inLanguage":"en-US","@id":"https:\/\/lovepac.com\/en\/#\/schema\/logo\/image\/","url":"https:\/\/lovepac.com\/wp-content\/uploads\/2017\/10\/Novapac_Blog.jpg","contentUrl":"https:\/\/lovepac.com\/wp-content\/uploads\/2017\/10\/Novapac_Blog.jpg","width":1000,"height":600,"caption":"Lovepac"},"image":{"@id":"https:\/\/lovepac.com\/en\/#\/schema\/logo\/image\/"}}]}},"_links":{"self":[{"href":"https:\/\/lovepac.com\/en\/wp-json\/wp\/v2\/pages\/5680","targetHints":{"allow":["GET"]}}],"collection":[{"href":"https:\/\/lovepac.com\/en\/wp-json\/wp\/v2\/pages"}],"about":[{"href":"https:\/\/lovepac.com\/en\/wp-json\/wp\/v2\/types\/page"}],"author":[{"embeddable":true,"href":"https:\/\/lovepac.com\/en\/wp-json\/wp\/v2\/users\/1"}],"replies":[{"embeddable":true,"href":"https:\/\/lovepac.com\/en\/wp-json\/wp\/v2\/comments?post=5680"}],"version-history":[{"count":4,"href":"https:\/\/lovepac.com\/en\/wp-json\/wp\/v2\/pages\/5680\/revisions"}],"predecessor-version":[{"id":9240,"href":"https:\/\/lovepac.com\/en\/wp-json\/wp\/v2\/pages\/5680\/revisions\/9240"}],"up":[{"embeddable":true,"href":"https:\/\/lovepac.com\/en\/wp-json\/wp\/v2\/pages\/5675"}],"wp:attachment":[{"href":"https:\/\/lovepac.com\/en\/wp-json\/wp\/v2\/media?parent=5680"}],"curies":[{"name":"wp","href":"https:\/\/api.w.org\/{rel}","templated":true}]}}