{"id":5682,"date":"2017-10-06T08:19:07","date_gmt":"2017-10-06T06:19:07","guid":{"rendered":"http:\/\/192.99.132.249\/?page_id=5682"},"modified":"2022-03-17T16:50:27","modified_gmt":"2022-03-17T20:50:27","slug":"step-3-corrpackage","status":"publish","type":"page","link":"https:\/\/lovepac.com\/en\/corr-method\/step-3-corrpackage\/","title":{"rendered":"Step 3: CorrPackage"},"content":{"rendered":"<header>\n<h3>CorrPackage: It&#8217;s time for production<\/h3>\n<\/header>\n<section class=\"content test\">\n<h4>An Innovative Approach to Packaging Service, Support, Quality Control and Delivery<\/h4>\n<p>In response to evolving market demand for manufacturing and delivering simple yet innovative custom packaging solutions, our goal first and foremost is to ensure that every customer has complete peace of mind.<\/p>\n<p>We have the tools to deliver a custom corrugate box or protective foam packaging solution that will protect your valuable goods now, and into the future.<\/p>\n<p><img decoding=\"async\" class=\"alignright wp-image-5684 size-full\" style=\"float: right;\" src=\"https:\/\/lovepac.com\/wp-content\/uploads\/2012\/12\/images_boxes-unfolded.jpg\" alt=\"production CorrPackage\" width=\"427\" height=\"285\" border=\"0\" srcset=\"https:\/\/lovepac.com\/wp-content\/uploads\/2012\/12\/images_boxes-unfolded-300x200.jpg 300w, https:\/\/lovepac.com\/wp-content\/uploads\/2012\/12\/images_boxes-unfolded.jpg 427w\" sizes=\"(max-width: 427px) 100vw, 427px\"><\/p>\n<ul>\n<li>Experienced and knowledgeable team of packaging experts<\/li>\n<li>The latest and most innovative technical manufacturing capabilities<\/li>\n<li>Deeply rooted commitment to packaging quality and service excellence<\/li>\n<li>A vision to make the world a better place through collaborative customer relationships<\/li>\n<li>The absolutely highest levels of product value and customer support<\/li>\n<\/ul>\n<h4>Making the Switch: No Confrontations. No Risk. No Hassle.<\/h4>\n<p>The most intimidating step to working with a new packaging solutions provider can be transitioning the tooling and artwork from your existing supplier. Lovepac is committed to representing your company professionally, respectfully, and with dignity.<\/p>\n<p>Find out more about the Lovepac No Hassle CorrSwitchover Management Program\u2122.<\/p>\n<\/section>\n","protected":false},"excerpt":{"rendered":"<p>CorrPackage: It&#8217;s time for production An Innovative Approach to Packaging  [&#8230;]<\/p>\n","protected":false},"author":1,"featured_media":0,"parent":5675,"menu_order":25,"comment_status":"closed","ping_status":"closed","template":"side-navigation.php","meta":{"footnotes":""},"class_list":["post-5682","page","type-page","status-publish","hentry"],"yoast_head":"<!-- This site is optimized with the Yoast SEO plugin v27.3 - https:\/\/yoast.com\/product\/yoast-seo-wordpress\/ -->\n<title>Custom Corrugate Box or Protective Foam Package Production<\/title>\n<meta name=\"description\" content=\"Lovepac CorrPackage phase results in custom corrugate box or protective foam package production with complete peace of mind for our clients.\" \/>\n<meta name=\"robots\" content=\"index, follow, max-snippet:-1, max-image-preview:large, max-video-preview:-1\" \/>\n<link rel=\"canonical\" href=\"https:\/\/lovepac.com\/en\/corr-method\/step-3-corrpackage\/\" \/>\n<meta property=\"og:locale\" content=\"en_US\" \/>\n<meta property=\"og:type\" content=\"article\" \/>\n<meta property=\"og:title\" content=\"Custom Corrugate Box or Protective Foam Package Production\" \/>\n<meta property=\"og:description\" content=\"Lovepac CorrPackage phase results in custom corrugate box or protective foam package production with complete peace of mind for our clients.\" \/>\n<meta property=\"og:url\" content=\"https:\/\/lovepac.com\/en\/corr-method\/step-3-corrpackage\/\" \/>\n<meta property=\"og:site_name\" content=\"Lovepac\" \/>\n<meta property=\"article:modified_time\" content=\"2022-03-17T20:50:27+00:00\" \/>\n<meta property=\"og:image\" content=\"https:\/\/lovepac.com\/wp-content\/uploads\/2012\/12\/images_boxes-unfolded.jpg\" \/>\n<meta name=\"twitter:card\" content=\"summary_large_image\" \/>\n<meta name=\"twitter:label1\" content=\"Est. reading time\" \/>\n\t<meta name=\"twitter:data1\" content=\"1 minute\" \/>\n<script type=\"application\/ld+json\" class=\"yoast-schema-graph\">{\"@context\":\"https:\\\/\\\/schema.org\",\"@graph\":[{\"@type\":\"WebPage\",\"@id\":\"https:\\\/\\\/lovepac.com\\\/en\\\/corr-method\\\/step-3-corrpackage\\\/\",\"url\":\"https:\\\/\\\/lovepac.com\\\/en\\\/corr-method\\\/step-3-corrpackage\\\/\",\"name\":\"Custom Corrugate Box or Protective Foam Package Production\",\"isPartOf\":{\"@id\":\"https:\\\/\\\/lovepac.com\\\/en\\\/#website\"},\"primaryImageOfPage\":{\"@id\":\"https:\\\/\\\/lovepac.com\\\/en\\\/corr-method\\\/step-3-corrpackage\\\/#primaryimage\"},\"image\":{\"@id\":\"https:\\\/\\\/lovepac.com\\\/en\\\/corr-method\\\/step-3-corrpackage\\\/#primaryimage\"},\"thumbnailUrl\":\"https:\\\/\\\/lovepac.com\\\/wp-content\\\/uploads\\\/2012\\\/12\\\/images_boxes-unfolded.jpg\",\"datePublished\":\"2017-10-06T06:19:07+00:00\",\"dateModified\":\"2022-03-17T20:50:27+00:00\",\"description\":\"Lovepac CorrPackage phase results in custom corrugate box or protective foam package production with complete peace of mind for our clients.\",\"breadcrumb\":{\"@id\":\"https:\\\/\\\/lovepac.com\\\/en\\\/corr-method\\\/step-3-corrpackage\\\/#breadcrumb\"},\"inLanguage\":\"en-US\",\"potentialAction\":[{\"@type\":\"ReadAction\",\"target\":[\"https:\\\/\\\/lovepac.com\\\/en\\\/corr-method\\\/step-3-corrpackage\\\/\"]}]},{\"@type\":\"ImageObject\",\"inLanguage\":\"en-US\",\"@id\":\"https:\\\/\\\/lovepac.com\\\/en\\\/corr-method\\\/step-3-corrpackage\\\/#primaryimage\",\"url\":\"https:\\\/\\\/lovepac.com\\\/wp-content\\\/uploads\\\/2012\\\/12\\\/images_boxes-unfolded.jpg\",\"contentUrl\":\"https:\\\/\\\/lovepac.com\\\/wp-content\\\/uploads\\\/2012\\\/12\\\/images_boxes-unfolded.jpg\"},{\"@type\":\"BreadcrumbList\",\"@id\":\"https:\\\/\\\/lovepac.com\\\/en\\\/corr-method\\\/step-3-corrpackage\\\/#breadcrumb\",\"itemListElement\":[{\"@type\":\"ListItem\",\"position\":1,\"name\":\"Accueil\",\"item\":\"https:\\\/\\\/lovepac.com\\\/en\\\/\"},{\"@type\":\"ListItem\",\"position\":2,\"name\":\"CORR Method\",\"item\":\"https:\\\/\\\/lovepac.com\\\/en\\\/corr-method\\\/\"},{\"@type\":\"ListItem\",\"position\":3,\"name\":\"Step 3: CorrPackage\"}]},{\"@type\":\"WebSite\",\"@id\":\"https:\\\/\\\/lovepac.com\\\/en\\\/#website\",\"url\":\"https:\\\/\\\/lovepac.com\\\/en\\\/\",\"name\":\"Lovepac\",\"description\":\"Emballages de bo\u00eetes en carton fiables et de qualit\u00e9 sup\u00e9rieure\",\"publisher\":{\"@id\":\"https:\\\/\\\/lovepac.com\\\/en\\\/#organization\"},\"potentialAction\":[{\"@type\":\"SearchAction\",\"target\":{\"@type\":\"EntryPoint\",\"urlTemplate\":\"https:\\\/\\\/lovepac.com\\\/en\\\/?s={search_term_string}\"},\"query-input\":{\"@type\":\"PropertyValueSpecification\",\"valueRequired\":true,\"valueName\":\"search_term_string\"}}],\"inLanguage\":\"en-US\"},{\"@type\":\"Organization\",\"@id\":\"https:\\\/\\\/lovepac.com\\\/en\\\/#organization\",\"name\":\"Lovepac\",\"url\":\"https:\\\/\\\/lovepac.com\\\/en\\\/\",\"logo\":{\"@type\":\"ImageObject\",\"inLanguage\":\"en-US\",\"@id\":\"https:\\\/\\\/lovepac.com\\\/en\\\/#\\\/schema\\\/logo\\\/image\\\/\",\"url\":\"https:\\\/\\\/lovepac.com\\\/wp-content\\\/uploads\\\/2017\\\/10\\\/Novapac_Blog.jpg\",\"contentUrl\":\"https:\\\/\\\/lovepac.com\\\/wp-content\\\/uploads\\\/2017\\\/10\\\/Novapac_Blog.jpg\",\"width\":1000,\"height\":600,\"caption\":\"Lovepac\"},\"image\":{\"@id\":\"https:\\\/\\\/lovepac.com\\\/en\\\/#\\\/schema\\\/logo\\\/image\\\/\"}}]}<\/script>\n<!-- \/ Yoast SEO plugin. -->","yoast_head_json":{"title":"Custom Corrugate Box or Protective Foam Package Production","description":"Lovepac CorrPackage phase results in custom corrugate box or protective foam package production with complete peace of mind for our clients.","robots":{"index":"index","follow":"follow","max-snippet":"max-snippet:-1","max-image-preview":"max-image-preview:large","max-video-preview":"max-video-preview:-1"},"canonical":"https:\/\/lovepac.com\/en\/corr-method\/step-3-corrpackage\/","og_locale":"en_US","og_type":"article","og_title":"Custom Corrugate Box or Protective Foam Package Production","og_description":"Lovepac CorrPackage phase results in custom corrugate box or protective foam package production with complete peace of mind for our clients.","og_url":"https:\/\/lovepac.com\/en\/corr-method\/step-3-corrpackage\/","og_site_name":"Lovepac","article_modified_time":"2022-03-17T20:50:27+00:00","og_image":[{"url":"https:\/\/lovepac.com\/wp-content\/uploads\/2012\/12\/images_boxes-unfolded.jpg","type":"","width":"","height":""}],"twitter_card":"summary_large_image","twitter_misc":{"Est. reading time":"1 minute"},"schema":{"@context":"https:\/\/schema.org","@graph":[{"@type":"WebPage","@id":"https:\/\/lovepac.com\/en\/corr-method\/step-3-corrpackage\/","url":"https:\/\/lovepac.com\/en\/corr-method\/step-3-corrpackage\/","name":"Custom Corrugate Box or Protective Foam Package Production","isPartOf":{"@id":"https:\/\/lovepac.com\/en\/#website"},"primaryImageOfPage":{"@id":"https:\/\/lovepac.com\/en\/corr-method\/step-3-corrpackage\/#primaryimage"},"image":{"@id":"https:\/\/lovepac.com\/en\/corr-method\/step-3-corrpackage\/#primaryimage"},"thumbnailUrl":"https:\/\/lovepac.com\/wp-content\/uploads\/2012\/12\/images_boxes-unfolded.jpg","datePublished":"2017-10-06T06:19:07+00:00","dateModified":"2022-03-17T20:50:27+00:00","description":"Lovepac CorrPackage phase results in custom corrugate box or protective foam package production with complete peace of mind for our clients.","breadcrumb":{"@id":"https:\/\/lovepac.com\/en\/corr-method\/step-3-corrpackage\/#breadcrumb"},"inLanguage":"en-US","potentialAction":[{"@type":"ReadAction","target":["https:\/\/lovepac.com\/en\/corr-method\/step-3-corrpackage\/"]}]},{"@type":"ImageObject","inLanguage":"en-US","@id":"https:\/\/lovepac.com\/en\/corr-method\/step-3-corrpackage\/#primaryimage","url":"https:\/\/lovepac.com\/wp-content\/uploads\/2012\/12\/images_boxes-unfolded.jpg","contentUrl":"https:\/\/lovepac.com\/wp-content\/uploads\/2012\/12\/images_boxes-unfolded.jpg"},{"@type":"BreadcrumbList","@id":"https:\/\/lovepac.com\/en\/corr-method\/step-3-corrpackage\/#breadcrumb","itemListElement":[{"@type":"ListItem","position":1,"name":"Accueil","item":"https:\/\/lovepac.com\/en\/"},{"@type":"ListItem","position":2,"name":"CORR Method","item":"https:\/\/lovepac.com\/en\/corr-method\/"},{"@type":"ListItem","position":3,"name":"Step 3: CorrPackage"}]},{"@type":"WebSite","@id":"https:\/\/lovepac.com\/en\/#website","url":"https:\/\/lovepac.com\/en\/","name":"Lovepac","description":"Emballages de bo\u00eetes en carton fiables et de qualit\u00e9 sup\u00e9rieure","publisher":{"@id":"https:\/\/lovepac.com\/en\/#organization"},"potentialAction":[{"@type":"SearchAction","target":{"@type":"EntryPoint","urlTemplate":"https:\/\/lovepac.com\/en\/?s={search_term_string}"},"query-input":{"@type":"PropertyValueSpecification","valueRequired":true,"valueName":"search_term_string"}}],"inLanguage":"en-US"},{"@type":"Organization","@id":"https:\/\/lovepac.com\/en\/#organization","name":"Lovepac","url":"https:\/\/lovepac.com\/en\/","logo":{"@type":"ImageObject","inLanguage":"en-US","@id":"https:\/\/lovepac.com\/en\/#\/schema\/logo\/image\/","url":"https:\/\/lovepac.com\/wp-content\/uploads\/2017\/10\/Novapac_Blog.jpg","contentUrl":"https:\/\/lovepac.com\/wp-content\/uploads\/2017\/10\/Novapac_Blog.jpg","width":1000,"height":600,"caption":"Lovepac"},"image":{"@id":"https:\/\/lovepac.com\/en\/#\/schema\/logo\/image\/"}}]}},"_links":{"self":[{"href":"https:\/\/lovepac.com\/en\/wp-json\/wp\/v2\/pages\/5682","targetHints":{"allow":["GET"]}}],"collection":[{"href":"https:\/\/lovepac.com\/en\/wp-json\/wp\/v2\/pages"}],"about":[{"href":"https:\/\/lovepac.com\/en\/wp-json\/wp\/v2\/types\/page"}],"author":[{"embeddable":true,"href":"https:\/\/lovepac.com\/en\/wp-json\/wp\/v2\/users\/1"}],"replies":[{"embeddable":true,"href":"https:\/\/lovepac.com\/en\/wp-json\/wp\/v2\/comments?post=5682"}],"version-history":[{"count":2,"href":"https:\/\/lovepac.com\/en\/wp-json\/wp\/v2\/pages\/5682\/revisions"}],"predecessor-version":[{"id":8665,"href":"https:\/\/lovepac.com\/en\/wp-json\/wp\/v2\/pages\/5682\/revisions\/8665"}],"up":[{"embeddable":true,"href":"https:\/\/lovepac.com\/en\/wp-json\/wp\/v2\/pages\/5675"}],"wp:attachment":[{"href":"https:\/\/lovepac.com\/en\/wp-json\/wp\/v2\/media?parent=5682"}],"curies":[{"name":"wp","href":"https:\/\/api.w.org\/{rel}","templated":true}]}}