{"id":5687,"date":"2017-10-06T08:20:35","date_gmt":"2017-10-06T06:20:35","guid":{"rendered":"http:\/\/192.99.132.249\/?page_id=5687"},"modified":"2022-03-17T16:47:50","modified_gmt":"2022-03-17T20:47:50","slug":"step-4-corrcare","status":"publish","type":"page","link":"https:\/\/lovepac.com\/en\/corr-method\/step-4-corrcare\/","title":{"rendered":"Step 4: CorrCare\u2122"},"content":{"rendered":"<header>\n<h3>CorrCare\u2122: Welcome to our customer service<\/h3>\n<\/header>\n<section class=\"content test\">\n<h4>The Custom Protective Packaging Info You Need, When you Need It!<\/h4>\n<p>Setting the Lovepac team apart is our passion for personalized customer service. The CorrCare\u2122 team understands that innovative design and successful protective packaging solutions require working as partners to meet your goals.<\/p>\n<p><img decoding=\"async\" class=\"alignright wp-image-5530\" src=\"https:\/\/lovepac.com\/wp-content\/uploads\/2012\/09\/images_foam-in-box.jpg\" alt=\"Service \u00e0 la client\u00e8le CorrCare\" width=\"418\" height=\"258\" border=\"0\" srcset=\"https:\/\/lovepac.com\/wp-content\/uploads\/2012\/09\/images_foam-in-box-300x185.jpg 300w, https:\/\/lovepac.com\/wp-content\/uploads\/2012\/09\/images_foam-in-box.jpg 532w\" sizes=\"(max-width: 418px) 100vw, 418px\"><\/p>\n<p>Our dynamic and personalized process is structured to deliver corrugated, foam, and crating packaging products the way every customer wants it, when they want it. At Lovepac, customer care guides all that we do.<\/p>\n<p><a href=\"https:\/\/lovepac.com\/en\/home\/contact-us\/\">Find out more about Lovepac\u2019s precedent-setting CorrCare\u2122 customer service program.<\/a><\/p>\n<\/section>\n","protected":false},"excerpt":{"rendered":"<p>CorrCare\u2122: Welcome to our customer service The Custom Protective Packaging  [&#8230;]<\/p>\n","protected":false},"author":1,"featured_media":0,"parent":5675,"menu_order":24,"comment_status":"closed","ping_status":"closed","template":"side-navigation.php","meta":{"footnotes":""},"class_list":["post-5687","page","type-page","status-publish","hentry"],"yoast_head":"<!-- This site is optimized with the Yoast SEO plugin v27.5 - https:\/\/yoast.com\/product\/yoast-seo-wordpress\/ -->\n<title>Custom Protective Packaging Customer Service<\/title>\n<meta name=\"description\" content=\"Lovepac CorrCare is personalized customer service allowing us to deliver custom protective packaging products that meet our customers\u2019 needs.\" \/>\n<meta name=\"robots\" content=\"index, follow, max-snippet:-1, max-image-preview:large, max-video-preview:-1\" \/>\n<link rel=\"canonical\" href=\"https:\/\/lovepac.com\/en\/corr-method\/step-4-corrcare\/\" \/>\n<meta property=\"og:locale\" content=\"en_US\" \/>\n<meta property=\"og:type\" content=\"article\" \/>\n<meta property=\"og:title\" content=\"Custom Protective Packaging Customer Service\" \/>\n<meta property=\"og:description\" content=\"Lovepac CorrCare is personalized customer service allowing us to deliver custom protective packaging products that meet our customers\u2019 needs.\" \/>\n<meta property=\"og:url\" content=\"https:\/\/lovepac.com\/en\/corr-method\/step-4-corrcare\/\" \/>\n<meta property=\"og:site_name\" content=\"Lovepac\" \/>\n<meta property=\"article:modified_time\" content=\"2022-03-17T20:47:50+00:00\" \/>\n<meta property=\"og:image\" content=\"https:\/\/lovepac.com\/wp-content\/uploads\/2012\/09\/images_foam-in-box.jpg\" \/>\n<meta name=\"twitter:card\" content=\"summary_large_image\" \/>\n<script type=\"application\/ld+json\" class=\"yoast-schema-graph\">{\"@context\":\"https:\\\/\\\/schema.org\",\"@graph\":[{\"@type\":\"WebPage\",\"@id\":\"https:\\\/\\\/lovepac.com\\\/en\\\/corr-method\\\/step-4-corrcare\\\/\",\"url\":\"https:\\\/\\\/lovepac.com\\\/en\\\/corr-method\\\/step-4-corrcare\\\/\",\"name\":\"Custom Protective Packaging Customer Service\",\"isPartOf\":{\"@id\":\"https:\\\/\\\/lovepac.com\\\/en\\\/#website\"},\"primaryImageOfPage\":{\"@id\":\"https:\\\/\\\/lovepac.com\\\/en\\\/corr-method\\\/step-4-corrcare\\\/#primaryimage\"},\"image\":{\"@id\":\"https:\\\/\\\/lovepac.com\\\/en\\\/corr-method\\\/step-4-corrcare\\\/#primaryimage\"},\"thumbnailUrl\":\"https:\\\/\\\/lovepac.com\\\/wp-content\\\/uploads\\\/2012\\\/09\\\/images_foam-in-box.jpg\",\"datePublished\":\"2017-10-06T06:20:35+00:00\",\"dateModified\":\"2022-03-17T20:47:50+00:00\",\"description\":\"Lovepac CorrCare is personalized customer service allowing us to deliver custom protective packaging products that meet our customers\u2019 needs.\",\"breadcrumb\":{\"@id\":\"https:\\\/\\\/lovepac.com\\\/en\\\/corr-method\\\/step-4-corrcare\\\/#breadcrumb\"},\"inLanguage\":\"en-US\",\"potentialAction\":[{\"@type\":\"ReadAction\",\"target\":[\"https:\\\/\\\/lovepac.com\\\/en\\\/corr-method\\\/step-4-corrcare\\\/\"]}]},{\"@type\":\"ImageObject\",\"inLanguage\":\"en-US\",\"@id\":\"https:\\\/\\\/lovepac.com\\\/en\\\/corr-method\\\/step-4-corrcare\\\/#primaryimage\",\"url\":\"https:\\\/\\\/lovepac.com\\\/wp-content\\\/uploads\\\/2012\\\/09\\\/images_foam-in-box.jpg\",\"contentUrl\":\"https:\\\/\\\/lovepac.com\\\/wp-content\\\/uploads\\\/2012\\\/09\\\/images_foam-in-box.jpg\"},{\"@type\":\"BreadcrumbList\",\"@id\":\"https:\\\/\\\/lovepac.com\\\/en\\\/corr-method\\\/step-4-corrcare\\\/#breadcrumb\",\"itemListElement\":[{\"@type\":\"ListItem\",\"position\":1,\"name\":\"Accueil\",\"item\":\"https:\\\/\\\/lovepac.com\\\/en\\\/\"},{\"@type\":\"ListItem\",\"position\":2,\"name\":\"CORR Method\",\"item\":\"https:\\\/\\\/lovepac.com\\\/en\\\/corr-method\\\/\"},{\"@type\":\"ListItem\",\"position\":3,\"name\":\"Step 4: CorrCare\u2122\"}]},{\"@type\":\"WebSite\",\"@id\":\"https:\\\/\\\/lovepac.com\\\/en\\\/#website\",\"url\":\"https:\\\/\\\/lovepac.com\\\/en\\\/\",\"name\":\"Lovepac\",\"description\":\"Emballages de bo\u00eetes en carton fiables et de qualit\u00e9 sup\u00e9rieure\",\"publisher\":{\"@id\":\"https:\\\/\\\/lovepac.com\\\/en\\\/#organization\"},\"potentialAction\":[{\"@type\":\"SearchAction\",\"target\":{\"@type\":\"EntryPoint\",\"urlTemplate\":\"https:\\\/\\\/lovepac.com\\\/en\\\/?s={search_term_string}\"},\"query-input\":{\"@type\":\"PropertyValueSpecification\",\"valueRequired\":true,\"valueName\":\"search_term_string\"}}],\"inLanguage\":\"en-US\"},{\"@type\":\"Organization\",\"@id\":\"https:\\\/\\\/lovepac.com\\\/en\\\/#organization\",\"name\":\"Lovepac\",\"url\":\"https:\\\/\\\/lovepac.com\\\/en\\\/\",\"logo\":{\"@type\":\"ImageObject\",\"inLanguage\":\"en-US\",\"@id\":\"https:\\\/\\\/lovepac.com\\\/en\\\/#\\\/schema\\\/logo\\\/image\\\/\",\"url\":\"https:\\\/\\\/lovepac.com\\\/wp-content\\\/uploads\\\/2017\\\/10\\\/Novapac_Blog.jpg\",\"contentUrl\":\"https:\\\/\\\/lovepac.com\\\/wp-content\\\/uploads\\\/2017\\\/10\\\/Novapac_Blog.jpg\",\"width\":1000,\"height\":600,\"caption\":\"Lovepac\"},\"image\":{\"@id\":\"https:\\\/\\\/lovepac.com\\\/en\\\/#\\\/schema\\\/logo\\\/image\\\/\"}}]}<\/script>\n<!-- \/ Yoast SEO plugin. -->","yoast_head_json":{"title":"Custom Protective Packaging Customer Service","description":"Lovepac CorrCare is personalized customer service allowing us to deliver custom protective packaging products that meet our customers\u2019 needs.","robots":{"index":"index","follow":"follow","max-snippet":"max-snippet:-1","max-image-preview":"max-image-preview:large","max-video-preview":"max-video-preview:-1"},"canonical":"https:\/\/lovepac.com\/en\/corr-method\/step-4-corrcare\/","og_locale":"en_US","og_type":"article","og_title":"Custom Protective Packaging Customer Service","og_description":"Lovepac CorrCare is personalized customer service allowing us to deliver custom protective packaging products that meet our customers\u2019 needs.","og_url":"https:\/\/lovepac.com\/en\/corr-method\/step-4-corrcare\/","og_site_name":"Lovepac","article_modified_time":"2022-03-17T20:47:50+00:00","og_image":[{"url":"https:\/\/lovepac.com\/wp-content\/uploads\/2012\/09\/images_foam-in-box.jpg","type":"","width":"","height":""}],"twitter_card":"summary_large_image","schema":{"@context":"https:\/\/schema.org","@graph":[{"@type":"WebPage","@id":"https:\/\/lovepac.com\/en\/corr-method\/step-4-corrcare\/","url":"https:\/\/lovepac.com\/en\/corr-method\/step-4-corrcare\/","name":"Custom Protective Packaging Customer Service","isPartOf":{"@id":"https:\/\/lovepac.com\/en\/#website"},"primaryImageOfPage":{"@id":"https:\/\/lovepac.com\/en\/corr-method\/step-4-corrcare\/#primaryimage"},"image":{"@id":"https:\/\/lovepac.com\/en\/corr-method\/step-4-corrcare\/#primaryimage"},"thumbnailUrl":"https:\/\/lovepac.com\/wp-content\/uploads\/2012\/09\/images_foam-in-box.jpg","datePublished":"2017-10-06T06:20:35+00:00","dateModified":"2022-03-17T20:47:50+00:00","description":"Lovepac CorrCare is personalized customer service allowing us to deliver custom protective packaging products that meet our customers\u2019 needs.","breadcrumb":{"@id":"https:\/\/lovepac.com\/en\/corr-method\/step-4-corrcare\/#breadcrumb"},"inLanguage":"en-US","potentialAction":[{"@type":"ReadAction","target":["https:\/\/lovepac.com\/en\/corr-method\/step-4-corrcare\/"]}]},{"@type":"ImageObject","inLanguage":"en-US","@id":"https:\/\/lovepac.com\/en\/corr-method\/step-4-corrcare\/#primaryimage","url":"https:\/\/lovepac.com\/wp-content\/uploads\/2012\/09\/images_foam-in-box.jpg","contentUrl":"https:\/\/lovepac.com\/wp-content\/uploads\/2012\/09\/images_foam-in-box.jpg"},{"@type":"BreadcrumbList","@id":"https:\/\/lovepac.com\/en\/corr-method\/step-4-corrcare\/#breadcrumb","itemListElement":[{"@type":"ListItem","position":1,"name":"Accueil","item":"https:\/\/lovepac.com\/en\/"},{"@type":"ListItem","position":2,"name":"CORR Method","item":"https:\/\/lovepac.com\/en\/corr-method\/"},{"@type":"ListItem","position":3,"name":"Step 4: CorrCare\u2122"}]},{"@type":"WebSite","@id":"https:\/\/lovepac.com\/en\/#website","url":"https:\/\/lovepac.com\/en\/","name":"Lovepac","description":"Emballages de bo\u00eetes en carton fiables et de qualit\u00e9 sup\u00e9rieure","publisher":{"@id":"https:\/\/lovepac.com\/en\/#organization"},"potentialAction":[{"@type":"SearchAction","target":{"@type":"EntryPoint","urlTemplate":"https:\/\/lovepac.com\/en\/?s={search_term_string}"},"query-input":{"@type":"PropertyValueSpecification","valueRequired":true,"valueName":"search_term_string"}}],"inLanguage":"en-US"},{"@type":"Organization","@id":"https:\/\/lovepac.com\/en\/#organization","name":"Lovepac","url":"https:\/\/lovepac.com\/en\/","logo":{"@type":"ImageObject","inLanguage":"en-US","@id":"https:\/\/lovepac.com\/en\/#\/schema\/logo\/image\/","url":"https:\/\/lovepac.com\/wp-content\/uploads\/2017\/10\/Novapac_Blog.jpg","contentUrl":"https:\/\/lovepac.com\/wp-content\/uploads\/2017\/10\/Novapac_Blog.jpg","width":1000,"height":600,"caption":"Lovepac"},"image":{"@id":"https:\/\/lovepac.com\/en\/#\/schema\/logo\/image\/"}}]}},"_links":{"self":[{"href":"https:\/\/lovepac.com\/en\/wp-json\/wp\/v2\/pages\/5687","targetHints":{"allow":["GET"]}}],"collection":[{"href":"https:\/\/lovepac.com\/en\/wp-json\/wp\/v2\/pages"}],"about":[{"href":"https:\/\/lovepac.com\/en\/wp-json\/wp\/v2\/types\/page"}],"author":[{"embeddable":true,"href":"https:\/\/lovepac.com\/en\/wp-json\/wp\/v2\/users\/1"}],"replies":[{"embeddable":true,"href":"https:\/\/lovepac.com\/en\/wp-json\/wp\/v2\/comments?post=5687"}],"version-history":[{"count":3,"href":"https:\/\/lovepac.com\/en\/wp-json\/wp\/v2\/pages\/5687\/revisions"}],"predecessor-version":[{"id":8664,"href":"https:\/\/lovepac.com\/en\/wp-json\/wp\/v2\/pages\/5687\/revisions\/8664"}],"up":[{"embeddable":true,"href":"https:\/\/lovepac.com\/en\/wp-json\/wp\/v2\/pages\/5675"}],"wp:attachment":[{"href":"https:\/\/lovepac.com\/en\/wp-json\/wp\/v2\/media?parent=5687"}],"curies":[{"name":"wp","href":"https:\/\/api.w.org\/{rel}","templated":true}]}}