{"id":5697,"date":"2017-10-06T08:30:32","date_gmt":"2017-10-06T06:30:32","guid":{"rendered":"http:\/\/192.99.132.249\/?page_id=5697"},"modified":"2022-03-17T17:00:40","modified_gmt":"2022-03-17T21:00:40","slug":"our-philosophy","status":"publish","type":"page","link":"https:\/\/lovepac.com\/en\/about-us\/our-philosophy\/","title":{"rendered":"Our Philosophy"},"content":{"rendered":"<h3>Our Philosophy<\/h3>\n<h4>Lovepac C.A.R.E.S.<\/h4>\n<p>Across all aspects of the design and manufacturing process, our company\u2019s value system is based on the following tenets of packaging success:<\/p>\n<p><img decoding=\"async\" class=\"alignright\" style=\"float: right; margin: -65px -98px -52px -47px;\" src=\"\/wp-content\/uploads\/2012\/09\/images_box.jpg\" border=\"0\" \/><\/p>\n<ul>\n<li><strong>C<\/strong>ontinuous improvement<\/li>\n<li><strong>A<\/strong>ttitude<\/li>\n<li><strong>R<\/strong>espect<\/li>\n<li><strong>E<\/strong>xcellence<\/li>\n<li><strong>S<\/strong>ustainability<\/li>\n<\/ul>\n<p>\nBy abiding to these core values, every member of the Lovepac team remains personally committed to helping businesses make custom protective packaging choices that consistently translate into the highest level of care.<\/p>\n<p><a href=\"https:\/\/lovepac.com\/corr-method\/corrcare-welcome-to-our-customer-service\">Find out more about Lovepac CorrCare\u2122, the custom packaging industry\u2019s leading customer service program.<\/a><\/p>\n<h4>Vision<\/h4>\n<p>To continue to grow through efficiencies that contribute to real economies of scale. The attitude of our employees and respect towards each other thought out this journey will be world class, while striving for excellence in our environmental practices.<\/p>\n<p>Our approach to market is to provide customer intimacy and a quality product where customer service is number one.<\/p>\n<p>We produce all of what we do, including foam, corrugated, crating, corrugated plastic, kitting, and displays. Our services include design, samples, layered inventory, on time delivery, and consulting services.<\/p>\n<p>We are a local business servicing Montreal, Ottawa, Quebec, and Mexico within 160 kms of our facilities.<\/p>\n<h4>Mission<\/h4>\n<p>We will continuously improve our products, people, and expertise. Our attitude and respect towards our employees, clients, and stakeholders will be second to none. Striving for excellence in a competitive industry where we are sustainable in our approach.<\/p>\n<\/section>\n","protected":false},"excerpt":{"rendered":"<p>Our Philosophy Lovepac C.A.R.E.S. Across all aspects of the design  [&#8230;]<\/p>\n","protected":false},"author":1,"featured_media":0,"parent":5695,"menu_order":23,"comment_status":"closed","ping_status":"closed","template":"side-navigation.php","meta":{"footnotes":""},"class_list":["post-5697","page","type-page","status-publish","hentry"],"yoast_head":"<!-- This site is optimized with the Yoast SEO plugin v27.5 - https:\/\/yoast.com\/product\/yoast-seo-wordpress\/ -->\n<title>Protective Packaging Solutions Philosophy | Lovepac<\/title>\n<meta name=\"description\" content=\"Lovepac offers protective packaging solutions with the philosophy of helping businesses make choices consistently translating into the highest level of care.\" \/>\n<meta name=\"robots\" content=\"index, follow, max-snippet:-1, max-image-preview:large, max-video-preview:-1\" \/>\n<link rel=\"canonical\" href=\"https:\/\/lovepac.com\/en\/about-us\/our-philosophy\/\" \/>\n<meta property=\"og:locale\" content=\"en_US\" \/>\n<meta property=\"og:type\" content=\"article\" \/>\n<meta property=\"og:title\" content=\"Protective Packaging Solutions Philosophy | Lovepac\" \/>\n<meta property=\"og:description\" content=\"Lovepac offers protective packaging solutions with the philosophy of helping businesses make choices consistently translating into the highest level of care.\" \/>\n<meta property=\"og:url\" content=\"https:\/\/lovepac.com\/en\/about-us\/our-philosophy\/\" \/>\n<meta property=\"og:site_name\" content=\"Lovepac\" \/>\n<meta property=\"article:modified_time\" content=\"2022-03-17T21:00:40+00:00\" \/>\n<meta property=\"og:image\" content=\"https:\/\/lovepac.com\/wp-content\/uploads\/2012\/09\/images_box.jpg\" \/>\n<meta name=\"twitter:card\" content=\"summary_large_image\" \/>\n<meta name=\"twitter:label1\" content=\"Est. reading time\" \/>\n\t<meta name=\"twitter:data1\" content=\"1 minute\" \/>\n<script type=\"application\/ld+json\" class=\"yoast-schema-graph\">{\"@context\":\"https:\\\/\\\/schema.org\",\"@graph\":[{\"@type\":\"WebPage\",\"@id\":\"https:\\\/\\\/lovepac.com\\\/en\\\/about-us\\\/our-philosophy\\\/\",\"url\":\"https:\\\/\\\/lovepac.com\\\/en\\\/about-us\\\/our-philosophy\\\/\",\"name\":\"Protective Packaging Solutions Philosophy | Lovepac\",\"isPartOf\":{\"@id\":\"https:\\\/\\\/lovepac.com\\\/en\\\/#website\"},\"datePublished\":\"2017-10-06T06:30:32+00:00\",\"dateModified\":\"2022-03-17T21:00:40+00:00\",\"description\":\"Lovepac offers protective packaging solutions with the philosophy of helping businesses make choices consistently translating into the highest level of care.\",\"breadcrumb\":{\"@id\":\"https:\\\/\\\/lovepac.com\\\/en\\\/about-us\\\/our-philosophy\\\/#breadcrumb\"},\"inLanguage\":\"en-US\",\"potentialAction\":[{\"@type\":\"ReadAction\",\"target\":[\"https:\\\/\\\/lovepac.com\\\/en\\\/about-us\\\/our-philosophy\\\/\"]}]},{\"@type\":\"BreadcrumbList\",\"@id\":\"https:\\\/\\\/lovepac.com\\\/en\\\/about-us\\\/our-philosophy\\\/#breadcrumb\",\"itemListElement\":[{\"@type\":\"ListItem\",\"position\":1,\"name\":\"Accueil\",\"item\":\"https:\\\/\\\/lovepac.com\\\/en\\\/\"},{\"@type\":\"ListItem\",\"position\":2,\"name\":\"About Us\",\"item\":\"https:\\\/\\\/lovepac.com\\\/en\\\/a-propos\\\/\"},{\"@type\":\"ListItem\",\"position\":3,\"name\":\"Our Philosophy\"}]},{\"@type\":\"WebSite\",\"@id\":\"https:\\\/\\\/lovepac.com\\\/en\\\/#website\",\"url\":\"https:\\\/\\\/lovepac.com\\\/en\\\/\",\"name\":\"Lovepac\",\"description\":\"Emballages de bo\u00eetes en carton fiables et de qualit\u00e9 sup\u00e9rieure\",\"publisher\":{\"@id\":\"https:\\\/\\\/lovepac.com\\\/en\\\/#organization\"},\"potentialAction\":[{\"@type\":\"SearchAction\",\"target\":{\"@type\":\"EntryPoint\",\"urlTemplate\":\"https:\\\/\\\/lovepac.com\\\/en\\\/?s={search_term_string}\"},\"query-input\":{\"@type\":\"PropertyValueSpecification\",\"valueRequired\":true,\"valueName\":\"search_term_string\"}}],\"inLanguage\":\"en-US\"},{\"@type\":\"Organization\",\"@id\":\"https:\\\/\\\/lovepac.com\\\/en\\\/#organization\",\"name\":\"Lovepac\",\"url\":\"https:\\\/\\\/lovepac.com\\\/en\\\/\",\"logo\":{\"@type\":\"ImageObject\",\"inLanguage\":\"en-US\",\"@id\":\"https:\\\/\\\/lovepac.com\\\/en\\\/#\\\/schema\\\/logo\\\/image\\\/\",\"url\":\"https:\\\/\\\/lovepac.com\\\/wp-content\\\/uploads\\\/2017\\\/10\\\/Novapac_Blog.jpg\",\"contentUrl\":\"https:\\\/\\\/lovepac.com\\\/wp-content\\\/uploads\\\/2017\\\/10\\\/Novapac_Blog.jpg\",\"width\":1000,\"height\":600,\"caption\":\"Lovepac\"},\"image\":{\"@id\":\"https:\\\/\\\/lovepac.com\\\/en\\\/#\\\/schema\\\/logo\\\/image\\\/\"}}]}<\/script>\n<!-- \/ Yoast SEO plugin. -->","yoast_head_json":{"title":"Protective Packaging Solutions Philosophy | Lovepac","description":"Lovepac offers protective packaging solutions with the philosophy of helping businesses make choices consistently translating into the highest level of care.","robots":{"index":"index","follow":"follow","max-snippet":"max-snippet:-1","max-image-preview":"max-image-preview:large","max-video-preview":"max-video-preview:-1"},"canonical":"https:\/\/lovepac.com\/en\/about-us\/our-philosophy\/","og_locale":"en_US","og_type":"article","og_title":"Protective Packaging Solutions Philosophy | Lovepac","og_description":"Lovepac offers protective packaging solutions with the philosophy of helping businesses make choices consistently translating into the highest level of care.","og_url":"https:\/\/lovepac.com\/en\/about-us\/our-philosophy\/","og_site_name":"Lovepac","article_modified_time":"2022-03-17T21:00:40+00:00","og_image":[{"url":"https:\/\/lovepac.com\/wp-content\/uploads\/2012\/09\/images_box.jpg","type":"","width":"","height":""}],"twitter_card":"summary_large_image","twitter_misc":{"Est. reading time":"1 minute"},"schema":{"@context":"https:\/\/schema.org","@graph":[{"@type":"WebPage","@id":"https:\/\/lovepac.com\/en\/about-us\/our-philosophy\/","url":"https:\/\/lovepac.com\/en\/about-us\/our-philosophy\/","name":"Protective Packaging Solutions Philosophy | Lovepac","isPartOf":{"@id":"https:\/\/lovepac.com\/en\/#website"},"datePublished":"2017-10-06T06:30:32+00:00","dateModified":"2022-03-17T21:00:40+00:00","description":"Lovepac offers protective packaging solutions with the philosophy of helping businesses make choices consistently translating into the highest level of care.","breadcrumb":{"@id":"https:\/\/lovepac.com\/en\/about-us\/our-philosophy\/#breadcrumb"},"inLanguage":"en-US","potentialAction":[{"@type":"ReadAction","target":["https:\/\/lovepac.com\/en\/about-us\/our-philosophy\/"]}]},{"@type":"BreadcrumbList","@id":"https:\/\/lovepac.com\/en\/about-us\/our-philosophy\/#breadcrumb","itemListElement":[{"@type":"ListItem","position":1,"name":"Accueil","item":"https:\/\/lovepac.com\/en\/"},{"@type":"ListItem","position":2,"name":"About Us","item":"https:\/\/lovepac.com\/en\/a-propos\/"},{"@type":"ListItem","position":3,"name":"Our Philosophy"}]},{"@type":"WebSite","@id":"https:\/\/lovepac.com\/en\/#website","url":"https:\/\/lovepac.com\/en\/","name":"Lovepac","description":"Emballages de bo\u00eetes en carton fiables et de qualit\u00e9 sup\u00e9rieure","publisher":{"@id":"https:\/\/lovepac.com\/en\/#organization"},"potentialAction":[{"@type":"SearchAction","target":{"@type":"EntryPoint","urlTemplate":"https:\/\/lovepac.com\/en\/?s={search_term_string}"},"query-input":{"@type":"PropertyValueSpecification","valueRequired":true,"valueName":"search_term_string"}}],"inLanguage":"en-US"},{"@type":"Organization","@id":"https:\/\/lovepac.com\/en\/#organization","name":"Lovepac","url":"https:\/\/lovepac.com\/en\/","logo":{"@type":"ImageObject","inLanguage":"en-US","@id":"https:\/\/lovepac.com\/en\/#\/schema\/logo\/image\/","url":"https:\/\/lovepac.com\/wp-content\/uploads\/2017\/10\/Novapac_Blog.jpg","contentUrl":"https:\/\/lovepac.com\/wp-content\/uploads\/2017\/10\/Novapac_Blog.jpg","width":1000,"height":600,"caption":"Lovepac"},"image":{"@id":"https:\/\/lovepac.com\/en\/#\/schema\/logo\/image\/"}}]}},"_links":{"self":[{"href":"https:\/\/lovepac.com\/en\/wp-json\/wp\/v2\/pages\/5697","targetHints":{"allow":["GET"]}}],"collection":[{"href":"https:\/\/lovepac.com\/en\/wp-json\/wp\/v2\/pages"}],"about":[{"href":"https:\/\/lovepac.com\/en\/wp-json\/wp\/v2\/types\/page"}],"author":[{"embeddable":true,"href":"https:\/\/lovepac.com\/en\/wp-json\/wp\/v2\/users\/1"}],"replies":[{"embeddable":true,"href":"https:\/\/lovepac.com\/en\/wp-json\/wp\/v2\/comments?post=5697"}],"version-history":[{"count":4,"href":"https:\/\/lovepac.com\/en\/wp-json\/wp\/v2\/pages\/5697\/revisions"}],"predecessor-version":[{"id":9077,"href":"https:\/\/lovepac.com\/en\/wp-json\/wp\/v2\/pages\/5697\/revisions\/9077"}],"up":[{"embeddable":true,"href":"https:\/\/lovepac.com\/en\/wp-json\/wp\/v2\/pages\/5695"}],"wp:attachment":[{"href":"https:\/\/lovepac.com\/en\/wp-json\/wp\/v2\/media?parent=5697"}],"curies":[{"name":"wp","href":"https:\/\/api.w.org\/{rel}","templated":true}]}}