{"id":5699,"date":"2017-10-06T08:31:59","date_gmt":"2017-10-06T06:31:59","guid":{"rendered":"http:\/\/192.99.132.249\/?page_id=5699"},"modified":"2022-03-17T16:57:14","modified_gmt":"2022-03-17T20:57:14","slug":"quality-promise","status":"publish","type":"page","link":"https:\/\/lovepac.com\/en\/about-us\/quality-promise\/","title":{"rendered":"Quality Promise"},"content":{"rendered":"<header>\n<h3>Quality Promise<\/h3>\n<\/header>\n<section class=\"content test\">\n<h4>Your Dedicated Manufacturing Partner and Packaging Solutions Provider<\/h4>\n<p>&nbsp;<\/p>\n<p><img decoding=\"async\" class=\"size-medium wp-image-278 alignright\" src=\"\/wp-content\/uploads\/2012\/12\/images_box-foam-etc-300x215.jpg\" width=\"300\" height=\"215\" border=\"0\" srcset=\"https:\/\/lovepac.com\/wp-content\/uploads\/2012\/12\/images_box-foam-etc-300x215.jpg 300w, https:\/\/lovepac.com\/wp-content\/uploads\/2012\/12\/images_box-foam-etc.jpg 418w\" sizes=\"(max-width: 300px) 100vw, 300px\" \/>They say it takes 10,000 hours to be an expert at something\u2014and we at Lovepac exceeded that years ago.\u00a0Every member of the Lovepac team cares personally about matching the right solutions with your unique packaging needs\u2014then delivering on our promise of highly personalized, interactive customer service experiences in a positive and consistent manner. Our goal is to support a long-term relationship built on trust.<\/p>\n<p>We live and breathe all aspects of corrugated and foam packaging\u2014and we look forward to becoming another of your loyal and treasured partners.<\/p>\n<p><a href=\"https:\/\/lovepac.com\/corr-method\">Click here to find out more about Lovepac\u2019s CorrQuality\u2122 dedicated product inspection system that puts the capital Q in Quality Control.<\/a><\/p>\n<\/section>\n","protected":false},"excerpt":{"rendered":"<p>Quality Promise Your Dedicated Manufacturing Partner and Packaging Solutions Provider  [&#8230;]<\/p>\n","protected":false},"author":1,"featured_media":0,"parent":5695,"menu_order":5,"comment_status":"closed","ping_status":"closed","template":"side-navigation.php","meta":{"footnotes":""},"class_list":["post-5699","page","type-page","status-publish","hentry"],"yoast_head":"<!-- This site is optimized with the Yoast SEO plugin v27.3 - https:\/\/yoast.com\/product\/yoast-seo-wordpress\/ -->\n<title>Corrugated &amp; Foam Packaging Manufacturer<\/title>\n<meta name=\"description\" content=\"Lovepac is your dedicated corrugated and foam packaging manufacturer and solutions provider. Our goal is to support a long-term relationship built on trust.\" \/>\n<meta name=\"robots\" content=\"index, follow, max-snippet:-1, max-image-preview:large, max-video-preview:-1\" \/>\n<link rel=\"canonical\" href=\"https:\/\/lovepac.com\/en\/about-us\/quality-promise\/\" \/>\n<meta property=\"og:locale\" content=\"en_US\" \/>\n<meta property=\"og:type\" content=\"article\" \/>\n<meta property=\"og:title\" content=\"Corrugated &amp; Foam Packaging Manufacturer\" \/>\n<meta property=\"og:description\" content=\"Lovepac is your dedicated corrugated and foam packaging manufacturer and solutions provider. Our goal is to support a long-term relationship built on trust.\" \/>\n<meta property=\"og:url\" content=\"https:\/\/lovepac.com\/en\/about-us\/quality-promise\/\" \/>\n<meta property=\"og:site_name\" content=\"Lovepac\" \/>\n<meta property=\"article:modified_time\" content=\"2022-03-17T20:57:14+00:00\" \/>\n<meta property=\"og:image\" content=\"https:\/\/lovepac.com\/wp-content\/uploads\/2012\/12\/images_box-foam-etc-300x215.jpg\" \/>\n<meta name=\"twitter:card\" content=\"summary_large_image\" \/>\n<meta name=\"twitter:label1\" content=\"Est. reading time\" \/>\n\t<meta name=\"twitter:data1\" content=\"1 minute\" \/>\n<script type=\"application\/ld+json\" class=\"yoast-schema-graph\">{\"@context\":\"https:\\\/\\\/schema.org\",\"@graph\":[{\"@type\":\"WebPage\",\"@id\":\"https:\\\/\\\/lovepac.com\\\/en\\\/about-us\\\/quality-promise\\\/\",\"url\":\"https:\\\/\\\/lovepac.com\\\/en\\\/about-us\\\/quality-promise\\\/\",\"name\":\"Corrugated & Foam Packaging Manufacturer\",\"isPartOf\":{\"@id\":\"https:\\\/\\\/lovepac.com\\\/en\\\/#website\"},\"datePublished\":\"2017-10-06T06:31:59+00:00\",\"dateModified\":\"2022-03-17T20:57:14+00:00\",\"description\":\"Lovepac is your dedicated corrugated and foam packaging manufacturer and solutions provider. Our goal is to support a long-term relationship built on trust.\",\"breadcrumb\":{\"@id\":\"https:\\\/\\\/lovepac.com\\\/en\\\/about-us\\\/quality-promise\\\/#breadcrumb\"},\"inLanguage\":\"en-US\",\"potentialAction\":[{\"@type\":\"ReadAction\",\"target\":[\"https:\\\/\\\/lovepac.com\\\/en\\\/about-us\\\/quality-promise\\\/\"]}]},{\"@type\":\"BreadcrumbList\",\"@id\":\"https:\\\/\\\/lovepac.com\\\/en\\\/about-us\\\/quality-promise\\\/#breadcrumb\",\"itemListElement\":[{\"@type\":\"ListItem\",\"position\":1,\"name\":\"Accueil\",\"item\":\"https:\\\/\\\/lovepac.com\\\/en\\\/\"},{\"@type\":\"ListItem\",\"position\":2,\"name\":\"About Us\",\"item\":\"https:\\\/\\\/lovepac.com\\\/en\\\/a-propos\\\/\"},{\"@type\":\"ListItem\",\"position\":3,\"name\":\"Quality Promise\"}]},{\"@type\":\"WebSite\",\"@id\":\"https:\\\/\\\/lovepac.com\\\/en\\\/#website\",\"url\":\"https:\\\/\\\/lovepac.com\\\/en\\\/\",\"name\":\"Lovepac\",\"description\":\"Emballages de bo\u00eetes en carton fiables et de qualit\u00e9 sup\u00e9rieure\",\"publisher\":{\"@id\":\"https:\\\/\\\/lovepac.com\\\/en\\\/#organization\"},\"potentialAction\":[{\"@type\":\"SearchAction\",\"target\":{\"@type\":\"EntryPoint\",\"urlTemplate\":\"https:\\\/\\\/lovepac.com\\\/en\\\/?s={search_term_string}\"},\"query-input\":{\"@type\":\"PropertyValueSpecification\",\"valueRequired\":true,\"valueName\":\"search_term_string\"}}],\"inLanguage\":\"en-US\"},{\"@type\":\"Organization\",\"@id\":\"https:\\\/\\\/lovepac.com\\\/en\\\/#organization\",\"name\":\"Lovepac\",\"url\":\"https:\\\/\\\/lovepac.com\\\/en\\\/\",\"logo\":{\"@type\":\"ImageObject\",\"inLanguage\":\"en-US\",\"@id\":\"https:\\\/\\\/lovepac.com\\\/en\\\/#\\\/schema\\\/logo\\\/image\\\/\",\"url\":\"https:\\\/\\\/lovepac.com\\\/wp-content\\\/uploads\\\/2017\\\/10\\\/Novapac_Blog.jpg\",\"contentUrl\":\"https:\\\/\\\/lovepac.com\\\/wp-content\\\/uploads\\\/2017\\\/10\\\/Novapac_Blog.jpg\",\"width\":1000,\"height\":600,\"caption\":\"Lovepac\"},\"image\":{\"@id\":\"https:\\\/\\\/lovepac.com\\\/en\\\/#\\\/schema\\\/logo\\\/image\\\/\"}}]}<\/script>\n<!-- \/ Yoast SEO plugin. -->","yoast_head_json":{"title":"Corrugated & Foam Packaging Manufacturer","description":"Lovepac is your dedicated corrugated and foam packaging manufacturer and solutions provider. Our goal is to support a long-term relationship built on trust.","robots":{"index":"index","follow":"follow","max-snippet":"max-snippet:-1","max-image-preview":"max-image-preview:large","max-video-preview":"max-video-preview:-1"},"canonical":"https:\/\/lovepac.com\/en\/about-us\/quality-promise\/","og_locale":"en_US","og_type":"article","og_title":"Corrugated & Foam Packaging Manufacturer","og_description":"Lovepac is your dedicated corrugated and foam packaging manufacturer and solutions provider. Our goal is to support a long-term relationship built on trust.","og_url":"https:\/\/lovepac.com\/en\/about-us\/quality-promise\/","og_site_name":"Lovepac","article_modified_time":"2022-03-17T20:57:14+00:00","og_image":[{"url":"https:\/\/lovepac.com\/wp-content\/uploads\/2012\/12\/images_box-foam-etc-300x215.jpg","type":"","width":"","height":""}],"twitter_card":"summary_large_image","twitter_misc":{"Est. reading time":"1 minute"},"schema":{"@context":"https:\/\/schema.org","@graph":[{"@type":"WebPage","@id":"https:\/\/lovepac.com\/en\/about-us\/quality-promise\/","url":"https:\/\/lovepac.com\/en\/about-us\/quality-promise\/","name":"Corrugated & Foam Packaging Manufacturer","isPartOf":{"@id":"https:\/\/lovepac.com\/en\/#website"},"datePublished":"2017-10-06T06:31:59+00:00","dateModified":"2022-03-17T20:57:14+00:00","description":"Lovepac is your dedicated corrugated and foam packaging manufacturer and solutions provider. Our goal is to support a long-term relationship built on trust.","breadcrumb":{"@id":"https:\/\/lovepac.com\/en\/about-us\/quality-promise\/#breadcrumb"},"inLanguage":"en-US","potentialAction":[{"@type":"ReadAction","target":["https:\/\/lovepac.com\/en\/about-us\/quality-promise\/"]}]},{"@type":"BreadcrumbList","@id":"https:\/\/lovepac.com\/en\/about-us\/quality-promise\/#breadcrumb","itemListElement":[{"@type":"ListItem","position":1,"name":"Accueil","item":"https:\/\/lovepac.com\/en\/"},{"@type":"ListItem","position":2,"name":"About Us","item":"https:\/\/lovepac.com\/en\/a-propos\/"},{"@type":"ListItem","position":3,"name":"Quality Promise"}]},{"@type":"WebSite","@id":"https:\/\/lovepac.com\/en\/#website","url":"https:\/\/lovepac.com\/en\/","name":"Lovepac","description":"Emballages de bo\u00eetes en carton fiables et de qualit\u00e9 sup\u00e9rieure","publisher":{"@id":"https:\/\/lovepac.com\/en\/#organization"},"potentialAction":[{"@type":"SearchAction","target":{"@type":"EntryPoint","urlTemplate":"https:\/\/lovepac.com\/en\/?s={search_term_string}"},"query-input":{"@type":"PropertyValueSpecification","valueRequired":true,"valueName":"search_term_string"}}],"inLanguage":"en-US"},{"@type":"Organization","@id":"https:\/\/lovepac.com\/en\/#organization","name":"Lovepac","url":"https:\/\/lovepac.com\/en\/","logo":{"@type":"ImageObject","inLanguage":"en-US","@id":"https:\/\/lovepac.com\/en\/#\/schema\/logo\/image\/","url":"https:\/\/lovepac.com\/wp-content\/uploads\/2017\/10\/Novapac_Blog.jpg","contentUrl":"https:\/\/lovepac.com\/wp-content\/uploads\/2017\/10\/Novapac_Blog.jpg","width":1000,"height":600,"caption":"Lovepac"},"image":{"@id":"https:\/\/lovepac.com\/en\/#\/schema\/logo\/image\/"}}]}},"_links":{"self":[{"href":"https:\/\/lovepac.com\/en\/wp-json\/wp\/v2\/pages\/5699","targetHints":{"allow":["GET"]}}],"collection":[{"href":"https:\/\/lovepac.com\/en\/wp-json\/wp\/v2\/pages"}],"about":[{"href":"https:\/\/lovepac.com\/en\/wp-json\/wp\/v2\/types\/page"}],"author":[{"embeddable":true,"href":"https:\/\/lovepac.com\/en\/wp-json\/wp\/v2\/users\/1"}],"replies":[{"embeddable":true,"href":"https:\/\/lovepac.com\/en\/wp-json\/wp\/v2\/comments?post=5699"}],"version-history":[{"count":3,"href":"https:\/\/lovepac.com\/en\/wp-json\/wp\/v2\/pages\/5699\/revisions"}],"predecessor-version":[{"id":8637,"href":"https:\/\/lovepac.com\/en\/wp-json\/wp\/v2\/pages\/5699\/revisions\/8637"}],"up":[{"embeddable":true,"href":"https:\/\/lovepac.com\/en\/wp-json\/wp\/v2\/pages\/5695"}],"wp:attachment":[{"href":"https:\/\/lovepac.com\/en\/wp-json\/wp\/v2\/media?parent=5699"}],"curies":[{"name":"wp","href":"https:\/\/api.w.org\/{rel}","templated":true}]}}