{"id":5701,"date":"2017-10-06T08:33:24","date_gmt":"2017-10-06T06:33:24","guid":{"rendered":"http:\/\/192.99.132.249\/?page_id=5701"},"modified":"2022-03-22T12:39:12","modified_gmt":"2022-03-22T16:39:12","slug":"why-lovepac","status":"publish","type":"page","link":"https:\/\/lovepac.com\/en\/about-us\/why-lovepac\/","title":{"rendered":"Why Lovepac"},"content":{"rendered":"<h3>Why Lovepac<\/h3>\n<p>In response to evolving market demand for simple yet innovative custom corrugated and foam packaging solutions, the Lovepac team draws on our company\u2019s deeply rooted commitment to quality and service to reveal an exciting vision for tomorrow\u2019s protective packaging market: Making the world a better place through collaborative customer relationships, and backing that promise with the highest levels of product value, quality and support.We have a vision for going beyond the traditional packaging manufacturing models to paint a bigger big picture of innovative and interactive customer experiences.<\/p>\n<p>In 2001, we started something special here at Lovepac. We fully intend to successfully\u00a0continue\u00a0doing what we do best\u2014every day or our lives, and with succeeding generations.<\/p>\n<p>Find out more about how Lovepac puts the \u201clove\u201d in every custom box and protective foam packaging solution with our unique CorrMethod\u2122 approach.<\/p>\n<p><img decoding=\"async\" class=\"alignnone size-full wp-image-9252\" src=\"https:\/\/lovepac.com\/wp-content\/uploads\/2022\/03\/EcocertEcoresponsable_Level2-150x150-1.png\" alt=\"\" width=\"150\" height=\"150\" srcset=\"https:\/\/lovepac.com\/wp-content\/uploads\/2022\/03\/EcocertEcoresponsable_Level2-150x150-1-66x66.png 66w, https:\/\/lovepac.com\/wp-content\/uploads\/2022\/03\/EcocertEcoresponsable_Level2-150x150-1.png 150w\" sizes=\"(max-width: 150px) 100vw, 150px\" \/><br \/>\nWe are now certified Ecocert Ecoresponsable Level 2 for our commitment and continuous improvement of our social and environmental performance aimed at sustainability.<\/p>\n","protected":false},"excerpt":{"rendered":"<p>Why Lovepac In response to evolving market demand for simple  [&#8230;]<\/p>\n","protected":false},"author":1,"featured_media":0,"parent":5695,"menu_order":22,"comment_status":"closed","ping_status":"closed","template":"side-navigation.php","meta":{"footnotes":""},"class_list":["post-5701","page","type-page","status-publish","hentry"],"yoast_head":"<!-- This site is optimized with the Yoast SEO plugin v27.5 - https:\/\/yoast.com\/product\/yoast-seo-wordpress\/ -->\n<title>Custom Corrugated and Foam Packaging Solutions | Lovepac<\/title>\n<meta name=\"description\" content=\"Lovepac provides custom corrugated and foam packaging solutions with deeply a rooted commitment to quality and service for our customers.\" \/>\n<meta name=\"robots\" content=\"index, follow, max-snippet:-1, max-image-preview:large, max-video-preview:-1\" \/>\n<link rel=\"canonical\" href=\"https:\/\/lovepac.com\/en\/about-us\/why-lovepac\/\" \/>\n<meta property=\"og:locale\" content=\"en_US\" \/>\n<meta property=\"og:type\" content=\"article\" \/>\n<meta property=\"og:title\" content=\"Custom Corrugated and Foam Packaging Solutions | Lovepac\" \/>\n<meta property=\"og:description\" content=\"Lovepac provides custom corrugated and foam packaging solutions with deeply a rooted commitment to quality and service for our customers.\" \/>\n<meta property=\"og:url\" content=\"https:\/\/lovepac.com\/en\/about-us\/why-lovepac\/\" \/>\n<meta property=\"og:site_name\" content=\"Lovepac\" \/>\n<meta property=\"article:modified_time\" content=\"2022-03-22T16:39:12+00:00\" \/>\n<meta property=\"og:image\" content=\"https:\/\/lovepac.com\/wp-content\/uploads\/2022\/03\/EcocertEcoresponsable_Level2-150x150-1.png\" \/>\n<meta name=\"twitter:card\" content=\"summary_large_image\" \/>\n<meta name=\"twitter:label1\" content=\"Est. reading time\" \/>\n\t<meta name=\"twitter:data1\" content=\"2 minutes\" \/>\n<script type=\"application\/ld+json\" class=\"yoast-schema-graph\">{\"@context\":\"https:\\\/\\\/schema.org\",\"@graph\":[{\"@type\":\"WebPage\",\"@id\":\"https:\\\/\\\/lovepac.com\\\/en\\\/about-us\\\/why-lovepac\\\/\",\"url\":\"https:\\\/\\\/lovepac.com\\\/en\\\/about-us\\\/why-lovepac\\\/\",\"name\":\"Custom Corrugated and Foam Packaging Solutions | Lovepac\",\"isPartOf\":{\"@id\":\"https:\\\/\\\/lovepac.com\\\/en\\\/#website\"},\"primaryImageOfPage\":{\"@id\":\"https:\\\/\\\/lovepac.com\\\/en\\\/about-us\\\/why-lovepac\\\/#primaryimage\"},\"image\":{\"@id\":\"https:\\\/\\\/lovepac.com\\\/en\\\/about-us\\\/why-lovepac\\\/#primaryimage\"},\"thumbnailUrl\":\"https:\\\/\\\/lovepac.com\\\/wp-content\\\/uploads\\\/2022\\\/03\\\/EcocertEcoresponsable_Level2-150x150-1.png\",\"datePublished\":\"2017-10-06T06:33:24+00:00\",\"dateModified\":\"2022-03-22T16:39:12+00:00\",\"description\":\"Lovepac provides custom corrugated and foam packaging solutions with deeply a rooted commitment to quality and service for our customers.\",\"breadcrumb\":{\"@id\":\"https:\\\/\\\/lovepac.com\\\/en\\\/about-us\\\/why-lovepac\\\/#breadcrumb\"},\"inLanguage\":\"en-US\",\"potentialAction\":[{\"@type\":\"ReadAction\",\"target\":[\"https:\\\/\\\/lovepac.com\\\/en\\\/about-us\\\/why-lovepac\\\/\"]}]},{\"@type\":\"ImageObject\",\"inLanguage\":\"en-US\",\"@id\":\"https:\\\/\\\/lovepac.com\\\/en\\\/about-us\\\/why-lovepac\\\/#primaryimage\",\"url\":\"https:\\\/\\\/lovepac.com\\\/wp-content\\\/uploads\\\/2022\\\/03\\\/EcocertEcoresponsable_Level2-150x150-1.png\",\"contentUrl\":\"https:\\\/\\\/lovepac.com\\\/wp-content\\\/uploads\\\/2022\\\/03\\\/EcocertEcoresponsable_Level2-150x150-1.png\"},{\"@type\":\"BreadcrumbList\",\"@id\":\"https:\\\/\\\/lovepac.com\\\/en\\\/about-us\\\/why-lovepac\\\/#breadcrumb\",\"itemListElement\":[{\"@type\":\"ListItem\",\"position\":1,\"name\":\"Accueil\",\"item\":\"https:\\\/\\\/lovepac.com\\\/en\\\/\"},{\"@type\":\"ListItem\",\"position\":2,\"name\":\"About Us\",\"item\":\"https:\\\/\\\/lovepac.com\\\/en\\\/a-propos\\\/\"},{\"@type\":\"ListItem\",\"position\":3,\"name\":\"Why Lovepac\"}]},{\"@type\":\"WebSite\",\"@id\":\"https:\\\/\\\/lovepac.com\\\/en\\\/#website\",\"url\":\"https:\\\/\\\/lovepac.com\\\/en\\\/\",\"name\":\"Lovepac\",\"description\":\"Emballages de bo\u00eetes en carton fiables et de qualit\u00e9 sup\u00e9rieure\",\"publisher\":{\"@id\":\"https:\\\/\\\/lovepac.com\\\/en\\\/#organization\"},\"potentialAction\":[{\"@type\":\"SearchAction\",\"target\":{\"@type\":\"EntryPoint\",\"urlTemplate\":\"https:\\\/\\\/lovepac.com\\\/en\\\/?s={search_term_string}\"},\"query-input\":{\"@type\":\"PropertyValueSpecification\",\"valueRequired\":true,\"valueName\":\"search_term_string\"}}],\"inLanguage\":\"en-US\"},{\"@type\":\"Organization\",\"@id\":\"https:\\\/\\\/lovepac.com\\\/en\\\/#organization\",\"name\":\"Lovepac\",\"url\":\"https:\\\/\\\/lovepac.com\\\/en\\\/\",\"logo\":{\"@type\":\"ImageObject\",\"inLanguage\":\"en-US\",\"@id\":\"https:\\\/\\\/lovepac.com\\\/en\\\/#\\\/schema\\\/logo\\\/image\\\/\",\"url\":\"https:\\\/\\\/lovepac.com\\\/wp-content\\\/uploads\\\/2017\\\/10\\\/Novapac_Blog.jpg\",\"contentUrl\":\"https:\\\/\\\/lovepac.com\\\/wp-content\\\/uploads\\\/2017\\\/10\\\/Novapac_Blog.jpg\",\"width\":1000,\"height\":600,\"caption\":\"Lovepac\"},\"image\":{\"@id\":\"https:\\\/\\\/lovepac.com\\\/en\\\/#\\\/schema\\\/logo\\\/image\\\/\"}}]}<\/script>\n<!-- \/ Yoast SEO plugin. -->","yoast_head_json":{"title":"Custom Corrugated and Foam Packaging Solutions | Lovepac","description":"Lovepac provides custom corrugated and foam packaging solutions with deeply a rooted commitment to quality and service for our customers.","robots":{"index":"index","follow":"follow","max-snippet":"max-snippet:-1","max-image-preview":"max-image-preview:large","max-video-preview":"max-video-preview:-1"},"canonical":"https:\/\/lovepac.com\/en\/about-us\/why-lovepac\/","og_locale":"en_US","og_type":"article","og_title":"Custom Corrugated and Foam Packaging Solutions | Lovepac","og_description":"Lovepac provides custom corrugated and foam packaging solutions with deeply a rooted commitment to quality and service for our customers.","og_url":"https:\/\/lovepac.com\/en\/about-us\/why-lovepac\/","og_site_name":"Lovepac","article_modified_time":"2022-03-22T16:39:12+00:00","og_image":[{"url":"https:\/\/lovepac.com\/wp-content\/uploads\/2022\/03\/EcocertEcoresponsable_Level2-150x150-1.png","type":"","width":"","height":""}],"twitter_card":"summary_large_image","twitter_misc":{"Est. reading time":"2 minutes"},"schema":{"@context":"https:\/\/schema.org","@graph":[{"@type":"WebPage","@id":"https:\/\/lovepac.com\/en\/about-us\/why-lovepac\/","url":"https:\/\/lovepac.com\/en\/about-us\/why-lovepac\/","name":"Custom Corrugated and Foam Packaging Solutions | Lovepac","isPartOf":{"@id":"https:\/\/lovepac.com\/en\/#website"},"primaryImageOfPage":{"@id":"https:\/\/lovepac.com\/en\/about-us\/why-lovepac\/#primaryimage"},"image":{"@id":"https:\/\/lovepac.com\/en\/about-us\/why-lovepac\/#primaryimage"},"thumbnailUrl":"https:\/\/lovepac.com\/wp-content\/uploads\/2022\/03\/EcocertEcoresponsable_Level2-150x150-1.png","datePublished":"2017-10-06T06:33:24+00:00","dateModified":"2022-03-22T16:39:12+00:00","description":"Lovepac provides custom corrugated and foam packaging solutions with deeply a rooted commitment to quality and service for our customers.","breadcrumb":{"@id":"https:\/\/lovepac.com\/en\/about-us\/why-lovepac\/#breadcrumb"},"inLanguage":"en-US","potentialAction":[{"@type":"ReadAction","target":["https:\/\/lovepac.com\/en\/about-us\/why-lovepac\/"]}]},{"@type":"ImageObject","inLanguage":"en-US","@id":"https:\/\/lovepac.com\/en\/about-us\/why-lovepac\/#primaryimage","url":"https:\/\/lovepac.com\/wp-content\/uploads\/2022\/03\/EcocertEcoresponsable_Level2-150x150-1.png","contentUrl":"https:\/\/lovepac.com\/wp-content\/uploads\/2022\/03\/EcocertEcoresponsable_Level2-150x150-1.png"},{"@type":"BreadcrumbList","@id":"https:\/\/lovepac.com\/en\/about-us\/why-lovepac\/#breadcrumb","itemListElement":[{"@type":"ListItem","position":1,"name":"Accueil","item":"https:\/\/lovepac.com\/en\/"},{"@type":"ListItem","position":2,"name":"About Us","item":"https:\/\/lovepac.com\/en\/a-propos\/"},{"@type":"ListItem","position":3,"name":"Why Lovepac"}]},{"@type":"WebSite","@id":"https:\/\/lovepac.com\/en\/#website","url":"https:\/\/lovepac.com\/en\/","name":"Lovepac","description":"Emballages de bo\u00eetes en carton fiables et de qualit\u00e9 sup\u00e9rieure","publisher":{"@id":"https:\/\/lovepac.com\/en\/#organization"},"potentialAction":[{"@type":"SearchAction","target":{"@type":"EntryPoint","urlTemplate":"https:\/\/lovepac.com\/en\/?s={search_term_string}"},"query-input":{"@type":"PropertyValueSpecification","valueRequired":true,"valueName":"search_term_string"}}],"inLanguage":"en-US"},{"@type":"Organization","@id":"https:\/\/lovepac.com\/en\/#organization","name":"Lovepac","url":"https:\/\/lovepac.com\/en\/","logo":{"@type":"ImageObject","inLanguage":"en-US","@id":"https:\/\/lovepac.com\/en\/#\/schema\/logo\/image\/","url":"https:\/\/lovepac.com\/wp-content\/uploads\/2017\/10\/Novapac_Blog.jpg","contentUrl":"https:\/\/lovepac.com\/wp-content\/uploads\/2017\/10\/Novapac_Blog.jpg","width":1000,"height":600,"caption":"Lovepac"},"image":{"@id":"https:\/\/lovepac.com\/en\/#\/schema\/logo\/image\/"}}]}},"_links":{"self":[{"href":"https:\/\/lovepac.com\/en\/wp-json\/wp\/v2\/pages\/5701","targetHints":{"allow":["GET"]}}],"collection":[{"href":"https:\/\/lovepac.com\/en\/wp-json\/wp\/v2\/pages"}],"about":[{"href":"https:\/\/lovepac.com\/en\/wp-json\/wp\/v2\/types\/page"}],"author":[{"embeddable":true,"href":"https:\/\/lovepac.com\/en\/wp-json\/wp\/v2\/users\/1"}],"replies":[{"embeddable":true,"href":"https:\/\/lovepac.com\/en\/wp-json\/wp\/v2\/comments?post=5701"}],"version-history":[{"count":5,"href":"https:\/\/lovepac.com\/en\/wp-json\/wp\/v2\/pages\/5701\/revisions"}],"predecessor-version":[{"id":9257,"href":"https:\/\/lovepac.com\/en\/wp-json\/wp\/v2\/pages\/5701\/revisions\/9257"}],"up":[{"embeddable":true,"href":"https:\/\/lovepac.com\/en\/wp-json\/wp\/v2\/pages\/5695"}],"wp:attachment":[{"href":"https:\/\/lovepac.com\/en\/wp-json\/wp\/v2\/media?parent=5701"}],"curies":[{"name":"wp","href":"https:\/\/api.w.org\/{rel}","templated":true}]}}