{"id":5717,"date":"2017-10-06T08:42:01","date_gmt":"2017-10-06T06:42:01","guid":{"rendered":"http:\/\/192.99.132.249\/?page_id=5717"},"modified":"2023-09-19T11:49:36","modified_gmt":"2023-09-19T15:49:36","slug":"careers","status":"publish","type":"page","link":"https:\/\/lovepac.com\/en\/careers\/","title":{"rendered":"Careers"},"content":{"rendered":"<header>\n<h3>Lovepac Careers<\/h3>\n<\/header>\n<section class=\"content test\">\n<h4>Join the Lovepac Team<\/h4>\n<p>The knowledgeable Lovepac team is personally committed to the highest standards of protective packaging innovation and customer support.<\/p>\n<p><strong>Jobs available:<\/strong><\/p>\n<p><a href=\"https:\/\/lovepac.com\/wp-content\/uploads\/2023\/05\/Lovepac_JobPosting_WoodPalletAssembler_Courcelles.pdf\" target=\"_blank\" rel=\"noopener\">Wooden Pallet Assembler &#8211; Courcelles, QC<\/a><\/p>\n<hr \/>\n<p>Every team member can feel secure, proud, motivated, informed, and ultimately happy in the Lovepac working environment.<\/p>\n<p><a href=\"https:\/\/lovepac.com\/en\/about-us\/our-philosophy\/\">Click here<\/a>\u00a0for more about our corporate culture of Continuous improvement, Attitude, Respect, Excellent, and Sustainability (CARES).<\/p>\n<\/section>\n","protected":false},"excerpt":{"rendered":"<p>Lovepac Careers Join the Lovepac Team The knowledgeable Lovepac team  [&#8230;]<\/p>\n","protected":false},"author":1,"featured_media":0,"parent":0,"menu_order":4,"comment_status":"closed","ping_status":"closed","template":"side-navigation.php","meta":{"footnotes":""},"class_list":["post-5717","page","type-page","status-publish","hentry"],"yoast_head":"<!-- This site is optimized with the Yoast SEO plugin v27.5 - https:\/\/yoast.com\/product\/yoast-seo-wordpress\/ -->\n<title>Careers at Lovepac, Custom Packaging Manufacturer<\/title>\n<meta name=\"description\" content=\"Explore career opportunities available at Lovepac, a custom packaging manufacturer committed to the highest standards of protective packaging innovation.\" \/>\n<meta name=\"robots\" content=\"index, follow, max-snippet:-1, max-image-preview:large, max-video-preview:-1\" \/>\n<link rel=\"canonical\" href=\"https:\/\/lovepac.com\/en\/careers\/\" \/>\n<meta property=\"og:locale\" content=\"en_US\" \/>\n<meta property=\"og:type\" content=\"article\" \/>\n<meta property=\"og:title\" content=\"Careers at Lovepac, Custom Packaging Manufacturer\" \/>\n<meta property=\"og:description\" content=\"Explore career opportunities available at Lovepac, a custom packaging manufacturer committed to the highest standards of protective packaging innovation.\" \/>\n<meta property=\"og:url\" content=\"https:\/\/lovepac.com\/en\/careers\/\" \/>\n<meta property=\"og:site_name\" content=\"Lovepac\" \/>\n<meta property=\"article:modified_time\" content=\"2023-09-19T15:49:36+00:00\" \/>\n<meta name=\"twitter:card\" content=\"summary_large_image\" \/>\n<meta name=\"twitter:label1\" content=\"Est. reading time\" \/>\n\t<meta name=\"twitter:data1\" content=\"1 minute\" \/>\n<script type=\"application\/ld+json\" class=\"yoast-schema-graph\">{\"@context\":\"https:\\\/\\\/schema.org\",\"@graph\":[{\"@type\":\"WebPage\",\"@id\":\"https:\\\/\\\/lovepac.com\\\/en\\\/careers\\\/\",\"url\":\"https:\\\/\\\/lovepac.com\\\/en\\\/careers\\\/\",\"name\":\"Careers at Lovepac, Custom Packaging Manufacturer\",\"isPartOf\":{\"@id\":\"https:\\\/\\\/lovepac.com\\\/en\\\/#website\"},\"datePublished\":\"2017-10-06T06:42:01+00:00\",\"dateModified\":\"2023-09-19T15:49:36+00:00\",\"description\":\"Explore career opportunities available at Lovepac, a custom packaging manufacturer committed to the highest standards of protective packaging innovation.\",\"breadcrumb\":{\"@id\":\"https:\\\/\\\/lovepac.com\\\/en\\\/careers\\\/#breadcrumb\"},\"inLanguage\":\"en-US\",\"potentialAction\":[{\"@type\":\"ReadAction\",\"target\":[\"https:\\\/\\\/lovepac.com\\\/en\\\/careers\\\/\"]}]},{\"@type\":\"BreadcrumbList\",\"@id\":\"https:\\\/\\\/lovepac.com\\\/en\\\/careers\\\/#breadcrumb\",\"itemListElement\":[{\"@type\":\"ListItem\",\"position\":1,\"name\":\"Accueil\",\"item\":\"https:\\\/\\\/lovepac.com\\\/en\\\/\"},{\"@type\":\"ListItem\",\"position\":2,\"name\":\"Careers\"}]},{\"@type\":\"WebSite\",\"@id\":\"https:\\\/\\\/lovepac.com\\\/en\\\/#website\",\"url\":\"https:\\\/\\\/lovepac.com\\\/en\\\/\",\"name\":\"Lovepac\",\"description\":\"Emballages de bo\u00eetes en carton fiables et de qualit\u00e9 sup\u00e9rieure\",\"publisher\":{\"@id\":\"https:\\\/\\\/lovepac.com\\\/en\\\/#organization\"},\"potentialAction\":[{\"@type\":\"SearchAction\",\"target\":{\"@type\":\"EntryPoint\",\"urlTemplate\":\"https:\\\/\\\/lovepac.com\\\/en\\\/?s={search_term_string}\"},\"query-input\":{\"@type\":\"PropertyValueSpecification\",\"valueRequired\":true,\"valueName\":\"search_term_string\"}}],\"inLanguage\":\"en-US\"},{\"@type\":\"Organization\",\"@id\":\"https:\\\/\\\/lovepac.com\\\/en\\\/#organization\",\"name\":\"Lovepac\",\"url\":\"https:\\\/\\\/lovepac.com\\\/en\\\/\",\"logo\":{\"@type\":\"ImageObject\",\"inLanguage\":\"en-US\",\"@id\":\"https:\\\/\\\/lovepac.com\\\/en\\\/#\\\/schema\\\/logo\\\/image\\\/\",\"url\":\"https:\\\/\\\/lovepac.com\\\/wp-content\\\/uploads\\\/2017\\\/10\\\/Novapac_Blog.jpg\",\"contentUrl\":\"https:\\\/\\\/lovepac.com\\\/wp-content\\\/uploads\\\/2017\\\/10\\\/Novapac_Blog.jpg\",\"width\":1000,\"height\":600,\"caption\":\"Lovepac\"},\"image\":{\"@id\":\"https:\\\/\\\/lovepac.com\\\/en\\\/#\\\/schema\\\/logo\\\/image\\\/\"}}]}<\/script>\n<!-- \/ Yoast SEO plugin. -->","yoast_head_json":{"title":"Careers at Lovepac, Custom Packaging Manufacturer","description":"Explore career opportunities available at Lovepac, a custom packaging manufacturer committed to the highest standards of protective packaging innovation.","robots":{"index":"index","follow":"follow","max-snippet":"max-snippet:-1","max-image-preview":"max-image-preview:large","max-video-preview":"max-video-preview:-1"},"canonical":"https:\/\/lovepac.com\/en\/careers\/","og_locale":"en_US","og_type":"article","og_title":"Careers at Lovepac, Custom Packaging Manufacturer","og_description":"Explore career opportunities available at Lovepac, a custom packaging manufacturer committed to the highest standards of protective packaging innovation.","og_url":"https:\/\/lovepac.com\/en\/careers\/","og_site_name":"Lovepac","article_modified_time":"2023-09-19T15:49:36+00:00","twitter_card":"summary_large_image","twitter_misc":{"Est. reading time":"1 minute"},"schema":{"@context":"https:\/\/schema.org","@graph":[{"@type":"WebPage","@id":"https:\/\/lovepac.com\/en\/careers\/","url":"https:\/\/lovepac.com\/en\/careers\/","name":"Careers at Lovepac, Custom Packaging Manufacturer","isPartOf":{"@id":"https:\/\/lovepac.com\/en\/#website"},"datePublished":"2017-10-06T06:42:01+00:00","dateModified":"2023-09-19T15:49:36+00:00","description":"Explore career opportunities available at Lovepac, a custom packaging manufacturer committed to the highest standards of protective packaging innovation.","breadcrumb":{"@id":"https:\/\/lovepac.com\/en\/careers\/#breadcrumb"},"inLanguage":"en-US","potentialAction":[{"@type":"ReadAction","target":["https:\/\/lovepac.com\/en\/careers\/"]}]},{"@type":"BreadcrumbList","@id":"https:\/\/lovepac.com\/en\/careers\/#breadcrumb","itemListElement":[{"@type":"ListItem","position":1,"name":"Accueil","item":"https:\/\/lovepac.com\/en\/"},{"@type":"ListItem","position":2,"name":"Careers"}]},{"@type":"WebSite","@id":"https:\/\/lovepac.com\/en\/#website","url":"https:\/\/lovepac.com\/en\/","name":"Lovepac","description":"Emballages de bo\u00eetes en carton fiables et de qualit\u00e9 sup\u00e9rieure","publisher":{"@id":"https:\/\/lovepac.com\/en\/#organization"},"potentialAction":[{"@type":"SearchAction","target":{"@type":"EntryPoint","urlTemplate":"https:\/\/lovepac.com\/en\/?s={search_term_string}"},"query-input":{"@type":"PropertyValueSpecification","valueRequired":true,"valueName":"search_term_string"}}],"inLanguage":"en-US"},{"@type":"Organization","@id":"https:\/\/lovepac.com\/en\/#organization","name":"Lovepac","url":"https:\/\/lovepac.com\/en\/","logo":{"@type":"ImageObject","inLanguage":"en-US","@id":"https:\/\/lovepac.com\/en\/#\/schema\/logo\/image\/","url":"https:\/\/lovepac.com\/wp-content\/uploads\/2017\/10\/Novapac_Blog.jpg","contentUrl":"https:\/\/lovepac.com\/wp-content\/uploads\/2017\/10\/Novapac_Blog.jpg","width":1000,"height":600,"caption":"Lovepac"},"image":{"@id":"https:\/\/lovepac.com\/en\/#\/schema\/logo\/image\/"}}]}},"_links":{"self":[{"href":"https:\/\/lovepac.com\/en\/wp-json\/wp\/v2\/pages\/5717","targetHints":{"allow":["GET"]}}],"collection":[{"href":"https:\/\/lovepac.com\/en\/wp-json\/wp\/v2\/pages"}],"about":[{"href":"https:\/\/lovepac.com\/en\/wp-json\/wp\/v2\/types\/page"}],"author":[{"embeddable":true,"href":"https:\/\/lovepac.com\/en\/wp-json\/wp\/v2\/users\/1"}],"replies":[{"embeddable":true,"href":"https:\/\/lovepac.com\/en\/wp-json\/wp\/v2\/comments?post=5717"}],"version-history":[{"count":5,"href":"https:\/\/lovepac.com\/en\/wp-json\/wp\/v2\/pages\/5717\/revisions"}],"predecessor-version":[{"id":9687,"href":"https:\/\/lovepac.com\/en\/wp-json\/wp\/v2\/pages\/5717\/revisions\/9687"}],"wp:attachment":[{"href":"https:\/\/lovepac.com\/en\/wp-json\/wp\/v2\/media?parent=5717"}],"curies":[{"name":"wp","href":"https:\/\/api.w.org\/{rel}","templated":true}]}}