{"id":8042,"date":"2019-06-10T09:56:09","date_gmt":"2019-06-10T13:56:09","guid":{"rendered":"https:\/\/lovepac.com\/?page_id=8042"},"modified":"2022-03-17T16:13:50","modified_gmt":"2022-03-17T20:13:50","slug":"thermal-packaging","status":"publish","type":"page","link":"https:\/\/lovepac.com\/en\/products\/thermal-packaging\/","title":{"rendered":"Thermal Packaging"},"content":{"rendered":"<p><div class=\"fusion-fullwidth fullwidth-box fusion-builder-row-1 nonhundred-percent-fullwidth non-hundred-percent-height-scrolling\" style=\"--awb-border-radius-top-left:0px;--awb-border-radius-top-right:0px;--awb-border-radius-bottom-right:0px;--awb-border-radius-bottom-left:0px;--awb-flex-wrap:wrap;\" ><\/div><div class=\"fusion-builder-row fusion-row\"><\/div><div class=\"fusion-layout-column fusion_builder_column fusion-builder-column-0 fusion_builder_column_1_1 1_1 fusion-one-full fusion-column-first fusion-column-last\" style=\"--awb-bg-size:cover;--awb-margin-bottom:0px;width:100%;\"><div class=\"fusion-column-wrapper fusion-flex-column-wrapper-legacy\"><div class=\"fusion-clearfix\"><\/div><\/div><\/div><div class=\"fusion-text fusion-text-1\"><\/div><\/p>\n<h3>Thermal Packaging<\/h3>\n<h4>Thermocorr<\/h4>\n<p><img decoding=\"async\" class=\"alignright wp-image-8029 \" src=\"https:\/\/lovepac.com\/wp-content\/uploads\/2019\/06\/Thermocorr-300x185.jpg\" alt=\"\" width=\"491\" height=\"303\" srcset=\"https:\/\/lovepac.com\/wp-content\/uploads\/2019\/06\/Thermocorr-200x123.jpg 200w, https:\/\/lovepac.com\/wp-content\/uploads\/2019\/06\/Thermocorr-300x185.jpg 300w, https:\/\/lovepac.com\/wp-content\/uploads\/2019\/06\/Thermocorr-400x247.jpg 400w, https:\/\/lovepac.com\/wp-content\/uploads\/2019\/06\/Thermocorr.jpg 532w\" sizes=\"(max-width: 491px) 100vw, 491px\" \/><\/p>\n<ul>\n<li><strong>\u2018Warm Up\u2019 delivery service<\/strong> includes heated plug-in blanket eliminating the need for pre-conditioning or assembly<\/li>\n<li><strong>Replacement master cover<\/strong> reducing waste and saving cost by over 95% on second use<\/li>\n<li><strong>Revive foam<\/strong> 75% recycled foam content 67% corrugated recycled content with cushioning properties<\/li>\n<li><strong>Precise packaging<\/strong> part of our Layered Inventory model<\/li>\n<li><strong>Meets strict temperature insulation requirements<\/strong> face changing properties adjusts to temperature\u00a0changes during transport<\/li>\n<li><strong>Corrugated, PE foam hybrid crate design\u00a0<\/strong>reduces the weight by up to 30%<\/li>\n<li><strong>High efficiency closed cell insulation foam<\/strong> provides airtight seal<\/li>\n<li><strong>Panasonic VIP panels<\/strong><\/li>\n<li><strong>Hybrid design<\/strong> light packaging reduces size and weight, saves money on transport<\/li>\n<li><strong>Environmentally friendly<\/strong> finished boxes loaded in custom returnable crate<\/li>\n<\/ul>\n<p><strong>Our ThermoCorr* Products:<\/strong><br \/>\n<strong>Small:<\/strong> 7 1\u20442&#8243; x 7 7\/8&#8243; x 2 3\/8&#8243;<br \/>\n<strong>Medium:<\/strong> 12\u00bc&#8221; x 11&#8243; x 8 1\/4&#8243;<br \/>\n<strong>Large:<\/strong> 21&#8243; x 21&#8243; x 12&#8243;<\/p>\n<p>*Custom sizes available upon request<\/p>\n","protected":false},"excerpt":{"rendered":"<p>Thermal Packaging Thermocorr \u2018Warm Up\u2019 delivery service includes heated plug-in  [&#8230;]<\/p>\n","protected":false},"author":13,"featured_media":0,"parent":5528,"menu_order":11,"comment_status":"closed","ping_status":"closed","template":"side-navigation.php","meta":{"footnotes":""},"class_list":["post-8042","page","type-page","status-publish","hentry"],"yoast_head":"<!-- This site is optimized with the Yoast SEO plugin v27.3 - https:\/\/yoast.com\/product\/yoast-seo-wordpress\/ -->\n<title>Thermal Insulated Packaging, Thermal Packaging Solutions<\/title>\n<meta name=\"description\" content=\"Thermal insulated packaging solutions by Lovepac in Quebec meet strict temperature insulation requirements and are available in a variety of sizes.\" \/>\n<meta name=\"robots\" content=\"index, follow, max-snippet:-1, max-image-preview:large, max-video-preview:-1\" \/>\n<link rel=\"canonical\" href=\"https:\/\/lovepac.com\/en\/products\/thermal-packaging\/\" \/>\n<meta property=\"og:locale\" content=\"en_US\" \/>\n<meta property=\"og:type\" content=\"article\" \/>\n<meta property=\"og:title\" content=\"Thermal Insulated Packaging, Thermal Packaging Solutions\" \/>\n<meta property=\"og:description\" content=\"Thermal insulated packaging solutions by Lovepac in Quebec meet strict temperature insulation requirements and are available in a variety of sizes.\" \/>\n<meta property=\"og:url\" content=\"https:\/\/lovepac.com\/en\/products\/thermal-packaging\/\" \/>\n<meta property=\"og:site_name\" content=\"Lovepac\" \/>\n<meta property=\"article:modified_time\" content=\"2022-03-17T20:13:50+00:00\" \/>\n<meta property=\"og:image\" content=\"https:\/\/lovepac.com\/wp-content\/uploads\/2019\/06\/Thermocorr-300x185.jpg\" \/>\n<meta name=\"twitter:card\" content=\"summary_large_image\" \/>\n<meta name=\"twitter:label1\" content=\"Est. reading time\" \/>\n\t<meta name=\"twitter:data1\" content=\"2 minutes\" \/>\n<script type=\"application\/ld+json\" class=\"yoast-schema-graph\">{\"@context\":\"https:\\\/\\\/schema.org\",\"@graph\":[{\"@type\":\"WebPage\",\"@id\":\"https:\\\/\\\/lovepac.com\\\/en\\\/products\\\/thermal-packaging\\\/\",\"url\":\"https:\\\/\\\/lovepac.com\\\/en\\\/products\\\/thermal-packaging\\\/\",\"name\":\"Thermal Insulated Packaging, Thermal Packaging Solutions\",\"isPartOf\":{\"@id\":\"https:\\\/\\\/lovepac.com\\\/en\\\/#website\"},\"primaryImageOfPage\":{\"@id\":\"https:\\\/\\\/lovepac.com\\\/en\\\/products\\\/thermal-packaging\\\/#primaryimage\"},\"image\":{\"@id\":\"https:\\\/\\\/lovepac.com\\\/en\\\/products\\\/thermal-packaging\\\/#primaryimage\"},\"thumbnailUrl\":\"https:\\\/\\\/lovepac.com\\\/wp-content\\\/uploads\\\/2019\\\/06\\\/Thermocorr-300x185.jpg\",\"datePublished\":\"2019-06-10T13:56:09+00:00\",\"dateModified\":\"2022-03-17T20:13:50+00:00\",\"description\":\"Thermal insulated packaging solutions by Lovepac in Quebec meet strict temperature insulation requirements and are available in a variety of sizes.\",\"breadcrumb\":{\"@id\":\"https:\\\/\\\/lovepac.com\\\/en\\\/products\\\/thermal-packaging\\\/#breadcrumb\"},\"inLanguage\":\"en-US\",\"potentialAction\":[{\"@type\":\"ReadAction\",\"target\":[\"https:\\\/\\\/lovepac.com\\\/en\\\/products\\\/thermal-packaging\\\/\"]}]},{\"@type\":\"ImageObject\",\"inLanguage\":\"en-US\",\"@id\":\"https:\\\/\\\/lovepac.com\\\/en\\\/products\\\/thermal-packaging\\\/#primaryimage\",\"url\":\"https:\\\/\\\/lovepac.com\\\/wp-content\\\/uploads\\\/2019\\\/06\\\/Thermocorr-300x185.jpg\",\"contentUrl\":\"https:\\\/\\\/lovepac.com\\\/wp-content\\\/uploads\\\/2019\\\/06\\\/Thermocorr-300x185.jpg\"},{\"@type\":\"BreadcrumbList\",\"@id\":\"https:\\\/\\\/lovepac.com\\\/en\\\/products\\\/thermal-packaging\\\/#breadcrumb\",\"itemListElement\":[{\"@type\":\"ListItem\",\"position\":1,\"name\":\"Accueil\",\"item\":\"https:\\\/\\\/lovepac.com\\\/en\\\/\"},{\"@type\":\"ListItem\",\"position\":2,\"name\":\"Products\",\"item\":\"https:\\\/\\\/lovepac.com\\\/en\\\/produits\\\/\"},{\"@type\":\"ListItem\",\"position\":3,\"name\":\"Thermal Packaging\"}]},{\"@type\":\"WebSite\",\"@id\":\"https:\\\/\\\/lovepac.com\\\/en\\\/#website\",\"url\":\"https:\\\/\\\/lovepac.com\\\/en\\\/\",\"name\":\"Lovepac\",\"description\":\"Emballages de bo\u00eetes en carton fiables et de qualit\u00e9 sup\u00e9rieure\",\"publisher\":{\"@id\":\"https:\\\/\\\/lovepac.com\\\/en\\\/#organization\"},\"potentialAction\":[{\"@type\":\"SearchAction\",\"target\":{\"@type\":\"EntryPoint\",\"urlTemplate\":\"https:\\\/\\\/lovepac.com\\\/en\\\/?s={search_term_string}\"},\"query-input\":{\"@type\":\"PropertyValueSpecification\",\"valueRequired\":true,\"valueName\":\"search_term_string\"}}],\"inLanguage\":\"en-US\"},{\"@type\":\"Organization\",\"@id\":\"https:\\\/\\\/lovepac.com\\\/en\\\/#organization\",\"name\":\"Lovepac\",\"url\":\"https:\\\/\\\/lovepac.com\\\/en\\\/\",\"logo\":{\"@type\":\"ImageObject\",\"inLanguage\":\"en-US\",\"@id\":\"https:\\\/\\\/lovepac.com\\\/en\\\/#\\\/schema\\\/logo\\\/image\\\/\",\"url\":\"https:\\\/\\\/lovepac.com\\\/wp-content\\\/uploads\\\/2017\\\/10\\\/Novapac_Blog.jpg\",\"contentUrl\":\"https:\\\/\\\/lovepac.com\\\/wp-content\\\/uploads\\\/2017\\\/10\\\/Novapac_Blog.jpg\",\"width\":1000,\"height\":600,\"caption\":\"Lovepac\"},\"image\":{\"@id\":\"https:\\\/\\\/lovepac.com\\\/en\\\/#\\\/schema\\\/logo\\\/image\\\/\"}}]}<\/script>\n<!-- \/ Yoast SEO plugin. -->","yoast_head_json":{"title":"Thermal Insulated Packaging, Thermal Packaging Solutions","description":"Thermal insulated packaging solutions by Lovepac in Quebec meet strict temperature insulation requirements and are available in a variety of sizes.","robots":{"index":"index","follow":"follow","max-snippet":"max-snippet:-1","max-image-preview":"max-image-preview:large","max-video-preview":"max-video-preview:-1"},"canonical":"https:\/\/lovepac.com\/en\/products\/thermal-packaging\/","og_locale":"en_US","og_type":"article","og_title":"Thermal Insulated Packaging, Thermal Packaging Solutions","og_description":"Thermal insulated packaging solutions by Lovepac in Quebec meet strict temperature insulation requirements and are available in a variety of sizes.","og_url":"https:\/\/lovepac.com\/en\/products\/thermal-packaging\/","og_site_name":"Lovepac","article_modified_time":"2022-03-17T20:13:50+00:00","og_image":[{"url":"https:\/\/lovepac.com\/wp-content\/uploads\/2019\/06\/Thermocorr-300x185.jpg","type":"","width":"","height":""}],"twitter_card":"summary_large_image","twitter_misc":{"Est. reading time":"2 minutes"},"schema":{"@context":"https:\/\/schema.org","@graph":[{"@type":"WebPage","@id":"https:\/\/lovepac.com\/en\/products\/thermal-packaging\/","url":"https:\/\/lovepac.com\/en\/products\/thermal-packaging\/","name":"Thermal Insulated Packaging, Thermal Packaging Solutions","isPartOf":{"@id":"https:\/\/lovepac.com\/en\/#website"},"primaryImageOfPage":{"@id":"https:\/\/lovepac.com\/en\/products\/thermal-packaging\/#primaryimage"},"image":{"@id":"https:\/\/lovepac.com\/en\/products\/thermal-packaging\/#primaryimage"},"thumbnailUrl":"https:\/\/lovepac.com\/wp-content\/uploads\/2019\/06\/Thermocorr-300x185.jpg","datePublished":"2019-06-10T13:56:09+00:00","dateModified":"2022-03-17T20:13:50+00:00","description":"Thermal insulated packaging solutions by Lovepac in Quebec meet strict temperature insulation requirements and are available in a variety of sizes.","breadcrumb":{"@id":"https:\/\/lovepac.com\/en\/products\/thermal-packaging\/#breadcrumb"},"inLanguage":"en-US","potentialAction":[{"@type":"ReadAction","target":["https:\/\/lovepac.com\/en\/products\/thermal-packaging\/"]}]},{"@type":"ImageObject","inLanguage":"en-US","@id":"https:\/\/lovepac.com\/en\/products\/thermal-packaging\/#primaryimage","url":"https:\/\/lovepac.com\/wp-content\/uploads\/2019\/06\/Thermocorr-300x185.jpg","contentUrl":"https:\/\/lovepac.com\/wp-content\/uploads\/2019\/06\/Thermocorr-300x185.jpg"},{"@type":"BreadcrumbList","@id":"https:\/\/lovepac.com\/en\/products\/thermal-packaging\/#breadcrumb","itemListElement":[{"@type":"ListItem","position":1,"name":"Accueil","item":"https:\/\/lovepac.com\/en\/"},{"@type":"ListItem","position":2,"name":"Products","item":"https:\/\/lovepac.com\/en\/produits\/"},{"@type":"ListItem","position":3,"name":"Thermal Packaging"}]},{"@type":"WebSite","@id":"https:\/\/lovepac.com\/en\/#website","url":"https:\/\/lovepac.com\/en\/","name":"Lovepac","description":"Emballages de bo\u00eetes en carton fiables et de qualit\u00e9 sup\u00e9rieure","publisher":{"@id":"https:\/\/lovepac.com\/en\/#organization"},"potentialAction":[{"@type":"SearchAction","target":{"@type":"EntryPoint","urlTemplate":"https:\/\/lovepac.com\/en\/?s={search_term_string}"},"query-input":{"@type":"PropertyValueSpecification","valueRequired":true,"valueName":"search_term_string"}}],"inLanguage":"en-US"},{"@type":"Organization","@id":"https:\/\/lovepac.com\/en\/#organization","name":"Lovepac","url":"https:\/\/lovepac.com\/en\/","logo":{"@type":"ImageObject","inLanguage":"en-US","@id":"https:\/\/lovepac.com\/en\/#\/schema\/logo\/image\/","url":"https:\/\/lovepac.com\/wp-content\/uploads\/2017\/10\/Novapac_Blog.jpg","contentUrl":"https:\/\/lovepac.com\/wp-content\/uploads\/2017\/10\/Novapac_Blog.jpg","width":1000,"height":600,"caption":"Lovepac"},"image":{"@id":"https:\/\/lovepac.com\/en\/#\/schema\/logo\/image\/"}}]}},"_links":{"self":[{"href":"https:\/\/lovepac.com\/en\/wp-json\/wp\/v2\/pages\/8042","targetHints":{"allow":["GET"]}}],"collection":[{"href":"https:\/\/lovepac.com\/en\/wp-json\/wp\/v2\/pages"}],"about":[{"href":"https:\/\/lovepac.com\/en\/wp-json\/wp\/v2\/types\/page"}],"author":[{"embeddable":true,"href":"https:\/\/lovepac.com\/en\/wp-json\/wp\/v2\/users\/13"}],"replies":[{"embeddable":true,"href":"https:\/\/lovepac.com\/en\/wp-json\/wp\/v2\/comments?post=8042"}],"version-history":[{"count":3,"href":"https:\/\/lovepac.com\/en\/wp-json\/wp\/v2\/pages\/8042\/revisions"}],"predecessor-version":[{"id":8047,"href":"https:\/\/lovepac.com\/en\/wp-json\/wp\/v2\/pages\/8042\/revisions\/8047"}],"up":[{"embeddable":true,"href":"https:\/\/lovepac.com\/en\/wp-json\/wp\/v2\/pages\/5528"}],"wp:attachment":[{"href":"https:\/\/lovepac.com\/en\/wp-json\/wp\/v2\/media?parent=8042"}],"curies":[{"name":"wp","href":"https:\/\/api.w.org\/{rel}","templated":true}]}}