{"id":8481,"date":"2020-07-17T11:25:11","date_gmt":"2020-07-17T15:25:11","guid":{"rendered":"https:\/\/lovepac.com\/?page_id=8481"},"modified":"2022-03-17T16:18:15","modified_gmt":"2022-03-17T20:18:15","slug":"nanuk-protective-cases","status":"publish","type":"page","link":"https:\/\/lovepac.com\/en\/products\/nanuk-protective-cases\/","title":{"rendered":"Nanuk Protective Cases"},"content":{"rendered":"<header>\n<h3>Nanuk Protective Cases<\/h3>\n<\/header>\n<section class=\"content test\">\n<h4>Customized any way you want<\/h4>\n<p><img decoding=\"async\" class=\"alignright wp-image-8484 \" src=\"https:\/\/lovepac.com\/wp-content\/uploads\/2020\/07\/Nanuk-918-300x300.png\" alt=\"\" width=\"279\" height=\"279\" srcset=\"https:\/\/lovepac.com\/wp-content\/uploads\/2020\/07\/Nanuk-918-66x66.png 66w, https:\/\/lovepac.com\/wp-content\/uploads\/2020\/07\/Nanuk-918-150x150.png 150w, https:\/\/lovepac.com\/wp-content\/uploads\/2020\/07\/Nanuk-918-200x200.png 200w, https:\/\/lovepac.com\/wp-content\/uploads\/2020\/07\/Nanuk-918-300x300.png 300w, https:\/\/lovepac.com\/wp-content\/uploads\/2020\/07\/Nanuk-918-400x400.png 400w, https:\/\/lovepac.com\/wp-content\/uploads\/2020\/07\/Nanuk-918.png 540w\" sizes=\"(max-width: 279px) 100vw, 279px\" \/>Lovepac is proud to be an official Nanuk distributor throughout North America. Nanuk cases have been around for more than 40 years because they are tough, durable and virtually unbreakable! Being a manufacturer of protective packaging allows us to offer our clients unique customization of any Nanuk case available. We can adapt just about anything you need for these cases plus meet any military, aviation, and transportation requirements you may have. We work with polyethylene, polyurethane, cross link and a compilation of all these foams to create the custom design you need. Contact our customer service department or our corrdesign team to discuss your custom project.<\/p>\n<p align=\"center\"><img decoding=\"async\" class=\"aligncenter wp-image-8511\" src=\"https:\/\/lovepac.com\/wp-content\/uploads\/2020\/07\/Nanuk-3-3-300x122.png\" alt=\"\" width=\"686\" height=\"279\" srcset=\"https:\/\/lovepac.com\/wp-content\/uploads\/2020\/07\/Nanuk-3-3-200x81.png 200w, https:\/\/lovepac.com\/wp-content\/uploads\/2020\/07\/Nanuk-3-3-300x122.png 300w, https:\/\/lovepac.com\/wp-content\/uploads\/2020\/07\/Nanuk-3-3-400x162.png 400w, https:\/\/lovepac.com\/wp-content\/uploads\/2020\/07\/Nanuk-3-3-600x244.png 600w, https:\/\/lovepac.com\/wp-content\/uploads\/2020\/07\/Nanuk-3-3-669x272.png 669w, https:\/\/lovepac.com\/wp-content\/uploads\/2020\/07\/Nanuk-3-3-768x312.png 768w, https:\/\/lovepac.com\/wp-content\/uploads\/2020\/07\/Nanuk-3-3-800x325.png 800w, https:\/\/lovepac.com\/wp-content\/uploads\/2020\/07\/Nanuk-3-3-1024x416.png 1024w, https:\/\/lovepac.com\/wp-content\/uploads\/2020\/07\/Nanuk-3-3-1200x487.png 1200w, https:\/\/lovepac.com\/wp-content\/uploads\/2020\/07\/Nanuk-3-3.png 1330w\" sizes=\"(max-width: 686px) 100vw, 686px\" \/><\/p>\n<p>Nanuk cases capture what we do best: taking a high quality product like the Nanuk case and customizing it to protect what is valuable to you. Nanuk cases are robust, attractive cases that will protect your products for a lifetime.<\/p>\n<div id=\"gkSocialAPI\"><\/div>\n<\/section>\n","protected":false},"excerpt":{"rendered":"<p>Nanuk Protective Cases Customized any way you want Lovepac is  [&#8230;]<\/p>\n","protected":false},"author":13,"featured_media":0,"parent":5528,"menu_order":11,"comment_status":"closed","ping_status":"closed","template":"side-navigation.php","meta":{"footnotes":""},"class_list":["post-8481","page","type-page","status-publish","hentry"],"yoast_head":"<!-- This site is optimized with the Yoast SEO plugin v27.3 - https:\/\/yoast.com\/product\/yoast-seo-wordpress\/ -->\n<title>Nanuk Protective Cases, Custom Nanuk Cases Quebec<\/title>\n<meta name=\"description\" content=\"Lovepac is an official distributor of Nanuk protective cases throughout North America. Custom Nanuk case design options available to meet specific needs.\" \/>\n<meta name=\"robots\" content=\"index, follow, max-snippet:-1, max-image-preview:large, max-video-preview:-1\" \/>\n<link rel=\"canonical\" href=\"https:\/\/lovepac.com\/en\/products\/nanuk-protective-cases\/\" \/>\n<meta property=\"og:locale\" content=\"en_US\" \/>\n<meta property=\"og:type\" content=\"article\" \/>\n<meta property=\"og:title\" content=\"Nanuk Protective Cases, Custom Nanuk Cases Quebec\" \/>\n<meta property=\"og:description\" content=\"Lovepac is an official distributor of Nanuk protective cases throughout North America. Custom Nanuk case design options available to meet specific needs.\" \/>\n<meta property=\"og:url\" content=\"https:\/\/lovepac.com\/en\/products\/nanuk-protective-cases\/\" \/>\n<meta property=\"og:site_name\" content=\"Lovepac\" \/>\n<meta property=\"article:modified_time\" content=\"2022-03-17T20:18:15+00:00\" \/>\n<meta property=\"og:image\" content=\"https:\/\/lovepac.com\/wp-content\/uploads\/2020\/07\/Nanuk-918-300x300.png\" \/>\n<meta name=\"twitter:card\" content=\"summary_large_image\" \/>\n<meta name=\"twitter:label1\" content=\"Est. reading time\" \/>\n\t<meta name=\"twitter:data1\" content=\"2 minutes\" \/>\n<script type=\"application\/ld+json\" class=\"yoast-schema-graph\">{\"@context\":\"https:\\\/\\\/schema.org\",\"@graph\":[{\"@type\":\"WebPage\",\"@id\":\"https:\\\/\\\/lovepac.com\\\/en\\\/products\\\/nanuk-protective-cases\\\/\",\"url\":\"https:\\\/\\\/lovepac.com\\\/en\\\/products\\\/nanuk-protective-cases\\\/\",\"name\":\"Nanuk Protective Cases, Custom Nanuk Cases Quebec\",\"isPartOf\":{\"@id\":\"https:\\\/\\\/lovepac.com\\\/en\\\/#website\"},\"primaryImageOfPage\":{\"@id\":\"https:\\\/\\\/lovepac.com\\\/en\\\/products\\\/nanuk-protective-cases\\\/#primaryimage\"},\"image\":{\"@id\":\"https:\\\/\\\/lovepac.com\\\/en\\\/products\\\/nanuk-protective-cases\\\/#primaryimage\"},\"thumbnailUrl\":\"https:\\\/\\\/lovepac.com\\\/wp-content\\\/uploads\\\/2020\\\/07\\\/Nanuk-918-300x300.png\",\"datePublished\":\"2020-07-17T15:25:11+00:00\",\"dateModified\":\"2022-03-17T20:18:15+00:00\",\"description\":\"Lovepac is an official distributor of Nanuk protective cases throughout North America. Custom Nanuk case design options available to meet specific needs.\",\"breadcrumb\":{\"@id\":\"https:\\\/\\\/lovepac.com\\\/en\\\/products\\\/nanuk-protective-cases\\\/#breadcrumb\"},\"inLanguage\":\"en-US\",\"potentialAction\":[{\"@type\":\"ReadAction\",\"target\":[\"https:\\\/\\\/lovepac.com\\\/en\\\/products\\\/nanuk-protective-cases\\\/\"]}]},{\"@type\":\"ImageObject\",\"inLanguage\":\"en-US\",\"@id\":\"https:\\\/\\\/lovepac.com\\\/en\\\/products\\\/nanuk-protective-cases\\\/#primaryimage\",\"url\":\"https:\\\/\\\/lovepac.com\\\/wp-content\\\/uploads\\\/2020\\\/07\\\/Nanuk-918-300x300.png\",\"contentUrl\":\"https:\\\/\\\/lovepac.com\\\/wp-content\\\/uploads\\\/2020\\\/07\\\/Nanuk-918-300x300.png\"},{\"@type\":\"BreadcrumbList\",\"@id\":\"https:\\\/\\\/lovepac.com\\\/en\\\/products\\\/nanuk-protective-cases\\\/#breadcrumb\",\"itemListElement\":[{\"@type\":\"ListItem\",\"position\":1,\"name\":\"Accueil\",\"item\":\"https:\\\/\\\/lovepac.com\\\/en\\\/\"},{\"@type\":\"ListItem\",\"position\":2,\"name\":\"Products\",\"item\":\"https:\\\/\\\/lovepac.com\\\/en\\\/produits\\\/\"},{\"@type\":\"ListItem\",\"position\":3,\"name\":\"Nanuk Protective Cases\"}]},{\"@type\":\"WebSite\",\"@id\":\"https:\\\/\\\/lovepac.com\\\/en\\\/#website\",\"url\":\"https:\\\/\\\/lovepac.com\\\/en\\\/\",\"name\":\"Lovepac\",\"description\":\"Emballages de bo\u00eetes en carton fiables et de qualit\u00e9 sup\u00e9rieure\",\"publisher\":{\"@id\":\"https:\\\/\\\/lovepac.com\\\/en\\\/#organization\"},\"potentialAction\":[{\"@type\":\"SearchAction\",\"target\":{\"@type\":\"EntryPoint\",\"urlTemplate\":\"https:\\\/\\\/lovepac.com\\\/en\\\/?s={search_term_string}\"},\"query-input\":{\"@type\":\"PropertyValueSpecification\",\"valueRequired\":true,\"valueName\":\"search_term_string\"}}],\"inLanguage\":\"en-US\"},{\"@type\":\"Organization\",\"@id\":\"https:\\\/\\\/lovepac.com\\\/en\\\/#organization\",\"name\":\"Lovepac\",\"url\":\"https:\\\/\\\/lovepac.com\\\/en\\\/\",\"logo\":{\"@type\":\"ImageObject\",\"inLanguage\":\"en-US\",\"@id\":\"https:\\\/\\\/lovepac.com\\\/en\\\/#\\\/schema\\\/logo\\\/image\\\/\",\"url\":\"https:\\\/\\\/lovepac.com\\\/wp-content\\\/uploads\\\/2017\\\/10\\\/Novapac_Blog.jpg\",\"contentUrl\":\"https:\\\/\\\/lovepac.com\\\/wp-content\\\/uploads\\\/2017\\\/10\\\/Novapac_Blog.jpg\",\"width\":1000,\"height\":600,\"caption\":\"Lovepac\"},\"image\":{\"@id\":\"https:\\\/\\\/lovepac.com\\\/en\\\/#\\\/schema\\\/logo\\\/image\\\/\"}}]}<\/script>\n<!-- \/ Yoast SEO plugin. -->","yoast_head_json":{"title":"Nanuk Protective Cases, Custom Nanuk Cases Quebec","description":"Lovepac is an official distributor of Nanuk protective cases throughout North America. Custom Nanuk case design options available to meet specific needs.","robots":{"index":"index","follow":"follow","max-snippet":"max-snippet:-1","max-image-preview":"max-image-preview:large","max-video-preview":"max-video-preview:-1"},"canonical":"https:\/\/lovepac.com\/en\/products\/nanuk-protective-cases\/","og_locale":"en_US","og_type":"article","og_title":"Nanuk Protective Cases, Custom Nanuk Cases Quebec","og_description":"Lovepac is an official distributor of Nanuk protective cases throughout North America. Custom Nanuk case design options available to meet specific needs.","og_url":"https:\/\/lovepac.com\/en\/products\/nanuk-protective-cases\/","og_site_name":"Lovepac","article_modified_time":"2022-03-17T20:18:15+00:00","og_image":[{"url":"https:\/\/lovepac.com\/wp-content\/uploads\/2020\/07\/Nanuk-918-300x300.png","type":"","width":"","height":""}],"twitter_card":"summary_large_image","twitter_misc":{"Est. reading time":"2 minutes"},"schema":{"@context":"https:\/\/schema.org","@graph":[{"@type":"WebPage","@id":"https:\/\/lovepac.com\/en\/products\/nanuk-protective-cases\/","url":"https:\/\/lovepac.com\/en\/products\/nanuk-protective-cases\/","name":"Nanuk Protective Cases, Custom Nanuk Cases Quebec","isPartOf":{"@id":"https:\/\/lovepac.com\/en\/#website"},"primaryImageOfPage":{"@id":"https:\/\/lovepac.com\/en\/products\/nanuk-protective-cases\/#primaryimage"},"image":{"@id":"https:\/\/lovepac.com\/en\/products\/nanuk-protective-cases\/#primaryimage"},"thumbnailUrl":"https:\/\/lovepac.com\/wp-content\/uploads\/2020\/07\/Nanuk-918-300x300.png","datePublished":"2020-07-17T15:25:11+00:00","dateModified":"2022-03-17T20:18:15+00:00","description":"Lovepac is an official distributor of Nanuk protective cases throughout North America. Custom Nanuk case design options available to meet specific needs.","breadcrumb":{"@id":"https:\/\/lovepac.com\/en\/products\/nanuk-protective-cases\/#breadcrumb"},"inLanguage":"en-US","potentialAction":[{"@type":"ReadAction","target":["https:\/\/lovepac.com\/en\/products\/nanuk-protective-cases\/"]}]},{"@type":"ImageObject","inLanguage":"en-US","@id":"https:\/\/lovepac.com\/en\/products\/nanuk-protective-cases\/#primaryimage","url":"https:\/\/lovepac.com\/wp-content\/uploads\/2020\/07\/Nanuk-918-300x300.png","contentUrl":"https:\/\/lovepac.com\/wp-content\/uploads\/2020\/07\/Nanuk-918-300x300.png"},{"@type":"BreadcrumbList","@id":"https:\/\/lovepac.com\/en\/products\/nanuk-protective-cases\/#breadcrumb","itemListElement":[{"@type":"ListItem","position":1,"name":"Accueil","item":"https:\/\/lovepac.com\/en\/"},{"@type":"ListItem","position":2,"name":"Products","item":"https:\/\/lovepac.com\/en\/produits\/"},{"@type":"ListItem","position":3,"name":"Nanuk Protective Cases"}]},{"@type":"WebSite","@id":"https:\/\/lovepac.com\/en\/#website","url":"https:\/\/lovepac.com\/en\/","name":"Lovepac","description":"Emballages de bo\u00eetes en carton fiables et de qualit\u00e9 sup\u00e9rieure","publisher":{"@id":"https:\/\/lovepac.com\/en\/#organization"},"potentialAction":[{"@type":"SearchAction","target":{"@type":"EntryPoint","urlTemplate":"https:\/\/lovepac.com\/en\/?s={search_term_string}"},"query-input":{"@type":"PropertyValueSpecification","valueRequired":true,"valueName":"search_term_string"}}],"inLanguage":"en-US"},{"@type":"Organization","@id":"https:\/\/lovepac.com\/en\/#organization","name":"Lovepac","url":"https:\/\/lovepac.com\/en\/","logo":{"@type":"ImageObject","inLanguage":"en-US","@id":"https:\/\/lovepac.com\/en\/#\/schema\/logo\/image\/","url":"https:\/\/lovepac.com\/wp-content\/uploads\/2017\/10\/Novapac_Blog.jpg","contentUrl":"https:\/\/lovepac.com\/wp-content\/uploads\/2017\/10\/Novapac_Blog.jpg","width":1000,"height":600,"caption":"Lovepac"},"image":{"@id":"https:\/\/lovepac.com\/en\/#\/schema\/logo\/image\/"}}]}},"_links":{"self":[{"href":"https:\/\/lovepac.com\/en\/wp-json\/wp\/v2\/pages\/8481","targetHints":{"allow":["GET"]}}],"collection":[{"href":"https:\/\/lovepac.com\/en\/wp-json\/wp\/v2\/pages"}],"about":[{"href":"https:\/\/lovepac.com\/en\/wp-json\/wp\/v2\/types\/page"}],"author":[{"embeddable":true,"href":"https:\/\/lovepac.com\/en\/wp-json\/wp\/v2\/users\/13"}],"replies":[{"embeddable":true,"href":"https:\/\/lovepac.com\/en\/wp-json\/wp\/v2\/comments?post=8481"}],"version-history":[{"count":5,"href":"https:\/\/lovepac.com\/en\/wp-json\/wp\/v2\/pages\/8481\/revisions"}],"predecessor-version":[{"id":8520,"href":"https:\/\/lovepac.com\/en\/wp-json\/wp\/v2\/pages\/8481\/revisions\/8520"}],"up":[{"embeddable":true,"href":"https:\/\/lovepac.com\/en\/wp-json\/wp\/v2\/pages\/5528"}],"wp:attachment":[{"href":"https:\/\/lovepac.com\/en\/wp-json\/wp\/v2\/media?parent=8481"}],"curies":[{"name":"wp","href":"https:\/\/api.w.org\/{rel}","templated":true}]}}