{"id":8786,"date":"2021-03-13T13:56:16","date_gmt":"2021-03-13T18:56:16","guid":{"rendered":"https:\/\/lovepac.com\/productos\/"},"modified":"2021-03-13T13:56:18","modified_gmt":"2021-03-13T18:56:18","slug":"productos","status":"publish","type":"page","link":"https:\/\/lovepac.com\/es\/productos\/","title":{"rendered":"Productos"},"content":{"rendered":"<div class=\"fusion-fullwidth fullwidth-box fusion-builder-row-1 fusion-flex-container nonhundred-percent-fullwidth non-hundred-percent-height-scrolling\" style=\"--awb-border-radius-top-left:0px;--awb-border-radius-top-right:0px;--awb-border-radius-bottom-right:0px;--awb-border-radius-bottom-left:0px;--awb-flex-wrap:wrap;\" ><div class=\"fusion-builder-row fusion-row fusion-flex-align-items-flex-start fusion-flex-content-wrap\" style=\"max-width:calc( 1170px + 0px );margin-left: calc(-0px \/ 2 );margin-right: calc(-0px \/ 2 );\"><div class=\"fusion-layout-column fusion_builder_column fusion-builder-column-0 fusion_builder_column_1_1 1_1 fusion-flex-column\" style=\"--awb-bg-size:cover;--awb-width-large:100%;--awb-margin-top-large:0px;--awb-spacing-right-large:0px;--awb-margin-bottom-large:0px;--awb-spacing-left-large:0px;--awb-width-medium:100%;--awb-spacing-right-medium:0px;--awb-spacing-left-medium:0px;--awb-width-small:100%;--awb-spacing-right-small:0px;--awb-spacing-left-small:0px;\"><div class=\"fusion-column-wrapper fusion-flex-justify-content-flex-start fusion-content-layout-column\"><div class=\"fusion-text fusion-text-1\"><h3>Productos<\/h3>\n<h4>Redefiniendo el embalaje de cajas de cart\u00f3n ondulado personalizado<\/h4>\n<p><img decoding=\"async\" class=\" alignright size-full wp-image-264\" style=\"float: right; margin-left: 20px; margin-bottom: 20px;\" src=\"\/wp-content\/uploads\/2012\/09\/images_foam-in-box.jpg\" alt=\"emballage de protection\" width=\"532\" height=\"328\" border=\"0\" srcset=\"https:\/\/lovepac.com\/wp-content\/uploads\/2012\/09\/images_foam-in-box-300x185.jpg 300w, https:\/\/lovepac.com\/wp-content\/uploads\/2012\/09\/images_foam-in-box.jpg 532w\" sizes=\"(max-width: 532px) 100vw, 532px\" \/>Lovepac es el principal proveedor de empaques de protecci\u00f3n personalizados en l\u00ednea en Am\u00e9rica del Norte, capaz de fabricar, dise\u00f1ar y dar servicio a una gama completa de productos y suministros de empaque de espuma corrugada y protectora.<\/p>\n<p>Nuestra empresa est\u00e1 profundamente comprometida a cumplir la promesa de una experiencia de servicio al cliente m\u00e1s consistente y confiable al fomentar relaciones a largo plazo basadas en una visi\u00f3n mutua para el \u00e9xito: una soluci\u00f3n de empaque que protege sus bienes valiosos.<\/p>\n<p>El modelo de entrega de Lovepac establece un alto nivel en t\u00e9rminos de brindar los niveles m\u00e1s altos de dise\u00f1o, fabricaci\u00f3n, inventario y experiencias de servicio al cliente en la industria.<\/p>\n<h4>Centro de soluciones integral para embalaje protector personalizado<\/h4>\n<p><img decoding=\"async\" class=\" alignright size-full wp-image-265\" style=\"float: right; margin-left: 20px;\" src=\"\/wp-content\/uploads\/2012\/09\/images_custom-packaging.jpg\" alt=\"emballage de protection en mousse\" width=\"436\" height=\"423\" border=\"0\" srcset=\"https:\/\/lovepac.com\/wp-content\/uploads\/2012\/09\/images_custom-packaging-300x291.jpg 300w, https:\/\/lovepac.com\/wp-content\/uploads\/2012\/09\/images_custom-packaging.jpg 436w\" sizes=\"(max-width: 436px) 100vw, 436px\" \/>Nos dedicamos a brindar a las empresas una tranquilidad total. Sus productos estar\u00e1n protegidos en una caja corrugada personalizada, empaque de espuma y \/ o una soluci\u00f3n de embalaje dise\u00f1ada para sus requisitos de empaque \u00fanicos.<\/p>\n<p>El equipo de Lovepac ofrece m\u00e1s profundidad y amplitud de servicios y habilidades en la industria del empaque de protecci\u00f3n que cualquier otra persona.\u00a0Desde nuestro equipo creativo y orientado a los detalles CorrDesign\u00a0<sup>TM<\/sup>\u00a0(Design Squad) hasta nuestros innovadores\u00a0profesionales de control de calidad y fabricaci\u00f3n de\u00a0LovepacQ\u00a0<sup>TM<\/sup>\u00a0, cada miembro del equipo de Lovepac se preocupa personalmente por combinar las soluciones adecuadas con sus necesidades.<\/p>\n<p>Como su socio de fabricaci\u00f3n, nuestro objetivo es apoyar una relaci\u00f3n a largo plazo basada en la confianza.\u00a0Esto comienza con la comprensi\u00f3n de sus necesidades y el desarrollo de una soluci\u00f3n de embalaje personalizada que cumple constantemente la promesa de proteger sus bienes valiosos.<\/p>\n<p><a href=\"\/es\/metodo-corr\">Obtenga m\u00e1s informaci\u00f3n sobre el enfoque exclusivo CorrMethod \u2122 de Lovepac para el embalaje protector personalizado.<\/a><\/p>\n<\/div><\/div><\/div><\/div><\/div>\n","protected":false},"excerpt":{"rendered":"","protected":false},"author":1,"featured_media":0,"parent":0,"menu_order":4,"comment_status":"closed","ping_status":"closed","template":"side-navigation.php","meta":{"footnotes":""},"class_list":["post-8786","page","type-page","status-publish","hentry"],"yoast_head":"<!-- This site is optimized with the Yoast SEO plugin v27.3 - https:\/\/yoast.com\/product\/yoast-seo-wordpress\/ -->\n<title>Embalajes protectores: Lovepac, l\u00edder en embalajes protectores<\/title>\n<meta name=\"description\" content=\"Embalaje protector: Lovepac es el l\u00edder en embalaje protector en Am\u00e9rica del Norte. Descubra nuestros productos de embalaje de cart\u00f3n ondulado y espuma\" \/>\n<meta name=\"robots\" content=\"index, follow, max-snippet:-1, max-image-preview:large, max-video-preview:-1\" \/>\n<link rel=\"canonical\" href=\"https:\/\/lovepac.com\/es\/productos\/\" \/>\n<meta property=\"og:locale\" content=\"es_ES\" \/>\n<meta property=\"og:type\" content=\"article\" \/>\n<meta property=\"og:title\" content=\"Embalajes protectores: Lovepac, l\u00edder en embalajes protectores\" \/>\n<meta property=\"og:description\" content=\"Embalaje protector: Lovepac es el l\u00edder en embalaje protector en Am\u00e9rica del Norte. Descubra nuestros productos de embalaje de cart\u00f3n ondulado y espuma\" \/>\n<meta property=\"og:url\" content=\"https:\/\/lovepac.com\/es\/productos\/\" \/>\n<meta property=\"og:site_name\" content=\"Lovepac\" \/>\n<meta property=\"article:modified_time\" content=\"2021-03-13T18:56:18+00:00\" \/>\n<meta property=\"og:image\" content=\"https:\/\/lovepac.com\/wp-content\/uploads\/2012\/09\/images_foam-in-box.jpg\" \/>\n<meta name=\"twitter:card\" content=\"summary_large_image\" \/>\n<meta name=\"twitter:label1\" content=\"Est. reading time\" \/>\n\t<meta name=\"twitter:data1\" content=\"2 minutes\" \/>\n<script type=\"application\/ld+json\" class=\"yoast-schema-graph\">{\"@context\":\"https:\\\/\\\/schema.org\",\"@graph\":[{\"@type\":\"WebPage\",\"@id\":\"https:\\\/\\\/lovepac.com\\\/es\\\/productos\\\/\",\"url\":\"https:\\\/\\\/lovepac.com\\\/es\\\/productos\\\/\",\"name\":\"Embalajes protectores: Lovepac, l\u00edder en embalajes protectores\",\"isPartOf\":{\"@id\":\"https:\\\/\\\/lovepac.com\\\/es\\\/#website\"},\"datePublished\":\"2021-03-13T18:56:16+00:00\",\"dateModified\":\"2021-03-13T18:56:18+00:00\",\"description\":\"Embalaje protector: Lovepac es el l\u00edder en embalaje protector en Am\u00e9rica del Norte. Descubra nuestros productos de embalaje de cart\u00f3n ondulado y espuma\",\"breadcrumb\":{\"@id\":\"https:\\\/\\\/lovepac.com\\\/es\\\/productos\\\/#breadcrumb\"},\"inLanguage\":\"es-ES\",\"potentialAction\":[{\"@type\":\"ReadAction\",\"target\":[\"https:\\\/\\\/lovepac.com\\\/es\\\/productos\\\/\"]}]},{\"@type\":\"BreadcrumbList\",\"@id\":\"https:\\\/\\\/lovepac.com\\\/es\\\/productos\\\/#breadcrumb\",\"itemListElement\":[{\"@type\":\"ListItem\",\"position\":1,\"name\":\"Accueil\",\"item\":\"https:\\\/\\\/lovepac.com\\\/es\\\/\"},{\"@type\":\"ListItem\",\"position\":2,\"name\":\"Productos\"}]},{\"@type\":\"WebSite\",\"@id\":\"https:\\\/\\\/lovepac.com\\\/es\\\/#website\",\"url\":\"https:\\\/\\\/lovepac.com\\\/es\\\/\",\"name\":\"Lovepac\",\"description\":\"Emballages de bo\u00eetes en carton fiables et de qualit\u00e9 sup\u00e9rieure\",\"publisher\":{\"@id\":\"https:\\\/\\\/lovepac.com\\\/es\\\/#organization\"},\"potentialAction\":[{\"@type\":\"SearchAction\",\"target\":{\"@type\":\"EntryPoint\",\"urlTemplate\":\"https:\\\/\\\/lovepac.com\\\/es\\\/?s={search_term_string}\"},\"query-input\":{\"@type\":\"PropertyValueSpecification\",\"valueRequired\":true,\"valueName\":\"search_term_string\"}}],\"inLanguage\":\"es-ES\"},{\"@type\":\"Organization\",\"@id\":\"https:\\\/\\\/lovepac.com\\\/es\\\/#organization\",\"name\":\"Lovepac\",\"url\":\"https:\\\/\\\/lovepac.com\\\/es\\\/\",\"logo\":{\"@type\":\"ImageObject\",\"inLanguage\":\"es-ES\",\"@id\":\"https:\\\/\\\/lovepac.com\\\/es\\\/#\\\/schema\\\/logo\\\/image\\\/\",\"url\":\"https:\\\/\\\/lovepac.com\\\/wp-content\\\/uploads\\\/2017\\\/10\\\/Novapac_Blog.jpg\",\"contentUrl\":\"https:\\\/\\\/lovepac.com\\\/wp-content\\\/uploads\\\/2017\\\/10\\\/Novapac_Blog.jpg\",\"width\":1000,\"height\":600,\"caption\":\"Lovepac\"},\"image\":{\"@id\":\"https:\\\/\\\/lovepac.com\\\/es\\\/#\\\/schema\\\/logo\\\/image\\\/\"}}]}<\/script>\n<!-- \/ Yoast SEO plugin. -->","yoast_head_json":{"title":"Embalajes protectores: Lovepac, l\u00edder en embalajes protectores","description":"Embalaje protector: Lovepac es el l\u00edder en embalaje protector en Am\u00e9rica del Norte. Descubra nuestros productos de embalaje de cart\u00f3n ondulado y espuma","robots":{"index":"index","follow":"follow","max-snippet":"max-snippet:-1","max-image-preview":"max-image-preview:large","max-video-preview":"max-video-preview:-1"},"canonical":"https:\/\/lovepac.com\/es\/productos\/","og_locale":"es_ES","og_type":"article","og_title":"Embalajes protectores: Lovepac, l\u00edder en embalajes protectores","og_description":"Embalaje protector: Lovepac es el l\u00edder en embalaje protector en Am\u00e9rica del Norte. Descubra nuestros productos de embalaje de cart\u00f3n ondulado y espuma","og_url":"https:\/\/lovepac.com\/es\/productos\/","og_site_name":"Lovepac","article_modified_time":"2021-03-13T18:56:18+00:00","og_image":[{"url":"https:\/\/lovepac.com\/wp-content\/uploads\/2012\/09\/images_foam-in-box.jpg","type":"","width":"","height":""}],"twitter_card":"summary_large_image","twitter_misc":{"Est. reading time":"2 minutes"},"schema":{"@context":"https:\/\/schema.org","@graph":[{"@type":"WebPage","@id":"https:\/\/lovepac.com\/es\/productos\/","url":"https:\/\/lovepac.com\/es\/productos\/","name":"Embalajes protectores: Lovepac, l\u00edder en embalajes protectores","isPartOf":{"@id":"https:\/\/lovepac.com\/es\/#website"},"datePublished":"2021-03-13T18:56:16+00:00","dateModified":"2021-03-13T18:56:18+00:00","description":"Embalaje protector: Lovepac es el l\u00edder en embalaje protector en Am\u00e9rica del Norte. Descubra nuestros productos de embalaje de cart\u00f3n ondulado y espuma","breadcrumb":{"@id":"https:\/\/lovepac.com\/es\/productos\/#breadcrumb"},"inLanguage":"es-ES","potentialAction":[{"@type":"ReadAction","target":["https:\/\/lovepac.com\/es\/productos\/"]}]},{"@type":"BreadcrumbList","@id":"https:\/\/lovepac.com\/es\/productos\/#breadcrumb","itemListElement":[{"@type":"ListItem","position":1,"name":"Accueil","item":"https:\/\/lovepac.com\/es\/"},{"@type":"ListItem","position":2,"name":"Productos"}]},{"@type":"WebSite","@id":"https:\/\/lovepac.com\/es\/#website","url":"https:\/\/lovepac.com\/es\/","name":"Lovepac","description":"Emballages de bo\u00eetes en carton fiables et de qualit\u00e9 sup\u00e9rieure","publisher":{"@id":"https:\/\/lovepac.com\/es\/#organization"},"potentialAction":[{"@type":"SearchAction","target":{"@type":"EntryPoint","urlTemplate":"https:\/\/lovepac.com\/es\/?s={search_term_string}"},"query-input":{"@type":"PropertyValueSpecification","valueRequired":true,"valueName":"search_term_string"}}],"inLanguage":"es-ES"},{"@type":"Organization","@id":"https:\/\/lovepac.com\/es\/#organization","name":"Lovepac","url":"https:\/\/lovepac.com\/es\/","logo":{"@type":"ImageObject","inLanguage":"es-ES","@id":"https:\/\/lovepac.com\/es\/#\/schema\/logo\/image\/","url":"https:\/\/lovepac.com\/wp-content\/uploads\/2017\/10\/Novapac_Blog.jpg","contentUrl":"https:\/\/lovepac.com\/wp-content\/uploads\/2017\/10\/Novapac_Blog.jpg","width":1000,"height":600,"caption":"Lovepac"},"image":{"@id":"https:\/\/lovepac.com\/es\/#\/schema\/logo\/image\/"}}]}},"_links":{"self":[{"href":"https:\/\/lovepac.com\/es\/wp-json\/wp\/v2\/pages\/8786","targetHints":{"allow":["GET"]}}],"collection":[{"href":"https:\/\/lovepac.com\/es\/wp-json\/wp\/v2\/pages"}],"about":[{"href":"https:\/\/lovepac.com\/es\/wp-json\/wp\/v2\/types\/page"}],"author":[{"embeddable":true,"href":"https:\/\/lovepac.com\/es\/wp-json\/wp\/v2\/users\/1"}],"replies":[{"embeddable":true,"href":"https:\/\/lovepac.com\/es\/wp-json\/wp\/v2\/comments?post=8786"}],"version-history":[{"count":2,"href":"https:\/\/lovepac.com\/es\/wp-json\/wp\/v2\/pages\/8786\/revisions"}],"predecessor-version":[{"id":8788,"href":"https:\/\/lovepac.com\/es\/wp-json\/wp\/v2\/pages\/8786\/revisions\/8788"}],"wp:attachment":[{"href":"https:\/\/lovepac.com\/es\/wp-json\/wp\/v2\/media?parent=8786"}],"curies":[{"name":"wp","href":"https:\/\/api.w.org\/{rel}","templated":true}]}}