{"id":8789,"date":"2014-06-04T18:14:23","date_gmt":"2014-06-04T16:14:23","guid":{"rendered":"https:\/\/lovepac.com\/productos\/cajas-a-medida\/"},"modified":"2022-07-21T14:27:26","modified_gmt":"2022-07-21T18:27:26","slug":"cajas-a-medida","status":"publish","type":"page","link":"https:\/\/lovepac.com\/es\/productos\/cajas-a-medida\/","title":{"rendered":"Cajas a medida"},"content":{"rendered":"<div class=\"fusion-fullwidth fullwidth-box fusion-builder-row-1 fusion-flex-container nonhundred-percent-fullwidth non-hundred-percent-height-scrolling\" style=\"--awb-border-radius-top-left:0px;--awb-border-radius-top-right:0px;--awb-border-radius-bottom-right:0px;--awb-border-radius-bottom-left:0px;--awb-flex-wrap:wrap;\" ><div class=\"fusion-builder-row fusion-row fusion-flex-align-items-flex-start fusion-flex-content-wrap\" style=\"max-width:calc( 1170px + 0px );margin-left: calc(-0px \/ 2 );margin-right: calc(-0px \/ 2 );\"><div class=\"fusion-layout-column fusion_builder_column fusion-builder-column-0 fusion_builder_column_1_1 1_1 fusion-flex-column\" style=\"--awb-bg-size:cover;--awb-width-large:100%;--awb-margin-top-large:0px;--awb-spacing-right-large:0px;--awb-margin-bottom-large:0px;--awb-spacing-left-large:0px;--awb-width-medium:100%;--awb-spacing-right-medium:0px;--awb-spacing-left-medium:0px;--awb-width-small:100%;--awb-spacing-right-small:0px;--awb-spacing-left-small:0px;\"><div class=\"fusion-column-wrapper fusion-flex-justify-content-flex-start fusion-content-layout-column\"><div class=\"fusion-text fusion-text-1\"><h3>Cajas personalizadas<\/h3>\n<h4>Su experto en cajas de cart\u00f3n corrugado de volumen bajo a medio<\/h4>\n<p>El dise\u00f1o interno de cajas, la conversi\u00f3n, el encolado, la impresi\u00f3n, el apilado, el almacenamiento y el env\u00edo est\u00e1n aqu\u00ed en Lovepac.<\/p>\n<p>Todos nuestros productos de embalaje corrugado est\u00e1n fabricados con revestimientos de alto rendimiento y cuentan con el respaldo de servicios l\u00edderes de dise\u00f1o y fabricaci\u00f3n que se unen en cajas de cart\u00f3n de alta calidad para mantener sus productos y bienes seguros.<\/p>\n<p>Cada miembro del experimentado equipo de empaque de Lovepac est\u00e1 personalmente comprometido con los m\u00e1s altos niveles de innovaci\u00f3n de empaque y productos y servicios personalizados.<\/p>\n<p>Producimos en flautas A, B, C, D, E y especiales (como BC y AC).\u00a0D\u00edganos lo que necesita y le ofreceremos una soluci\u00f3n de la que puede estar seguro de que proteger\u00e1 sus valiosos bienes.<\/p>\n<h4><\/h4>\n<\/div><div class=\"fusion-menu-anchor\" id=\"pizza\"><\/div><div class=\"fusion-text fusion-text-2\"><h4>Troquelado &#8211; Caja &#8216;Estilo Pizza&#8217;<\/h4>\n<p class=\"floatright\" style=\"text-align: left;\" align=\"center\"><img decoding=\"async\" width=\"425\" height=\"264\" class=\"size-full wp-image-302 alignright\" style=\"margin-bottom: 0px;\" src=\"\/wp-content\/uploads\/2014\/06\/images_pizzabox.jpg\" alt=\"bo\u00eetes d\u00e9coup\u00e9es - bo\u00eetes \u00e0 pizza\" border=\"0\" srcset=\"https:\/\/lovepac.com\/wp-content\/uploads\/2014\/06\/images_pizzabox-300x186.jpg 300w, https:\/\/lovepac.com\/wp-content\/uploads\/2014\/06\/images_pizzabox.jpg 425w\" sizes=\"(max-width: 425px) 100vw, 425px\" \/><\/p>\n<p>Este modelo es 100% personalizado seg\u00fan sus especificaciones.\u00a0Es excelente como caja de env\u00edo, tambi\u00e9n ofrece excelentes propiedades de presentaci\u00f3n.\u00a0Se apila bien debido a sus paredes de doble cara y es excelente si desea colocar varios en una caja maestra y enviarlos a granel.\u00a0Por lo general, se fabrica con un material corrugado (cart\u00f3n) de una sola pared y est\u00e1 disponible en varias resistencias y espesores de papel.\u00a0No es necesario ning\u00fan agente adhesivo;\u00a0por lo tanto, no necesitar\u00e1 pegarlo.<\/p>\n<p><strong><em>Elementos clave en los que pensar<\/em><\/strong><\/p>\n<ul>\n<li>Se env\u00eda plano y es f\u00e1cil de montar a mano.<\/li>\n<li>Se puede imprimir con logotipo personalizado *.\u00a0(herramienta de una sola vez es adicional para imprimir)<\/li>\n<li>\u00a1Es personalizado!\u00a0(se requiere una herramienta de una sola vez por tama\u00f1o)<\/li>\n<\/ul>\n<h4><\/h4>\n<\/div><div class=\"fusion-menu-anchor\" id=\"regulieres\"><\/div><div class=\"fusion-text fusion-text-3\"><h4>Contenedor ranurado regular (RSC)<\/h4>\n<p class=\"floatright\" style=\"text-align: left;\" align=\"center\"><img decoding=\"async\" width=\"425\" height=\"259\" class=\"size-full wp-image-8612 alignright\" src=\"https:\/\/lovepac.com\/wp-content\/uploads\/2014\/06\/images_rsc.jpg\" alt=\"bo\u00eetes r\u00e9guli\u00e8res (RSC)\" border=\"0\" srcset=\"https:\/\/lovepac.com\/wp-content\/uploads\/2014\/06\/images_rsc-300x183.jpg 300w, https:\/\/lovepac.com\/wp-content\/uploads\/2014\/06\/images_rsc.jpg 425w\" sizes=\"(max-width: 425px) 100vw, 425px\" \/><\/p>\n<p>El RSC se puede utilizar para la mayor\u00eda de los productos y es el estilo de caja de cart\u00f3n ondulado m\u00e1s com\u00fan.\u00a0Esta caja cuando est\u00e1 ensamblada es apilable, se puede enviar y es f\u00e1cil de empacar y sellar.\u00a0Si planea enviar sus productos por mensajer\u00eda, se recomienda que elija el estilo corrugado (cart\u00f3n) de doble pared.\u00a0(La opci\u00f3n de pared simple o doble estar\u00e1 disponible en el siguiente paso, una vez que seleccione este estilo) El RSC es una caja ideal cuando se desea enviar mercanc\u00edas de forma econ\u00f3mica.<\/p>\n<p><strong><em>Elementos clave en los que pensar<\/em><\/strong><\/p>\n<ul>\n<li>Enviado plano.<\/li>\n<li>Este es un dise\u00f1o altamente eficiente para muchas aplicaciones.<\/li>\n<li>Hay muy pocos residuos de fabricaci\u00f3n, por lo que es una opci\u00f3n ecol\u00f3gica.<\/li>\n<li>Una soluci\u00f3n econ\u00f3mica.<\/li>\n<li>Se puede imprimir con logotipo personalizado *.\u00a0(herramienta de una sola vez es adicional para imprimir)<\/li>\n<li>No se requieren otras herramientas para hacer su soluci\u00f3n de tama\u00f1o personalizado.<\/li>\n<\/ul>\n<h4><\/h4>\n<\/div><div class=\"fusion-menu-anchor\" id=\"telescopiques\"><\/div><div class=\"fusion-text fusion-text-4\"><h4>Telesc\u00f3pica<\/h4>\n<p class=\"floatright\" style=\"text-align: left;\" align=\"center\"><img decoding=\"async\" width=\"425\" height=\"259\" class=\"size-full wp-image-8613 alignright\" src=\"https:\/\/lovepac.com\/wp-content\/uploads\/2014\/06\/images_tele.jpg\" alt=\"bo\u00eetes t\u00e9l\u00e9scopiques\" border=\"0\" srcset=\"https:\/\/lovepac.com\/wp-content\/uploads\/2014\/06\/images_tele-300x183.jpg 300w, https:\/\/lovepac.com\/wp-content\/uploads\/2014\/06\/images_tele.jpg 425w\" sizes=\"(max-width: 425px) 100vw, 425px\" \/><\/p>\n<p>Las cajas telesc\u00f3picas son una excelente opci\u00f3n al enviar productos pesados \u200b\u200bo grandes.\u00a0Esta caja normalmente se ensambla directamente alrededor del producto.\u00a0Dado que este estilo es altamente personalizable, se recomienda que env\u00ede toda su informaci\u00f3n y un miembro del equipo de dise\u00f1o de Lovepac Corr revisar\u00e1 su proyecto para asegurarse de que obtenga la mejor soluci\u00f3n de embalaje protector para sus necesidades.<\/p>\n<p><strong><em>Elementos clave en los que pensar<\/em><\/strong><\/p>\n<ul>\n<li>Enviado plano.<\/li>\n<li>Muy resistente a la compresi\u00f3n cuando se apila.<\/li>\n<li>Ideal para productos pesados \u200b\u200bo grandes.<\/li>\n<li>Se puede imprimir con logotipo personalizado *.\u00a0(la herramienta de una sola vez es adicional para imprimir)<\/li>\n<li>No se requieren otras herramientas para hacer su soluci\u00f3n de tama\u00f1o personalizado.<\/li>\n<\/ul>\n<h4><\/h4>\n<\/div><div class=\"fusion-menu-anchor\" id=\"rabats\"><\/div><div class=\"fusion-text fusion-text-5\"><h4>Caja de superposici\u00f3n completa (FOL)<\/h4>\n<p class=\"floatright\" style=\"text-align: left;\" align=\"center\"><img decoding=\"async\" width=\"425\" height=\"259\" class=\"floatright size-full wp-image-8614 alignright\" src=\"https:\/\/lovepac.com\/wp-content\/uploads\/2014\/06\/images_fol.jpg\" alt=\"bo\u00eetes \u00e0 rabats recouvrants (BRR)\" border=\"0\" srcset=\"https:\/\/lovepac.com\/wp-content\/uploads\/2014\/06\/images_fol-300x183.jpg 300w, https:\/\/lovepac.com\/wp-content\/uploads\/2014\/06\/images_fol.jpg 425w\" sizes=\"(max-width: 425px) 100vw, 425px\" \/><\/p>\n<p>Una caja de superposici\u00f3n completa es similar a una RSC, excepto que las solapas exteriores se superponen completamente. Las solapas superpuestas brindan mayor resistencia al apilamiento y protecci\u00f3n de los bordes. Este estilo es especialmente resistente al manejo brusco. Apiladas en su panel inferior, las solapas superpuestas brindan mayor amortiguaci\u00f3n. Si planea enviar sus productos por mensajer\u00eda, se recomienda que elija el estilo corrugado (cart\u00f3n) de doble pared. (La opci\u00f3n de pared simple o doble estar\u00e1 disponible en el siguiente paso, una vez que seleccione este estilo).<\/p>\n<p><strong><em>Cosas clave en las que pensar<\/em><\/strong><\/p>\n<ul>\n<li>Enviado plano.<\/li>\n<li>Este es un dise\u00f1o muy eficiente para muchas aplicaciones.<\/li>\n<li>Hay muy pocos residuos de fabricaci\u00f3n, por lo que es una opci\u00f3n ecol\u00f3gica.<\/li>\n<li>Ideal para art\u00edculos largos y peque\u00f1os, es decir, extrusiones de pl\u00e1stico o metal, persianas, etc.<\/li>\n<li>Se puede imprimir con logotipo personalizado *.\u00a0(La herramienta de una sola vez es adicional para imprimir)<\/li>\n<li>No se requieren otras herramientas para hacer su caja de tama\u00f1o personalizado<\/li>\n<\/ul>\n<h4><\/h4>\n<\/div><div class=\"fusion-menu-anchor\" id=\"demirabats\"><\/div><div class=\"fusion-text fusion-text-6\"><h4>Contenedor de media ranura (HSC)<\/h4>\n<p class=\"floatright\" style=\"text-align: left;\" align=\"center\"><img decoding=\"async\" width=\"425\" height=\"259\" class=\"size-full wp-image-8615 alignright\" src=\"https:\/\/lovepac.com\/wp-content\/uploads\/2014\/06\/images_HSC.jpg\" alt=\"demi-bo\u00eetes \u00e0 rabats (HSC)\" border=\"0\" srcset=\"https:\/\/lovepac.com\/wp-content\/uploads\/2014\/06\/images_HSC-300x183.jpg 300w, https:\/\/lovepac.com\/wp-content\/uploads\/2014\/06\/images_HSC.jpg 425w\" sizes=\"(max-width: 425px) 100vw, 425px\" \/>Normalmente, un HSC es un RSC sin las solapas inferiores (o superiores seg\u00fan sus necesidades). Este tipo de dise\u00f1o es ideal cuando se usa como cubierta para un producto que ya est\u00e1 ensamblado. Dado que este estilo es altamente personalizable, se recomienda que env\u00ede toda su informaci\u00f3n y un miembro del equipo de dise\u00f1o de Lovepac Corr revisar\u00e1 su proyecto para asegurarse de que obtenga la mejor soluci\u00f3n de embalaje protector para sus necesidades.<\/p>\n<p><strong><em>Cosas clave en las que pensar<\/em><\/strong><\/p>\n<ul>\n<li>Enviado plano.<\/li>\n<li>Normalmente, el HSC se combina con una bandeja personalizada o una caja de presentaci\u00f3n.<\/li>\n<li>Se puede imprimir con logotipo personalizado *.\u00a0(La herramienta de una sola vez es adicional para imprimir)<\/li>\n<\/ul>\n<p>No se requieren otras herramientas para hacer su caja de tama\u00f1o personalizado<\/p>\n<h4><\/h4>\n<\/div><div class=\"fusion-menu-anchor\" id=\"enveloppes\"><\/div><div class=\"fusion-text fusion-text-7\"><h4>Envoltura de cinco paneles (FPW)<\/h4>\n<p class=\"floatright\" style=\"text-align: left;\" align=\"center\"><img decoding=\"async\" width=\"425\" height=\"259\" class=\"size-full wp-image-8616 alignright\" src=\"https:\/\/lovepac.com\/wp-content\/uploads\/2014\/06\/images_FPW.jpg\" alt=\"enveloppes \u00e0 cinq panneaux (FPW)\" border=\"0\" srcset=\"https:\/\/lovepac.com\/wp-content\/uploads\/2014\/06\/images_FPW-300x183.jpg 300w, https:\/\/lovepac.com\/wp-content\/uploads\/2014\/06\/images_FPW.jpg 425w\" sizes=\"(max-width: 425px) 100vw, 425px\" \/>Este estilo es muy \u00fatil para productos no estandarizados. Por lo general, la caja de cart\u00f3n ondulado FPW est\u00e1 dise\u00f1ada para envolver el producto. Esta caja se usa generalmente para art\u00edculos largos o m\u00faltiples art\u00edculos largos. El objeto se puede colocar en el cart\u00f3n corrugado, y luego la caja &#8216;envuelve&#8217; su producto y luego se pega con cinta adhesiva en cada extremo.<\/p>\n<p><strong><em>Cosas clave en las que pensar<\/em><\/strong><\/p>\n<ul>\n<li>Enviado plano.<\/li>\n<li>FPW es una caja ideal para embalar un producto de dif\u00edcil maniobra.<\/li>\n<li>Puede imprimirse con un logotipo personalizado *. (Una sola herramienta es adicional para imprimir)<\/li>\n<li>No se requieren otras herramientas para hacer su caja de tama\u00f1o personalizado.<\/li>\n<\/ul>\n<h4><\/h4>\n<\/div><div class=\"fusion-menu-anchor\" id=\"separateurs\"><\/div><div class=\"fusion-text fusion-text-8\"><h4>Insertos (waffles)<\/h4>\n<p class=\"floatright\" style=\"text-align: left;\" align=\"center\"><img decoding=\"async\" width=\"425\" height=\"259\" class=\"size-full wp-image-8617 alignright\" src=\"http:\/\/lovepac.com\/wp-content\/uploads\/2014\/06\/images_waffle 2.jpg\" alt=\"s\u00e9parateurs\" border=\"0\" srcset=\"https:\/\/lovepac.com\/wp-content\/uploads\/2014\/06\/images_waffle%202-300x183.jpg 300w, https:\/\/lovepac.com\/wp-content\/uploads\/2014\/06\/images_waffle%202.jpg 425w\" sizes=\"(max-width: 425px) 100vw, 425px\" \/><\/p>\n<p><a href=\"https:\/\/lovepac.com\/es\/contactenos\/\">Consigue una cotizaci\u00f3n<\/a><\/p>\n<p>Los insertos de cart\u00f3n o cart\u00f3n ondulado para cajas de embalaje son una excelente manera de proteger sus productos.\u00a0Ofrecemos muchas opciones como separadores de cart\u00f3n ondulado, gofres, protectores de esquinas y muchos m\u00e1s.\u00a0Nuestro equipo de dise\u00f1o puede evaluar sus necesidades y brindarle una soluci\u00f3n que se ajuste a su producto y a su presupuesto.<\/p>\n<h4><\/h4>\n<\/div><div class=\"fusion-menu-anchor\" id=\"coroplaste\"><\/div><div class=\"fusion-text fusion-text-9\"><h4>Cajas de Coroplast<\/h4>\n<p class=\"floatright\" style=\"text-align: left;\" align=\"center\"><img decoding=\"async\" width=\"425\" height=\"259\" class=\"size-full wp-image-8618 alignright\" src=\"http:\/\/lovepac.com\/wp-content\/uploads\/2014\/06\/images_reusable boxes.jpg\" alt=\"bo\u00eetes en coroplaste\" border=\"0\" srcset=\"https:\/\/lovepac.com\/wp-content\/uploads\/2014\/06\/images_reusable%20boxes-300x183.jpg 300w, https:\/\/lovepac.com\/wp-content\/uploads\/2014\/06\/images_reusable%20boxes.jpg 425w\" sizes=\"(max-width: 425px) 100vw, 425px\" \/> <a href=\"https:\/\/lovepac.com\/es\/contactenos\/\">Consigue una cotizaci\u00f3n<\/a><\/p>\n<p>Las cajas reutilizables tienen un dise\u00f1o completamente personalizado y est\u00e1n hechas de un material pl\u00e1stico corrugado. Estas cajas son ideales para la industria m\u00e9dica o alimentaria ya que son totalmente impermeables. Se pueden fabricar muchos estilos de cajas, bandejas y particiones con este material reutilizable que no se deteriorar\u00e1 con el uso, por lo que es una opci\u00f3n ecol\u00f3gica. Nota: Nuestro equipo de CorrDesign siempre est\u00e1 disponible para discutir sus necesidades de empaque personalizado. \u00a1Haga clic, llame o chatee para contactarnos con cualquier pregunta que pueda tener!<\/p>\n<\/div><\/div><\/div><\/div><\/div>\n","protected":false},"excerpt":{"rendered":"","protected":false},"author":1,"featured_media":0,"parent":8786,"menu_order":6,"comment_status":"closed","ping_status":"closed","template":"side-navigation.php","meta":{"footnotes":""},"class_list":["post-8789","page","type-page","status-publish","hentry"],"yoast_head":"<!-- This site is optimized with the Yoast SEO plugin v27.3 - https:\/\/yoast.com\/product\/yoast-seo-wordpress\/ -->\n<title>Cajas personalizadas: \u00a1Lovepac ofrece cajas personalizadas de calidad!<\/title>\n<meta name=\"description\" content=\"Cajas personalizadas: Lovepac ofrece cajas personalizadas de calidad en cantidades peque\u00f1as o medianas. \u00a1Ofrecemos todos los servicios que necesitas!\" \/>\n<meta name=\"robots\" content=\"index, follow, max-snippet:-1, max-image-preview:large, max-video-preview:-1\" \/>\n<link rel=\"canonical\" href=\"https:\/\/lovepac.com\/es\/productos\/cajas-a-medida\/\" \/>\n<meta property=\"og:locale\" content=\"es_ES\" \/>\n<meta property=\"og:type\" content=\"article\" \/>\n<meta property=\"og:title\" content=\"Cajas personalizadas: \u00a1Lovepac ofrece cajas personalizadas de calidad!\" \/>\n<meta property=\"og:description\" content=\"Cajas personalizadas: Lovepac ofrece cajas personalizadas de calidad en cantidades peque\u00f1as o medianas. \u00a1Ofrecemos todos los servicios que necesitas!\" \/>\n<meta property=\"og:url\" content=\"https:\/\/lovepac.com\/es\/productos\/cajas-a-medida\/\" \/>\n<meta property=\"og:site_name\" content=\"Lovepac\" \/>\n<meta property=\"article:modified_time\" content=\"2022-07-21T18:27:26+00:00\" \/>\n<meta property=\"og:image\" content=\"https:\/\/lovepac.com\/wp-content\/uploads\/2014\/06\/images_rsc.jpg\" \/>\n<meta name=\"twitter:card\" content=\"summary_large_image\" \/>\n<meta name=\"twitter:label1\" content=\"Est. reading time\" \/>\n\t<meta name=\"twitter:data1\" content=\"8 minutes\" \/>\n<script type=\"application\/ld+json\" class=\"yoast-schema-graph\">{\"@context\":\"https:\\\/\\\/schema.org\",\"@graph\":[{\"@type\":\"WebPage\",\"@id\":\"https:\\\/\\\/lovepac.com\\\/es\\\/productos\\\/cajas-a-medida\\\/\",\"url\":\"https:\\\/\\\/lovepac.com\\\/es\\\/productos\\\/cajas-a-medida\\\/\",\"name\":\"Cajas personalizadas: \u00a1Lovepac ofrece cajas personalizadas de calidad!\",\"isPartOf\":{\"@id\":\"https:\\\/\\\/lovepac.com\\\/es\\\/#website\"},\"primaryImageOfPage\":{\"@id\":\"https:\\\/\\\/lovepac.com\\\/es\\\/productos\\\/cajas-a-medida\\\/#primaryimage\"},\"image\":{\"@id\":\"https:\\\/\\\/lovepac.com\\\/es\\\/productos\\\/cajas-a-medida\\\/#primaryimage\"},\"thumbnailUrl\":\"https:\\\/\\\/lovepac.com\\\/wp-content\\\/uploads\\\/2014\\\/06\\\/images_rsc.jpg\",\"datePublished\":\"2014-06-04T16:14:23+00:00\",\"dateModified\":\"2022-07-21T18:27:26+00:00\",\"description\":\"Cajas personalizadas: Lovepac ofrece cajas personalizadas de calidad en cantidades peque\u00f1as o medianas. \u00a1Ofrecemos todos los servicios que necesitas!\",\"breadcrumb\":{\"@id\":\"https:\\\/\\\/lovepac.com\\\/es\\\/productos\\\/cajas-a-medida\\\/#breadcrumb\"},\"inLanguage\":\"es-ES\",\"potentialAction\":[{\"@type\":\"ReadAction\",\"target\":[\"https:\\\/\\\/lovepac.com\\\/es\\\/productos\\\/cajas-a-medida\\\/\"]}]},{\"@type\":\"ImageObject\",\"inLanguage\":\"es-ES\",\"@id\":\"https:\\\/\\\/lovepac.com\\\/es\\\/productos\\\/cajas-a-medida\\\/#primaryimage\",\"url\":\"https:\\\/\\\/lovepac.com\\\/wp-content\\\/uploads\\\/2014\\\/06\\\/images_rsc.jpg\",\"contentUrl\":\"https:\\\/\\\/lovepac.com\\\/wp-content\\\/uploads\\\/2014\\\/06\\\/images_rsc.jpg\"},{\"@type\":\"BreadcrumbList\",\"@id\":\"https:\\\/\\\/lovepac.com\\\/es\\\/productos\\\/cajas-a-medida\\\/#breadcrumb\",\"itemListElement\":[{\"@type\":\"ListItem\",\"position\":1,\"name\":\"Accueil\",\"item\":\"https:\\\/\\\/lovepac.com\\\/es\\\/\"},{\"@type\":\"ListItem\",\"position\":2,\"name\":\"Productos\",\"item\":\"https:\\\/\\\/lovepac.com\\\/es\\\/productos\\\/\"},{\"@type\":\"ListItem\",\"position\":3,\"name\":\"Cajas a medida\"}]},{\"@type\":\"WebSite\",\"@id\":\"https:\\\/\\\/lovepac.com\\\/es\\\/#website\",\"url\":\"https:\\\/\\\/lovepac.com\\\/es\\\/\",\"name\":\"Lovepac\",\"description\":\"Emballages de bo\u00eetes en carton fiables et de qualit\u00e9 sup\u00e9rieure\",\"publisher\":{\"@id\":\"https:\\\/\\\/lovepac.com\\\/es\\\/#organization\"},\"potentialAction\":[{\"@type\":\"SearchAction\",\"target\":{\"@type\":\"EntryPoint\",\"urlTemplate\":\"https:\\\/\\\/lovepac.com\\\/es\\\/?s={search_term_string}\"},\"query-input\":{\"@type\":\"PropertyValueSpecification\",\"valueRequired\":true,\"valueName\":\"search_term_string\"}}],\"inLanguage\":\"es-ES\"},{\"@type\":\"Organization\",\"@id\":\"https:\\\/\\\/lovepac.com\\\/es\\\/#organization\",\"name\":\"Lovepac\",\"url\":\"https:\\\/\\\/lovepac.com\\\/es\\\/\",\"logo\":{\"@type\":\"ImageObject\",\"inLanguage\":\"es-ES\",\"@id\":\"https:\\\/\\\/lovepac.com\\\/es\\\/#\\\/schema\\\/logo\\\/image\\\/\",\"url\":\"https:\\\/\\\/lovepac.com\\\/wp-content\\\/uploads\\\/2017\\\/10\\\/Novapac_Blog.jpg\",\"contentUrl\":\"https:\\\/\\\/lovepac.com\\\/wp-content\\\/uploads\\\/2017\\\/10\\\/Novapac_Blog.jpg\",\"width\":1000,\"height\":600,\"caption\":\"Lovepac\"},\"image\":{\"@id\":\"https:\\\/\\\/lovepac.com\\\/es\\\/#\\\/schema\\\/logo\\\/image\\\/\"}}]}<\/script>\n<!-- \/ Yoast SEO plugin. -->","yoast_head_json":{"title":"Cajas personalizadas: \u00a1Lovepac ofrece cajas personalizadas de calidad!","description":"Cajas personalizadas: Lovepac ofrece cajas personalizadas de calidad en cantidades peque\u00f1as o medianas. \u00a1Ofrecemos todos los servicios que necesitas!","robots":{"index":"index","follow":"follow","max-snippet":"max-snippet:-1","max-image-preview":"max-image-preview:large","max-video-preview":"max-video-preview:-1"},"canonical":"https:\/\/lovepac.com\/es\/productos\/cajas-a-medida\/","og_locale":"es_ES","og_type":"article","og_title":"Cajas personalizadas: \u00a1Lovepac ofrece cajas personalizadas de calidad!","og_description":"Cajas personalizadas: Lovepac ofrece cajas personalizadas de calidad en cantidades peque\u00f1as o medianas. \u00a1Ofrecemos todos los servicios que necesitas!","og_url":"https:\/\/lovepac.com\/es\/productos\/cajas-a-medida\/","og_site_name":"Lovepac","article_modified_time":"2022-07-21T18:27:26+00:00","og_image":[{"url":"https:\/\/lovepac.com\/wp-content\/uploads\/2014\/06\/images_rsc.jpg","type":"","width":"","height":""}],"twitter_card":"summary_large_image","twitter_misc":{"Est. reading time":"8 minutes"},"schema":{"@context":"https:\/\/schema.org","@graph":[{"@type":"WebPage","@id":"https:\/\/lovepac.com\/es\/productos\/cajas-a-medida\/","url":"https:\/\/lovepac.com\/es\/productos\/cajas-a-medida\/","name":"Cajas personalizadas: \u00a1Lovepac ofrece cajas personalizadas de calidad!","isPartOf":{"@id":"https:\/\/lovepac.com\/es\/#website"},"primaryImageOfPage":{"@id":"https:\/\/lovepac.com\/es\/productos\/cajas-a-medida\/#primaryimage"},"image":{"@id":"https:\/\/lovepac.com\/es\/productos\/cajas-a-medida\/#primaryimage"},"thumbnailUrl":"https:\/\/lovepac.com\/wp-content\/uploads\/2014\/06\/images_rsc.jpg","datePublished":"2014-06-04T16:14:23+00:00","dateModified":"2022-07-21T18:27:26+00:00","description":"Cajas personalizadas: Lovepac ofrece cajas personalizadas de calidad en cantidades peque\u00f1as o medianas. \u00a1Ofrecemos todos los servicios que necesitas!","breadcrumb":{"@id":"https:\/\/lovepac.com\/es\/productos\/cajas-a-medida\/#breadcrumb"},"inLanguage":"es-ES","potentialAction":[{"@type":"ReadAction","target":["https:\/\/lovepac.com\/es\/productos\/cajas-a-medida\/"]}]},{"@type":"ImageObject","inLanguage":"es-ES","@id":"https:\/\/lovepac.com\/es\/productos\/cajas-a-medida\/#primaryimage","url":"https:\/\/lovepac.com\/wp-content\/uploads\/2014\/06\/images_rsc.jpg","contentUrl":"https:\/\/lovepac.com\/wp-content\/uploads\/2014\/06\/images_rsc.jpg"},{"@type":"BreadcrumbList","@id":"https:\/\/lovepac.com\/es\/productos\/cajas-a-medida\/#breadcrumb","itemListElement":[{"@type":"ListItem","position":1,"name":"Accueil","item":"https:\/\/lovepac.com\/es\/"},{"@type":"ListItem","position":2,"name":"Productos","item":"https:\/\/lovepac.com\/es\/productos\/"},{"@type":"ListItem","position":3,"name":"Cajas a medida"}]},{"@type":"WebSite","@id":"https:\/\/lovepac.com\/es\/#website","url":"https:\/\/lovepac.com\/es\/","name":"Lovepac","description":"Emballages de bo\u00eetes en carton fiables et de qualit\u00e9 sup\u00e9rieure","publisher":{"@id":"https:\/\/lovepac.com\/es\/#organization"},"potentialAction":[{"@type":"SearchAction","target":{"@type":"EntryPoint","urlTemplate":"https:\/\/lovepac.com\/es\/?s={search_term_string}"},"query-input":{"@type":"PropertyValueSpecification","valueRequired":true,"valueName":"search_term_string"}}],"inLanguage":"es-ES"},{"@type":"Organization","@id":"https:\/\/lovepac.com\/es\/#organization","name":"Lovepac","url":"https:\/\/lovepac.com\/es\/","logo":{"@type":"ImageObject","inLanguage":"es-ES","@id":"https:\/\/lovepac.com\/es\/#\/schema\/logo\/image\/","url":"https:\/\/lovepac.com\/wp-content\/uploads\/2017\/10\/Novapac_Blog.jpg","contentUrl":"https:\/\/lovepac.com\/wp-content\/uploads\/2017\/10\/Novapac_Blog.jpg","width":1000,"height":600,"caption":"Lovepac"},"image":{"@id":"https:\/\/lovepac.com\/es\/#\/schema\/logo\/image\/"}}]}},"_links":{"self":[{"href":"https:\/\/lovepac.com\/es\/wp-json\/wp\/v2\/pages\/8789","targetHints":{"allow":["GET"]}}],"collection":[{"href":"https:\/\/lovepac.com\/es\/wp-json\/wp\/v2\/pages"}],"about":[{"href":"https:\/\/lovepac.com\/es\/wp-json\/wp\/v2\/types\/page"}],"author":[{"embeddable":true,"href":"https:\/\/lovepac.com\/es\/wp-json\/wp\/v2\/users\/1"}],"replies":[{"embeddable":true,"href":"https:\/\/lovepac.com\/es\/wp-json\/wp\/v2\/comments?post=8789"}],"version-history":[{"count":5,"href":"https:\/\/lovepac.com\/es\/wp-json\/wp\/v2\/pages\/8789\/revisions"}],"predecessor-version":[{"id":9420,"href":"https:\/\/lovepac.com\/es\/wp-json\/wp\/v2\/pages\/8789\/revisions\/9420"}],"up":[{"embeddable":true,"href":"https:\/\/lovepac.com\/es\/wp-json\/wp\/v2\/pages\/8786"}],"wp:attachment":[{"href":"https:\/\/lovepac.com\/es\/wp-json\/wp\/v2\/media?parent=8789"}],"curies":[{"name":"wp","href":"https:\/\/api.w.org\/{rel}","templated":true}]}}