{"id":8792,"date":"2021-03-13T14:48:20","date_gmt":"2021-03-13T19:48:20","guid":{"rendered":"https:\/\/lovepac.com\/servicios\/"},"modified":"2021-03-13T14:48:20","modified_gmt":"2021-03-13T19:48:20","slug":"servicios","status":"publish","type":"page","link":"https:\/\/lovepac.com\/es\/servicios\/","title":{"rendered":"Servicios"},"content":{"rendered":"<div class=\"fusion-fullwidth fullwidth-box fusion-builder-row-1 fusion-flex-container nonhundred-percent-fullwidth non-hundred-percent-height-scrolling\" style=\"--awb-border-radius-top-left:0px;--awb-border-radius-top-right:0px;--awb-border-radius-bottom-right:0px;--awb-border-radius-bottom-left:0px;--awb-flex-wrap:wrap;\" ><div class=\"fusion-builder-row fusion-row fusion-flex-align-items-flex-start fusion-flex-content-wrap\" style=\"max-width:calc( 1170px + 0px );margin-left: calc(-0px \/ 2 );margin-right: calc(-0px \/ 2 );\"><div class=\"fusion-layout-column fusion_builder_column fusion-builder-column-0 fusion_builder_column_1_1 1_1 fusion-flex-column\" style=\"--awb-bg-size:cover;--awb-width-large:100%;--awb-margin-top-large:0px;--awb-spacing-right-large:0px;--awb-margin-bottom-large:0px;--awb-spacing-left-large:0px;--awb-width-medium:100%;--awb-spacing-right-medium:0px;--awb-spacing-left-medium:0px;--awb-width-small:100%;--awb-spacing-right-small:0px;--awb-spacing-left-small:0px;\"><div class=\"fusion-column-wrapper fusion-flex-justify-content-flex-start fusion-content-layout-column\"><div class=\"fusion-text fusion-text-1\"><h3>Servicios<\/h3>\n<h4>Servicios de embalaje de protecci\u00f3n personalizados sencillos e innovadores<\/h4>\n<p>Lovepac ofrece una gama completa de ventas, dise\u00f1o, servicio al cliente, entrega, control de calidad y capacidades de comercio electr\u00f3nico para soluciones de embalaje y embalaje de espuma de alta y baja densidad, corrugado personalizado y protector.<\/p>\n<p>Con una profunda creencia en el poder de la asociaci\u00f3n, los expertos en espumas protectoras y cajas de cart\u00f3n ondulado de Lovepac comparten la visi\u00f3n de cumplir la promesa de los m\u00e1s altos niveles de servicio al cliente y valor del producto.<\/p>\n<ul>\n<li><strong>Las estrategias a pedido y de peque\u00f1o volumen<\/strong>\u00a0\u00a0 significan que nunca tenemos que decir que no.<\/li>\n<li><strong>La fabricaci\u00f3n vertical directa<\/strong>\u00a0\u00a0significa que siempre somos competitivos.<\/li>\n<li><strong>El compromiso con el servicio al cliente<\/strong>\u00a0\u00a0significa que estamos a su disposici\u00f3n cuando nos necesite.<\/li>\n<\/ul>\n<\/div><\/div><\/div><\/div><\/div>\n","protected":false},"excerpt":{"rendered":"","protected":false},"author":1,"featured_media":0,"parent":0,"menu_order":20,"comment_status":"closed","ping_status":"closed","template":"side-navigation.php","meta":{"footnotes":""},"class_list":["post-8792","page","type-page","status-publish","hentry"],"yoast_head":"<!-- This site is optimized with the Yoast SEO plugin v27.3 - https:\/\/yoast.com\/product\/yoast-seo-wordpress\/ -->\n<title>Servicios de embalaje: \u00a1descubra nuestros servicios de embalaje protector!<\/title>\n<meta name=\"description\" content=\"Servicios de empaque: Descubra nuestros servicios de empaque simple que incluyen ventas, dise\u00f1o, servicio al cliente y control de calidad.\" \/>\n<meta name=\"robots\" content=\"index, follow, max-snippet:-1, max-image-preview:large, max-video-preview:-1\" \/>\n<link rel=\"canonical\" href=\"https:\/\/lovepac.com\/es\/servicios\/\" \/>\n<meta property=\"og:locale\" content=\"es_ES\" \/>\n<meta property=\"og:type\" content=\"article\" \/>\n<meta property=\"og:title\" content=\"Servicios de embalaje: \u00a1descubra nuestros servicios de embalaje protector!\" \/>\n<meta property=\"og:description\" content=\"Servicios de empaque: Descubra nuestros servicios de empaque simple que incluyen ventas, dise\u00f1o, servicio al cliente y control de calidad.\" \/>\n<meta property=\"og:url\" content=\"https:\/\/lovepac.com\/es\/servicios\/\" \/>\n<meta property=\"og:site_name\" content=\"Lovepac\" \/>\n<meta name=\"twitter:card\" content=\"summary_large_image\" \/>\n<meta name=\"twitter:label1\" content=\"Est. reading time\" \/>\n\t<meta name=\"twitter:data1\" content=\"2 minutes\" \/>\n<script type=\"application\/ld+json\" class=\"yoast-schema-graph\">{\"@context\":\"https:\\\/\\\/schema.org\",\"@graph\":[{\"@type\":\"WebPage\",\"@id\":\"https:\\\/\\\/lovepac.com\\\/es\\\/servicios\\\/\",\"url\":\"https:\\\/\\\/lovepac.com\\\/es\\\/servicios\\\/\",\"name\":\"Servicios de embalaje: \u00a1descubra nuestros servicios de embalaje protector!\",\"isPartOf\":{\"@id\":\"https:\\\/\\\/lovepac.com\\\/es\\\/#website\"},\"datePublished\":\"2021-03-13T19:48:20+00:00\",\"description\":\"Servicios de empaque: Descubra nuestros servicios de empaque simple que incluyen ventas, dise\u00f1o, servicio al cliente y control de calidad.\",\"breadcrumb\":{\"@id\":\"https:\\\/\\\/lovepac.com\\\/es\\\/servicios\\\/#breadcrumb\"},\"inLanguage\":\"es-ES\",\"potentialAction\":[{\"@type\":\"ReadAction\",\"target\":[\"https:\\\/\\\/lovepac.com\\\/es\\\/servicios\\\/\"]}]},{\"@type\":\"BreadcrumbList\",\"@id\":\"https:\\\/\\\/lovepac.com\\\/es\\\/servicios\\\/#breadcrumb\",\"itemListElement\":[{\"@type\":\"ListItem\",\"position\":1,\"name\":\"Accueil\",\"item\":\"https:\\\/\\\/lovepac.com\\\/es\\\/\"},{\"@type\":\"ListItem\",\"position\":2,\"name\":\"Servicios\"}]},{\"@type\":\"WebSite\",\"@id\":\"https:\\\/\\\/lovepac.com\\\/es\\\/#website\",\"url\":\"https:\\\/\\\/lovepac.com\\\/es\\\/\",\"name\":\"Lovepac\",\"description\":\"Emballages de bo\u00eetes en carton fiables et de qualit\u00e9 sup\u00e9rieure\",\"publisher\":{\"@id\":\"https:\\\/\\\/lovepac.com\\\/es\\\/#organization\"},\"potentialAction\":[{\"@type\":\"SearchAction\",\"target\":{\"@type\":\"EntryPoint\",\"urlTemplate\":\"https:\\\/\\\/lovepac.com\\\/es\\\/?s={search_term_string}\"},\"query-input\":{\"@type\":\"PropertyValueSpecification\",\"valueRequired\":true,\"valueName\":\"search_term_string\"}}],\"inLanguage\":\"es-ES\"},{\"@type\":\"Organization\",\"@id\":\"https:\\\/\\\/lovepac.com\\\/es\\\/#organization\",\"name\":\"Lovepac\",\"url\":\"https:\\\/\\\/lovepac.com\\\/es\\\/\",\"logo\":{\"@type\":\"ImageObject\",\"inLanguage\":\"es-ES\",\"@id\":\"https:\\\/\\\/lovepac.com\\\/es\\\/#\\\/schema\\\/logo\\\/image\\\/\",\"url\":\"https:\\\/\\\/lovepac.com\\\/wp-content\\\/uploads\\\/2017\\\/10\\\/Novapac_Blog.jpg\",\"contentUrl\":\"https:\\\/\\\/lovepac.com\\\/wp-content\\\/uploads\\\/2017\\\/10\\\/Novapac_Blog.jpg\",\"width\":1000,\"height\":600,\"caption\":\"Lovepac\"},\"image\":{\"@id\":\"https:\\\/\\\/lovepac.com\\\/es\\\/#\\\/schema\\\/logo\\\/image\\\/\"}}]}<\/script>\n<!-- \/ Yoast SEO plugin. -->","yoast_head_json":{"title":"Servicios de embalaje: \u00a1descubra nuestros servicios de embalaje protector!","description":"Servicios de empaque: Descubra nuestros servicios de empaque simple que incluyen ventas, dise\u00f1o, servicio al cliente y control de calidad.","robots":{"index":"index","follow":"follow","max-snippet":"max-snippet:-1","max-image-preview":"max-image-preview:large","max-video-preview":"max-video-preview:-1"},"canonical":"https:\/\/lovepac.com\/es\/servicios\/","og_locale":"es_ES","og_type":"article","og_title":"Servicios de embalaje: \u00a1descubra nuestros servicios de embalaje protector!","og_description":"Servicios de empaque: Descubra nuestros servicios de empaque simple que incluyen ventas, dise\u00f1o, servicio al cliente y control de calidad.","og_url":"https:\/\/lovepac.com\/es\/servicios\/","og_site_name":"Lovepac","twitter_card":"summary_large_image","twitter_misc":{"Est. reading time":"2 minutes"},"schema":{"@context":"https:\/\/schema.org","@graph":[{"@type":"WebPage","@id":"https:\/\/lovepac.com\/es\/servicios\/","url":"https:\/\/lovepac.com\/es\/servicios\/","name":"Servicios de embalaje: \u00a1descubra nuestros servicios de embalaje protector!","isPartOf":{"@id":"https:\/\/lovepac.com\/es\/#website"},"datePublished":"2021-03-13T19:48:20+00:00","description":"Servicios de empaque: Descubra nuestros servicios de empaque simple que incluyen ventas, dise\u00f1o, servicio al cliente y control de calidad.","breadcrumb":{"@id":"https:\/\/lovepac.com\/es\/servicios\/#breadcrumb"},"inLanguage":"es-ES","potentialAction":[{"@type":"ReadAction","target":["https:\/\/lovepac.com\/es\/servicios\/"]}]},{"@type":"BreadcrumbList","@id":"https:\/\/lovepac.com\/es\/servicios\/#breadcrumb","itemListElement":[{"@type":"ListItem","position":1,"name":"Accueil","item":"https:\/\/lovepac.com\/es\/"},{"@type":"ListItem","position":2,"name":"Servicios"}]},{"@type":"WebSite","@id":"https:\/\/lovepac.com\/es\/#website","url":"https:\/\/lovepac.com\/es\/","name":"Lovepac","description":"Emballages de bo\u00eetes en carton fiables et de qualit\u00e9 sup\u00e9rieure","publisher":{"@id":"https:\/\/lovepac.com\/es\/#organization"},"potentialAction":[{"@type":"SearchAction","target":{"@type":"EntryPoint","urlTemplate":"https:\/\/lovepac.com\/es\/?s={search_term_string}"},"query-input":{"@type":"PropertyValueSpecification","valueRequired":true,"valueName":"search_term_string"}}],"inLanguage":"es-ES"},{"@type":"Organization","@id":"https:\/\/lovepac.com\/es\/#organization","name":"Lovepac","url":"https:\/\/lovepac.com\/es\/","logo":{"@type":"ImageObject","inLanguage":"es-ES","@id":"https:\/\/lovepac.com\/es\/#\/schema\/logo\/image\/","url":"https:\/\/lovepac.com\/wp-content\/uploads\/2017\/10\/Novapac_Blog.jpg","contentUrl":"https:\/\/lovepac.com\/wp-content\/uploads\/2017\/10\/Novapac_Blog.jpg","width":1000,"height":600,"caption":"Lovepac"},"image":{"@id":"https:\/\/lovepac.com\/es\/#\/schema\/logo\/image\/"}}]}},"_links":{"self":[{"href":"https:\/\/lovepac.com\/es\/wp-json\/wp\/v2\/pages\/8792","targetHints":{"allow":["GET"]}}],"collection":[{"href":"https:\/\/lovepac.com\/es\/wp-json\/wp\/v2\/pages"}],"about":[{"href":"https:\/\/lovepac.com\/es\/wp-json\/wp\/v2\/types\/page"}],"author":[{"embeddable":true,"href":"https:\/\/lovepac.com\/es\/wp-json\/wp\/v2\/users\/1"}],"replies":[{"embeddable":true,"href":"https:\/\/lovepac.com\/es\/wp-json\/wp\/v2\/comments?post=8792"}],"version-history":[{"count":2,"href":"https:\/\/lovepac.com\/es\/wp-json\/wp\/v2\/pages\/8792\/revisions"}],"predecessor-version":[{"id":8794,"href":"https:\/\/lovepac.com\/es\/wp-json\/wp\/v2\/pages\/8792\/revisions\/8794"}],"wp:attachment":[{"href":"https:\/\/lovepac.com\/es\/wp-json\/wp\/v2\/media?parent=8792"}],"curies":[{"name":"wp","href":"https:\/\/api.w.org\/{rel}","templated":true}]}}