{"id":8799,"date":"2021-03-13T14:56:33","date_gmt":"2021-03-13T19:56:33","guid":{"rendered":"https:\/\/lovepac.com\/servicios\/manufactura-llave-en-mano\/"},"modified":"2021-03-13T14:56:33","modified_gmt":"2021-03-13T19:56:33","slug":"manufactura-llave-en-mano","status":"publish","type":"page","link":"https:\/\/lovepac.com\/es\/servicios\/manufactura-llave-en-mano\/","title":{"rendered":"Manufactura LLave en mano."},"content":{"rendered":"<h3>Fabricaci\u00f3n llave en mano<\/h3>\n<h4>Innovaci\u00f3n de empaque en su horario<\/h4>\n<p>Entendemos que su horario de entrega depende completamente del nuestro.\u00a0Es por eso que ofrecemos fabricaci\u00f3n llave en mano de productos de embalaje personalizados de corrugado, embalajes y espuma de baja y alta densidad para garantizar que su soluci\u00f3n est\u00e9 dise\u00f1ada y fabricada profesionalmente con los m\u00e1s altos niveles de calidad, dentro del plazo que se adapte a sus necesidades comerciales.<\/p>\n<p><img decoding=\"async\" width=\"418\" height=\"299\" class=\" alignright size-full wp-image-278\" style=\"float: right; margin: -18px 13px 0px -34px;\" src=\"\/wp-content\/uploads\/2012\/12\/images_box-foam-etc.jpg\" srcset=\"https:\/\/lovepac.com\/wp-content\/uploads\/2012\/12\/images_box-foam-etc-300x215.jpg 300w, https:\/\/lovepac.com\/wp-content\/uploads\/2012\/12\/images_box-foam-etc.jpg 418w\" sizes=\"(max-width: 418px) 100vw, 418px\" \/><\/p>\n<ul>\n<li>Formado de cajas (puntuaci\u00f3n y ranurado)<\/li>\n<li>Encolado<\/li>\n<li>Troquelar<\/li>\n<li>Embalaje de madera<\/li>\n<li>Impresi\u00f3n<\/li>\n<li>Montaje<\/li>\n<li>Entrega<\/li>\n<li>Impresi\u00f3n (flexo y digital)<\/li>\n<\/ul>\n<p><a href=\"https:\/\/snjtlltes4fxeortkskrtwzv5a--lovepac-com.translate.goog\/en\/home\/contact-us\/\">Descubra c\u00f3mo el sistema de informaci\u00f3n de entrega en l\u00ednea Lovepac CorrDate \u2122 elimina todas las preocupaciones de los plazos ajustados.<\/a><\/p>\n","protected":false},"excerpt":{"rendered":"<p>Fabricaci\u00f3n llave en mano Innovaci\u00f3n de empaque en su horario  [&#8230;]<\/p>\n","protected":false},"author":1,"featured_media":0,"parent":8792,"menu_order":32,"comment_status":"closed","ping_status":"closed","template":"side-navigation.php","meta":{"footnotes":""},"class_list":["post-8799","page","type-page","status-publish","hentry"],"yoast_head":"<!-- This site is optimized with the Yoast SEO plugin v27.3 - https:\/\/yoast.com\/product\/yoast-seo-wordpress\/ -->\n<title>Manufactura LLave en mano. - Lovepac<\/title>\n<meta name=\"robots\" content=\"index, follow, max-snippet:-1, max-image-preview:large, max-video-preview:-1\" \/>\n<link rel=\"canonical\" href=\"https:\/\/lovepac.com\/es\/servicios\/manufactura-llave-en-mano\/\" \/>\n<meta property=\"og:locale\" content=\"es_ES\" \/>\n<meta property=\"og:type\" content=\"article\" \/>\n<meta property=\"og:title\" content=\"Manufactura LLave en mano. - Lovepac\" \/>\n<meta property=\"og:description\" content=\"Fabricaci\u00f3n llave en mano Innovaci\u00f3n de empaque en su horario [...]\" \/>\n<meta property=\"og:url\" content=\"https:\/\/lovepac.com\/es\/servicios\/manufactura-llave-en-mano\/\" \/>\n<meta property=\"og:site_name\" content=\"Lovepac\" \/>\n<meta property=\"og:image\" content=\"https:\/\/lovepac.com\/wp-content\/uploads\/2012\/12\/images_box-foam-etc.jpg\" \/>\n<meta name=\"twitter:card\" content=\"summary_large_image\" \/>\n<meta name=\"twitter:label1\" content=\"Est. reading time\" \/>\n\t<meta name=\"twitter:data1\" content=\"1 minute\" \/>\n<script type=\"application\/ld+json\" class=\"yoast-schema-graph\">{\"@context\":\"https:\\\/\\\/schema.org\",\"@graph\":[{\"@type\":\"WebPage\",\"@id\":\"https:\\\/\\\/lovepac.com\\\/es\\\/servicios\\\/manufactura-llave-en-mano\\\/\",\"url\":\"https:\\\/\\\/lovepac.com\\\/es\\\/servicios\\\/manufactura-llave-en-mano\\\/\",\"name\":\"Manufactura LLave en mano. - Lovepac\",\"isPartOf\":{\"@id\":\"https:\\\/\\\/lovepac.com\\\/es\\\/#website\"},\"datePublished\":\"2021-03-13T19:56:33+00:00\",\"breadcrumb\":{\"@id\":\"https:\\\/\\\/lovepac.com\\\/es\\\/servicios\\\/manufactura-llave-en-mano\\\/#breadcrumb\"},\"inLanguage\":\"es-ES\",\"potentialAction\":[{\"@type\":\"ReadAction\",\"target\":[\"https:\\\/\\\/lovepac.com\\\/es\\\/servicios\\\/manufactura-llave-en-mano\\\/\"]}]},{\"@type\":\"BreadcrumbList\",\"@id\":\"https:\\\/\\\/lovepac.com\\\/es\\\/servicios\\\/manufactura-llave-en-mano\\\/#breadcrumb\",\"itemListElement\":[{\"@type\":\"ListItem\",\"position\":1,\"name\":\"Accueil\",\"item\":\"https:\\\/\\\/lovepac.com\\\/es\\\/\"},{\"@type\":\"ListItem\",\"position\":2,\"name\":\"Servicios\",\"item\":\"https:\\\/\\\/lovepac.com\\\/es\\\/servicios\\\/\"},{\"@type\":\"ListItem\",\"position\":3,\"name\":\"Manufactura LLave en mano.\"}]},{\"@type\":\"WebSite\",\"@id\":\"https:\\\/\\\/lovepac.com\\\/es\\\/#website\",\"url\":\"https:\\\/\\\/lovepac.com\\\/es\\\/\",\"name\":\"Lovepac\",\"description\":\"Emballages de bo\u00eetes en carton fiables et de qualit\u00e9 sup\u00e9rieure\",\"publisher\":{\"@id\":\"https:\\\/\\\/lovepac.com\\\/es\\\/#organization\"},\"potentialAction\":[{\"@type\":\"SearchAction\",\"target\":{\"@type\":\"EntryPoint\",\"urlTemplate\":\"https:\\\/\\\/lovepac.com\\\/es\\\/?s={search_term_string}\"},\"query-input\":{\"@type\":\"PropertyValueSpecification\",\"valueRequired\":true,\"valueName\":\"search_term_string\"}}],\"inLanguage\":\"es-ES\"},{\"@type\":\"Organization\",\"@id\":\"https:\\\/\\\/lovepac.com\\\/es\\\/#organization\",\"name\":\"Lovepac\",\"url\":\"https:\\\/\\\/lovepac.com\\\/es\\\/\",\"logo\":{\"@type\":\"ImageObject\",\"inLanguage\":\"es-ES\",\"@id\":\"https:\\\/\\\/lovepac.com\\\/es\\\/#\\\/schema\\\/logo\\\/image\\\/\",\"url\":\"https:\\\/\\\/lovepac.com\\\/wp-content\\\/uploads\\\/2017\\\/10\\\/Novapac_Blog.jpg\",\"contentUrl\":\"https:\\\/\\\/lovepac.com\\\/wp-content\\\/uploads\\\/2017\\\/10\\\/Novapac_Blog.jpg\",\"width\":1000,\"height\":600,\"caption\":\"Lovepac\"},\"image\":{\"@id\":\"https:\\\/\\\/lovepac.com\\\/es\\\/#\\\/schema\\\/logo\\\/image\\\/\"}}]}<\/script>\n<!-- \/ Yoast SEO plugin. -->","yoast_head_json":{"title":"Manufactura LLave en mano. - Lovepac","robots":{"index":"index","follow":"follow","max-snippet":"max-snippet:-1","max-image-preview":"max-image-preview:large","max-video-preview":"max-video-preview:-1"},"canonical":"https:\/\/lovepac.com\/es\/servicios\/manufactura-llave-en-mano\/","og_locale":"es_ES","og_type":"article","og_title":"Manufactura LLave en mano. - Lovepac","og_description":"Fabricaci\u00f3n llave en mano Innovaci\u00f3n de empaque en su horario [...]","og_url":"https:\/\/lovepac.com\/es\/servicios\/manufactura-llave-en-mano\/","og_site_name":"Lovepac","og_image":[{"url":"https:\/\/lovepac.com\/wp-content\/uploads\/2012\/12\/images_box-foam-etc.jpg","type":"","width":"","height":""}],"twitter_card":"summary_large_image","twitter_misc":{"Est. reading time":"1 minute"},"schema":{"@context":"https:\/\/schema.org","@graph":[{"@type":"WebPage","@id":"https:\/\/lovepac.com\/es\/servicios\/manufactura-llave-en-mano\/","url":"https:\/\/lovepac.com\/es\/servicios\/manufactura-llave-en-mano\/","name":"Manufactura LLave en mano. - Lovepac","isPartOf":{"@id":"https:\/\/lovepac.com\/es\/#website"},"datePublished":"2021-03-13T19:56:33+00:00","breadcrumb":{"@id":"https:\/\/lovepac.com\/es\/servicios\/manufactura-llave-en-mano\/#breadcrumb"},"inLanguage":"es-ES","potentialAction":[{"@type":"ReadAction","target":["https:\/\/lovepac.com\/es\/servicios\/manufactura-llave-en-mano\/"]}]},{"@type":"BreadcrumbList","@id":"https:\/\/lovepac.com\/es\/servicios\/manufactura-llave-en-mano\/#breadcrumb","itemListElement":[{"@type":"ListItem","position":1,"name":"Accueil","item":"https:\/\/lovepac.com\/es\/"},{"@type":"ListItem","position":2,"name":"Servicios","item":"https:\/\/lovepac.com\/es\/servicios\/"},{"@type":"ListItem","position":3,"name":"Manufactura LLave en mano."}]},{"@type":"WebSite","@id":"https:\/\/lovepac.com\/es\/#website","url":"https:\/\/lovepac.com\/es\/","name":"Lovepac","description":"Emballages de bo\u00eetes en carton fiables et de qualit\u00e9 sup\u00e9rieure","publisher":{"@id":"https:\/\/lovepac.com\/es\/#organization"},"potentialAction":[{"@type":"SearchAction","target":{"@type":"EntryPoint","urlTemplate":"https:\/\/lovepac.com\/es\/?s={search_term_string}"},"query-input":{"@type":"PropertyValueSpecification","valueRequired":true,"valueName":"search_term_string"}}],"inLanguage":"es-ES"},{"@type":"Organization","@id":"https:\/\/lovepac.com\/es\/#organization","name":"Lovepac","url":"https:\/\/lovepac.com\/es\/","logo":{"@type":"ImageObject","inLanguage":"es-ES","@id":"https:\/\/lovepac.com\/es\/#\/schema\/logo\/image\/","url":"https:\/\/lovepac.com\/wp-content\/uploads\/2017\/10\/Novapac_Blog.jpg","contentUrl":"https:\/\/lovepac.com\/wp-content\/uploads\/2017\/10\/Novapac_Blog.jpg","width":1000,"height":600,"caption":"Lovepac"},"image":{"@id":"https:\/\/lovepac.com\/es\/#\/schema\/logo\/image\/"}}]}},"_links":{"self":[{"href":"https:\/\/lovepac.com\/es\/wp-json\/wp\/v2\/pages\/8799","targetHints":{"allow":["GET"]}}],"collection":[{"href":"https:\/\/lovepac.com\/es\/wp-json\/wp\/v2\/pages"}],"about":[{"href":"https:\/\/lovepac.com\/es\/wp-json\/wp\/v2\/types\/page"}],"author":[{"embeddable":true,"href":"https:\/\/lovepac.com\/es\/wp-json\/wp\/v2\/users\/1"}],"replies":[{"embeddable":true,"href":"https:\/\/lovepac.com\/es\/wp-json\/wp\/v2\/comments?post=8799"}],"version-history":[{"count":0,"href":"https:\/\/lovepac.com\/es\/wp-json\/wp\/v2\/pages\/8799\/revisions"}],"up":[{"embeddable":true,"href":"https:\/\/lovepac.com\/es\/wp-json\/wp\/v2\/pages\/8792"}],"wp:attachment":[{"href":"https:\/\/lovepac.com\/es\/wp-json\/wp\/v2\/media?parent=8799"}],"curies":[{"name":"wp","href":"https:\/\/api.w.org\/{rel}","templated":true}]}}