{"id":8802,"date":"2021-03-13T15:01:53","date_gmt":"2021-03-13T20:01:53","guid":{"rendered":"https:\/\/lovepac.com\/servicios\/entregas-en-tiempo\/"},"modified":"2021-03-13T15:01:53","modified_gmt":"2021-03-13T20:01:53","slug":"entregas-en-tiempo","status":"publish","type":"page","link":"https:\/\/lovepac.com\/es\/servicios\/entregas-en-tiempo\/","title":{"rendered":"Entregas en tiempo"},"content":{"rendered":"<h3>Entregas a tiempo<\/h3>\n<h4>Sistema de entrega flexible<\/h4>\n<p><img decoding=\"async\" class=\"alignright wp-image-8804 size-full\" style=\"float: right;\" src=\"https:\/\/lovepac.com\/wp-content\/uploads\/2012\/12\/images_whitebox.jpg\" alt=\"livraisons ponctuelles\" width=\"313\" height=\"326\" border=\"0\" srcset=\"https:\/\/lovepac.com\/wp-content\/uploads\/2012\/12\/images_whitebox-288x300.jpg 288w, https:\/\/lovepac.com\/wp-content\/uploads\/2012\/12\/images_whitebox.jpg 313w\" sizes=\"(max-width: 313px) 100vw, 313px\" \/><\/p>\n<p>Nuestro equipo CorrDelivery \u2122 elimina todas las preocupaciones de los plazos ajustados.<\/p>\n<p>Nunca escuchar\u00e1 una excusa de Lovepac, porque como empresa, creemos que siempre hay una opci\u00f3n.\u00a0Si tiene poco inventario o recibe un pedido inesperado, ll\u00e1menos y encontraremos una manera de ayudarlo a superar la crisis.<\/p>\n<p>Nuestro sistema de entrega a tiempo es simple: queremos ser su socio y nos esforzaremos por satisfacer sus necesidades.<\/p>\n<p><a href=\"\/es\/metodocorr\">Obtenga m\u00e1s informaci\u00f3n sobre c\u00f3mo Lovepac CorrMethod \u2122 puede ayudarlo a obtener lo que necesita, cuando lo necesita.<\/a><\/p>\n<p>&nbsp;<\/p>\n","protected":false},"excerpt":{"rendered":"<p>Entregas a tiempo Sistema de entrega flexible Nuestro equipo CorrDelivery  [&#8230;]<\/p>\n","protected":false},"author":1,"featured_media":0,"parent":8792,"menu_order":31,"comment_status":"closed","ping_status":"closed","template":"side-navigation.php","meta":{"footnotes":""},"class_list":["post-8802","page","type-page","status-publish","hentry"],"yoast_head":"<!-- This site is optimized with the Yoast SEO plugin v27.5 - https:\/\/yoast.com\/product\/yoast-seo-wordpress\/ -->\n<title>Entregas a tiempo: Lovepac le ofrece entregas a tiempo<\/title>\n<meta name=\"description\" content=\"Entregas puntuales: Lovepac te ofrece el servicio de entrega puntual para darte m\u00e1s flexibilidad y ayudarte a cumplir tus plazos.\" \/>\n<meta name=\"robots\" content=\"index, follow, max-snippet:-1, max-image-preview:large, max-video-preview:-1\" \/>\n<link rel=\"canonical\" href=\"https:\/\/lovepac.com\/es\/servicios\/entregas-en-tiempo\/\" \/>\n<meta property=\"og:locale\" content=\"es_ES\" \/>\n<meta property=\"og:type\" content=\"article\" \/>\n<meta property=\"og:title\" content=\"Entregas a tiempo: Lovepac le ofrece entregas a tiempo\" \/>\n<meta property=\"og:description\" content=\"Entregas puntuales: Lovepac te ofrece el servicio de entrega puntual para darte m\u00e1s flexibilidad y ayudarte a cumplir tus plazos.\" \/>\n<meta property=\"og:url\" content=\"https:\/\/lovepac.com\/es\/servicios\/entregas-en-tiempo\/\" \/>\n<meta property=\"og:site_name\" content=\"Lovepac\" \/>\n<meta property=\"og:image\" content=\"https:\/\/lovepac.com\/wp-content\/uploads\/2012\/12\/images_whitebox.jpg\" \/>\n<meta name=\"twitter:card\" content=\"summary_large_image\" \/>\n<script type=\"application\/ld+json\" class=\"yoast-schema-graph\">{\"@context\":\"https:\\\/\\\/schema.org\",\"@graph\":[{\"@type\":\"WebPage\",\"@id\":\"https:\\\/\\\/lovepac.com\\\/es\\\/servicios\\\/entregas-en-tiempo\\\/\",\"url\":\"https:\\\/\\\/lovepac.com\\\/es\\\/servicios\\\/entregas-en-tiempo\\\/\",\"name\":\"Entregas a tiempo: Lovepac le ofrece entregas a tiempo\",\"isPartOf\":{\"@id\":\"https:\\\/\\\/lovepac.com\\\/es\\\/#website\"},\"primaryImageOfPage\":{\"@id\":\"https:\\\/\\\/lovepac.com\\\/es\\\/servicios\\\/entregas-en-tiempo\\\/#primaryimage\"},\"image\":{\"@id\":\"https:\\\/\\\/lovepac.com\\\/es\\\/servicios\\\/entregas-en-tiempo\\\/#primaryimage\"},\"thumbnailUrl\":\"https:\\\/\\\/lovepac.com\\\/wp-content\\\/uploads\\\/2012\\\/12\\\/images_whitebox.jpg\",\"datePublished\":\"2021-03-13T20:01:53+00:00\",\"description\":\"Entregas puntuales: Lovepac te ofrece el servicio de entrega puntual para darte m\u00e1s flexibilidad y ayudarte a cumplir tus plazos.\",\"breadcrumb\":{\"@id\":\"https:\\\/\\\/lovepac.com\\\/es\\\/servicios\\\/entregas-en-tiempo\\\/#breadcrumb\"},\"inLanguage\":\"es-ES\",\"potentialAction\":[{\"@type\":\"ReadAction\",\"target\":[\"https:\\\/\\\/lovepac.com\\\/es\\\/servicios\\\/entregas-en-tiempo\\\/\"]}]},{\"@type\":\"ImageObject\",\"inLanguage\":\"es-ES\",\"@id\":\"https:\\\/\\\/lovepac.com\\\/es\\\/servicios\\\/entregas-en-tiempo\\\/#primaryimage\",\"url\":\"https:\\\/\\\/lovepac.com\\\/wp-content\\\/uploads\\\/2012\\\/12\\\/images_whitebox.jpg\",\"contentUrl\":\"https:\\\/\\\/lovepac.com\\\/wp-content\\\/uploads\\\/2012\\\/12\\\/images_whitebox.jpg\"},{\"@type\":\"BreadcrumbList\",\"@id\":\"https:\\\/\\\/lovepac.com\\\/es\\\/servicios\\\/entregas-en-tiempo\\\/#breadcrumb\",\"itemListElement\":[{\"@type\":\"ListItem\",\"position\":1,\"name\":\"Accueil\",\"item\":\"https:\\\/\\\/lovepac.com\\\/es\\\/\"},{\"@type\":\"ListItem\",\"position\":2,\"name\":\"Servicios\",\"item\":\"https:\\\/\\\/lovepac.com\\\/es\\\/servicios\\\/\"},{\"@type\":\"ListItem\",\"position\":3,\"name\":\"Entregas en tiempo\"}]},{\"@type\":\"WebSite\",\"@id\":\"https:\\\/\\\/lovepac.com\\\/es\\\/#website\",\"url\":\"https:\\\/\\\/lovepac.com\\\/es\\\/\",\"name\":\"Lovepac\",\"description\":\"Emballages de bo\u00eetes en carton fiables et de qualit\u00e9 sup\u00e9rieure\",\"publisher\":{\"@id\":\"https:\\\/\\\/lovepac.com\\\/es\\\/#organization\"},\"potentialAction\":[{\"@type\":\"SearchAction\",\"target\":{\"@type\":\"EntryPoint\",\"urlTemplate\":\"https:\\\/\\\/lovepac.com\\\/es\\\/?s={search_term_string}\"},\"query-input\":{\"@type\":\"PropertyValueSpecification\",\"valueRequired\":true,\"valueName\":\"search_term_string\"}}],\"inLanguage\":\"es-ES\"},{\"@type\":\"Organization\",\"@id\":\"https:\\\/\\\/lovepac.com\\\/es\\\/#organization\",\"name\":\"Lovepac\",\"url\":\"https:\\\/\\\/lovepac.com\\\/es\\\/\",\"logo\":{\"@type\":\"ImageObject\",\"inLanguage\":\"es-ES\",\"@id\":\"https:\\\/\\\/lovepac.com\\\/es\\\/#\\\/schema\\\/logo\\\/image\\\/\",\"url\":\"https:\\\/\\\/lovepac.com\\\/wp-content\\\/uploads\\\/2017\\\/10\\\/Novapac_Blog.jpg\",\"contentUrl\":\"https:\\\/\\\/lovepac.com\\\/wp-content\\\/uploads\\\/2017\\\/10\\\/Novapac_Blog.jpg\",\"width\":1000,\"height\":600,\"caption\":\"Lovepac\"},\"image\":{\"@id\":\"https:\\\/\\\/lovepac.com\\\/es\\\/#\\\/schema\\\/logo\\\/image\\\/\"}}]}<\/script>\n<!-- \/ Yoast SEO plugin. -->","yoast_head_json":{"title":"Entregas a tiempo: Lovepac le ofrece entregas a tiempo","description":"Entregas puntuales: Lovepac te ofrece el servicio de entrega puntual para darte m\u00e1s flexibilidad y ayudarte a cumplir tus plazos.","robots":{"index":"index","follow":"follow","max-snippet":"max-snippet:-1","max-image-preview":"max-image-preview:large","max-video-preview":"max-video-preview:-1"},"canonical":"https:\/\/lovepac.com\/es\/servicios\/entregas-en-tiempo\/","og_locale":"es_ES","og_type":"article","og_title":"Entregas a tiempo: Lovepac le ofrece entregas a tiempo","og_description":"Entregas puntuales: Lovepac te ofrece el servicio de entrega puntual para darte m\u00e1s flexibilidad y ayudarte a cumplir tus plazos.","og_url":"https:\/\/lovepac.com\/es\/servicios\/entregas-en-tiempo\/","og_site_name":"Lovepac","og_image":[{"url":"https:\/\/lovepac.com\/wp-content\/uploads\/2012\/12\/images_whitebox.jpg","type":"","width":"","height":""}],"twitter_card":"summary_large_image","schema":{"@context":"https:\/\/schema.org","@graph":[{"@type":"WebPage","@id":"https:\/\/lovepac.com\/es\/servicios\/entregas-en-tiempo\/","url":"https:\/\/lovepac.com\/es\/servicios\/entregas-en-tiempo\/","name":"Entregas a tiempo: Lovepac le ofrece entregas a tiempo","isPartOf":{"@id":"https:\/\/lovepac.com\/es\/#website"},"primaryImageOfPage":{"@id":"https:\/\/lovepac.com\/es\/servicios\/entregas-en-tiempo\/#primaryimage"},"image":{"@id":"https:\/\/lovepac.com\/es\/servicios\/entregas-en-tiempo\/#primaryimage"},"thumbnailUrl":"https:\/\/lovepac.com\/wp-content\/uploads\/2012\/12\/images_whitebox.jpg","datePublished":"2021-03-13T20:01:53+00:00","description":"Entregas puntuales: Lovepac te ofrece el servicio de entrega puntual para darte m\u00e1s flexibilidad y ayudarte a cumplir tus plazos.","breadcrumb":{"@id":"https:\/\/lovepac.com\/es\/servicios\/entregas-en-tiempo\/#breadcrumb"},"inLanguage":"es-ES","potentialAction":[{"@type":"ReadAction","target":["https:\/\/lovepac.com\/es\/servicios\/entregas-en-tiempo\/"]}]},{"@type":"ImageObject","inLanguage":"es-ES","@id":"https:\/\/lovepac.com\/es\/servicios\/entregas-en-tiempo\/#primaryimage","url":"https:\/\/lovepac.com\/wp-content\/uploads\/2012\/12\/images_whitebox.jpg","contentUrl":"https:\/\/lovepac.com\/wp-content\/uploads\/2012\/12\/images_whitebox.jpg"},{"@type":"BreadcrumbList","@id":"https:\/\/lovepac.com\/es\/servicios\/entregas-en-tiempo\/#breadcrumb","itemListElement":[{"@type":"ListItem","position":1,"name":"Accueil","item":"https:\/\/lovepac.com\/es\/"},{"@type":"ListItem","position":2,"name":"Servicios","item":"https:\/\/lovepac.com\/es\/servicios\/"},{"@type":"ListItem","position":3,"name":"Entregas en tiempo"}]},{"@type":"WebSite","@id":"https:\/\/lovepac.com\/es\/#website","url":"https:\/\/lovepac.com\/es\/","name":"Lovepac","description":"Emballages de bo\u00eetes en carton fiables et de qualit\u00e9 sup\u00e9rieure","publisher":{"@id":"https:\/\/lovepac.com\/es\/#organization"},"potentialAction":[{"@type":"SearchAction","target":{"@type":"EntryPoint","urlTemplate":"https:\/\/lovepac.com\/es\/?s={search_term_string}"},"query-input":{"@type":"PropertyValueSpecification","valueRequired":true,"valueName":"search_term_string"}}],"inLanguage":"es-ES"},{"@type":"Organization","@id":"https:\/\/lovepac.com\/es\/#organization","name":"Lovepac","url":"https:\/\/lovepac.com\/es\/","logo":{"@type":"ImageObject","inLanguage":"es-ES","@id":"https:\/\/lovepac.com\/es\/#\/schema\/logo\/image\/","url":"https:\/\/lovepac.com\/wp-content\/uploads\/2017\/10\/Novapac_Blog.jpg","contentUrl":"https:\/\/lovepac.com\/wp-content\/uploads\/2017\/10\/Novapac_Blog.jpg","width":1000,"height":600,"caption":"Lovepac"},"image":{"@id":"https:\/\/lovepac.com\/es\/#\/schema\/logo\/image\/"}}]}},"_links":{"self":[{"href":"https:\/\/lovepac.com\/es\/wp-json\/wp\/v2\/pages\/8802","targetHints":{"allow":["GET"]}}],"collection":[{"href":"https:\/\/lovepac.com\/es\/wp-json\/wp\/v2\/pages"}],"about":[{"href":"https:\/\/lovepac.com\/es\/wp-json\/wp\/v2\/types\/page"}],"author":[{"embeddable":true,"href":"https:\/\/lovepac.com\/es\/wp-json\/wp\/v2\/users\/1"}],"replies":[{"embeddable":true,"href":"https:\/\/lovepac.com\/es\/wp-json\/wp\/v2\/comments?post=8802"}],"version-history":[{"count":0,"href":"https:\/\/lovepac.com\/es\/wp-json\/wp\/v2\/pages\/8802\/revisions"}],"up":[{"embeddable":true,"href":"https:\/\/lovepac.com\/es\/wp-json\/wp\/v2\/pages\/8792"}],"wp:attachment":[{"href":"https:\/\/lovepac.com\/es\/wp-json\/wp\/v2\/media?parent=8802"}],"curies":[{"name":"wp","href":"https:\/\/api.w.org\/{rel}","templated":true}]}}