{"id":8806,"date":"2021-03-13T15:12:52","date_gmt":"2021-03-13T20:12:52","guid":{"rendered":"https:\/\/lovepac.com\/servicios\/inventario-en-capas\/"},"modified":"2021-03-13T15:12:52","modified_gmt":"2021-03-13T20:12:52","slug":"inventario-en-capas","status":"publish","type":"page","link":"https:\/\/lovepac.com\/es\/servicios\/inventario-en-capas\/","title":{"rendered":"Inventario en Capas"},"content":{"rendered":"<h3>Inventario en capas<\/h3>\n<h4>Fabricaci\u00f3n bajo demanda y opciones de almacenamiento flexible<\/h4>\n<p>Si bien buscamos producir soluciones de empaque personalizadas en tama\u00f1os de tiradas que optimicen los precios para nuestros clientes, sabemos que es posible que no pueda almacenar una serie completa, especialmente para paquetes de espuma ensamblados o kits de empaque de protecci\u00f3n.<\/p>\n<p>El programa de administraci\u00f3n de inventario de Lovepac utiliza un enfoque en capas \u00fanico compuesto por opciones de inventario dise\u00f1adas para garantizar que su empaque est\u00e9 listo cuando lo necesite y que se minimicen los problemas de almacenamiento de inventario.<\/p>\n<p><img decoding=\"async\" class=\"alignright wp-image-8808 size-full\" style=\"float: right;\" src=\"https:\/\/lovepac.com\/wp-content\/uploads\/2012\/12\/images_stacked-boxes.jpg\" alt=\"Gestion progressive des stocks\" width=\"418\" height=\"281\" border=\"0\" srcset=\"https:\/\/lovepac.com\/wp-content\/uploads\/2012\/12\/images_stacked-boxes-300x202.jpg 300w, https:\/\/lovepac.com\/wp-content\/uploads\/2012\/12\/images_stacked-boxes.jpg 418w\" sizes=\"(max-width: 418px) 100vw, 418px\" \/><\/p>\n<p>Las opciones de inventario en capas de Lovepac:<\/p>\n<ol>\n<li>Hacer y enviar\n<ol>\n<li>Tiempo normal: dos semanas<\/li>\n<\/ol>\n<\/li>\n<li>Produzca todo y publique bajo demanda<\/li>\n<li>Almacenar plano (corrugado) o ensamblar (espuma)\n<ol>\n<li>Servicio de 72 horas para nuestros cinco productos principales de espuma<\/li>\n<li>3-7 d\u00edas para espuma espec\u00edfica de producto<\/li>\n<\/ol>\n<\/li>\n<li>Inventario m\u00ednimo de stock de emergencia disponible en todo momento\n<ol>\n<li>Servicio 24 horas<\/li>\n<\/ol>\n<\/li>\n<\/ol>\n<h4>Fabricaci\u00f3n bajo demanda y opciones de almacenamiento flexible<\/h4>\n<p>El programa de inventario flexible de Lovepac ayuda a clientes como usted a reducir el riesgo con una mayor velocidad de entrega y excelencia en el servicio.<\/p>\n<p>Servicio de 24 a 48 horas en art\u00edculos clave en todo momento<\/p>\n","protected":false},"excerpt":{"rendered":"<p>Inventario en capas Fabricaci\u00f3n bajo demanda y opciones de almacenamiento  [&#8230;]<\/p>\n","protected":false},"author":1,"featured_media":0,"parent":8792,"menu_order":29,"comment_status":"closed","ping_status":"closed","template":"side-navigation.php","meta":{"footnotes":""},"class_list":["post-8806","page","type-page","status-publish","hentry"],"yoast_head":"<!-- This site is optimized with the Yoast SEO plugin v27.3 - https:\/\/yoast.com\/product\/yoast-seo-wordpress\/ -->\n<title>Gesti\u00f3n de inventario progresiva: Lovepac le ofrece la mejor soluci\u00f3n<\/title>\n<meta name=\"description\" content=\"Gesti\u00f3n progresiva de inventario: \u00a1Lovepac le ofrece producci\u00f3n a pedido y almacenamiento flexible para una gesti\u00f3n progresiva de inventario eficiente!\" \/>\n<meta name=\"robots\" content=\"index, follow, max-snippet:-1, max-image-preview:large, max-video-preview:-1\" \/>\n<link rel=\"canonical\" href=\"https:\/\/lovepac.com\/es\/servicios\/inventario-en-capas\/\" \/>\n<meta property=\"og:locale\" content=\"es_ES\" \/>\n<meta property=\"og:type\" content=\"article\" \/>\n<meta property=\"og:title\" content=\"Gesti\u00f3n de inventario progresiva: Lovepac le ofrece la mejor soluci\u00f3n\" \/>\n<meta property=\"og:description\" content=\"Gesti\u00f3n progresiva de inventario: \u00a1Lovepac le ofrece producci\u00f3n a pedido y almacenamiento flexible para una gesti\u00f3n progresiva de inventario eficiente!\" \/>\n<meta property=\"og:url\" content=\"https:\/\/lovepac.com\/es\/servicios\/inventario-en-capas\/\" \/>\n<meta property=\"og:site_name\" content=\"Lovepac\" \/>\n<meta property=\"og:image\" content=\"https:\/\/lovepac.com\/wp-content\/uploads\/2012\/12\/images_stacked-boxes.jpg\" \/>\n<meta name=\"twitter:card\" content=\"summary_large_image\" \/>\n<meta name=\"twitter:label1\" content=\"Est. reading time\" \/>\n\t<meta name=\"twitter:data1\" content=\"1 minute\" \/>\n<script type=\"application\/ld+json\" class=\"yoast-schema-graph\">{\"@context\":\"https:\\\/\\\/schema.org\",\"@graph\":[{\"@type\":\"WebPage\",\"@id\":\"https:\\\/\\\/lovepac.com\\\/es\\\/servicios\\\/inventario-en-capas\\\/\",\"url\":\"https:\\\/\\\/lovepac.com\\\/es\\\/servicios\\\/inventario-en-capas\\\/\",\"name\":\"Gesti\u00f3n de inventario progresiva: Lovepac le ofrece la mejor soluci\u00f3n\",\"isPartOf\":{\"@id\":\"https:\\\/\\\/lovepac.com\\\/es\\\/#website\"},\"primaryImageOfPage\":{\"@id\":\"https:\\\/\\\/lovepac.com\\\/es\\\/servicios\\\/inventario-en-capas\\\/#primaryimage\"},\"image\":{\"@id\":\"https:\\\/\\\/lovepac.com\\\/es\\\/servicios\\\/inventario-en-capas\\\/#primaryimage\"},\"thumbnailUrl\":\"https:\\\/\\\/lovepac.com\\\/wp-content\\\/uploads\\\/2012\\\/12\\\/images_stacked-boxes.jpg\",\"datePublished\":\"2021-03-13T20:12:52+00:00\",\"description\":\"Gesti\u00f3n progresiva de inventario: \u00a1Lovepac le ofrece producci\u00f3n a pedido y almacenamiento flexible para una gesti\u00f3n progresiva de inventario eficiente!\",\"breadcrumb\":{\"@id\":\"https:\\\/\\\/lovepac.com\\\/es\\\/servicios\\\/inventario-en-capas\\\/#breadcrumb\"},\"inLanguage\":\"es-ES\",\"potentialAction\":[{\"@type\":\"ReadAction\",\"target\":[\"https:\\\/\\\/lovepac.com\\\/es\\\/servicios\\\/inventario-en-capas\\\/\"]}]},{\"@type\":\"ImageObject\",\"inLanguage\":\"es-ES\",\"@id\":\"https:\\\/\\\/lovepac.com\\\/es\\\/servicios\\\/inventario-en-capas\\\/#primaryimage\",\"url\":\"https:\\\/\\\/lovepac.com\\\/wp-content\\\/uploads\\\/2012\\\/12\\\/images_stacked-boxes.jpg\",\"contentUrl\":\"https:\\\/\\\/lovepac.com\\\/wp-content\\\/uploads\\\/2012\\\/12\\\/images_stacked-boxes.jpg\"},{\"@type\":\"BreadcrumbList\",\"@id\":\"https:\\\/\\\/lovepac.com\\\/es\\\/servicios\\\/inventario-en-capas\\\/#breadcrumb\",\"itemListElement\":[{\"@type\":\"ListItem\",\"position\":1,\"name\":\"Accueil\",\"item\":\"https:\\\/\\\/lovepac.com\\\/es\\\/\"},{\"@type\":\"ListItem\",\"position\":2,\"name\":\"Servicios\",\"item\":\"https:\\\/\\\/lovepac.com\\\/es\\\/servicios\\\/\"},{\"@type\":\"ListItem\",\"position\":3,\"name\":\"Inventario en Capas\"}]},{\"@type\":\"WebSite\",\"@id\":\"https:\\\/\\\/lovepac.com\\\/es\\\/#website\",\"url\":\"https:\\\/\\\/lovepac.com\\\/es\\\/\",\"name\":\"Lovepac\",\"description\":\"Emballages de bo\u00eetes en carton fiables et de qualit\u00e9 sup\u00e9rieure\",\"publisher\":{\"@id\":\"https:\\\/\\\/lovepac.com\\\/es\\\/#organization\"},\"potentialAction\":[{\"@type\":\"SearchAction\",\"target\":{\"@type\":\"EntryPoint\",\"urlTemplate\":\"https:\\\/\\\/lovepac.com\\\/es\\\/?s={search_term_string}\"},\"query-input\":{\"@type\":\"PropertyValueSpecification\",\"valueRequired\":true,\"valueName\":\"search_term_string\"}}],\"inLanguage\":\"es-ES\"},{\"@type\":\"Organization\",\"@id\":\"https:\\\/\\\/lovepac.com\\\/es\\\/#organization\",\"name\":\"Lovepac\",\"url\":\"https:\\\/\\\/lovepac.com\\\/es\\\/\",\"logo\":{\"@type\":\"ImageObject\",\"inLanguage\":\"es-ES\",\"@id\":\"https:\\\/\\\/lovepac.com\\\/es\\\/#\\\/schema\\\/logo\\\/image\\\/\",\"url\":\"https:\\\/\\\/lovepac.com\\\/wp-content\\\/uploads\\\/2017\\\/10\\\/Novapac_Blog.jpg\",\"contentUrl\":\"https:\\\/\\\/lovepac.com\\\/wp-content\\\/uploads\\\/2017\\\/10\\\/Novapac_Blog.jpg\",\"width\":1000,\"height\":600,\"caption\":\"Lovepac\"},\"image\":{\"@id\":\"https:\\\/\\\/lovepac.com\\\/es\\\/#\\\/schema\\\/logo\\\/image\\\/\"}}]}<\/script>\n<!-- \/ Yoast SEO plugin. -->","yoast_head_json":{"title":"Gesti\u00f3n de inventario progresiva: Lovepac le ofrece la mejor soluci\u00f3n","description":"Gesti\u00f3n progresiva de inventario: \u00a1Lovepac le ofrece producci\u00f3n a pedido y almacenamiento flexible para una gesti\u00f3n progresiva de inventario eficiente!","robots":{"index":"index","follow":"follow","max-snippet":"max-snippet:-1","max-image-preview":"max-image-preview:large","max-video-preview":"max-video-preview:-1"},"canonical":"https:\/\/lovepac.com\/es\/servicios\/inventario-en-capas\/","og_locale":"es_ES","og_type":"article","og_title":"Gesti\u00f3n de inventario progresiva: Lovepac le ofrece la mejor soluci\u00f3n","og_description":"Gesti\u00f3n progresiva de inventario: \u00a1Lovepac le ofrece producci\u00f3n a pedido y almacenamiento flexible para una gesti\u00f3n progresiva de inventario eficiente!","og_url":"https:\/\/lovepac.com\/es\/servicios\/inventario-en-capas\/","og_site_name":"Lovepac","og_image":[{"url":"https:\/\/lovepac.com\/wp-content\/uploads\/2012\/12\/images_stacked-boxes.jpg","type":"","width":"","height":""}],"twitter_card":"summary_large_image","twitter_misc":{"Est. reading time":"1 minute"},"schema":{"@context":"https:\/\/schema.org","@graph":[{"@type":"WebPage","@id":"https:\/\/lovepac.com\/es\/servicios\/inventario-en-capas\/","url":"https:\/\/lovepac.com\/es\/servicios\/inventario-en-capas\/","name":"Gesti\u00f3n de inventario progresiva: Lovepac le ofrece la mejor soluci\u00f3n","isPartOf":{"@id":"https:\/\/lovepac.com\/es\/#website"},"primaryImageOfPage":{"@id":"https:\/\/lovepac.com\/es\/servicios\/inventario-en-capas\/#primaryimage"},"image":{"@id":"https:\/\/lovepac.com\/es\/servicios\/inventario-en-capas\/#primaryimage"},"thumbnailUrl":"https:\/\/lovepac.com\/wp-content\/uploads\/2012\/12\/images_stacked-boxes.jpg","datePublished":"2021-03-13T20:12:52+00:00","description":"Gesti\u00f3n progresiva de inventario: \u00a1Lovepac le ofrece producci\u00f3n a pedido y almacenamiento flexible para una gesti\u00f3n progresiva de inventario eficiente!","breadcrumb":{"@id":"https:\/\/lovepac.com\/es\/servicios\/inventario-en-capas\/#breadcrumb"},"inLanguage":"es-ES","potentialAction":[{"@type":"ReadAction","target":["https:\/\/lovepac.com\/es\/servicios\/inventario-en-capas\/"]}]},{"@type":"ImageObject","inLanguage":"es-ES","@id":"https:\/\/lovepac.com\/es\/servicios\/inventario-en-capas\/#primaryimage","url":"https:\/\/lovepac.com\/wp-content\/uploads\/2012\/12\/images_stacked-boxes.jpg","contentUrl":"https:\/\/lovepac.com\/wp-content\/uploads\/2012\/12\/images_stacked-boxes.jpg"},{"@type":"BreadcrumbList","@id":"https:\/\/lovepac.com\/es\/servicios\/inventario-en-capas\/#breadcrumb","itemListElement":[{"@type":"ListItem","position":1,"name":"Accueil","item":"https:\/\/lovepac.com\/es\/"},{"@type":"ListItem","position":2,"name":"Servicios","item":"https:\/\/lovepac.com\/es\/servicios\/"},{"@type":"ListItem","position":3,"name":"Inventario en Capas"}]},{"@type":"WebSite","@id":"https:\/\/lovepac.com\/es\/#website","url":"https:\/\/lovepac.com\/es\/","name":"Lovepac","description":"Emballages de bo\u00eetes en carton fiables et de qualit\u00e9 sup\u00e9rieure","publisher":{"@id":"https:\/\/lovepac.com\/es\/#organization"},"potentialAction":[{"@type":"SearchAction","target":{"@type":"EntryPoint","urlTemplate":"https:\/\/lovepac.com\/es\/?s={search_term_string}"},"query-input":{"@type":"PropertyValueSpecification","valueRequired":true,"valueName":"search_term_string"}}],"inLanguage":"es-ES"},{"@type":"Organization","@id":"https:\/\/lovepac.com\/es\/#organization","name":"Lovepac","url":"https:\/\/lovepac.com\/es\/","logo":{"@type":"ImageObject","inLanguage":"es-ES","@id":"https:\/\/lovepac.com\/es\/#\/schema\/logo\/image\/","url":"https:\/\/lovepac.com\/wp-content\/uploads\/2017\/10\/Novapac_Blog.jpg","contentUrl":"https:\/\/lovepac.com\/wp-content\/uploads\/2017\/10\/Novapac_Blog.jpg","width":1000,"height":600,"caption":"Lovepac"},"image":{"@id":"https:\/\/lovepac.com\/es\/#\/schema\/logo\/image\/"}}]}},"_links":{"self":[{"href":"https:\/\/lovepac.com\/es\/wp-json\/wp\/v2\/pages\/8806","targetHints":{"allow":["GET"]}}],"collection":[{"href":"https:\/\/lovepac.com\/es\/wp-json\/wp\/v2\/pages"}],"about":[{"href":"https:\/\/lovepac.com\/es\/wp-json\/wp\/v2\/types\/page"}],"author":[{"embeddable":true,"href":"https:\/\/lovepac.com\/es\/wp-json\/wp\/v2\/users\/1"}],"replies":[{"embeddable":true,"href":"https:\/\/lovepac.com\/es\/wp-json\/wp\/v2\/comments?post=8806"}],"version-history":[{"count":0,"href":"https:\/\/lovepac.com\/es\/wp-json\/wp\/v2\/pages\/8806\/revisions"}],"up":[{"embeddable":true,"href":"https:\/\/lovepac.com\/es\/wp-json\/wp\/v2\/pages\/8792"}],"wp:attachment":[{"href":"https:\/\/lovepac.com\/es\/wp-json\/wp\/v2\/media?parent=8806"}],"curies":[{"name":"wp","href":"https:\/\/api.w.org\/{rel}","templated":true}]}}