{"id":8809,"date":"2021-03-13T15:20:28","date_gmt":"2021-03-13T20:20:28","guid":{"rendered":"https:\/\/lovepac.com\/metodocorr\/"},"modified":"2021-03-13T15:20:28","modified_gmt":"2021-03-13T20:20:28","slug":"metodocorr","status":"publish","type":"page","link":"https:\/\/lovepac.com\/es\/metodocorr\/","title":{"rendered":"M\u00e9todoCORR"},"content":{"rendered":"<h3>M\u00e9todo CORR<\/h3>\n<h4>El \u00fanico proceso de marca de la industria para la fabricaci\u00f3n de cajas personalizadas<\/h4>\n<p><img decoding=\"async\" class=\" alignright size-full wp-image-8811\" style=\"float: right; margin: 0 0 20px 20px;\" src=\"http:\/\/lovepac.com\/wp-content\/uploads\/2012\/12\/images_corr-method.gif\" alt=\"m\u00e9thode CORRMethod\" width=\"261\" height=\"262\" border=\"0\" \/><\/p>\n<map name=\"map\">\n<area coords=\"0,0,130,130\" shape=\"rect\" href=\"index.php?Itemid=170\" \/>\n<area coords=\"130,0,260,130\" shape=\"rect\" href=\"index.php?Itemid=171\" \/>\n<area coords=\"0,130,130,260\" shape=\"rect\" href=\"index.php?Itemid=173\" \/>\n<area coords=\"130,130,260,260\" shape=\"rect\" href=\"index.php?Itemid=172\" \/> <\/map>\n<p>Lovepac lidera el camino en todos los aspectos de ventas, dise\u00f1o, servicio al cliente, entrega, control de calidad y capacidades de comercio electr\u00f3nico en el \u00e1mbito de los empaques de protecci\u00f3n personalizados.<\/p>\n<p>Nuestro proceso estrat\u00e9gico patentado, Lovepac CorrMethod \u2122, cumple la promesa de una experiencia de servicio al cliente m\u00e1s consistente y confiable y, en \u00faltima instancia, crea una soluci\u00f3n de empaque de cart\u00f3n corrugado o espuma que protege constantemente los bienes valiosos de nuestros clientes.<\/p>\n<h4>El m\u00e9todo Lovepac Corr: transparente, enfocado y estrat\u00e9gico<\/h4>\n<p>El equipo de Lovepac aborda las soluciones de empaque personalizado de manera diferente, y creemos, mejor.\u00a0Comenzamos haciendo las preguntas del \u201camor duro\u201d;\u00a0luego, una vez que nos conozcamos, nuestro equipo experto en empaque tendr\u00e1 la informaci\u00f3n que necesita para proponer soluciones inteligentes para cumplir con todos los objetivos de su proyecto de empaque personalizado.<\/p>\n<p>Desde el dise\u00f1o del producto, la fabricaci\u00f3n personalizada y la gesti\u00f3n de inventario, su soluci\u00f3n de embalaje protector finalmente cumplir\u00e1 nuestros objetivos combinados:<\/p>\n<ul>\n<li>Dise\u00f1e y produzca una caja corrugada personalizada, una caja y \/ o una soluci\u00f3n de empaque de espuma de baja o alta densidad que proteger\u00e1 sus bienes valiosos<\/li>\n<li>Establecer una relaci\u00f3n a largo plazo a trav\u00e9s de una experiencia de servicio al cliente interactiva y altamente personalizada<\/li>\n<li>Respalde las necesidades de su empresa con herramientas innovadoras de inventario, comercio electr\u00f3nico y tecnolog\u00eda a largo plazo<\/li>\n<\/ul>\n","protected":false},"excerpt":{"rendered":"<p>M\u00e9todo CORR El \u00fanico proceso de marca de la industria  [&#8230;]<\/p>\n","protected":false},"author":1,"featured_media":0,"parent":0,"menu_order":28,"comment_status":"closed","ping_status":"closed","template":"side-navigation.php","meta":{"footnotes":""},"class_list":["post-8809","page","type-page","status-publish","hentry"],"yoast_head":"<!-- This site is optimized with the Yoast SEO plugin v27.5 - https:\/\/yoast.com\/product\/yoast-seo-wordpress\/ -->\n<title>M\u00e9todo CORRMethod: \u00a1un proceso de producci\u00f3n de cajas \u00fanico!<\/title>\n<meta name=\"description\" content=\"M\u00e9todo CORRMethod: Lovepac ha desarrollado el m\u00e9todo CORRMethod, \u00a1el \u00fanico proceso de producci\u00f3n de cajas personalizadas de marca en la industria!\" \/>\n<meta name=\"robots\" content=\"index, follow, max-snippet:-1, max-image-preview:large, max-video-preview:-1\" \/>\n<link rel=\"canonical\" href=\"https:\/\/lovepac.com\/es\/metodocorr\/\" \/>\n<meta property=\"og:locale\" content=\"es_ES\" \/>\n<meta property=\"og:type\" content=\"article\" \/>\n<meta property=\"og:title\" content=\"M\u00e9todo CORRMethod: \u00a1un proceso de producci\u00f3n de cajas \u00fanico!\" \/>\n<meta property=\"og:description\" content=\"M\u00e9todo CORRMethod: Lovepac ha desarrollado el m\u00e9todo CORRMethod, \u00a1el \u00fanico proceso de producci\u00f3n de cajas personalizadas de marca en la industria!\" \/>\n<meta property=\"og:url\" content=\"https:\/\/lovepac.com\/es\/metodocorr\/\" \/>\n<meta property=\"og:site_name\" content=\"Lovepac\" \/>\n<meta property=\"og:image\" content=\"http:\/\/lovepac.com\/wp-content\/uploads\/2012\/12\/images_corr-method.gif\" \/>\n<meta name=\"twitter:card\" content=\"summary_large_image\" \/>\n<meta name=\"twitter:label1\" content=\"Est. reading time\" \/>\n\t<meta name=\"twitter:data1\" content=\"1 minute\" \/>\n<script type=\"application\/ld+json\" class=\"yoast-schema-graph\">{\"@context\":\"https:\\\/\\\/schema.org\",\"@graph\":[{\"@type\":\"WebPage\",\"@id\":\"https:\\\/\\\/lovepac.com\\\/es\\\/metodocorr\\\/\",\"url\":\"https:\\\/\\\/lovepac.com\\\/es\\\/metodocorr\\\/\",\"name\":\"M\u00e9todo CORRMethod: \u00a1un proceso de producci\u00f3n de cajas \u00fanico!\",\"isPartOf\":{\"@id\":\"https:\\\/\\\/lovepac.com\\\/es\\\/#website\"},\"primaryImageOfPage\":{\"@id\":\"https:\\\/\\\/lovepac.com\\\/es\\\/metodocorr\\\/#primaryimage\"},\"image\":{\"@id\":\"https:\\\/\\\/lovepac.com\\\/es\\\/metodocorr\\\/#primaryimage\"},\"thumbnailUrl\":\"http:\\\/\\\/lovepac.com\\\/wp-content\\\/uploads\\\/2012\\\/12\\\/images_corr-method.gif\",\"datePublished\":\"2021-03-13T20:20:28+00:00\",\"description\":\"M\u00e9todo CORRMethod: Lovepac ha desarrollado el m\u00e9todo CORRMethod, \u00a1el \u00fanico proceso de producci\u00f3n de cajas personalizadas de marca en la industria!\",\"breadcrumb\":{\"@id\":\"https:\\\/\\\/lovepac.com\\\/es\\\/metodocorr\\\/#breadcrumb\"},\"inLanguage\":\"es-ES\",\"potentialAction\":[{\"@type\":\"ReadAction\",\"target\":[\"https:\\\/\\\/lovepac.com\\\/es\\\/metodocorr\\\/\"]}]},{\"@type\":\"ImageObject\",\"inLanguage\":\"es-ES\",\"@id\":\"https:\\\/\\\/lovepac.com\\\/es\\\/metodocorr\\\/#primaryimage\",\"url\":\"http:\\\/\\\/lovepac.com\\\/wp-content\\\/uploads\\\/2012\\\/12\\\/images_corr-method.gif\",\"contentUrl\":\"http:\\\/\\\/lovepac.com\\\/wp-content\\\/uploads\\\/2012\\\/12\\\/images_corr-method.gif\"},{\"@type\":\"BreadcrumbList\",\"@id\":\"https:\\\/\\\/lovepac.com\\\/es\\\/metodocorr\\\/#breadcrumb\",\"itemListElement\":[{\"@type\":\"ListItem\",\"position\":1,\"name\":\"Accueil\",\"item\":\"https:\\\/\\\/lovepac.com\\\/es\\\/\"},{\"@type\":\"ListItem\",\"position\":2,\"name\":\"M\u00e9todoCORR\"}]},{\"@type\":\"WebSite\",\"@id\":\"https:\\\/\\\/lovepac.com\\\/es\\\/#website\",\"url\":\"https:\\\/\\\/lovepac.com\\\/es\\\/\",\"name\":\"Lovepac\",\"description\":\"Emballages de bo\u00eetes en carton fiables et de qualit\u00e9 sup\u00e9rieure\",\"publisher\":{\"@id\":\"https:\\\/\\\/lovepac.com\\\/es\\\/#organization\"},\"potentialAction\":[{\"@type\":\"SearchAction\",\"target\":{\"@type\":\"EntryPoint\",\"urlTemplate\":\"https:\\\/\\\/lovepac.com\\\/es\\\/?s={search_term_string}\"},\"query-input\":{\"@type\":\"PropertyValueSpecification\",\"valueRequired\":true,\"valueName\":\"search_term_string\"}}],\"inLanguage\":\"es-ES\"},{\"@type\":\"Organization\",\"@id\":\"https:\\\/\\\/lovepac.com\\\/es\\\/#organization\",\"name\":\"Lovepac\",\"url\":\"https:\\\/\\\/lovepac.com\\\/es\\\/\",\"logo\":{\"@type\":\"ImageObject\",\"inLanguage\":\"es-ES\",\"@id\":\"https:\\\/\\\/lovepac.com\\\/es\\\/#\\\/schema\\\/logo\\\/image\\\/\",\"url\":\"https:\\\/\\\/lovepac.com\\\/wp-content\\\/uploads\\\/2017\\\/10\\\/Novapac_Blog.jpg\",\"contentUrl\":\"https:\\\/\\\/lovepac.com\\\/wp-content\\\/uploads\\\/2017\\\/10\\\/Novapac_Blog.jpg\",\"width\":1000,\"height\":600,\"caption\":\"Lovepac\"},\"image\":{\"@id\":\"https:\\\/\\\/lovepac.com\\\/es\\\/#\\\/schema\\\/logo\\\/image\\\/\"}}]}<\/script>\n<!-- \/ Yoast SEO plugin. -->","yoast_head_json":{"title":"M\u00e9todo CORRMethod: \u00a1un proceso de producci\u00f3n de cajas \u00fanico!","description":"M\u00e9todo CORRMethod: Lovepac ha desarrollado el m\u00e9todo CORRMethod, \u00a1el \u00fanico proceso de producci\u00f3n de cajas personalizadas de marca en la industria!","robots":{"index":"index","follow":"follow","max-snippet":"max-snippet:-1","max-image-preview":"max-image-preview:large","max-video-preview":"max-video-preview:-1"},"canonical":"https:\/\/lovepac.com\/es\/metodocorr\/","og_locale":"es_ES","og_type":"article","og_title":"M\u00e9todo CORRMethod: \u00a1un proceso de producci\u00f3n de cajas \u00fanico!","og_description":"M\u00e9todo CORRMethod: Lovepac ha desarrollado el m\u00e9todo CORRMethod, \u00a1el \u00fanico proceso de producci\u00f3n de cajas personalizadas de marca en la industria!","og_url":"https:\/\/lovepac.com\/es\/metodocorr\/","og_site_name":"Lovepac","og_image":[{"url":"http:\/\/lovepac.com\/wp-content\/uploads\/2012\/12\/images_corr-method.gif","type":"","width":"","height":""}],"twitter_card":"summary_large_image","twitter_misc":{"Est. reading time":"1 minute"},"schema":{"@context":"https:\/\/schema.org","@graph":[{"@type":"WebPage","@id":"https:\/\/lovepac.com\/es\/metodocorr\/","url":"https:\/\/lovepac.com\/es\/metodocorr\/","name":"M\u00e9todo CORRMethod: \u00a1un proceso de producci\u00f3n de cajas \u00fanico!","isPartOf":{"@id":"https:\/\/lovepac.com\/es\/#website"},"primaryImageOfPage":{"@id":"https:\/\/lovepac.com\/es\/metodocorr\/#primaryimage"},"image":{"@id":"https:\/\/lovepac.com\/es\/metodocorr\/#primaryimage"},"thumbnailUrl":"http:\/\/lovepac.com\/wp-content\/uploads\/2012\/12\/images_corr-method.gif","datePublished":"2021-03-13T20:20:28+00:00","description":"M\u00e9todo CORRMethod: Lovepac ha desarrollado el m\u00e9todo CORRMethod, \u00a1el \u00fanico proceso de producci\u00f3n de cajas personalizadas de marca en la industria!","breadcrumb":{"@id":"https:\/\/lovepac.com\/es\/metodocorr\/#breadcrumb"},"inLanguage":"es-ES","potentialAction":[{"@type":"ReadAction","target":["https:\/\/lovepac.com\/es\/metodocorr\/"]}]},{"@type":"ImageObject","inLanguage":"es-ES","@id":"https:\/\/lovepac.com\/es\/metodocorr\/#primaryimage","url":"http:\/\/lovepac.com\/wp-content\/uploads\/2012\/12\/images_corr-method.gif","contentUrl":"http:\/\/lovepac.com\/wp-content\/uploads\/2012\/12\/images_corr-method.gif"},{"@type":"BreadcrumbList","@id":"https:\/\/lovepac.com\/es\/metodocorr\/#breadcrumb","itemListElement":[{"@type":"ListItem","position":1,"name":"Accueil","item":"https:\/\/lovepac.com\/es\/"},{"@type":"ListItem","position":2,"name":"M\u00e9todoCORR"}]},{"@type":"WebSite","@id":"https:\/\/lovepac.com\/es\/#website","url":"https:\/\/lovepac.com\/es\/","name":"Lovepac","description":"Emballages de bo\u00eetes en carton fiables et de qualit\u00e9 sup\u00e9rieure","publisher":{"@id":"https:\/\/lovepac.com\/es\/#organization"},"potentialAction":[{"@type":"SearchAction","target":{"@type":"EntryPoint","urlTemplate":"https:\/\/lovepac.com\/es\/?s={search_term_string}"},"query-input":{"@type":"PropertyValueSpecification","valueRequired":true,"valueName":"search_term_string"}}],"inLanguage":"es-ES"},{"@type":"Organization","@id":"https:\/\/lovepac.com\/es\/#organization","name":"Lovepac","url":"https:\/\/lovepac.com\/es\/","logo":{"@type":"ImageObject","inLanguage":"es-ES","@id":"https:\/\/lovepac.com\/es\/#\/schema\/logo\/image\/","url":"https:\/\/lovepac.com\/wp-content\/uploads\/2017\/10\/Novapac_Blog.jpg","contentUrl":"https:\/\/lovepac.com\/wp-content\/uploads\/2017\/10\/Novapac_Blog.jpg","width":1000,"height":600,"caption":"Lovepac"},"image":{"@id":"https:\/\/lovepac.com\/es\/#\/schema\/logo\/image\/"}}]}},"_links":{"self":[{"href":"https:\/\/lovepac.com\/es\/wp-json\/wp\/v2\/pages\/8809","targetHints":{"allow":["GET"]}}],"collection":[{"href":"https:\/\/lovepac.com\/es\/wp-json\/wp\/v2\/pages"}],"about":[{"href":"https:\/\/lovepac.com\/es\/wp-json\/wp\/v2\/types\/page"}],"author":[{"embeddable":true,"href":"https:\/\/lovepac.com\/es\/wp-json\/wp\/v2\/users\/1"}],"replies":[{"embeddable":true,"href":"https:\/\/lovepac.com\/es\/wp-json\/wp\/v2\/comments?post=8809"}],"version-history":[{"count":0,"href":"https:\/\/lovepac.com\/es\/wp-json\/wp\/v2\/pages\/8809\/revisions"}],"wp:attachment":[{"href":"https:\/\/lovepac.com\/es\/wp-json\/wp\/v2\/media?parent=8809"}],"curies":[{"name":"wp","href":"https:\/\/api.w.org\/{rel}","templated":true}]}}