{"id":8812,"date":"2021-03-13T15:24:01","date_gmt":"2021-03-13T20:24:01","guid":{"rendered":"https:\/\/lovepac.com\/metodocorr\/paso-1-corrdiscovery\/"},"modified":"2021-03-13T15:24:01","modified_gmt":"2021-03-13T20:24:01","slug":"paso-1-corrdiscovery","status":"publish","type":"page","link":"https:\/\/lovepac.com\/es\/metodocorr\/paso-1-corrdiscovery\/","title":{"rendered":"Paso 1: CorrDiscovery"},"content":{"rendered":"<h3>CorrDiscovery para su embalaje protector<\/h3>\n<h4>Un plan para lograr sus objetivos de empaque personalizados<\/h4>\n<p><img decoding=\"async\" class=\" alignright wp-image-8813\" style=\"float: right;\" src=\"https:\/\/lovepac.com\/wp-content\/uploads\/2012\/09\/images_protective-foam.jpg\" alt=\"\u00e9valuation d'emballage\" width=\"421\" height=\"263\" border=\"0\" srcset=\"https:\/\/lovepac.com\/wp-content\/uploads\/2012\/09\/images_protective-foam-300x187.jpg 300w, https:\/\/lovepac.com\/wp-content\/uploads\/2012\/09\/images_protective-foam.jpg 531w\" sizes=\"(max-width: 421px) 100vw, 421px\" \/><\/p>\n<p>La promesa de la marca Lovepac se basa en los pilares de valor constante, precios competitivos y productos innovadores, todo respaldado por expertos en la fabricaci\u00f3n de envases dedicados y confiables comprometidos con nuestra cultura de servicio y atenci\u00f3n.<\/p>\n<p>A trav\u00e9s de nuestro proceso de descubrimiento inicial, nos esforzamos por conocer d\u00f3nde ha estado y ad\u00f3nde pretende ir con productos y procesos de empaque mejorados.\u00a0Nuestro plan de juego esbozar\u00e1 una hoja de ruta de confianza para lograr nuestros objetivos comunes.<\/p>\n<p>Desde el dise\u00f1o de cajas personalizadas o soluciones de espuma protectora hasta pedidos o almacenamiento de peque\u00f1as cantidades, cada miembro del equipo de Lovepac se preocupa personalmente por entregar la soluci\u00f3n de empaque adecuada para proteger sus bienes de valor \u00fanico.<\/p>\n","protected":false},"excerpt":{"rendered":"<p>CorrDiscovery para su embalaje protector Un plan para lograr sus  [&#8230;]<\/p>\n","protected":false},"author":1,"featured_media":0,"parent":8809,"menu_order":27,"comment_status":"closed","ping_status":"closed","template":"side-navigation.php","meta":{"footnotes":""},"class_list":["post-8812","page","type-page","status-publish","hentry"],"yoast_head":"<!-- This site is optimized with the Yoast SEO plugin v27.3 - https:\/\/yoast.com\/product\/yoast-seo-wordpress\/ -->\n<title>Evaluaci\u00f3n de empaque: Lovepac le ofrece un plan detallado<\/title>\n<meta name=\"description\" content=\"Evaluaci\u00f3n de empaque: un plan detallado para ayudarlo a lograr sus objetivos de empaque. Lovepac es un maestro en evaluaci\u00f3n de envases.\" \/>\n<meta name=\"robots\" content=\"index, follow, max-snippet:-1, max-image-preview:large, max-video-preview:-1\" \/>\n<link rel=\"canonical\" href=\"https:\/\/lovepac.com\/es\/metodocorr\/paso-1-corrdiscovery\/\" \/>\n<meta property=\"og:locale\" content=\"es_ES\" \/>\n<meta property=\"og:type\" content=\"article\" \/>\n<meta property=\"og:title\" content=\"Evaluaci\u00f3n de empaque: Lovepac le ofrece un plan detallado\" \/>\n<meta property=\"og:description\" content=\"Evaluaci\u00f3n de empaque: un plan detallado para ayudarlo a lograr sus objetivos de empaque. Lovepac es un maestro en evaluaci\u00f3n de envases.\" \/>\n<meta property=\"og:url\" content=\"https:\/\/lovepac.com\/es\/metodocorr\/paso-1-corrdiscovery\/\" \/>\n<meta property=\"og:site_name\" content=\"Lovepac\" \/>\n<meta property=\"og:image\" content=\"https:\/\/lovepac.com\/wp-content\/uploads\/2012\/09\/images_protective-foam.jpg\" \/>\n<meta name=\"twitter:card\" content=\"summary_large_image\" \/>\n<meta name=\"twitter:label1\" content=\"Est. reading time\" \/>\n\t<meta name=\"twitter:data1\" content=\"1 minute\" \/>\n<script type=\"application\/ld+json\" class=\"yoast-schema-graph\">{\"@context\":\"https:\\\/\\\/schema.org\",\"@graph\":[{\"@type\":\"WebPage\",\"@id\":\"https:\\\/\\\/lovepac.com\\\/es\\\/metodocorr\\\/paso-1-corrdiscovery\\\/\",\"url\":\"https:\\\/\\\/lovepac.com\\\/es\\\/metodocorr\\\/paso-1-corrdiscovery\\\/\",\"name\":\"Evaluaci\u00f3n de empaque: Lovepac le ofrece un plan detallado\",\"isPartOf\":{\"@id\":\"https:\\\/\\\/lovepac.com\\\/es\\\/#website\"},\"primaryImageOfPage\":{\"@id\":\"https:\\\/\\\/lovepac.com\\\/es\\\/metodocorr\\\/paso-1-corrdiscovery\\\/#primaryimage\"},\"image\":{\"@id\":\"https:\\\/\\\/lovepac.com\\\/es\\\/metodocorr\\\/paso-1-corrdiscovery\\\/#primaryimage\"},\"thumbnailUrl\":\"https:\\\/\\\/lovepac.com\\\/wp-content\\\/uploads\\\/2012\\\/09\\\/images_protective-foam.jpg\",\"datePublished\":\"2021-03-13T20:24:01+00:00\",\"description\":\"Evaluaci\u00f3n de empaque: un plan detallado para ayudarlo a lograr sus objetivos de empaque. Lovepac es un maestro en evaluaci\u00f3n de envases.\",\"breadcrumb\":{\"@id\":\"https:\\\/\\\/lovepac.com\\\/es\\\/metodocorr\\\/paso-1-corrdiscovery\\\/#breadcrumb\"},\"inLanguage\":\"es-ES\",\"potentialAction\":[{\"@type\":\"ReadAction\",\"target\":[\"https:\\\/\\\/lovepac.com\\\/es\\\/metodocorr\\\/paso-1-corrdiscovery\\\/\"]}]},{\"@type\":\"ImageObject\",\"inLanguage\":\"es-ES\",\"@id\":\"https:\\\/\\\/lovepac.com\\\/es\\\/metodocorr\\\/paso-1-corrdiscovery\\\/#primaryimage\",\"url\":\"https:\\\/\\\/lovepac.com\\\/wp-content\\\/uploads\\\/2012\\\/09\\\/images_protective-foam.jpg\",\"contentUrl\":\"https:\\\/\\\/lovepac.com\\\/wp-content\\\/uploads\\\/2012\\\/09\\\/images_protective-foam.jpg\"},{\"@type\":\"BreadcrumbList\",\"@id\":\"https:\\\/\\\/lovepac.com\\\/es\\\/metodocorr\\\/paso-1-corrdiscovery\\\/#breadcrumb\",\"itemListElement\":[{\"@type\":\"ListItem\",\"position\":1,\"name\":\"Accueil\",\"item\":\"https:\\\/\\\/lovepac.com\\\/es\\\/\"},{\"@type\":\"ListItem\",\"position\":2,\"name\":\"M\u00e9todoCORR\",\"item\":\"https:\\\/\\\/lovepac.com\\\/es\\\/metodocorr\\\/\"},{\"@type\":\"ListItem\",\"position\":3,\"name\":\"Paso 1: CorrDiscovery\"}]},{\"@type\":\"WebSite\",\"@id\":\"https:\\\/\\\/lovepac.com\\\/es\\\/#website\",\"url\":\"https:\\\/\\\/lovepac.com\\\/es\\\/\",\"name\":\"Lovepac\",\"description\":\"Emballages de bo\u00eetes en carton fiables et de qualit\u00e9 sup\u00e9rieure\",\"publisher\":{\"@id\":\"https:\\\/\\\/lovepac.com\\\/es\\\/#organization\"},\"potentialAction\":[{\"@type\":\"SearchAction\",\"target\":{\"@type\":\"EntryPoint\",\"urlTemplate\":\"https:\\\/\\\/lovepac.com\\\/es\\\/?s={search_term_string}\"},\"query-input\":{\"@type\":\"PropertyValueSpecification\",\"valueRequired\":true,\"valueName\":\"search_term_string\"}}],\"inLanguage\":\"es-ES\"},{\"@type\":\"Organization\",\"@id\":\"https:\\\/\\\/lovepac.com\\\/es\\\/#organization\",\"name\":\"Lovepac\",\"url\":\"https:\\\/\\\/lovepac.com\\\/es\\\/\",\"logo\":{\"@type\":\"ImageObject\",\"inLanguage\":\"es-ES\",\"@id\":\"https:\\\/\\\/lovepac.com\\\/es\\\/#\\\/schema\\\/logo\\\/image\\\/\",\"url\":\"https:\\\/\\\/lovepac.com\\\/wp-content\\\/uploads\\\/2017\\\/10\\\/Novapac_Blog.jpg\",\"contentUrl\":\"https:\\\/\\\/lovepac.com\\\/wp-content\\\/uploads\\\/2017\\\/10\\\/Novapac_Blog.jpg\",\"width\":1000,\"height\":600,\"caption\":\"Lovepac\"},\"image\":{\"@id\":\"https:\\\/\\\/lovepac.com\\\/es\\\/#\\\/schema\\\/logo\\\/image\\\/\"}}]}<\/script>\n<!-- \/ Yoast SEO plugin. -->","yoast_head_json":{"title":"Evaluaci\u00f3n de empaque: Lovepac le ofrece un plan detallado","description":"Evaluaci\u00f3n de empaque: un plan detallado para ayudarlo a lograr sus objetivos de empaque. Lovepac es un maestro en evaluaci\u00f3n de envases.","robots":{"index":"index","follow":"follow","max-snippet":"max-snippet:-1","max-image-preview":"max-image-preview:large","max-video-preview":"max-video-preview:-1"},"canonical":"https:\/\/lovepac.com\/es\/metodocorr\/paso-1-corrdiscovery\/","og_locale":"es_ES","og_type":"article","og_title":"Evaluaci\u00f3n de empaque: Lovepac le ofrece un plan detallado","og_description":"Evaluaci\u00f3n de empaque: un plan detallado para ayudarlo a lograr sus objetivos de empaque. Lovepac es un maestro en evaluaci\u00f3n de envases.","og_url":"https:\/\/lovepac.com\/es\/metodocorr\/paso-1-corrdiscovery\/","og_site_name":"Lovepac","og_image":[{"url":"https:\/\/lovepac.com\/wp-content\/uploads\/2012\/09\/images_protective-foam.jpg","type":"","width":"","height":""}],"twitter_card":"summary_large_image","twitter_misc":{"Est. reading time":"1 minute"},"schema":{"@context":"https:\/\/schema.org","@graph":[{"@type":"WebPage","@id":"https:\/\/lovepac.com\/es\/metodocorr\/paso-1-corrdiscovery\/","url":"https:\/\/lovepac.com\/es\/metodocorr\/paso-1-corrdiscovery\/","name":"Evaluaci\u00f3n de empaque: Lovepac le ofrece un plan detallado","isPartOf":{"@id":"https:\/\/lovepac.com\/es\/#website"},"primaryImageOfPage":{"@id":"https:\/\/lovepac.com\/es\/metodocorr\/paso-1-corrdiscovery\/#primaryimage"},"image":{"@id":"https:\/\/lovepac.com\/es\/metodocorr\/paso-1-corrdiscovery\/#primaryimage"},"thumbnailUrl":"https:\/\/lovepac.com\/wp-content\/uploads\/2012\/09\/images_protective-foam.jpg","datePublished":"2021-03-13T20:24:01+00:00","description":"Evaluaci\u00f3n de empaque: un plan detallado para ayudarlo a lograr sus objetivos de empaque. Lovepac es un maestro en evaluaci\u00f3n de envases.","breadcrumb":{"@id":"https:\/\/lovepac.com\/es\/metodocorr\/paso-1-corrdiscovery\/#breadcrumb"},"inLanguage":"es-ES","potentialAction":[{"@type":"ReadAction","target":["https:\/\/lovepac.com\/es\/metodocorr\/paso-1-corrdiscovery\/"]}]},{"@type":"ImageObject","inLanguage":"es-ES","@id":"https:\/\/lovepac.com\/es\/metodocorr\/paso-1-corrdiscovery\/#primaryimage","url":"https:\/\/lovepac.com\/wp-content\/uploads\/2012\/09\/images_protective-foam.jpg","contentUrl":"https:\/\/lovepac.com\/wp-content\/uploads\/2012\/09\/images_protective-foam.jpg"},{"@type":"BreadcrumbList","@id":"https:\/\/lovepac.com\/es\/metodocorr\/paso-1-corrdiscovery\/#breadcrumb","itemListElement":[{"@type":"ListItem","position":1,"name":"Accueil","item":"https:\/\/lovepac.com\/es\/"},{"@type":"ListItem","position":2,"name":"M\u00e9todoCORR","item":"https:\/\/lovepac.com\/es\/metodocorr\/"},{"@type":"ListItem","position":3,"name":"Paso 1: CorrDiscovery"}]},{"@type":"WebSite","@id":"https:\/\/lovepac.com\/es\/#website","url":"https:\/\/lovepac.com\/es\/","name":"Lovepac","description":"Emballages de bo\u00eetes en carton fiables et de qualit\u00e9 sup\u00e9rieure","publisher":{"@id":"https:\/\/lovepac.com\/es\/#organization"},"potentialAction":[{"@type":"SearchAction","target":{"@type":"EntryPoint","urlTemplate":"https:\/\/lovepac.com\/es\/?s={search_term_string}"},"query-input":{"@type":"PropertyValueSpecification","valueRequired":true,"valueName":"search_term_string"}}],"inLanguage":"es-ES"},{"@type":"Organization","@id":"https:\/\/lovepac.com\/es\/#organization","name":"Lovepac","url":"https:\/\/lovepac.com\/es\/","logo":{"@type":"ImageObject","inLanguage":"es-ES","@id":"https:\/\/lovepac.com\/es\/#\/schema\/logo\/image\/","url":"https:\/\/lovepac.com\/wp-content\/uploads\/2017\/10\/Novapac_Blog.jpg","contentUrl":"https:\/\/lovepac.com\/wp-content\/uploads\/2017\/10\/Novapac_Blog.jpg","width":1000,"height":600,"caption":"Lovepac"},"image":{"@id":"https:\/\/lovepac.com\/es\/#\/schema\/logo\/image\/"}}]}},"_links":{"self":[{"href":"https:\/\/lovepac.com\/es\/wp-json\/wp\/v2\/pages\/8812","targetHints":{"allow":["GET"]}}],"collection":[{"href":"https:\/\/lovepac.com\/es\/wp-json\/wp\/v2\/pages"}],"about":[{"href":"https:\/\/lovepac.com\/es\/wp-json\/wp\/v2\/types\/page"}],"author":[{"embeddable":true,"href":"https:\/\/lovepac.com\/es\/wp-json\/wp\/v2\/users\/1"}],"replies":[{"embeddable":true,"href":"https:\/\/lovepac.com\/es\/wp-json\/wp\/v2\/comments?post=8812"}],"version-history":[{"count":0,"href":"https:\/\/lovepac.com\/es\/wp-json\/wp\/v2\/pages\/8812\/revisions"}],"up":[{"embeddable":true,"href":"https:\/\/lovepac.com\/es\/wp-json\/wp\/v2\/pages\/8809"}],"wp:attachment":[{"href":"https:\/\/lovepac.com\/es\/wp-json\/wp\/v2\/media?parent=8812"}],"curies":[{"name":"wp","href":"https:\/\/api.w.org\/{rel}","templated":true}]}}