{"id":8816,"date":"2021-03-13T15:27:31","date_gmt":"2021-03-13T20:27:31","guid":{"rendered":"https:\/\/lovepac.com\/metodocorr\/paso-2-corrconcept\/"},"modified":"2021-03-13T15:27:31","modified_gmt":"2021-03-13T20:27:31","slug":"paso-2-corrconcept","status":"publish","type":"page","link":"https:\/\/lovepac.com\/es\/metodocorr\/paso-2-corrconcept\/","title":{"rendered":"Paso 2: CorrConcept"},"content":{"rendered":"<h3>CorrConcept para su dise\u00f1o de packaging<\/h3>\n<h4>Experiencia en dise\u00f1o para una asociaci\u00f3n de envasado a largo plazo<\/h4>\n<p>Nuestro compromiso t\u00e9cnico con su proyecto brinda una gran oportunidad para mejorar sus productos y procesos de empaque actuales.\u00a0El experimentado equipo de dise\u00f1o de Lovepac trabajar\u00e1 para proponer la soluci\u00f3n de embalaje de espuma o corrugado personalizado m\u00e1s eficiente que satisfaga sus necesidades.<\/p>\n<p><img decoding=\"async\" class=\"alignright wp-image-8796 size-full\" style=\"float: right;\" src=\"https:\/\/lovepac.com\/wp-content\/uploads\/2012\/09\/images_box-sketch.jpg\" alt=\"conception d\u2019emballage CorrConcept\" width=\"251\" height=\"239\" border=\"0\" \/><\/p>\n<p>Los elementos clave del proceso de dise\u00f1o incluyen:<\/p>\n<ul>\n<li>Dise\u00f1os de empaque personalizados que funcionan<\/li>\n<li>Garant\u00edas de precio<\/li>\n<li>Soluciones de almacenamiento flexibles<\/li>\n<li>Estrategias de inventario innovadoras<\/li>\n<li>An\u00e1lisis de costos detallado<\/li>\n<li>Servicios de prueba de ca\u00edda espec\u00edficos para sus par\u00e1metros<\/li>\n<\/ul>\n<p>Obtenga m\u00e1s informaci\u00f3n sobre el servicio de dise\u00f1o interno profesional de Lovepac CorrDesign \u2122.<\/p>\n","protected":false},"excerpt":{"rendered":"<p>CorrConcept para su dise\u00f1o de packaging Experiencia en dise\u00f1o para  [&#8230;]<\/p>\n","protected":false},"author":1,"featured_media":0,"parent":8809,"menu_order":26,"comment_status":"closed","ping_status":"closed","template":"side-navigation.php","meta":{"footnotes":""},"class_list":["post-8816","page","type-page","status-publish","hentry"],"yoast_head":"<!-- This site is optimized with the Yoast SEO plugin v27.3 - https:\/\/yoast.com\/product\/yoast-seo-wordpress\/ -->\n<title>Dise\u00f1o de envases: para una asociaci\u00f3n a largo plazo<\/title>\n<meta name=\"description\" content=\"Dise\u00f1o de empaque: dise\u00f1o de empaque especializado para una asociaci\u00f3n a largo plazo y la mejora de sus productos de empaque.\" \/>\n<meta name=\"robots\" content=\"index, follow, max-snippet:-1, max-image-preview:large, max-video-preview:-1\" \/>\n<link rel=\"canonical\" href=\"https:\/\/lovepac.com\/es\/metodocorr\/paso-2-corrconcept\/\" \/>\n<meta property=\"og:locale\" content=\"es_ES\" \/>\n<meta property=\"og:type\" content=\"article\" \/>\n<meta property=\"og:title\" content=\"Dise\u00f1o de envases: para una asociaci\u00f3n a largo plazo\" \/>\n<meta property=\"og:description\" content=\"Dise\u00f1o de empaque: dise\u00f1o de empaque especializado para una asociaci\u00f3n a largo plazo y la mejora de sus productos de empaque.\" \/>\n<meta property=\"og:url\" content=\"https:\/\/lovepac.com\/es\/metodocorr\/paso-2-corrconcept\/\" \/>\n<meta property=\"og:site_name\" content=\"Lovepac\" \/>\n<meta property=\"og:image\" content=\"https:\/\/lovepac.com\/wp-content\/uploads\/2012\/09\/images_box-sketch.jpg\" \/>\n<meta name=\"twitter:card\" content=\"summary_large_image\" \/>\n<meta name=\"twitter:label1\" content=\"Est. reading time\" \/>\n\t<meta name=\"twitter:data1\" content=\"1 minute\" \/>\n<script type=\"application\/ld+json\" class=\"yoast-schema-graph\">{\"@context\":\"https:\\\/\\\/schema.org\",\"@graph\":[{\"@type\":\"WebPage\",\"@id\":\"https:\\\/\\\/lovepac.com\\\/es\\\/metodocorr\\\/paso-2-corrconcept\\\/\",\"url\":\"https:\\\/\\\/lovepac.com\\\/es\\\/metodocorr\\\/paso-2-corrconcept\\\/\",\"name\":\"Dise\u00f1o de envases: para una asociaci\u00f3n a largo plazo\",\"isPartOf\":{\"@id\":\"https:\\\/\\\/lovepac.com\\\/es\\\/#website\"},\"primaryImageOfPage\":{\"@id\":\"https:\\\/\\\/lovepac.com\\\/es\\\/metodocorr\\\/paso-2-corrconcept\\\/#primaryimage\"},\"image\":{\"@id\":\"https:\\\/\\\/lovepac.com\\\/es\\\/metodocorr\\\/paso-2-corrconcept\\\/#primaryimage\"},\"thumbnailUrl\":\"https:\\\/\\\/lovepac.com\\\/wp-content\\\/uploads\\\/2012\\\/09\\\/images_box-sketch.jpg\",\"datePublished\":\"2021-03-13T20:27:31+00:00\",\"description\":\"Dise\u00f1o de empaque: dise\u00f1o de empaque especializado para una asociaci\u00f3n a largo plazo y la mejora de sus productos de empaque.\",\"breadcrumb\":{\"@id\":\"https:\\\/\\\/lovepac.com\\\/es\\\/metodocorr\\\/paso-2-corrconcept\\\/#breadcrumb\"},\"inLanguage\":\"es-ES\",\"potentialAction\":[{\"@type\":\"ReadAction\",\"target\":[\"https:\\\/\\\/lovepac.com\\\/es\\\/metodocorr\\\/paso-2-corrconcept\\\/\"]}]},{\"@type\":\"ImageObject\",\"inLanguage\":\"es-ES\",\"@id\":\"https:\\\/\\\/lovepac.com\\\/es\\\/metodocorr\\\/paso-2-corrconcept\\\/#primaryimage\",\"url\":\"https:\\\/\\\/lovepac.com\\\/wp-content\\\/uploads\\\/2012\\\/09\\\/images_box-sketch.jpg\",\"contentUrl\":\"https:\\\/\\\/lovepac.com\\\/wp-content\\\/uploads\\\/2012\\\/09\\\/images_box-sketch.jpg\"},{\"@type\":\"BreadcrumbList\",\"@id\":\"https:\\\/\\\/lovepac.com\\\/es\\\/metodocorr\\\/paso-2-corrconcept\\\/#breadcrumb\",\"itemListElement\":[{\"@type\":\"ListItem\",\"position\":1,\"name\":\"Accueil\",\"item\":\"https:\\\/\\\/lovepac.com\\\/es\\\/\"},{\"@type\":\"ListItem\",\"position\":2,\"name\":\"M\u00e9todoCORR\",\"item\":\"https:\\\/\\\/lovepac.com\\\/es\\\/metodocorr\\\/\"},{\"@type\":\"ListItem\",\"position\":3,\"name\":\"Paso 2: CorrConcept\"}]},{\"@type\":\"WebSite\",\"@id\":\"https:\\\/\\\/lovepac.com\\\/es\\\/#website\",\"url\":\"https:\\\/\\\/lovepac.com\\\/es\\\/\",\"name\":\"Lovepac\",\"description\":\"Emballages de bo\u00eetes en carton fiables et de qualit\u00e9 sup\u00e9rieure\",\"publisher\":{\"@id\":\"https:\\\/\\\/lovepac.com\\\/es\\\/#organization\"},\"potentialAction\":[{\"@type\":\"SearchAction\",\"target\":{\"@type\":\"EntryPoint\",\"urlTemplate\":\"https:\\\/\\\/lovepac.com\\\/es\\\/?s={search_term_string}\"},\"query-input\":{\"@type\":\"PropertyValueSpecification\",\"valueRequired\":true,\"valueName\":\"search_term_string\"}}],\"inLanguage\":\"es-ES\"},{\"@type\":\"Organization\",\"@id\":\"https:\\\/\\\/lovepac.com\\\/es\\\/#organization\",\"name\":\"Lovepac\",\"url\":\"https:\\\/\\\/lovepac.com\\\/es\\\/\",\"logo\":{\"@type\":\"ImageObject\",\"inLanguage\":\"es-ES\",\"@id\":\"https:\\\/\\\/lovepac.com\\\/es\\\/#\\\/schema\\\/logo\\\/image\\\/\",\"url\":\"https:\\\/\\\/lovepac.com\\\/wp-content\\\/uploads\\\/2017\\\/10\\\/Novapac_Blog.jpg\",\"contentUrl\":\"https:\\\/\\\/lovepac.com\\\/wp-content\\\/uploads\\\/2017\\\/10\\\/Novapac_Blog.jpg\",\"width\":1000,\"height\":600,\"caption\":\"Lovepac\"},\"image\":{\"@id\":\"https:\\\/\\\/lovepac.com\\\/es\\\/#\\\/schema\\\/logo\\\/image\\\/\"}}]}<\/script>\n<!-- \/ Yoast SEO plugin. -->","yoast_head_json":{"title":"Dise\u00f1o de envases: para una asociaci\u00f3n a largo plazo","description":"Dise\u00f1o de empaque: dise\u00f1o de empaque especializado para una asociaci\u00f3n a largo plazo y la mejora de sus productos de empaque.","robots":{"index":"index","follow":"follow","max-snippet":"max-snippet:-1","max-image-preview":"max-image-preview:large","max-video-preview":"max-video-preview:-1"},"canonical":"https:\/\/lovepac.com\/es\/metodocorr\/paso-2-corrconcept\/","og_locale":"es_ES","og_type":"article","og_title":"Dise\u00f1o de envases: para una asociaci\u00f3n a largo plazo","og_description":"Dise\u00f1o de empaque: dise\u00f1o de empaque especializado para una asociaci\u00f3n a largo plazo y la mejora de sus productos de empaque.","og_url":"https:\/\/lovepac.com\/es\/metodocorr\/paso-2-corrconcept\/","og_site_name":"Lovepac","og_image":[{"url":"https:\/\/lovepac.com\/wp-content\/uploads\/2012\/09\/images_box-sketch.jpg","type":"","width":"","height":""}],"twitter_card":"summary_large_image","twitter_misc":{"Est. reading time":"1 minute"},"schema":{"@context":"https:\/\/schema.org","@graph":[{"@type":"WebPage","@id":"https:\/\/lovepac.com\/es\/metodocorr\/paso-2-corrconcept\/","url":"https:\/\/lovepac.com\/es\/metodocorr\/paso-2-corrconcept\/","name":"Dise\u00f1o de envases: para una asociaci\u00f3n a largo plazo","isPartOf":{"@id":"https:\/\/lovepac.com\/es\/#website"},"primaryImageOfPage":{"@id":"https:\/\/lovepac.com\/es\/metodocorr\/paso-2-corrconcept\/#primaryimage"},"image":{"@id":"https:\/\/lovepac.com\/es\/metodocorr\/paso-2-corrconcept\/#primaryimage"},"thumbnailUrl":"https:\/\/lovepac.com\/wp-content\/uploads\/2012\/09\/images_box-sketch.jpg","datePublished":"2021-03-13T20:27:31+00:00","description":"Dise\u00f1o de empaque: dise\u00f1o de empaque especializado para una asociaci\u00f3n a largo plazo y la mejora de sus productos de empaque.","breadcrumb":{"@id":"https:\/\/lovepac.com\/es\/metodocorr\/paso-2-corrconcept\/#breadcrumb"},"inLanguage":"es-ES","potentialAction":[{"@type":"ReadAction","target":["https:\/\/lovepac.com\/es\/metodocorr\/paso-2-corrconcept\/"]}]},{"@type":"ImageObject","inLanguage":"es-ES","@id":"https:\/\/lovepac.com\/es\/metodocorr\/paso-2-corrconcept\/#primaryimage","url":"https:\/\/lovepac.com\/wp-content\/uploads\/2012\/09\/images_box-sketch.jpg","contentUrl":"https:\/\/lovepac.com\/wp-content\/uploads\/2012\/09\/images_box-sketch.jpg"},{"@type":"BreadcrumbList","@id":"https:\/\/lovepac.com\/es\/metodocorr\/paso-2-corrconcept\/#breadcrumb","itemListElement":[{"@type":"ListItem","position":1,"name":"Accueil","item":"https:\/\/lovepac.com\/es\/"},{"@type":"ListItem","position":2,"name":"M\u00e9todoCORR","item":"https:\/\/lovepac.com\/es\/metodocorr\/"},{"@type":"ListItem","position":3,"name":"Paso 2: CorrConcept"}]},{"@type":"WebSite","@id":"https:\/\/lovepac.com\/es\/#website","url":"https:\/\/lovepac.com\/es\/","name":"Lovepac","description":"Emballages de bo\u00eetes en carton fiables et de qualit\u00e9 sup\u00e9rieure","publisher":{"@id":"https:\/\/lovepac.com\/es\/#organization"},"potentialAction":[{"@type":"SearchAction","target":{"@type":"EntryPoint","urlTemplate":"https:\/\/lovepac.com\/es\/?s={search_term_string}"},"query-input":{"@type":"PropertyValueSpecification","valueRequired":true,"valueName":"search_term_string"}}],"inLanguage":"es-ES"},{"@type":"Organization","@id":"https:\/\/lovepac.com\/es\/#organization","name":"Lovepac","url":"https:\/\/lovepac.com\/es\/","logo":{"@type":"ImageObject","inLanguage":"es-ES","@id":"https:\/\/lovepac.com\/es\/#\/schema\/logo\/image\/","url":"https:\/\/lovepac.com\/wp-content\/uploads\/2017\/10\/Novapac_Blog.jpg","contentUrl":"https:\/\/lovepac.com\/wp-content\/uploads\/2017\/10\/Novapac_Blog.jpg","width":1000,"height":600,"caption":"Lovepac"},"image":{"@id":"https:\/\/lovepac.com\/es\/#\/schema\/logo\/image\/"}}]}},"_links":{"self":[{"href":"https:\/\/lovepac.com\/es\/wp-json\/wp\/v2\/pages\/8816","targetHints":{"allow":["GET"]}}],"collection":[{"href":"https:\/\/lovepac.com\/es\/wp-json\/wp\/v2\/pages"}],"about":[{"href":"https:\/\/lovepac.com\/es\/wp-json\/wp\/v2\/types\/page"}],"author":[{"embeddable":true,"href":"https:\/\/lovepac.com\/es\/wp-json\/wp\/v2\/users\/1"}],"replies":[{"embeddable":true,"href":"https:\/\/lovepac.com\/es\/wp-json\/wp\/v2\/comments?post=8816"}],"version-history":[{"count":0,"href":"https:\/\/lovepac.com\/es\/wp-json\/wp\/v2\/pages\/8816\/revisions"}],"up":[{"embeddable":true,"href":"https:\/\/lovepac.com\/es\/wp-json\/wp\/v2\/pages\/8809"}],"wp:attachment":[{"href":"https:\/\/lovepac.com\/es\/wp-json\/wp\/v2\/media?parent=8816"}],"curies":[{"name":"wp","href":"https:\/\/api.w.org\/{rel}","templated":true}]}}