{"id":8817,"date":"2021-03-13T15:32:17","date_gmt":"2021-03-13T20:32:17","guid":{"rendered":"https:\/\/lovepac.com\/metodocorr\/paso-3-corrpackage\/"},"modified":"2021-03-13T15:32:17","modified_gmt":"2021-03-13T20:32:17","slug":"paso-3-corrpackage","status":"publish","type":"page","link":"https:\/\/lovepac.com\/es\/metodocorr\/paso-3-corrpackage\/","title":{"rendered":"Paso 3: CorrPackage"},"content":{"rendered":"<h3>CorrPackage: es hora de la producci\u00f3n<\/h3>\n<h4>Un enfoque innovador para el servicio de empaque, soporte, control de calidad y entrega<\/h4>\n<p>En respuesta a la demanda cambiante del mercado para la fabricaci\u00f3n y la entrega de soluciones de empaque personalizadas simples pero innovadoras, nuestro objetivo ante todo es garantizar que cada cliente tenga total tranquilidad.<\/p>\n<p>Tenemos las herramientas para entregar una caja de cart\u00f3n corrugado personalizada o una soluci\u00f3n de empaque de espuma protectora que proteger\u00e1 sus bienes valiosos ahora y en el futuro.<\/p>\n<p><img decoding=\"async\" class=\"alignright wp-image-8819 size-full\" style=\"float: right;\" src=\"https:\/\/lovepac.com\/wp-content\/uploads\/2012\/12\/images_boxes-unfolded.jpg\" alt=\"production CorrPackage\" width=\"427\" height=\"285\" border=\"0\" srcset=\"https:\/\/lovepac.com\/wp-content\/uploads\/2012\/12\/images_boxes-unfolded-300x200.jpg 300w, https:\/\/lovepac.com\/wp-content\/uploads\/2012\/12\/images_boxes-unfolded.jpg 427w\" sizes=\"(max-width: 427px) 100vw, 427px\" \/><\/p>\n<ul>\n<li>Equipo de expertos en embalaje con experiencia y conocimientos<\/li>\n<li>Las \u00faltimas y m\u00e1s innovadoras capacidades de fabricaci\u00f3n t\u00e9cnica<\/li>\n<li>Compromiso profundamente arraigado con la calidad del empaque y la excelencia en el servicio<\/li>\n<li>Una visi\u00f3n para hacer del mundo un lugar mejor a trav\u00e9s de relaciones colaborativas con los clientes.<\/li>\n<li>Los niveles absolutamente m\u00e1s altos de valor del producto y soporte al cliente<\/li>\n<\/ul>\n<h4>Haciendo el cambio: sin confrontaciones.\u00a0Sin riesgo.\u00a0Sin molestia.<\/h4>\n<p>El paso m\u00e1s intimidante para trabajar con un nuevo proveedor de soluciones de embalaje puede ser la transici\u00f3n de las herramientas y las ilustraciones de su proveedor actual.\u00a0Lovepac se compromete a representar a su empresa de manera profesional, respetuosa y digna.<\/p>\n<p>Obtenga m\u00e1s informaci\u00f3n sobre el programa de gesti\u00f3n Lovepac No Hassle CorrSwitchover \u2122.<\/p>\n","protected":false},"excerpt":{"rendered":"<p>CorrPackage: es hora de la producci\u00f3n Un enfoque innovador para  [&#8230;]<\/p>\n","protected":false},"author":1,"featured_media":0,"parent":8809,"menu_order":25,"comment_status":"closed","ping_status":"closed","template":"side-navigation.php","meta":{"footnotes":""},"class_list":["post-8817","page","type-page","status-publish","hentry"],"yoast_head":"<!-- This site is optimized with the Yoast SEO plugin v27.3 - https:\/\/yoast.com\/product\/yoast-seo-wordpress\/ -->\n<title>Production CorrPackage: un enfoque innovador para el envasado<\/title>\n<meta name=\"description\" content=\"Production CorrPackage: un enfoque innovador centrado en el servicio al cliente, el soporte, el control de calidad y la ejecuci\u00f3n de Lovepac\" \/>\n<meta name=\"robots\" content=\"index, follow, max-snippet:-1, max-image-preview:large, max-video-preview:-1\" \/>\n<link rel=\"canonical\" href=\"https:\/\/lovepac.com\/es\/metodocorr\/paso-3-corrpackage\/\" \/>\n<meta property=\"og:locale\" content=\"es_ES\" \/>\n<meta property=\"og:type\" content=\"article\" \/>\n<meta property=\"og:title\" content=\"Production CorrPackage: un enfoque innovador para el envasado\" \/>\n<meta property=\"og:description\" content=\"Production CorrPackage: un enfoque innovador centrado en el servicio al cliente, el soporte, el control de calidad y la ejecuci\u00f3n de Lovepac\" \/>\n<meta property=\"og:url\" content=\"https:\/\/lovepac.com\/es\/metodocorr\/paso-3-corrpackage\/\" \/>\n<meta property=\"og:site_name\" content=\"Lovepac\" \/>\n<meta property=\"og:image\" content=\"https:\/\/lovepac.com\/wp-content\/uploads\/2012\/12\/images_boxes-unfolded.jpg\" \/>\n<meta name=\"twitter:card\" content=\"summary_large_image\" \/>\n<meta name=\"twitter:label1\" content=\"Est. reading time\" \/>\n\t<meta name=\"twitter:data1\" content=\"1 minute\" \/>\n<script type=\"application\/ld+json\" class=\"yoast-schema-graph\">{\"@context\":\"https:\\\/\\\/schema.org\",\"@graph\":[{\"@type\":\"WebPage\",\"@id\":\"https:\\\/\\\/lovepac.com\\\/es\\\/metodocorr\\\/paso-3-corrpackage\\\/\",\"url\":\"https:\\\/\\\/lovepac.com\\\/es\\\/metodocorr\\\/paso-3-corrpackage\\\/\",\"name\":\"Production CorrPackage: un enfoque innovador para el envasado\",\"isPartOf\":{\"@id\":\"https:\\\/\\\/lovepac.com\\\/es\\\/#website\"},\"primaryImageOfPage\":{\"@id\":\"https:\\\/\\\/lovepac.com\\\/es\\\/metodocorr\\\/paso-3-corrpackage\\\/#primaryimage\"},\"image\":{\"@id\":\"https:\\\/\\\/lovepac.com\\\/es\\\/metodocorr\\\/paso-3-corrpackage\\\/#primaryimage\"},\"thumbnailUrl\":\"https:\\\/\\\/lovepac.com\\\/wp-content\\\/uploads\\\/2012\\\/12\\\/images_boxes-unfolded.jpg\",\"datePublished\":\"2021-03-13T20:32:17+00:00\",\"description\":\"Production CorrPackage: un enfoque innovador centrado en el servicio al cliente, el soporte, el control de calidad y la ejecuci\u00f3n de Lovepac\",\"breadcrumb\":{\"@id\":\"https:\\\/\\\/lovepac.com\\\/es\\\/metodocorr\\\/paso-3-corrpackage\\\/#breadcrumb\"},\"inLanguage\":\"es-ES\",\"potentialAction\":[{\"@type\":\"ReadAction\",\"target\":[\"https:\\\/\\\/lovepac.com\\\/es\\\/metodocorr\\\/paso-3-corrpackage\\\/\"]}]},{\"@type\":\"ImageObject\",\"inLanguage\":\"es-ES\",\"@id\":\"https:\\\/\\\/lovepac.com\\\/es\\\/metodocorr\\\/paso-3-corrpackage\\\/#primaryimage\",\"url\":\"https:\\\/\\\/lovepac.com\\\/wp-content\\\/uploads\\\/2012\\\/12\\\/images_boxes-unfolded.jpg\",\"contentUrl\":\"https:\\\/\\\/lovepac.com\\\/wp-content\\\/uploads\\\/2012\\\/12\\\/images_boxes-unfolded.jpg\"},{\"@type\":\"BreadcrumbList\",\"@id\":\"https:\\\/\\\/lovepac.com\\\/es\\\/metodocorr\\\/paso-3-corrpackage\\\/#breadcrumb\",\"itemListElement\":[{\"@type\":\"ListItem\",\"position\":1,\"name\":\"Accueil\",\"item\":\"https:\\\/\\\/lovepac.com\\\/es\\\/\"},{\"@type\":\"ListItem\",\"position\":2,\"name\":\"M\u00e9todoCORR\",\"item\":\"https:\\\/\\\/lovepac.com\\\/es\\\/metodocorr\\\/\"},{\"@type\":\"ListItem\",\"position\":3,\"name\":\"Paso 3: CorrPackage\"}]},{\"@type\":\"WebSite\",\"@id\":\"https:\\\/\\\/lovepac.com\\\/es\\\/#website\",\"url\":\"https:\\\/\\\/lovepac.com\\\/es\\\/\",\"name\":\"Lovepac\",\"description\":\"Emballages de bo\u00eetes en carton fiables et de qualit\u00e9 sup\u00e9rieure\",\"publisher\":{\"@id\":\"https:\\\/\\\/lovepac.com\\\/es\\\/#organization\"},\"potentialAction\":[{\"@type\":\"SearchAction\",\"target\":{\"@type\":\"EntryPoint\",\"urlTemplate\":\"https:\\\/\\\/lovepac.com\\\/es\\\/?s={search_term_string}\"},\"query-input\":{\"@type\":\"PropertyValueSpecification\",\"valueRequired\":true,\"valueName\":\"search_term_string\"}}],\"inLanguage\":\"es-ES\"},{\"@type\":\"Organization\",\"@id\":\"https:\\\/\\\/lovepac.com\\\/es\\\/#organization\",\"name\":\"Lovepac\",\"url\":\"https:\\\/\\\/lovepac.com\\\/es\\\/\",\"logo\":{\"@type\":\"ImageObject\",\"inLanguage\":\"es-ES\",\"@id\":\"https:\\\/\\\/lovepac.com\\\/es\\\/#\\\/schema\\\/logo\\\/image\\\/\",\"url\":\"https:\\\/\\\/lovepac.com\\\/wp-content\\\/uploads\\\/2017\\\/10\\\/Novapac_Blog.jpg\",\"contentUrl\":\"https:\\\/\\\/lovepac.com\\\/wp-content\\\/uploads\\\/2017\\\/10\\\/Novapac_Blog.jpg\",\"width\":1000,\"height\":600,\"caption\":\"Lovepac\"},\"image\":{\"@id\":\"https:\\\/\\\/lovepac.com\\\/es\\\/#\\\/schema\\\/logo\\\/image\\\/\"}}]}<\/script>\n<!-- \/ Yoast SEO plugin. -->","yoast_head_json":{"title":"Production CorrPackage: un enfoque innovador para el envasado","description":"Production CorrPackage: un enfoque innovador centrado en el servicio al cliente, el soporte, el control de calidad y la ejecuci\u00f3n de Lovepac","robots":{"index":"index","follow":"follow","max-snippet":"max-snippet:-1","max-image-preview":"max-image-preview:large","max-video-preview":"max-video-preview:-1"},"canonical":"https:\/\/lovepac.com\/es\/metodocorr\/paso-3-corrpackage\/","og_locale":"es_ES","og_type":"article","og_title":"Production CorrPackage: un enfoque innovador para el envasado","og_description":"Production CorrPackage: un enfoque innovador centrado en el servicio al cliente, el soporte, el control de calidad y la ejecuci\u00f3n de Lovepac","og_url":"https:\/\/lovepac.com\/es\/metodocorr\/paso-3-corrpackage\/","og_site_name":"Lovepac","og_image":[{"url":"https:\/\/lovepac.com\/wp-content\/uploads\/2012\/12\/images_boxes-unfolded.jpg","type":"","width":"","height":""}],"twitter_card":"summary_large_image","twitter_misc":{"Est. reading time":"1 minute"},"schema":{"@context":"https:\/\/schema.org","@graph":[{"@type":"WebPage","@id":"https:\/\/lovepac.com\/es\/metodocorr\/paso-3-corrpackage\/","url":"https:\/\/lovepac.com\/es\/metodocorr\/paso-3-corrpackage\/","name":"Production CorrPackage: un enfoque innovador para el envasado","isPartOf":{"@id":"https:\/\/lovepac.com\/es\/#website"},"primaryImageOfPage":{"@id":"https:\/\/lovepac.com\/es\/metodocorr\/paso-3-corrpackage\/#primaryimage"},"image":{"@id":"https:\/\/lovepac.com\/es\/metodocorr\/paso-3-corrpackage\/#primaryimage"},"thumbnailUrl":"https:\/\/lovepac.com\/wp-content\/uploads\/2012\/12\/images_boxes-unfolded.jpg","datePublished":"2021-03-13T20:32:17+00:00","description":"Production CorrPackage: un enfoque innovador centrado en el servicio al cliente, el soporte, el control de calidad y la ejecuci\u00f3n de Lovepac","breadcrumb":{"@id":"https:\/\/lovepac.com\/es\/metodocorr\/paso-3-corrpackage\/#breadcrumb"},"inLanguage":"es-ES","potentialAction":[{"@type":"ReadAction","target":["https:\/\/lovepac.com\/es\/metodocorr\/paso-3-corrpackage\/"]}]},{"@type":"ImageObject","inLanguage":"es-ES","@id":"https:\/\/lovepac.com\/es\/metodocorr\/paso-3-corrpackage\/#primaryimage","url":"https:\/\/lovepac.com\/wp-content\/uploads\/2012\/12\/images_boxes-unfolded.jpg","contentUrl":"https:\/\/lovepac.com\/wp-content\/uploads\/2012\/12\/images_boxes-unfolded.jpg"},{"@type":"BreadcrumbList","@id":"https:\/\/lovepac.com\/es\/metodocorr\/paso-3-corrpackage\/#breadcrumb","itemListElement":[{"@type":"ListItem","position":1,"name":"Accueil","item":"https:\/\/lovepac.com\/es\/"},{"@type":"ListItem","position":2,"name":"M\u00e9todoCORR","item":"https:\/\/lovepac.com\/es\/metodocorr\/"},{"@type":"ListItem","position":3,"name":"Paso 3: CorrPackage"}]},{"@type":"WebSite","@id":"https:\/\/lovepac.com\/es\/#website","url":"https:\/\/lovepac.com\/es\/","name":"Lovepac","description":"Emballages de bo\u00eetes en carton fiables et de qualit\u00e9 sup\u00e9rieure","publisher":{"@id":"https:\/\/lovepac.com\/es\/#organization"},"potentialAction":[{"@type":"SearchAction","target":{"@type":"EntryPoint","urlTemplate":"https:\/\/lovepac.com\/es\/?s={search_term_string}"},"query-input":{"@type":"PropertyValueSpecification","valueRequired":true,"valueName":"search_term_string"}}],"inLanguage":"es-ES"},{"@type":"Organization","@id":"https:\/\/lovepac.com\/es\/#organization","name":"Lovepac","url":"https:\/\/lovepac.com\/es\/","logo":{"@type":"ImageObject","inLanguage":"es-ES","@id":"https:\/\/lovepac.com\/es\/#\/schema\/logo\/image\/","url":"https:\/\/lovepac.com\/wp-content\/uploads\/2017\/10\/Novapac_Blog.jpg","contentUrl":"https:\/\/lovepac.com\/wp-content\/uploads\/2017\/10\/Novapac_Blog.jpg","width":1000,"height":600,"caption":"Lovepac"},"image":{"@id":"https:\/\/lovepac.com\/es\/#\/schema\/logo\/image\/"}}]}},"_links":{"self":[{"href":"https:\/\/lovepac.com\/es\/wp-json\/wp\/v2\/pages\/8817","targetHints":{"allow":["GET"]}}],"collection":[{"href":"https:\/\/lovepac.com\/es\/wp-json\/wp\/v2\/pages"}],"about":[{"href":"https:\/\/lovepac.com\/es\/wp-json\/wp\/v2\/types\/page"}],"author":[{"embeddable":true,"href":"https:\/\/lovepac.com\/es\/wp-json\/wp\/v2\/users\/1"}],"replies":[{"embeddable":true,"href":"https:\/\/lovepac.com\/es\/wp-json\/wp\/v2\/comments?post=8817"}],"version-history":[{"count":0,"href":"https:\/\/lovepac.com\/es\/wp-json\/wp\/v2\/pages\/8817\/revisions"}],"up":[{"embeddable":true,"href":"https:\/\/lovepac.com\/es\/wp-json\/wp\/v2\/pages\/8809"}],"wp:attachment":[{"href":"https:\/\/lovepac.com\/es\/wp-json\/wp\/v2\/media?parent=8817"}],"curies":[{"name":"wp","href":"https:\/\/api.w.org\/{rel}","templated":true}]}}