{"id":8820,"date":"2021-03-13T15:35:27","date_gmt":"2021-03-13T20:35:27","guid":{"rendered":"https:\/\/lovepac.com\/metodocorr\/paso-4-corrcaretm\/"},"modified":"2021-03-13T15:35:27","modified_gmt":"2021-03-13T20:35:27","slug":"paso-4-corrcaretm","status":"publish","type":"page","link":"https:\/\/lovepac.com\/es\/metodocorr\/paso-4-corrcaretm\/","title":{"rendered":"Paso 4: CorrCareTM"},"content":{"rendered":"<h3>CorrCare \u2122: Bienvenido a nuestro servicio de atenci\u00f3n al cliente<\/h3>\n<h4>La informaci\u00f3n de embalaje de protecci\u00f3n personalizada que necesita, cuando la necesita.<\/h4>\n<p><img decoding=\"async\" class=\"alignright wp-image-8586\" src=\"https:\/\/lovepac.com\/wp-content\/uploads\/2012\/09\/images_foam-in-box.jpg\" alt=\"Service \u00e0 la client\u00e8le CorrCare\" width=\"418\" height=\"258\" border=\"0\" srcset=\"https:\/\/lovepac.com\/wp-content\/uploads\/2012\/09\/images_foam-in-box-300x185.jpg 300w, https:\/\/lovepac.com\/wp-content\/uploads\/2012\/09\/images_foam-in-box.jpg 532w\" sizes=\"(max-width: 418px) 100vw, 418px\" \/><\/p>\n<p>Diferenciar al equipo de Lovepac es nuestra pasi\u00f3n por el servicio al cliente personalizado.\u00a0El equipo de CorrCare \u2122 comprende que el dise\u00f1o innovador y las soluciones de empaque de protecci\u00f3n exitosas requieren trabajar como socios para alcanzar sus objetivos.<\/p>\n<p>Nuestro proceso din\u00e1mico y personalizado est\u00e1 estructurado para entregar productos de empaque de cart\u00f3n corrugado, espuma y embalajes de la manera en que cada cliente lo desea, cuando lo desea.\u00a0En Lovepac, la atenci\u00f3n al cliente gu\u00eda todo lo que hacemos.<\/p>\n<p><a href=\"\/es\/contactenos\">Obtenga m\u00e1s informaci\u00f3n sobre el programa de servicio al cliente CorrCare \u2122, que sienta precedentes, de Lovepac.<\/a><\/p>\n","protected":false},"excerpt":{"rendered":"<p>CorrCare \u2122: Bienvenido a nuestro servicio de atenci\u00f3n al cliente  [&#8230;]<\/p>\n","protected":false},"author":1,"featured_media":0,"parent":8809,"menu_order":24,"comment_status":"closed","ping_status":"closed","template":"side-navigation.php","meta":{"footnotes":""},"class_list":["post-8820","page","type-page","status-publish","hentry"],"yoast_head":"<!-- This site is optimized with the Yoast SEO plugin v27.3 - https:\/\/yoast.com\/product\/yoast-seo-wordpress\/ -->\n<title>Servicio de atenci\u00f3n al cliente de CorrCare: \u00a1la eficiencia de su embalaje!<\/title>\n<meta name=\"description\" content=\"Servicio de atenci\u00f3n al cliente de CorrCare: Lovepac ha desarrollado el servicio de atenci\u00f3n al cliente de COrrCare para garantizar la eficiencia de su embalaje.\" \/>\n<meta name=\"robots\" content=\"index, follow, max-snippet:-1, max-image-preview:large, max-video-preview:-1\" \/>\n<link rel=\"canonical\" href=\"https:\/\/lovepac.com\/es\/metodocorr\/paso-4-corrcaretm\/\" \/>\n<meta property=\"og:locale\" content=\"es_ES\" \/>\n<meta property=\"og:type\" content=\"article\" \/>\n<meta property=\"og:title\" content=\"Servicio de atenci\u00f3n al cliente de CorrCare: \u00a1la eficiencia de su embalaje!\" \/>\n<meta property=\"og:description\" content=\"Servicio de atenci\u00f3n al cliente de CorrCare: Lovepac ha desarrollado el servicio de atenci\u00f3n al cliente de COrrCare para garantizar la eficiencia de su embalaje.\" \/>\n<meta property=\"og:url\" content=\"https:\/\/lovepac.com\/es\/metodocorr\/paso-4-corrcaretm\/\" \/>\n<meta property=\"og:site_name\" content=\"Lovepac\" \/>\n<meta property=\"og:image\" content=\"https:\/\/lovepac.com\/wp-content\/uploads\/2012\/09\/images_foam-in-box.jpg\" \/>\n<meta name=\"twitter:card\" content=\"summary_large_image\" \/>\n<meta name=\"twitter:label1\" content=\"Est. reading time\" \/>\n\t<meta name=\"twitter:data1\" content=\"1 minute\" \/>\n<script type=\"application\/ld+json\" class=\"yoast-schema-graph\">{\"@context\":\"https:\\\/\\\/schema.org\",\"@graph\":[{\"@type\":\"WebPage\",\"@id\":\"https:\\\/\\\/lovepac.com\\\/es\\\/metodocorr\\\/paso-4-corrcaretm\\\/\",\"url\":\"https:\\\/\\\/lovepac.com\\\/es\\\/metodocorr\\\/paso-4-corrcaretm\\\/\",\"name\":\"Servicio de atenci\u00f3n al cliente de CorrCare: \u00a1la eficiencia de su embalaje!\",\"isPartOf\":{\"@id\":\"https:\\\/\\\/lovepac.com\\\/es\\\/#website\"},\"primaryImageOfPage\":{\"@id\":\"https:\\\/\\\/lovepac.com\\\/es\\\/metodocorr\\\/paso-4-corrcaretm\\\/#primaryimage\"},\"image\":{\"@id\":\"https:\\\/\\\/lovepac.com\\\/es\\\/metodocorr\\\/paso-4-corrcaretm\\\/#primaryimage\"},\"thumbnailUrl\":\"https:\\\/\\\/lovepac.com\\\/wp-content\\\/uploads\\\/2012\\\/09\\\/images_foam-in-box.jpg\",\"datePublished\":\"2021-03-13T20:35:27+00:00\",\"description\":\"Servicio de atenci\u00f3n al cliente de CorrCare: Lovepac ha desarrollado el servicio de atenci\u00f3n al cliente de COrrCare para garantizar la eficiencia de su embalaje.\",\"breadcrumb\":{\"@id\":\"https:\\\/\\\/lovepac.com\\\/es\\\/metodocorr\\\/paso-4-corrcaretm\\\/#breadcrumb\"},\"inLanguage\":\"es-ES\",\"potentialAction\":[{\"@type\":\"ReadAction\",\"target\":[\"https:\\\/\\\/lovepac.com\\\/es\\\/metodocorr\\\/paso-4-corrcaretm\\\/\"]}]},{\"@type\":\"ImageObject\",\"inLanguage\":\"es-ES\",\"@id\":\"https:\\\/\\\/lovepac.com\\\/es\\\/metodocorr\\\/paso-4-corrcaretm\\\/#primaryimage\",\"url\":\"https:\\\/\\\/lovepac.com\\\/wp-content\\\/uploads\\\/2012\\\/09\\\/images_foam-in-box.jpg\",\"contentUrl\":\"https:\\\/\\\/lovepac.com\\\/wp-content\\\/uploads\\\/2012\\\/09\\\/images_foam-in-box.jpg\"},{\"@type\":\"BreadcrumbList\",\"@id\":\"https:\\\/\\\/lovepac.com\\\/es\\\/metodocorr\\\/paso-4-corrcaretm\\\/#breadcrumb\",\"itemListElement\":[{\"@type\":\"ListItem\",\"position\":1,\"name\":\"Accueil\",\"item\":\"https:\\\/\\\/lovepac.com\\\/es\\\/\"},{\"@type\":\"ListItem\",\"position\":2,\"name\":\"M\u00e9todoCORR\",\"item\":\"https:\\\/\\\/lovepac.com\\\/es\\\/metodocorr\\\/\"},{\"@type\":\"ListItem\",\"position\":3,\"name\":\"Paso 4: CorrCareTM\"}]},{\"@type\":\"WebSite\",\"@id\":\"https:\\\/\\\/lovepac.com\\\/es\\\/#website\",\"url\":\"https:\\\/\\\/lovepac.com\\\/es\\\/\",\"name\":\"Lovepac\",\"description\":\"Emballages de bo\u00eetes en carton fiables et de qualit\u00e9 sup\u00e9rieure\",\"publisher\":{\"@id\":\"https:\\\/\\\/lovepac.com\\\/es\\\/#organization\"},\"potentialAction\":[{\"@type\":\"SearchAction\",\"target\":{\"@type\":\"EntryPoint\",\"urlTemplate\":\"https:\\\/\\\/lovepac.com\\\/es\\\/?s={search_term_string}\"},\"query-input\":{\"@type\":\"PropertyValueSpecification\",\"valueRequired\":true,\"valueName\":\"search_term_string\"}}],\"inLanguage\":\"es-ES\"},{\"@type\":\"Organization\",\"@id\":\"https:\\\/\\\/lovepac.com\\\/es\\\/#organization\",\"name\":\"Lovepac\",\"url\":\"https:\\\/\\\/lovepac.com\\\/es\\\/\",\"logo\":{\"@type\":\"ImageObject\",\"inLanguage\":\"es-ES\",\"@id\":\"https:\\\/\\\/lovepac.com\\\/es\\\/#\\\/schema\\\/logo\\\/image\\\/\",\"url\":\"https:\\\/\\\/lovepac.com\\\/wp-content\\\/uploads\\\/2017\\\/10\\\/Novapac_Blog.jpg\",\"contentUrl\":\"https:\\\/\\\/lovepac.com\\\/wp-content\\\/uploads\\\/2017\\\/10\\\/Novapac_Blog.jpg\",\"width\":1000,\"height\":600,\"caption\":\"Lovepac\"},\"image\":{\"@id\":\"https:\\\/\\\/lovepac.com\\\/es\\\/#\\\/schema\\\/logo\\\/image\\\/\"}}]}<\/script>\n<!-- \/ Yoast SEO plugin. -->","yoast_head_json":{"title":"Servicio de atenci\u00f3n al cliente de CorrCare: \u00a1la eficiencia de su embalaje!","description":"Servicio de atenci\u00f3n al cliente de CorrCare: Lovepac ha desarrollado el servicio de atenci\u00f3n al cliente de COrrCare para garantizar la eficiencia de su embalaje.","robots":{"index":"index","follow":"follow","max-snippet":"max-snippet:-1","max-image-preview":"max-image-preview:large","max-video-preview":"max-video-preview:-1"},"canonical":"https:\/\/lovepac.com\/es\/metodocorr\/paso-4-corrcaretm\/","og_locale":"es_ES","og_type":"article","og_title":"Servicio de atenci\u00f3n al cliente de CorrCare: \u00a1la eficiencia de su embalaje!","og_description":"Servicio de atenci\u00f3n al cliente de CorrCare: Lovepac ha desarrollado el servicio de atenci\u00f3n al cliente de COrrCare para garantizar la eficiencia de su embalaje.","og_url":"https:\/\/lovepac.com\/es\/metodocorr\/paso-4-corrcaretm\/","og_site_name":"Lovepac","og_image":[{"url":"https:\/\/lovepac.com\/wp-content\/uploads\/2012\/09\/images_foam-in-box.jpg","type":"","width":"","height":""}],"twitter_card":"summary_large_image","twitter_misc":{"Est. reading time":"1 minute"},"schema":{"@context":"https:\/\/schema.org","@graph":[{"@type":"WebPage","@id":"https:\/\/lovepac.com\/es\/metodocorr\/paso-4-corrcaretm\/","url":"https:\/\/lovepac.com\/es\/metodocorr\/paso-4-corrcaretm\/","name":"Servicio de atenci\u00f3n al cliente de CorrCare: \u00a1la eficiencia de su embalaje!","isPartOf":{"@id":"https:\/\/lovepac.com\/es\/#website"},"primaryImageOfPage":{"@id":"https:\/\/lovepac.com\/es\/metodocorr\/paso-4-corrcaretm\/#primaryimage"},"image":{"@id":"https:\/\/lovepac.com\/es\/metodocorr\/paso-4-corrcaretm\/#primaryimage"},"thumbnailUrl":"https:\/\/lovepac.com\/wp-content\/uploads\/2012\/09\/images_foam-in-box.jpg","datePublished":"2021-03-13T20:35:27+00:00","description":"Servicio de atenci\u00f3n al cliente de CorrCare: Lovepac ha desarrollado el servicio de atenci\u00f3n al cliente de COrrCare para garantizar la eficiencia de su embalaje.","breadcrumb":{"@id":"https:\/\/lovepac.com\/es\/metodocorr\/paso-4-corrcaretm\/#breadcrumb"},"inLanguage":"es-ES","potentialAction":[{"@type":"ReadAction","target":["https:\/\/lovepac.com\/es\/metodocorr\/paso-4-corrcaretm\/"]}]},{"@type":"ImageObject","inLanguage":"es-ES","@id":"https:\/\/lovepac.com\/es\/metodocorr\/paso-4-corrcaretm\/#primaryimage","url":"https:\/\/lovepac.com\/wp-content\/uploads\/2012\/09\/images_foam-in-box.jpg","contentUrl":"https:\/\/lovepac.com\/wp-content\/uploads\/2012\/09\/images_foam-in-box.jpg"},{"@type":"BreadcrumbList","@id":"https:\/\/lovepac.com\/es\/metodocorr\/paso-4-corrcaretm\/#breadcrumb","itemListElement":[{"@type":"ListItem","position":1,"name":"Accueil","item":"https:\/\/lovepac.com\/es\/"},{"@type":"ListItem","position":2,"name":"M\u00e9todoCORR","item":"https:\/\/lovepac.com\/es\/metodocorr\/"},{"@type":"ListItem","position":3,"name":"Paso 4: CorrCareTM"}]},{"@type":"WebSite","@id":"https:\/\/lovepac.com\/es\/#website","url":"https:\/\/lovepac.com\/es\/","name":"Lovepac","description":"Emballages de bo\u00eetes en carton fiables et de qualit\u00e9 sup\u00e9rieure","publisher":{"@id":"https:\/\/lovepac.com\/es\/#organization"},"potentialAction":[{"@type":"SearchAction","target":{"@type":"EntryPoint","urlTemplate":"https:\/\/lovepac.com\/es\/?s={search_term_string}"},"query-input":{"@type":"PropertyValueSpecification","valueRequired":true,"valueName":"search_term_string"}}],"inLanguage":"es-ES"},{"@type":"Organization","@id":"https:\/\/lovepac.com\/es\/#organization","name":"Lovepac","url":"https:\/\/lovepac.com\/es\/","logo":{"@type":"ImageObject","inLanguage":"es-ES","@id":"https:\/\/lovepac.com\/es\/#\/schema\/logo\/image\/","url":"https:\/\/lovepac.com\/wp-content\/uploads\/2017\/10\/Novapac_Blog.jpg","contentUrl":"https:\/\/lovepac.com\/wp-content\/uploads\/2017\/10\/Novapac_Blog.jpg","width":1000,"height":600,"caption":"Lovepac"},"image":{"@id":"https:\/\/lovepac.com\/es\/#\/schema\/logo\/image\/"}}]}},"_links":{"self":[{"href":"https:\/\/lovepac.com\/es\/wp-json\/wp\/v2\/pages\/8820","targetHints":{"allow":["GET"]}}],"collection":[{"href":"https:\/\/lovepac.com\/es\/wp-json\/wp\/v2\/pages"}],"about":[{"href":"https:\/\/lovepac.com\/es\/wp-json\/wp\/v2\/types\/page"}],"author":[{"embeddable":true,"href":"https:\/\/lovepac.com\/es\/wp-json\/wp\/v2\/users\/1"}],"replies":[{"embeddable":true,"href":"https:\/\/lovepac.com\/es\/wp-json\/wp\/v2\/comments?post=8820"}],"version-history":[{"count":0,"href":"https:\/\/lovepac.com\/es\/wp-json\/wp\/v2\/pages\/8820\/revisions"}],"up":[{"embeddable":true,"href":"https:\/\/lovepac.com\/es\/wp-json\/wp\/v2\/pages\/8809"}],"wp:attachment":[{"href":"https:\/\/lovepac.com\/es\/wp-json\/wp\/v2\/media?parent=8820"}],"curies":[{"name":"wp","href":"https:\/\/api.w.org\/{rel}","templated":true}]}}