{"id":8822,"date":"2021-03-13T15:50:40","date_gmt":"2021-03-13T20:50:40","guid":{"rendered":"https:\/\/lovepac.com\/a-proposito\/filosofia\/"},"modified":"2022-02-01T14:53:27","modified_gmt":"2022-02-01T19:53:27","slug":"filosofia","status":"publish","type":"page","link":"https:\/\/lovepac.com\/es\/a-proposito\/filosofia\/","title":{"rendered":"Filosofia"},"content":{"rendered":"<h3>Nuestra filosof\u00eda<\/h3>\n<h4>Lovepac se preocupa<\/h4>\n<p><img decoding=\"async\" class=\" alignright wp-image-8823\" src=\"https:\/\/lovepac.com\/wp-content\/uploads\/2012\/09\/images_box.jpg\" alt=\"philosophie de Lovepac\" width=\"381\" height=\"237\" border=\"0\" srcset=\"https:\/\/lovepac.com\/wp-content\/uploads\/2012\/09\/images_box-300x187.jpg 300w, https:\/\/lovepac.com\/wp-content\/uploads\/2012\/09\/images_box.jpg 534w\" sizes=\"(max-width: 381px) 100vw, 381px\" \/><\/p>\n<p>En todos los aspectos del proceso de dise\u00f1o y fabricaci\u00f3n, el sistema de valores de nuestra empresa se basa en los siguientes principios del \u00e9xito del empaque:<\/p>\n<ul>\n<li><strong>C<\/strong>\u00a0mejora continua<\/li>\n<li><strong>A ctitud<\/strong><\/li>\n<li><strong>R<\/strong>\u00a0espeto<\/li>\n<li><strong>E<\/strong>\u00a0xcelencia<\/li>\n<li><strong>S<\/strong>\u00a0ostenibilidad<\/li>\n<\/ul>\n<p>Al cumplir con estos valores fundamentales, todos los miembros del equipo de Lovepac mantienen su compromiso personal de ayudar a las empresas a elegir empaques de protecci\u00f3n personalizados que se traducen constantemente en el m\u00e1s alto nivel de atenci\u00f3n.<\/p>\n<p><a href=\"https:\/\/lovepac.com\/es\/servicios\/corrcaretm-bienvenido-a-nuestro-servicio-al-cliente\/\">Obtenga m\u00e1s informaci\u00f3n sobre Lovepac CorrCare \u2122, el programa de servicio al cliente l\u00edder en la industria del embalaje personalizado.<\/a><\/p>\n<h4>Visi\u00f3n<\/h4>\n<p>Continuo Crecimiento a trav\u00e9s de eficiencias que contribuyan a econom\u00edas de escala reales. La actitud de nuestros empleados y el respeto mutuo, pensando que este viaje ser\u00e1 de clase mundial, mientras buscamos la excelencia en nuestras practicas ambientales.<\/p>\n<p>Nuestro enfoque de mercado es proporcionar intimidad al cliente y un producto de calidad donde el servicio al cliente es el n\u00famero uno.<\/p>\n<p>Producimos todo lo que hacemos, incluyendo espuma, cart\u00f3n corrugado, embalajes, pl\u00e1stico corrugado, kits y exhibidores.\u00a0Nuestros servicios incluyen dise\u00f1o, muestras, inventario en capas, entrega a tiempo y servicios de consultor\u00eda.<\/p>\n<p>Somos una empresa local que presta servicios en Montreal, Ottawa, Quebec y M\u00e9xico a 160 kms de nuestras instalaciones.<\/p>\n<h4>Misi\u00f3n<\/h4>\n<p>Mejoraremos continuamente nuestros productos, personas y experiencia. Nuestra actitud y respecto hacia nuestros empleados, clientes y partes interesadas ser\u00e1 insuperable. Luchando por la excelencia en una industria competitiva donde somos sostenibles en nuestro enfoque.<\/p>\n","protected":false},"excerpt":{"rendered":"<p>Nuestra filosof\u00eda Lovepac se preocupa En todos los aspectos del  [&#8230;]<\/p>\n","protected":false},"author":1,"featured_media":0,"parent":8821,"menu_order":23,"comment_status":"closed","ping_status":"closed","template":"side-navigation.php","meta":{"footnotes":""},"class_list":["post-8822","page","type-page","status-publish","hentry"],"yoast_head":"<!-- This site is optimized with the Yoast SEO plugin v27.3 - https:\/\/yoast.com\/product\/yoast-seo-wordpress\/ -->\n<title>Filosof\u00eda Lovepac: descubre nuestros valores, misi\u00f3n y visi\u00f3n<\/title>\n<meta name=\"description\" content=\"Filosof\u00eda Lovepac: descubre nuestros valores, misi\u00f3n y visi\u00f3n corporativa. Lovepac se compromete a proporcionar el mejor embalaje protector.\" \/>\n<meta name=\"robots\" content=\"index, follow, max-snippet:-1, max-image-preview:large, max-video-preview:-1\" \/>\n<link rel=\"canonical\" href=\"https:\/\/lovepac.com\/es\/a-proposito\/filosofia\/\" \/>\n<meta property=\"og:locale\" content=\"es_ES\" \/>\n<meta property=\"og:type\" content=\"article\" \/>\n<meta property=\"og:title\" content=\"Filosof\u00eda Lovepac: descubre nuestros valores, misi\u00f3n y visi\u00f3n\" \/>\n<meta property=\"og:description\" content=\"Filosof\u00eda Lovepac: descubre nuestros valores, misi\u00f3n y visi\u00f3n corporativa. Lovepac se compromete a proporcionar el mejor embalaje protector.\" \/>\n<meta property=\"og:url\" content=\"https:\/\/lovepac.com\/es\/a-proposito\/filosofia\/\" \/>\n<meta property=\"og:site_name\" content=\"Lovepac\" \/>\n<meta property=\"article:modified_time\" content=\"2022-02-01T19:53:27+00:00\" \/>\n<meta property=\"og:image\" content=\"https:\/\/lovepac.com\/wp-content\/uploads\/2012\/09\/images_box.jpg\" \/>\n<meta name=\"twitter:card\" content=\"summary_large_image\" \/>\n<meta name=\"twitter:label1\" content=\"Est. reading time\" \/>\n\t<meta name=\"twitter:data1\" content=\"1 minute\" \/>\n<script type=\"application\/ld+json\" class=\"yoast-schema-graph\">{\"@context\":\"https:\\\/\\\/schema.org\",\"@graph\":[{\"@type\":\"WebPage\",\"@id\":\"https:\\\/\\\/lovepac.com\\\/es\\\/a-proposito\\\/filosofia\\\/\",\"url\":\"https:\\\/\\\/lovepac.com\\\/es\\\/a-proposito\\\/filosofia\\\/\",\"name\":\"Filosof\u00eda Lovepac: descubre nuestros valores, misi\u00f3n y visi\u00f3n\",\"isPartOf\":{\"@id\":\"https:\\\/\\\/lovepac.com\\\/es\\\/#website\"},\"primaryImageOfPage\":{\"@id\":\"https:\\\/\\\/lovepac.com\\\/es\\\/a-proposito\\\/filosofia\\\/#primaryimage\"},\"image\":{\"@id\":\"https:\\\/\\\/lovepac.com\\\/es\\\/a-proposito\\\/filosofia\\\/#primaryimage\"},\"thumbnailUrl\":\"https:\\\/\\\/lovepac.com\\\/wp-content\\\/uploads\\\/2012\\\/09\\\/images_box.jpg\",\"datePublished\":\"2021-03-13T20:50:40+00:00\",\"dateModified\":\"2022-02-01T19:53:27+00:00\",\"description\":\"Filosof\u00eda Lovepac: descubre nuestros valores, misi\u00f3n y visi\u00f3n corporativa. Lovepac se compromete a proporcionar el mejor embalaje protector.\",\"breadcrumb\":{\"@id\":\"https:\\\/\\\/lovepac.com\\\/es\\\/a-proposito\\\/filosofia\\\/#breadcrumb\"},\"inLanguage\":\"es-ES\",\"potentialAction\":[{\"@type\":\"ReadAction\",\"target\":[\"https:\\\/\\\/lovepac.com\\\/es\\\/a-proposito\\\/filosofia\\\/\"]}]},{\"@type\":\"ImageObject\",\"inLanguage\":\"es-ES\",\"@id\":\"https:\\\/\\\/lovepac.com\\\/es\\\/a-proposito\\\/filosofia\\\/#primaryimage\",\"url\":\"https:\\\/\\\/lovepac.com\\\/wp-content\\\/uploads\\\/2012\\\/09\\\/images_box.jpg\",\"contentUrl\":\"https:\\\/\\\/lovepac.com\\\/wp-content\\\/uploads\\\/2012\\\/09\\\/images_box.jpg\"},{\"@type\":\"BreadcrumbList\",\"@id\":\"https:\\\/\\\/lovepac.com\\\/es\\\/a-proposito\\\/filosofia\\\/#breadcrumb\",\"itemListElement\":[{\"@type\":\"ListItem\",\"position\":1,\"name\":\"Accueil\",\"item\":\"https:\\\/\\\/lovepac.com\\\/es\\\/\"},{\"@type\":\"ListItem\",\"position\":2,\"name\":\"A prop\u00f3sito\",\"item\":\"https:\\\/\\\/lovepac.com\\\/es\\\/a-proposito\\\/\"},{\"@type\":\"ListItem\",\"position\":3,\"name\":\"Filosofia\"}]},{\"@type\":\"WebSite\",\"@id\":\"https:\\\/\\\/lovepac.com\\\/es\\\/#website\",\"url\":\"https:\\\/\\\/lovepac.com\\\/es\\\/\",\"name\":\"Lovepac\",\"description\":\"Emballages de bo\u00eetes en carton fiables et de qualit\u00e9 sup\u00e9rieure\",\"publisher\":{\"@id\":\"https:\\\/\\\/lovepac.com\\\/es\\\/#organization\"},\"potentialAction\":[{\"@type\":\"SearchAction\",\"target\":{\"@type\":\"EntryPoint\",\"urlTemplate\":\"https:\\\/\\\/lovepac.com\\\/es\\\/?s={search_term_string}\"},\"query-input\":{\"@type\":\"PropertyValueSpecification\",\"valueRequired\":true,\"valueName\":\"search_term_string\"}}],\"inLanguage\":\"es-ES\"},{\"@type\":\"Organization\",\"@id\":\"https:\\\/\\\/lovepac.com\\\/es\\\/#organization\",\"name\":\"Lovepac\",\"url\":\"https:\\\/\\\/lovepac.com\\\/es\\\/\",\"logo\":{\"@type\":\"ImageObject\",\"inLanguage\":\"es-ES\",\"@id\":\"https:\\\/\\\/lovepac.com\\\/es\\\/#\\\/schema\\\/logo\\\/image\\\/\",\"url\":\"https:\\\/\\\/lovepac.com\\\/wp-content\\\/uploads\\\/2017\\\/10\\\/Novapac_Blog.jpg\",\"contentUrl\":\"https:\\\/\\\/lovepac.com\\\/wp-content\\\/uploads\\\/2017\\\/10\\\/Novapac_Blog.jpg\",\"width\":1000,\"height\":600,\"caption\":\"Lovepac\"},\"image\":{\"@id\":\"https:\\\/\\\/lovepac.com\\\/es\\\/#\\\/schema\\\/logo\\\/image\\\/\"}}]}<\/script>\n<!-- \/ Yoast SEO plugin. -->","yoast_head_json":{"title":"Filosof\u00eda Lovepac: descubre nuestros valores, misi\u00f3n y visi\u00f3n","description":"Filosof\u00eda Lovepac: descubre nuestros valores, misi\u00f3n y visi\u00f3n corporativa. Lovepac se compromete a proporcionar el mejor embalaje protector.","robots":{"index":"index","follow":"follow","max-snippet":"max-snippet:-1","max-image-preview":"max-image-preview:large","max-video-preview":"max-video-preview:-1"},"canonical":"https:\/\/lovepac.com\/es\/a-proposito\/filosofia\/","og_locale":"es_ES","og_type":"article","og_title":"Filosof\u00eda Lovepac: descubre nuestros valores, misi\u00f3n y visi\u00f3n","og_description":"Filosof\u00eda Lovepac: descubre nuestros valores, misi\u00f3n y visi\u00f3n corporativa. Lovepac se compromete a proporcionar el mejor embalaje protector.","og_url":"https:\/\/lovepac.com\/es\/a-proposito\/filosofia\/","og_site_name":"Lovepac","article_modified_time":"2022-02-01T19:53:27+00:00","og_image":[{"url":"https:\/\/lovepac.com\/wp-content\/uploads\/2012\/09\/images_box.jpg","type":"","width":"","height":""}],"twitter_card":"summary_large_image","twitter_misc":{"Est. reading time":"1 minute"},"schema":{"@context":"https:\/\/schema.org","@graph":[{"@type":"WebPage","@id":"https:\/\/lovepac.com\/es\/a-proposito\/filosofia\/","url":"https:\/\/lovepac.com\/es\/a-proposito\/filosofia\/","name":"Filosof\u00eda Lovepac: descubre nuestros valores, misi\u00f3n y visi\u00f3n","isPartOf":{"@id":"https:\/\/lovepac.com\/es\/#website"},"primaryImageOfPage":{"@id":"https:\/\/lovepac.com\/es\/a-proposito\/filosofia\/#primaryimage"},"image":{"@id":"https:\/\/lovepac.com\/es\/a-proposito\/filosofia\/#primaryimage"},"thumbnailUrl":"https:\/\/lovepac.com\/wp-content\/uploads\/2012\/09\/images_box.jpg","datePublished":"2021-03-13T20:50:40+00:00","dateModified":"2022-02-01T19:53:27+00:00","description":"Filosof\u00eda Lovepac: descubre nuestros valores, misi\u00f3n y visi\u00f3n corporativa. Lovepac se compromete a proporcionar el mejor embalaje protector.","breadcrumb":{"@id":"https:\/\/lovepac.com\/es\/a-proposito\/filosofia\/#breadcrumb"},"inLanguage":"es-ES","potentialAction":[{"@type":"ReadAction","target":["https:\/\/lovepac.com\/es\/a-proposito\/filosofia\/"]}]},{"@type":"ImageObject","inLanguage":"es-ES","@id":"https:\/\/lovepac.com\/es\/a-proposito\/filosofia\/#primaryimage","url":"https:\/\/lovepac.com\/wp-content\/uploads\/2012\/09\/images_box.jpg","contentUrl":"https:\/\/lovepac.com\/wp-content\/uploads\/2012\/09\/images_box.jpg"},{"@type":"BreadcrumbList","@id":"https:\/\/lovepac.com\/es\/a-proposito\/filosofia\/#breadcrumb","itemListElement":[{"@type":"ListItem","position":1,"name":"Accueil","item":"https:\/\/lovepac.com\/es\/"},{"@type":"ListItem","position":2,"name":"A prop\u00f3sito","item":"https:\/\/lovepac.com\/es\/a-proposito\/"},{"@type":"ListItem","position":3,"name":"Filosofia"}]},{"@type":"WebSite","@id":"https:\/\/lovepac.com\/es\/#website","url":"https:\/\/lovepac.com\/es\/","name":"Lovepac","description":"Emballages de bo\u00eetes en carton fiables et de qualit\u00e9 sup\u00e9rieure","publisher":{"@id":"https:\/\/lovepac.com\/es\/#organization"},"potentialAction":[{"@type":"SearchAction","target":{"@type":"EntryPoint","urlTemplate":"https:\/\/lovepac.com\/es\/?s={search_term_string}"},"query-input":{"@type":"PropertyValueSpecification","valueRequired":true,"valueName":"search_term_string"}}],"inLanguage":"es-ES"},{"@type":"Organization","@id":"https:\/\/lovepac.com\/es\/#organization","name":"Lovepac","url":"https:\/\/lovepac.com\/es\/","logo":{"@type":"ImageObject","inLanguage":"es-ES","@id":"https:\/\/lovepac.com\/es\/#\/schema\/logo\/image\/","url":"https:\/\/lovepac.com\/wp-content\/uploads\/2017\/10\/Novapac_Blog.jpg","contentUrl":"https:\/\/lovepac.com\/wp-content\/uploads\/2017\/10\/Novapac_Blog.jpg","width":1000,"height":600,"caption":"Lovepac"},"image":{"@id":"https:\/\/lovepac.com\/es\/#\/schema\/logo\/image\/"}}]}},"_links":{"self":[{"href":"https:\/\/lovepac.com\/es\/wp-json\/wp\/v2\/pages\/8822","targetHints":{"allow":["GET"]}}],"collection":[{"href":"https:\/\/lovepac.com\/es\/wp-json\/wp\/v2\/pages"}],"about":[{"href":"https:\/\/lovepac.com\/es\/wp-json\/wp\/v2\/types\/page"}],"author":[{"embeddable":true,"href":"https:\/\/lovepac.com\/es\/wp-json\/wp\/v2\/users\/1"}],"replies":[{"embeddable":true,"href":"https:\/\/lovepac.com\/es\/wp-json\/wp\/v2\/comments?post=8822"}],"version-history":[{"count":1,"href":"https:\/\/lovepac.com\/es\/wp-json\/wp\/v2\/pages\/8822\/revisions"}],"predecessor-version":[{"id":9078,"href":"https:\/\/lovepac.com\/es\/wp-json\/wp\/v2\/pages\/8822\/revisions\/9078"}],"up":[{"embeddable":true,"href":"https:\/\/lovepac.com\/es\/wp-json\/wp\/v2\/pages\/8821"}],"wp:attachment":[{"href":"https:\/\/lovepac.com\/es\/wp-json\/wp\/v2\/media?parent=8822"}],"curies":[{"name":"wp","href":"https:\/\/api.w.org\/{rel}","templated":true}]}}