{"id":8826,"date":"2021-03-13T15:55:17","date_gmt":"2021-03-13T20:55:17","guid":{"rendered":"https:\/\/lovepac.com\/a-proposito\/promesa-de-calidad\/"},"modified":"2021-03-13T15:55:17","modified_gmt":"2021-03-13T20:55:17","slug":"promesa-de-calidad","status":"publish","type":"page","link":"https:\/\/lovepac.com\/es\/a-proposito\/promesa-de-calidad\/","title":{"rendered":"Promesa de Calidad"},"content":{"rendered":"<h3>Promesa de calidad<\/h3>\n<h4>Su socio de fabricaci\u00f3n dedicado y proveedor de soluciones de embalaje<\/h4>\n<p><img decoding=\"async\" class=\"size-medium wp-image-278 alignright\" src=\"https:\/\/lovepac.com\/wp-content\/uploads\/2012\/12\/images_box-foam-etc-300x215.jpg\" alt=\"\" width=\"300\" height=\"215\" srcset=\"https:\/\/lovepac.com\/wp-content\/uploads\/2012\/12\/images_box-foam-etc-300x215.jpg 300w, https:\/\/lovepac.com\/wp-content\/uploads\/2012\/12\/images_box-foam-etc.jpg 418w\" sizes=\"(max-width: 300px) 100vw, 300px\" \/><\/p>\n<p>Dicen que se necesitan 10,000 horas para ser un experto en algo, y en Lovepac lo superamos hace a\u00f1os.\u00a0Cada miembro del equipo de Lovepac se preocupa personalmente por hacer coincidir las soluciones correctas con sus necesidades de empaque \u00fanicas, y luego cumplir nuestra promesa de experiencias de servicio al cliente altamente personalizadas e interactivas de una manera positiva y consistente.\u00a0Nuestro objetivo es apoyar una relaci\u00f3n a largo plazo basada en la confianza.<\/p>\n<p>Vivimos y respiramos todos los aspectos de los envases de cart\u00f3n corrugado y de espuma, y \u200b\u200besperamos convertirnos en otro de sus socios leales y preciados.<\/p>\n<p><a href=\"https:\/\/lovepac.com\/es\/metodocorr\/\">Haga clic aqu\u00ed para obtener m\u00e1s informaci\u00f3n sobre el sistema de inspecci\u00f3n de productos dedicado CorrQuality \u2122 de Lovepac que coloca la Q may\u00fascula en Control de calidad.<\/a><\/p>\n","protected":false},"excerpt":{"rendered":"<p>Promesa de calidad Su socio de fabricaci\u00f3n dedicado y proveedor  [&#8230;]<\/p>\n","protected":false},"author":1,"featured_media":0,"parent":8821,"menu_order":5,"comment_status":"closed","ping_status":"closed","template":"side-navigation.php","meta":{"footnotes":""},"class_list":["post-8826","page","type-page","status-publish","hentry"],"yoast_head":"<!-- This site is optimized with the Yoast SEO plugin v27.3 - https:\/\/yoast.com\/product\/yoast-seo-wordpress\/ -->\n<title>Promesa de Calidad - Lovepac<\/title>\n<meta name=\"robots\" content=\"index, follow, max-snippet:-1, max-image-preview:large, max-video-preview:-1\" \/>\n<link rel=\"canonical\" href=\"https:\/\/lovepac.com\/es\/a-proposito\/promesa-de-calidad\/\" \/>\n<meta property=\"og:locale\" content=\"es_ES\" \/>\n<meta property=\"og:type\" content=\"article\" \/>\n<meta property=\"og:title\" content=\"Promesa de Calidad - Lovepac\" \/>\n<meta property=\"og:description\" content=\"Promesa de calidad Su socio de fabricaci\u00f3n dedicado y proveedor [...]\" \/>\n<meta property=\"og:url\" content=\"https:\/\/lovepac.com\/es\/a-proposito\/promesa-de-calidad\/\" \/>\n<meta property=\"og:site_name\" content=\"Lovepac\" \/>\n<meta property=\"og:image\" content=\"https:\/\/lovepac.com\/wp-content\/uploads\/2012\/12\/images_box-foam-etc-300x215.jpg\" \/>\n<meta name=\"twitter:card\" content=\"summary_large_image\" \/>\n<meta name=\"twitter:label1\" content=\"Est. reading time\" \/>\n\t<meta name=\"twitter:data1\" content=\"1 minute\" \/>\n<script type=\"application\/ld+json\" class=\"yoast-schema-graph\">{\"@context\":\"https:\\\/\\\/schema.org\",\"@graph\":[{\"@type\":\"WebPage\",\"@id\":\"https:\\\/\\\/lovepac.com\\\/es\\\/a-proposito\\\/promesa-de-calidad\\\/\",\"url\":\"https:\\\/\\\/lovepac.com\\\/es\\\/a-proposito\\\/promesa-de-calidad\\\/\",\"name\":\"Promesa de Calidad - Lovepac\",\"isPartOf\":{\"@id\":\"https:\\\/\\\/lovepac.com\\\/es\\\/#website\"},\"primaryImageOfPage\":{\"@id\":\"https:\\\/\\\/lovepac.com\\\/es\\\/a-proposito\\\/promesa-de-calidad\\\/#primaryimage\"},\"image\":{\"@id\":\"https:\\\/\\\/lovepac.com\\\/es\\\/a-proposito\\\/promesa-de-calidad\\\/#primaryimage\"},\"thumbnailUrl\":\"https:\\\/\\\/lovepac.com\\\/wp-content\\\/uploads\\\/2012\\\/12\\\/images_box-foam-etc-300x215.jpg\",\"datePublished\":\"2021-03-13T20:55:17+00:00\",\"breadcrumb\":{\"@id\":\"https:\\\/\\\/lovepac.com\\\/es\\\/a-proposito\\\/promesa-de-calidad\\\/#breadcrumb\"},\"inLanguage\":\"es-ES\",\"potentialAction\":[{\"@type\":\"ReadAction\",\"target\":[\"https:\\\/\\\/lovepac.com\\\/es\\\/a-proposito\\\/promesa-de-calidad\\\/\"]}]},{\"@type\":\"ImageObject\",\"inLanguage\":\"es-ES\",\"@id\":\"https:\\\/\\\/lovepac.com\\\/es\\\/a-proposito\\\/promesa-de-calidad\\\/#primaryimage\",\"url\":\"https:\\\/\\\/lovepac.com\\\/wp-content\\\/uploads\\\/2012\\\/12\\\/images_box-foam-etc-300x215.jpg\",\"contentUrl\":\"https:\\\/\\\/lovepac.com\\\/wp-content\\\/uploads\\\/2012\\\/12\\\/images_box-foam-etc-300x215.jpg\"},{\"@type\":\"BreadcrumbList\",\"@id\":\"https:\\\/\\\/lovepac.com\\\/es\\\/a-proposito\\\/promesa-de-calidad\\\/#breadcrumb\",\"itemListElement\":[{\"@type\":\"ListItem\",\"position\":1,\"name\":\"Accueil\",\"item\":\"https:\\\/\\\/lovepac.com\\\/es\\\/\"},{\"@type\":\"ListItem\",\"position\":2,\"name\":\"A prop\u00f3sito\",\"item\":\"https:\\\/\\\/lovepac.com\\\/es\\\/a-proposito\\\/\"},{\"@type\":\"ListItem\",\"position\":3,\"name\":\"Promesa de Calidad\"}]},{\"@type\":\"WebSite\",\"@id\":\"https:\\\/\\\/lovepac.com\\\/es\\\/#website\",\"url\":\"https:\\\/\\\/lovepac.com\\\/es\\\/\",\"name\":\"Lovepac\",\"description\":\"Emballages de bo\u00eetes en carton fiables et de qualit\u00e9 sup\u00e9rieure\",\"publisher\":{\"@id\":\"https:\\\/\\\/lovepac.com\\\/es\\\/#organization\"},\"potentialAction\":[{\"@type\":\"SearchAction\",\"target\":{\"@type\":\"EntryPoint\",\"urlTemplate\":\"https:\\\/\\\/lovepac.com\\\/es\\\/?s={search_term_string}\"},\"query-input\":{\"@type\":\"PropertyValueSpecification\",\"valueRequired\":true,\"valueName\":\"search_term_string\"}}],\"inLanguage\":\"es-ES\"},{\"@type\":\"Organization\",\"@id\":\"https:\\\/\\\/lovepac.com\\\/es\\\/#organization\",\"name\":\"Lovepac\",\"url\":\"https:\\\/\\\/lovepac.com\\\/es\\\/\",\"logo\":{\"@type\":\"ImageObject\",\"inLanguage\":\"es-ES\",\"@id\":\"https:\\\/\\\/lovepac.com\\\/es\\\/#\\\/schema\\\/logo\\\/image\\\/\",\"url\":\"https:\\\/\\\/lovepac.com\\\/wp-content\\\/uploads\\\/2017\\\/10\\\/Novapac_Blog.jpg\",\"contentUrl\":\"https:\\\/\\\/lovepac.com\\\/wp-content\\\/uploads\\\/2017\\\/10\\\/Novapac_Blog.jpg\",\"width\":1000,\"height\":600,\"caption\":\"Lovepac\"},\"image\":{\"@id\":\"https:\\\/\\\/lovepac.com\\\/es\\\/#\\\/schema\\\/logo\\\/image\\\/\"}}]}<\/script>\n<!-- \/ Yoast SEO plugin. -->","yoast_head_json":{"title":"Promesa de Calidad - Lovepac","robots":{"index":"index","follow":"follow","max-snippet":"max-snippet:-1","max-image-preview":"max-image-preview:large","max-video-preview":"max-video-preview:-1"},"canonical":"https:\/\/lovepac.com\/es\/a-proposito\/promesa-de-calidad\/","og_locale":"es_ES","og_type":"article","og_title":"Promesa de Calidad - Lovepac","og_description":"Promesa de calidad Su socio de fabricaci\u00f3n dedicado y proveedor [...]","og_url":"https:\/\/lovepac.com\/es\/a-proposito\/promesa-de-calidad\/","og_site_name":"Lovepac","og_image":[{"url":"https:\/\/lovepac.com\/wp-content\/uploads\/2012\/12\/images_box-foam-etc-300x215.jpg","type":"","width":"","height":""}],"twitter_card":"summary_large_image","twitter_misc":{"Est. reading time":"1 minute"},"schema":{"@context":"https:\/\/schema.org","@graph":[{"@type":"WebPage","@id":"https:\/\/lovepac.com\/es\/a-proposito\/promesa-de-calidad\/","url":"https:\/\/lovepac.com\/es\/a-proposito\/promesa-de-calidad\/","name":"Promesa de Calidad - Lovepac","isPartOf":{"@id":"https:\/\/lovepac.com\/es\/#website"},"primaryImageOfPage":{"@id":"https:\/\/lovepac.com\/es\/a-proposito\/promesa-de-calidad\/#primaryimage"},"image":{"@id":"https:\/\/lovepac.com\/es\/a-proposito\/promesa-de-calidad\/#primaryimage"},"thumbnailUrl":"https:\/\/lovepac.com\/wp-content\/uploads\/2012\/12\/images_box-foam-etc-300x215.jpg","datePublished":"2021-03-13T20:55:17+00:00","breadcrumb":{"@id":"https:\/\/lovepac.com\/es\/a-proposito\/promesa-de-calidad\/#breadcrumb"},"inLanguage":"es-ES","potentialAction":[{"@type":"ReadAction","target":["https:\/\/lovepac.com\/es\/a-proposito\/promesa-de-calidad\/"]}]},{"@type":"ImageObject","inLanguage":"es-ES","@id":"https:\/\/lovepac.com\/es\/a-proposito\/promesa-de-calidad\/#primaryimage","url":"https:\/\/lovepac.com\/wp-content\/uploads\/2012\/12\/images_box-foam-etc-300x215.jpg","contentUrl":"https:\/\/lovepac.com\/wp-content\/uploads\/2012\/12\/images_box-foam-etc-300x215.jpg"},{"@type":"BreadcrumbList","@id":"https:\/\/lovepac.com\/es\/a-proposito\/promesa-de-calidad\/#breadcrumb","itemListElement":[{"@type":"ListItem","position":1,"name":"Accueil","item":"https:\/\/lovepac.com\/es\/"},{"@type":"ListItem","position":2,"name":"A prop\u00f3sito","item":"https:\/\/lovepac.com\/es\/a-proposito\/"},{"@type":"ListItem","position":3,"name":"Promesa de Calidad"}]},{"@type":"WebSite","@id":"https:\/\/lovepac.com\/es\/#website","url":"https:\/\/lovepac.com\/es\/","name":"Lovepac","description":"Emballages de bo\u00eetes en carton fiables et de qualit\u00e9 sup\u00e9rieure","publisher":{"@id":"https:\/\/lovepac.com\/es\/#organization"},"potentialAction":[{"@type":"SearchAction","target":{"@type":"EntryPoint","urlTemplate":"https:\/\/lovepac.com\/es\/?s={search_term_string}"},"query-input":{"@type":"PropertyValueSpecification","valueRequired":true,"valueName":"search_term_string"}}],"inLanguage":"es-ES"},{"@type":"Organization","@id":"https:\/\/lovepac.com\/es\/#organization","name":"Lovepac","url":"https:\/\/lovepac.com\/es\/","logo":{"@type":"ImageObject","inLanguage":"es-ES","@id":"https:\/\/lovepac.com\/es\/#\/schema\/logo\/image\/","url":"https:\/\/lovepac.com\/wp-content\/uploads\/2017\/10\/Novapac_Blog.jpg","contentUrl":"https:\/\/lovepac.com\/wp-content\/uploads\/2017\/10\/Novapac_Blog.jpg","width":1000,"height":600,"caption":"Lovepac"},"image":{"@id":"https:\/\/lovepac.com\/es\/#\/schema\/logo\/image\/"}}]}},"_links":{"self":[{"href":"https:\/\/lovepac.com\/es\/wp-json\/wp\/v2\/pages\/8826","targetHints":{"allow":["GET"]}}],"collection":[{"href":"https:\/\/lovepac.com\/es\/wp-json\/wp\/v2\/pages"}],"about":[{"href":"https:\/\/lovepac.com\/es\/wp-json\/wp\/v2\/types\/page"}],"author":[{"embeddable":true,"href":"https:\/\/lovepac.com\/es\/wp-json\/wp\/v2\/users\/1"}],"replies":[{"embeddable":true,"href":"https:\/\/lovepac.com\/es\/wp-json\/wp\/v2\/comments?post=8826"}],"version-history":[{"count":0,"href":"https:\/\/lovepac.com\/es\/wp-json\/wp\/v2\/pages\/8826\/revisions"}],"up":[{"embeddable":true,"href":"https:\/\/lovepac.com\/es\/wp-json\/wp\/v2\/pages\/8821"}],"wp:attachment":[{"href":"https:\/\/lovepac.com\/es\/wp-json\/wp\/v2\/media?parent=8826"}],"curies":[{"name":"wp","href":"https:\/\/api.w.org\/{rel}","templated":true}]}}