{"id":8827,"date":"2021-03-13T15:58:32","date_gmt":"2021-03-13T20:58:32","guid":{"rendered":"https:\/\/lovepac.com\/a-proposito\/por-que-lovepac\/"},"modified":"2022-03-22T12:39:55","modified_gmt":"2022-03-22T16:39:55","slug":"por-que-lovepac","status":"publish","type":"page","link":"https:\/\/lovepac.com\/es\/a-proposito\/por-que-lovepac\/","title":{"rendered":"Por que Lovepac"},"content":{"rendered":"<h3>Por qu\u00e9 Lovepac<\/h3>\n<p>En respuesta a la demanda cambiante del mercado de soluciones de empaque de espuma y corrugado personalizados simples pero innovadores, el equipo de Lovepac se basa en el compromiso profundamente arraigado de nuestra compa\u00f1\u00eda con la calidad y el servicio para revelar una visi\u00f3n emocionante para el mercado de empaque de protecci\u00f3n del ma\u00f1ana: Hacer del mundo un lugar mejor a trav\u00e9s de la colaboraci\u00f3n. relaciones con los clientes y respaldar esa promesa con los m\u00e1s altos niveles de valor, calidad y soporte del producto. Tenemos la visi\u00f3n de ir m\u00e1s all\u00e1 de los modelos tradicionales de fabricaci\u00f3n de empaques para pintar un panorama m\u00e1s amplio de experiencias innovadoras e interactivas para los clientes.En 2001, comenzamos algo especial aqu\u00ed en Lovepac.\u00a0Tenemos la plena intenci\u00f3n de seguir haciendo con \u00e9xito lo que hacemos mejor: todos los d\u00edas o nuestras vidas, y con las generaciones venideras.<\/p>\n<p>Obtenga m\u00e1s informaci\u00f3n sobre c\u00f3mo Lovepac pone el \u201camor\u201d en cada caja personalizada y soluci\u00f3n de empaque de espuma protectora con nuestro enfoque exclusivo CorrMethod \u2122.<\/p>\n<p><img decoding=\"async\" class=\"alignnone size-full wp-image-9253\" src=\"https:\/\/lovepac.com\/wp-content\/uploads\/2022\/03\/EcocertEcoresponsable_Level2-150x150-1.png\" alt=\"\" width=\"150\" height=\"150\" srcset=\"https:\/\/lovepac.com\/wp-content\/uploads\/2022\/03\/EcocertEcoresponsable_Level2-150x150-1-66x66.png 66w, https:\/\/lovepac.com\/wp-content\/uploads\/2022\/03\/EcocertEcoresponsable_Level2-150x150-1.png 150w\" sizes=\"(max-width: 150px) 100vw, 150px\" \/><\/p>\n<p>Ahora contamos con la certificaci\u00f3n Ecocert Ecoresponsable Nivel 2 por nuestro compromiso y mejora continua de nuestro desempe\u00f1o social y ambiental orientado a la sustentabilidad.<\/p>\n","protected":false},"excerpt":{"rendered":"<p>Por qu\u00e9 Lovepac En respuesta a la demanda cambiante del  [&#8230;]<\/p>\n","protected":false},"author":1,"featured_media":0,"parent":8821,"menu_order":22,"comment_status":"closed","ping_status":"closed","template":"side-navigation.php","meta":{"footnotes":""},"class_list":["post-8827","page","type-page","status-publish","hentry"],"yoast_head":"<!-- This site is optimized with the Yoast SEO plugin v27.3 - https:\/\/yoast.com\/product\/yoast-seo-wordpress\/ -->\n<title>Lovepac: historia, misi\u00f3n, visi\u00f3n de Lovepac, expertos en embalaje<\/title>\n<meta name=\"description\" content=\"Lovepac: Historia, misi\u00f3n, visi\u00f3n, expertos en packaging a medida. \u00a1Al elegir Lovepac, est\u00e1 eligiendo un equipo experimentado!\" \/>\n<meta name=\"robots\" content=\"index, follow, max-snippet:-1, max-image-preview:large, max-video-preview:-1\" \/>\n<link rel=\"canonical\" href=\"https:\/\/lovepac.com\/es\/a-proposito\/por-que-lovepac\/\" \/>\n<meta property=\"og:locale\" content=\"es_ES\" \/>\n<meta property=\"og:type\" content=\"article\" \/>\n<meta property=\"og:title\" content=\"Lovepac: historia, misi\u00f3n, visi\u00f3n de Lovepac, expertos en embalaje\" \/>\n<meta property=\"og:description\" content=\"Lovepac: Historia, misi\u00f3n, visi\u00f3n, expertos en packaging a medida. \u00a1Al elegir Lovepac, est\u00e1 eligiendo un equipo experimentado!\" \/>\n<meta property=\"og:url\" content=\"https:\/\/lovepac.com\/es\/a-proposito\/por-que-lovepac\/\" \/>\n<meta property=\"og:site_name\" content=\"Lovepac\" \/>\n<meta property=\"article:modified_time\" content=\"2022-03-22T16:39:55+00:00\" \/>\n<meta property=\"og:image\" content=\"https:\/\/lovepac.com\/wp-content\/uploads\/2022\/03\/EcocertEcoresponsable_Level2-150x150-1.png\" \/>\n<meta name=\"twitter:card\" content=\"summary_large_image\" \/>\n<meta name=\"twitter:label1\" content=\"Est. reading time\" \/>\n\t<meta name=\"twitter:data1\" content=\"2 minutes\" \/>\n<script type=\"application\/ld+json\" class=\"yoast-schema-graph\">{\"@context\":\"https:\\\/\\\/schema.org\",\"@graph\":[{\"@type\":\"WebPage\",\"@id\":\"https:\\\/\\\/lovepac.com\\\/es\\\/a-proposito\\\/por-que-lovepac\\\/\",\"url\":\"https:\\\/\\\/lovepac.com\\\/es\\\/a-proposito\\\/por-que-lovepac\\\/\",\"name\":\"Lovepac: historia, misi\u00f3n, visi\u00f3n de Lovepac, expertos en embalaje\",\"isPartOf\":{\"@id\":\"https:\\\/\\\/lovepac.com\\\/es\\\/#website\"},\"primaryImageOfPage\":{\"@id\":\"https:\\\/\\\/lovepac.com\\\/es\\\/a-proposito\\\/por-que-lovepac\\\/#primaryimage\"},\"image\":{\"@id\":\"https:\\\/\\\/lovepac.com\\\/es\\\/a-proposito\\\/por-que-lovepac\\\/#primaryimage\"},\"thumbnailUrl\":\"https:\\\/\\\/lovepac.com\\\/wp-content\\\/uploads\\\/2022\\\/03\\\/EcocertEcoresponsable_Level2-150x150-1.png\",\"datePublished\":\"2021-03-13T20:58:32+00:00\",\"dateModified\":\"2022-03-22T16:39:55+00:00\",\"description\":\"Lovepac: Historia, misi\u00f3n, visi\u00f3n, expertos en packaging a medida. \u00a1Al elegir Lovepac, est\u00e1 eligiendo un equipo experimentado!\",\"breadcrumb\":{\"@id\":\"https:\\\/\\\/lovepac.com\\\/es\\\/a-proposito\\\/por-que-lovepac\\\/#breadcrumb\"},\"inLanguage\":\"es-ES\",\"potentialAction\":[{\"@type\":\"ReadAction\",\"target\":[\"https:\\\/\\\/lovepac.com\\\/es\\\/a-proposito\\\/por-que-lovepac\\\/\"]}]},{\"@type\":\"ImageObject\",\"inLanguage\":\"es-ES\",\"@id\":\"https:\\\/\\\/lovepac.com\\\/es\\\/a-proposito\\\/por-que-lovepac\\\/#primaryimage\",\"url\":\"https:\\\/\\\/lovepac.com\\\/wp-content\\\/uploads\\\/2022\\\/03\\\/EcocertEcoresponsable_Level2-150x150-1.png\",\"contentUrl\":\"https:\\\/\\\/lovepac.com\\\/wp-content\\\/uploads\\\/2022\\\/03\\\/EcocertEcoresponsable_Level2-150x150-1.png\"},{\"@type\":\"BreadcrumbList\",\"@id\":\"https:\\\/\\\/lovepac.com\\\/es\\\/a-proposito\\\/por-que-lovepac\\\/#breadcrumb\",\"itemListElement\":[{\"@type\":\"ListItem\",\"position\":1,\"name\":\"Accueil\",\"item\":\"https:\\\/\\\/lovepac.com\\\/es\\\/\"},{\"@type\":\"ListItem\",\"position\":2,\"name\":\"A prop\u00f3sito\",\"item\":\"https:\\\/\\\/lovepac.com\\\/es\\\/a-proposito\\\/\"},{\"@type\":\"ListItem\",\"position\":3,\"name\":\"Por que Lovepac\"}]},{\"@type\":\"WebSite\",\"@id\":\"https:\\\/\\\/lovepac.com\\\/es\\\/#website\",\"url\":\"https:\\\/\\\/lovepac.com\\\/es\\\/\",\"name\":\"Lovepac\",\"description\":\"Emballages de bo\u00eetes en carton fiables et de qualit\u00e9 sup\u00e9rieure\",\"publisher\":{\"@id\":\"https:\\\/\\\/lovepac.com\\\/es\\\/#organization\"},\"potentialAction\":[{\"@type\":\"SearchAction\",\"target\":{\"@type\":\"EntryPoint\",\"urlTemplate\":\"https:\\\/\\\/lovepac.com\\\/es\\\/?s={search_term_string}\"},\"query-input\":{\"@type\":\"PropertyValueSpecification\",\"valueRequired\":true,\"valueName\":\"search_term_string\"}}],\"inLanguage\":\"es-ES\"},{\"@type\":\"Organization\",\"@id\":\"https:\\\/\\\/lovepac.com\\\/es\\\/#organization\",\"name\":\"Lovepac\",\"url\":\"https:\\\/\\\/lovepac.com\\\/es\\\/\",\"logo\":{\"@type\":\"ImageObject\",\"inLanguage\":\"es-ES\",\"@id\":\"https:\\\/\\\/lovepac.com\\\/es\\\/#\\\/schema\\\/logo\\\/image\\\/\",\"url\":\"https:\\\/\\\/lovepac.com\\\/wp-content\\\/uploads\\\/2017\\\/10\\\/Novapac_Blog.jpg\",\"contentUrl\":\"https:\\\/\\\/lovepac.com\\\/wp-content\\\/uploads\\\/2017\\\/10\\\/Novapac_Blog.jpg\",\"width\":1000,\"height\":600,\"caption\":\"Lovepac\"},\"image\":{\"@id\":\"https:\\\/\\\/lovepac.com\\\/es\\\/#\\\/schema\\\/logo\\\/image\\\/\"}}]}<\/script>\n<!-- \/ Yoast SEO plugin. -->","yoast_head_json":{"title":"Lovepac: historia, misi\u00f3n, visi\u00f3n de Lovepac, expertos en embalaje","description":"Lovepac: Historia, misi\u00f3n, visi\u00f3n, expertos en packaging a medida. \u00a1Al elegir Lovepac, est\u00e1 eligiendo un equipo experimentado!","robots":{"index":"index","follow":"follow","max-snippet":"max-snippet:-1","max-image-preview":"max-image-preview:large","max-video-preview":"max-video-preview:-1"},"canonical":"https:\/\/lovepac.com\/es\/a-proposito\/por-que-lovepac\/","og_locale":"es_ES","og_type":"article","og_title":"Lovepac: historia, misi\u00f3n, visi\u00f3n de Lovepac, expertos en embalaje","og_description":"Lovepac: Historia, misi\u00f3n, visi\u00f3n, expertos en packaging a medida. \u00a1Al elegir Lovepac, est\u00e1 eligiendo un equipo experimentado!","og_url":"https:\/\/lovepac.com\/es\/a-proposito\/por-que-lovepac\/","og_site_name":"Lovepac","article_modified_time":"2022-03-22T16:39:55+00:00","og_image":[{"url":"https:\/\/lovepac.com\/wp-content\/uploads\/2022\/03\/EcocertEcoresponsable_Level2-150x150-1.png","type":"","width":"","height":""}],"twitter_card":"summary_large_image","twitter_misc":{"Est. reading time":"2 minutes"},"schema":{"@context":"https:\/\/schema.org","@graph":[{"@type":"WebPage","@id":"https:\/\/lovepac.com\/es\/a-proposito\/por-que-lovepac\/","url":"https:\/\/lovepac.com\/es\/a-proposito\/por-que-lovepac\/","name":"Lovepac: historia, misi\u00f3n, visi\u00f3n de Lovepac, expertos en embalaje","isPartOf":{"@id":"https:\/\/lovepac.com\/es\/#website"},"primaryImageOfPage":{"@id":"https:\/\/lovepac.com\/es\/a-proposito\/por-que-lovepac\/#primaryimage"},"image":{"@id":"https:\/\/lovepac.com\/es\/a-proposito\/por-que-lovepac\/#primaryimage"},"thumbnailUrl":"https:\/\/lovepac.com\/wp-content\/uploads\/2022\/03\/EcocertEcoresponsable_Level2-150x150-1.png","datePublished":"2021-03-13T20:58:32+00:00","dateModified":"2022-03-22T16:39:55+00:00","description":"Lovepac: Historia, misi\u00f3n, visi\u00f3n, expertos en packaging a medida. \u00a1Al elegir Lovepac, est\u00e1 eligiendo un equipo experimentado!","breadcrumb":{"@id":"https:\/\/lovepac.com\/es\/a-proposito\/por-que-lovepac\/#breadcrumb"},"inLanguage":"es-ES","potentialAction":[{"@type":"ReadAction","target":["https:\/\/lovepac.com\/es\/a-proposito\/por-que-lovepac\/"]}]},{"@type":"ImageObject","inLanguage":"es-ES","@id":"https:\/\/lovepac.com\/es\/a-proposito\/por-que-lovepac\/#primaryimage","url":"https:\/\/lovepac.com\/wp-content\/uploads\/2022\/03\/EcocertEcoresponsable_Level2-150x150-1.png","contentUrl":"https:\/\/lovepac.com\/wp-content\/uploads\/2022\/03\/EcocertEcoresponsable_Level2-150x150-1.png"},{"@type":"BreadcrumbList","@id":"https:\/\/lovepac.com\/es\/a-proposito\/por-que-lovepac\/#breadcrumb","itemListElement":[{"@type":"ListItem","position":1,"name":"Accueil","item":"https:\/\/lovepac.com\/es\/"},{"@type":"ListItem","position":2,"name":"A prop\u00f3sito","item":"https:\/\/lovepac.com\/es\/a-proposito\/"},{"@type":"ListItem","position":3,"name":"Por que Lovepac"}]},{"@type":"WebSite","@id":"https:\/\/lovepac.com\/es\/#website","url":"https:\/\/lovepac.com\/es\/","name":"Lovepac","description":"Emballages de bo\u00eetes en carton fiables et de qualit\u00e9 sup\u00e9rieure","publisher":{"@id":"https:\/\/lovepac.com\/es\/#organization"},"potentialAction":[{"@type":"SearchAction","target":{"@type":"EntryPoint","urlTemplate":"https:\/\/lovepac.com\/es\/?s={search_term_string}"},"query-input":{"@type":"PropertyValueSpecification","valueRequired":true,"valueName":"search_term_string"}}],"inLanguage":"es-ES"},{"@type":"Organization","@id":"https:\/\/lovepac.com\/es\/#organization","name":"Lovepac","url":"https:\/\/lovepac.com\/es\/","logo":{"@type":"ImageObject","inLanguage":"es-ES","@id":"https:\/\/lovepac.com\/es\/#\/schema\/logo\/image\/","url":"https:\/\/lovepac.com\/wp-content\/uploads\/2017\/10\/Novapac_Blog.jpg","contentUrl":"https:\/\/lovepac.com\/wp-content\/uploads\/2017\/10\/Novapac_Blog.jpg","width":1000,"height":600,"caption":"Lovepac"},"image":{"@id":"https:\/\/lovepac.com\/es\/#\/schema\/logo\/image\/"}}]}},"_links":{"self":[{"href":"https:\/\/lovepac.com\/es\/wp-json\/wp\/v2\/pages\/8827","targetHints":{"allow":["GET"]}}],"collection":[{"href":"https:\/\/lovepac.com\/es\/wp-json\/wp\/v2\/pages"}],"about":[{"href":"https:\/\/lovepac.com\/es\/wp-json\/wp\/v2\/types\/page"}],"author":[{"embeddable":true,"href":"https:\/\/lovepac.com\/es\/wp-json\/wp\/v2\/users\/1"}],"replies":[{"embeddable":true,"href":"https:\/\/lovepac.com\/es\/wp-json\/wp\/v2\/comments?post=8827"}],"version-history":[{"count":1,"href":"https:\/\/lovepac.com\/es\/wp-json\/wp\/v2\/pages\/8827\/revisions"}],"predecessor-version":[{"id":9258,"href":"https:\/\/lovepac.com\/es\/wp-json\/wp\/v2\/pages\/8827\/revisions\/9258"}],"up":[{"embeddable":true,"href":"https:\/\/lovepac.com\/es\/wp-json\/wp\/v2\/pages\/8821"}],"wp:attachment":[{"href":"https:\/\/lovepac.com\/es\/wp-json\/wp\/v2\/media?parent=8827"}],"curies":[{"name":"wp","href":"https:\/\/api.w.org\/{rel}","templated":true}]}}