{"id":8841,"date":"2021-03-13T16:12:19","date_gmt":"2021-03-13T21:12:19","guid":{"rendered":"https:\/\/lovepac.com\/trabajos\/"},"modified":"2022-02-16T17:34:55","modified_gmt":"2022-02-16T22:34:55","slug":"trabajos","status":"publish","type":"page","link":"https:\/\/lovepac.com\/es\/trabajos\/","title":{"rendered":"Trabajos"},"content":{"rendered":"<h3>Carreras Lovepac<\/h3>\n<h4>\u00danete al equipo de Lovepac<\/h4>\n<p>El experimentado equipo de Lovepac est\u00e1 personalmente comprometido con los m\u00e1s altos est\u00e1ndares de innovaci\u00f3n en empaques de protecci\u00f3n y atenci\u00f3n al cliente.<\/p>\n<p><strong>Empleos disponibles\u00a0<\/strong><br \/>\nActualmente no hay puestos disponibles. Por favor, vuelva a comprobarlo en otro momento.<\/p>\n<hr \/>\n<p>Cada miembro del equipo puede sentirse seguro, orgulloso, motivado, informado y, en \u00faltima instancia, feliz en el entorno de trabajo de Lovepac.<\/p>\n<p><a href=\"https:\/\/lovepac.com\/es\/a-proposito\/filosofia\/\">Haga clic aqu\u00ed<\/a>\u00a0\u00a0para obtener m\u00e1s informaci\u00f3n sobre nuestra cultura corporativa de mejora continua, actitud, respeto, excelencia y sostenibilidad (CARES).<\/p>\n","protected":false},"excerpt":{"rendered":"<p>Carreras Lovepac \u00danete al equipo de Lovepac El experimentado equipo  [&#8230;]<\/p>\n","protected":false},"author":1,"featured_media":0,"parent":0,"menu_order":4,"comment_status":"closed","ping_status":"closed","template":"side-navigation.php","meta":{"footnotes":""},"class_list":["post-8841","page","type-page","status-publish","hentry"],"yoast_head":"<!-- This site is optimized with the Yoast SEO plugin v27.3 - https:\/\/yoast.com\/product\/yoast-seo-wordpress\/ -->\n<title>Trabajos de Lovepac: \u00a1Lovepac ofrece trabajos de calidad!<\/title>\n<meta name=\"description\" content=\"Trabajos de Lovepac: \u00a1Lovepac ofrece trabajos de calidad en un entorno de trabajo joven y din\u00e1mico! \u00a1Descubra los trabajos de Lovepac!\" \/>\n<meta name=\"robots\" content=\"index, follow, max-snippet:-1, max-image-preview:large, max-video-preview:-1\" \/>\n<link rel=\"canonical\" href=\"https:\/\/lovepac.com\/es\/trabajos\/\" \/>\n<meta property=\"og:locale\" content=\"es_ES\" \/>\n<meta property=\"og:type\" content=\"article\" \/>\n<meta property=\"og:title\" content=\"Trabajos de Lovepac: \u00a1Lovepac ofrece trabajos de calidad!\" \/>\n<meta property=\"og:description\" content=\"Trabajos de Lovepac: \u00a1Lovepac ofrece trabajos de calidad en un entorno de trabajo joven y din\u00e1mico! \u00a1Descubra los trabajos de Lovepac!\" \/>\n<meta property=\"og:url\" content=\"https:\/\/lovepac.com\/es\/trabajos\/\" \/>\n<meta property=\"og:site_name\" content=\"Lovepac\" \/>\n<meta property=\"article:modified_time\" content=\"2022-02-16T22:34:55+00:00\" \/>\n<meta name=\"twitter:card\" content=\"summary_large_image\" \/>\n<meta name=\"twitter:label1\" content=\"Est. reading time\" \/>\n\t<meta name=\"twitter:data1\" content=\"1 minute\" \/>\n<script type=\"application\/ld+json\" class=\"yoast-schema-graph\">{\"@context\":\"https:\\\/\\\/schema.org\",\"@graph\":[{\"@type\":\"WebPage\",\"@id\":\"https:\\\/\\\/lovepac.com\\\/es\\\/trabajos\\\/\",\"url\":\"https:\\\/\\\/lovepac.com\\\/es\\\/trabajos\\\/\",\"name\":\"Trabajos de Lovepac: \u00a1Lovepac ofrece trabajos de calidad!\",\"isPartOf\":{\"@id\":\"https:\\\/\\\/lovepac.com\\\/es\\\/#website\"},\"datePublished\":\"2021-03-13T21:12:19+00:00\",\"dateModified\":\"2022-02-16T22:34:55+00:00\",\"description\":\"Trabajos de Lovepac: \u00a1Lovepac ofrece trabajos de calidad en un entorno de trabajo joven y din\u00e1mico! \u00a1Descubra los trabajos de Lovepac!\",\"breadcrumb\":{\"@id\":\"https:\\\/\\\/lovepac.com\\\/es\\\/trabajos\\\/#breadcrumb\"},\"inLanguage\":\"es-ES\",\"potentialAction\":[{\"@type\":\"ReadAction\",\"target\":[\"https:\\\/\\\/lovepac.com\\\/es\\\/trabajos\\\/\"]}]},{\"@type\":\"BreadcrumbList\",\"@id\":\"https:\\\/\\\/lovepac.com\\\/es\\\/trabajos\\\/#breadcrumb\",\"itemListElement\":[{\"@type\":\"ListItem\",\"position\":1,\"name\":\"Accueil\",\"item\":\"https:\\\/\\\/lovepac.com\\\/es\\\/\"},{\"@type\":\"ListItem\",\"position\":2,\"name\":\"Trabajos\"}]},{\"@type\":\"WebSite\",\"@id\":\"https:\\\/\\\/lovepac.com\\\/es\\\/#website\",\"url\":\"https:\\\/\\\/lovepac.com\\\/es\\\/\",\"name\":\"Lovepac\",\"description\":\"Emballages de bo\u00eetes en carton fiables et de qualit\u00e9 sup\u00e9rieure\",\"publisher\":{\"@id\":\"https:\\\/\\\/lovepac.com\\\/es\\\/#organization\"},\"potentialAction\":[{\"@type\":\"SearchAction\",\"target\":{\"@type\":\"EntryPoint\",\"urlTemplate\":\"https:\\\/\\\/lovepac.com\\\/es\\\/?s={search_term_string}\"},\"query-input\":{\"@type\":\"PropertyValueSpecification\",\"valueRequired\":true,\"valueName\":\"search_term_string\"}}],\"inLanguage\":\"es-ES\"},{\"@type\":\"Organization\",\"@id\":\"https:\\\/\\\/lovepac.com\\\/es\\\/#organization\",\"name\":\"Lovepac\",\"url\":\"https:\\\/\\\/lovepac.com\\\/es\\\/\",\"logo\":{\"@type\":\"ImageObject\",\"inLanguage\":\"es-ES\",\"@id\":\"https:\\\/\\\/lovepac.com\\\/es\\\/#\\\/schema\\\/logo\\\/image\\\/\",\"url\":\"https:\\\/\\\/lovepac.com\\\/wp-content\\\/uploads\\\/2017\\\/10\\\/Novapac_Blog.jpg\",\"contentUrl\":\"https:\\\/\\\/lovepac.com\\\/wp-content\\\/uploads\\\/2017\\\/10\\\/Novapac_Blog.jpg\",\"width\":1000,\"height\":600,\"caption\":\"Lovepac\"},\"image\":{\"@id\":\"https:\\\/\\\/lovepac.com\\\/es\\\/#\\\/schema\\\/logo\\\/image\\\/\"}}]}<\/script>\n<!-- \/ Yoast SEO plugin. -->","yoast_head_json":{"title":"Trabajos de Lovepac: \u00a1Lovepac ofrece trabajos de calidad!","description":"Trabajos de Lovepac: \u00a1Lovepac ofrece trabajos de calidad en un entorno de trabajo joven y din\u00e1mico! \u00a1Descubra los trabajos de Lovepac!","robots":{"index":"index","follow":"follow","max-snippet":"max-snippet:-1","max-image-preview":"max-image-preview:large","max-video-preview":"max-video-preview:-1"},"canonical":"https:\/\/lovepac.com\/es\/trabajos\/","og_locale":"es_ES","og_type":"article","og_title":"Trabajos de Lovepac: \u00a1Lovepac ofrece trabajos de calidad!","og_description":"Trabajos de Lovepac: \u00a1Lovepac ofrece trabajos de calidad en un entorno de trabajo joven y din\u00e1mico! \u00a1Descubra los trabajos de Lovepac!","og_url":"https:\/\/lovepac.com\/es\/trabajos\/","og_site_name":"Lovepac","article_modified_time":"2022-02-16T22:34:55+00:00","twitter_card":"summary_large_image","twitter_misc":{"Est. reading time":"1 minute"},"schema":{"@context":"https:\/\/schema.org","@graph":[{"@type":"WebPage","@id":"https:\/\/lovepac.com\/es\/trabajos\/","url":"https:\/\/lovepac.com\/es\/trabajos\/","name":"Trabajos de Lovepac: \u00a1Lovepac ofrece trabajos de calidad!","isPartOf":{"@id":"https:\/\/lovepac.com\/es\/#website"},"datePublished":"2021-03-13T21:12:19+00:00","dateModified":"2022-02-16T22:34:55+00:00","description":"Trabajos de Lovepac: \u00a1Lovepac ofrece trabajos de calidad en un entorno de trabajo joven y din\u00e1mico! \u00a1Descubra los trabajos de Lovepac!","breadcrumb":{"@id":"https:\/\/lovepac.com\/es\/trabajos\/#breadcrumb"},"inLanguage":"es-ES","potentialAction":[{"@type":"ReadAction","target":["https:\/\/lovepac.com\/es\/trabajos\/"]}]},{"@type":"BreadcrumbList","@id":"https:\/\/lovepac.com\/es\/trabajos\/#breadcrumb","itemListElement":[{"@type":"ListItem","position":1,"name":"Accueil","item":"https:\/\/lovepac.com\/es\/"},{"@type":"ListItem","position":2,"name":"Trabajos"}]},{"@type":"WebSite","@id":"https:\/\/lovepac.com\/es\/#website","url":"https:\/\/lovepac.com\/es\/","name":"Lovepac","description":"Emballages de bo\u00eetes en carton fiables et de qualit\u00e9 sup\u00e9rieure","publisher":{"@id":"https:\/\/lovepac.com\/es\/#organization"},"potentialAction":[{"@type":"SearchAction","target":{"@type":"EntryPoint","urlTemplate":"https:\/\/lovepac.com\/es\/?s={search_term_string}"},"query-input":{"@type":"PropertyValueSpecification","valueRequired":true,"valueName":"search_term_string"}}],"inLanguage":"es-ES"},{"@type":"Organization","@id":"https:\/\/lovepac.com\/es\/#organization","name":"Lovepac","url":"https:\/\/lovepac.com\/es\/","logo":{"@type":"ImageObject","inLanguage":"es-ES","@id":"https:\/\/lovepac.com\/es\/#\/schema\/logo\/image\/","url":"https:\/\/lovepac.com\/wp-content\/uploads\/2017\/10\/Novapac_Blog.jpg","contentUrl":"https:\/\/lovepac.com\/wp-content\/uploads\/2017\/10\/Novapac_Blog.jpg","width":1000,"height":600,"caption":"Lovepac"},"image":{"@id":"https:\/\/lovepac.com\/es\/#\/schema\/logo\/image\/"}}]}},"_links":{"self":[{"href":"https:\/\/lovepac.com\/es\/wp-json\/wp\/v2\/pages\/8841","targetHints":{"allow":["GET"]}}],"collection":[{"href":"https:\/\/lovepac.com\/es\/wp-json\/wp\/v2\/pages"}],"about":[{"href":"https:\/\/lovepac.com\/es\/wp-json\/wp\/v2\/types\/page"}],"author":[{"embeddable":true,"href":"https:\/\/lovepac.com\/es\/wp-json\/wp\/v2\/users\/1"}],"replies":[{"embeddable":true,"href":"https:\/\/lovepac.com\/es\/wp-json\/wp\/v2\/comments?post=8841"}],"version-history":[{"count":1,"href":"https:\/\/lovepac.com\/es\/wp-json\/wp\/v2\/pages\/8841\/revisions"}],"predecessor-version":[{"id":9120,"href":"https:\/\/lovepac.com\/es\/wp-json\/wp\/v2\/pages\/8841\/revisions\/9120"}],"wp:attachment":[{"href":"https:\/\/lovepac.com\/es\/wp-json\/wp\/v2\/media?parent=8841"}],"curies":[{"name":"wp","href":"https:\/\/api.w.org\/{rel}","templated":true}]}}