{"id":8892,"date":"2021-04-10T16:59:26","date_gmt":"2021-04-10T20:59:26","guid":{"rendered":"https:\/\/lovepac.com\/preguntas-frecuentes\/"},"modified":"2021-04-11T20:35:29","modified_gmt":"2021-04-12T00:35:29","slug":"preguntas-frecuentes","status":"publish","type":"page","link":"https:\/\/lovepac.com\/es\/preguntas-frecuentes\/","title":{"rendered":"Preguntas frecuentes"},"content":{"rendered":"<h3>FAQs<\/h3>\n<ul>\n<h4>\n<li>\u00bfCu\u00e1l es su plazo de entrega de producci\u00f3n?<\/li>\n<\/h4>\n<\/ul>\n<p>Nuestro plazo de producci\u00f3n habitual es de dos semanas despu\u00e9s de que la orden de compra ingresa al sistema de producci\u00f3n.\u00a0Es decir, el plazo comienza tras la recepci\u00f3n de todos los datos necesarios as\u00ed como la aprobaci\u00f3n final por parte del cliente.<\/p>\n<p>En el caso de los productos especiales, el plazo de entrega de la materia prima es mayor.\u00a0A partir de ese momento, nuestro tiempo de producci\u00f3n variar\u00e1 en funci\u00f3n de nuestra adquisici\u00f3n de equipos.\u00a0Productos como coroplast, antiest\u00e1tico, cart\u00f3n ondulado blanco, estuches de pl\u00e1stico y poliuretano pueden tener tiempos de producci\u00f3n m\u00e1s largos.<\/p>\n<ul>\n<h4>\n<li>\u00a0\u00bfTienes una cantidad m\u00ednima?<\/li>\n<\/h4>\n<\/ul>\n<p>No tenemos una cantidad m\u00ednima para nuestros productos est\u00e1ndar, excepto para productos de cart\u00f3n corrugado blanco y productos especiales.<\/p>\n<ul>\n<h4>\n<li>\u00a0\u00bfEst\u00e1 incluida la entrega?<\/li>\n<\/h4>\n<\/ul>\n<p>Nuestros precios base incluyen la entrega, tambi\u00e9n puede recoger su pedido en nuestra f\u00e1brica o simplemente agregar un costo fijo por la entrega.<\/p>\n<ul>\n<h4>\n<li>\u00bfVendes formatos est\u00e1ndar y \/ o especializados?<\/li>\n<\/h4>\n<\/ul>\n<p>Lovepac ofrece soluciones de embalaje especializadas a las necesidades del cliente.\u00a0No tenemos productos est\u00e1ndar en nuestro piso.<\/p>\n<ul>\n<h4>\n<li>\u00bfMantienes un inventario?<\/li>\n<\/h4>\n<\/ul>\n<p>Mantenemos algunos inventarios de materias primas en nuestro piso.<\/p>\n<ul>\n<h4>\n<li>\u00bfLos precios bajan seg\u00fan la cantidad?<\/li>\n<\/h4>\n<\/ul>\n<ol>\n<li style=\"list-style-type: none;\">\n<ol>\n<li style=\"list-style-type: none;\">\n<ol type=\"a\">\n<li><strong>Cajas<\/strong><\/li>\n<\/ol>\n<\/li>\n<\/ol>\n<\/li>\n<\/ol>\n<p>S\u00ed, debido a las rupturas de precios en nuestras materias primas, los precios de sus cajas disminuyen con la cantidad pedida.<\/p>\n<ol>\n<li style=\"list-style-type: none;\">\n<ol>\n<li style=\"list-style-type: none;\">\n<ol type=\"a\">\n<li><strong>Polietileno<\/strong><\/li>\n<\/ol>\n<\/li>\n<\/ol>\n<\/li>\n<\/ol>\n<p>Muy poco, para conseguir una rebaja de precio necesitamos pedir un cami\u00f3n cargado con el mismo material.\u00a0Sin embargo, el costo del flete se divide por una cantidad mayor, lo que reduce el costo unitario.<\/p>\n<ol>\n<li style=\"list-style-type: none;\">\n<ol>\n<li style=\"list-style-type: none;\">\n<ol type=\"a\">\n<li><strong>Cajas<\/strong><\/li>\n<\/ol>\n<\/li>\n<\/ol>\n<\/li>\n<\/ol>\n<p>No, el precio de las cajas es un precio fijo, el costo de los materiales o la mano de obra no var\u00eda.\u00a0Para los costos de env\u00edo, hay un cargo fijo por viaje asociado con el precio.<\/p>\n<ul>\n<h4>\n<li>Tama\u00f1os m\u00e1ximos \/ m\u00ednimos?<\/li>\n<\/h4>\n<\/ul>\n<p>El tama\u00f1o m\u00ednimo que podemos producir depende del estilo de la caja.\u00a0El tama\u00f1o m\u00e1ximo que podemos hacer en una pieza RSC es de 29x29x43 aproximadamente.<\/p>\n<ul>\n<h4>\n<li>Embalaje in situ \/ dise\u00f1o in situ<\/li>\n<\/h4>\n<\/ul>\n<p>Contamos con un equipo de dise\u00f1o listo para viajar para discutir sus necesidades dentro de su negocio.\u00a0Adem\u00e1s, nos adaptamos a tu realidad, \u00bfnecesitas que construyamos tus cajones en tu local?\u00a0Todo es posible.<\/p>\n<ul>\n<h4>\n<li>\u00bfNecesito comprar un troquel de corte y \/ o impresi\u00f3n?<\/li>\n<\/h4>\n<\/ul>\n<p>La adquisici\u00f3n de troqueles de corte es necesaria para cajas no regulares.\u00a0Los troqueles de impresi\u00f3n son necesarios si desea imprimir texto, logotipo o cualquier otra cosa en sus cajas.<\/p>\n<ul>\n<h4>\n<li>\u00a0\u00bfPuedo tener una muestra? \u00bfEs gratis?<\/li>\n<\/h4>\n<\/ul>\n<p>Se proporciona una muestra gratuita para la mayor\u00eda de nuestros proyectos.\u00a0Se aplican algunas excepciones, como cajas de pl\u00e1stico y cajas.<\/p>\n<ul>\n<h4>\n<li>\u00a0\u00bfPuedo reciclar mis restos de polietileno?<\/li>\n<\/h4>\n<\/ul>\n<p>El polietileno no es reciclado por la ciudad.\u00a0Sin embargo, tenemos un sistema que permite el reciclaje del PE sobrante.\u00a0Por tanto, puedes traernos tus sobras si nos avisas de tu llegada.<\/p>\n","protected":false},"excerpt":{"rendered":"<p>FAQs \u00bfCu\u00e1l es su plazo de entrega de producci\u00f3n? Nuestro  [&#8230;]<\/p>\n","protected":false},"author":13,"featured_media":0,"parent":0,"menu_order":0,"comment_status":"closed","ping_status":"closed","template":"side-navigation.php","meta":{"footnotes":""},"class_list":["post-8892","page","type-page","status-publish","hentry"],"yoast_head":"<!-- This site is optimized with the Yoast SEO plugin v27.3 - https:\/\/yoast.com\/product\/yoast-seo-wordpress\/ -->\n<title>Preguntas frecuentes - Lovepac<\/title>\n<meta name=\"robots\" content=\"index, follow, max-snippet:-1, max-image-preview:large, max-video-preview:-1\" \/>\n<link rel=\"canonical\" href=\"https:\/\/lovepac.com\/es\/preguntas-frecuentes\/\" \/>\n<meta property=\"og:locale\" content=\"es_ES\" \/>\n<meta property=\"og:type\" content=\"article\" \/>\n<meta property=\"og:title\" content=\"Preguntas frecuentes - Lovepac\" \/>\n<meta property=\"og:description\" content=\"FAQs \u00bfCu\u00e1l es su plazo de entrega de producci\u00f3n? Nuestro [...]\" \/>\n<meta property=\"og:url\" content=\"https:\/\/lovepac.com\/es\/preguntas-frecuentes\/\" \/>\n<meta property=\"og:site_name\" content=\"Lovepac\" \/>\n<meta property=\"article:modified_time\" content=\"2021-04-12T00:35:29+00:00\" \/>\n<meta name=\"twitter:card\" content=\"summary_large_image\" \/>\n<meta name=\"twitter:label1\" content=\"Est. reading time\" \/>\n\t<meta name=\"twitter:data1\" content=\"3 minutes\" \/>\n<script type=\"application\/ld+json\" class=\"yoast-schema-graph\">{\"@context\":\"https:\\\/\\\/schema.org\",\"@graph\":[{\"@type\":\"WebPage\",\"@id\":\"https:\\\/\\\/lovepac.com\\\/es\\\/preguntas-frecuentes\\\/\",\"url\":\"https:\\\/\\\/lovepac.com\\\/es\\\/preguntas-frecuentes\\\/\",\"name\":\"Preguntas frecuentes - Lovepac\",\"isPartOf\":{\"@id\":\"https:\\\/\\\/lovepac.com\\\/es\\\/#website\"},\"datePublished\":\"2021-04-10T20:59:26+00:00\",\"dateModified\":\"2021-04-12T00:35:29+00:00\",\"breadcrumb\":{\"@id\":\"https:\\\/\\\/lovepac.com\\\/es\\\/preguntas-frecuentes\\\/#breadcrumb\"},\"inLanguage\":\"es-ES\",\"potentialAction\":[{\"@type\":\"ReadAction\",\"target\":[\"https:\\\/\\\/lovepac.com\\\/es\\\/preguntas-frecuentes\\\/\"]}]},{\"@type\":\"BreadcrumbList\",\"@id\":\"https:\\\/\\\/lovepac.com\\\/es\\\/preguntas-frecuentes\\\/#breadcrumb\",\"itemListElement\":[{\"@type\":\"ListItem\",\"position\":1,\"name\":\"Accueil\",\"item\":\"https:\\\/\\\/lovepac.com\\\/es\\\/\"},{\"@type\":\"ListItem\",\"position\":2,\"name\":\"Preguntas frecuentes\"}]},{\"@type\":\"WebSite\",\"@id\":\"https:\\\/\\\/lovepac.com\\\/es\\\/#website\",\"url\":\"https:\\\/\\\/lovepac.com\\\/es\\\/\",\"name\":\"Lovepac\",\"description\":\"Emballages de bo\u00eetes en carton fiables et de qualit\u00e9 sup\u00e9rieure\",\"publisher\":{\"@id\":\"https:\\\/\\\/lovepac.com\\\/es\\\/#organization\"},\"potentialAction\":[{\"@type\":\"SearchAction\",\"target\":{\"@type\":\"EntryPoint\",\"urlTemplate\":\"https:\\\/\\\/lovepac.com\\\/es\\\/?s={search_term_string}\"},\"query-input\":{\"@type\":\"PropertyValueSpecification\",\"valueRequired\":true,\"valueName\":\"search_term_string\"}}],\"inLanguage\":\"es-ES\"},{\"@type\":\"Organization\",\"@id\":\"https:\\\/\\\/lovepac.com\\\/es\\\/#organization\",\"name\":\"Lovepac\",\"url\":\"https:\\\/\\\/lovepac.com\\\/es\\\/\",\"logo\":{\"@type\":\"ImageObject\",\"inLanguage\":\"es-ES\",\"@id\":\"https:\\\/\\\/lovepac.com\\\/es\\\/#\\\/schema\\\/logo\\\/image\\\/\",\"url\":\"https:\\\/\\\/lovepac.com\\\/wp-content\\\/uploads\\\/2017\\\/10\\\/Novapac_Blog.jpg\",\"contentUrl\":\"https:\\\/\\\/lovepac.com\\\/wp-content\\\/uploads\\\/2017\\\/10\\\/Novapac_Blog.jpg\",\"width\":1000,\"height\":600,\"caption\":\"Lovepac\"},\"image\":{\"@id\":\"https:\\\/\\\/lovepac.com\\\/es\\\/#\\\/schema\\\/logo\\\/image\\\/\"}}]}<\/script>\n<!-- \/ Yoast SEO plugin. -->","yoast_head_json":{"title":"Preguntas frecuentes - Lovepac","robots":{"index":"index","follow":"follow","max-snippet":"max-snippet:-1","max-image-preview":"max-image-preview:large","max-video-preview":"max-video-preview:-1"},"canonical":"https:\/\/lovepac.com\/es\/preguntas-frecuentes\/","og_locale":"es_ES","og_type":"article","og_title":"Preguntas frecuentes - Lovepac","og_description":"FAQs \u00bfCu\u00e1l es su plazo de entrega de producci\u00f3n? Nuestro [...]","og_url":"https:\/\/lovepac.com\/es\/preguntas-frecuentes\/","og_site_name":"Lovepac","article_modified_time":"2021-04-12T00:35:29+00:00","twitter_card":"summary_large_image","twitter_misc":{"Est. reading time":"3 minutes"},"schema":{"@context":"https:\/\/schema.org","@graph":[{"@type":"WebPage","@id":"https:\/\/lovepac.com\/es\/preguntas-frecuentes\/","url":"https:\/\/lovepac.com\/es\/preguntas-frecuentes\/","name":"Preguntas frecuentes - Lovepac","isPartOf":{"@id":"https:\/\/lovepac.com\/es\/#website"},"datePublished":"2021-04-10T20:59:26+00:00","dateModified":"2021-04-12T00:35:29+00:00","breadcrumb":{"@id":"https:\/\/lovepac.com\/es\/preguntas-frecuentes\/#breadcrumb"},"inLanguage":"es-ES","potentialAction":[{"@type":"ReadAction","target":["https:\/\/lovepac.com\/es\/preguntas-frecuentes\/"]}]},{"@type":"BreadcrumbList","@id":"https:\/\/lovepac.com\/es\/preguntas-frecuentes\/#breadcrumb","itemListElement":[{"@type":"ListItem","position":1,"name":"Accueil","item":"https:\/\/lovepac.com\/es\/"},{"@type":"ListItem","position":2,"name":"Preguntas frecuentes"}]},{"@type":"WebSite","@id":"https:\/\/lovepac.com\/es\/#website","url":"https:\/\/lovepac.com\/es\/","name":"Lovepac","description":"Emballages de bo\u00eetes en carton fiables et de qualit\u00e9 sup\u00e9rieure","publisher":{"@id":"https:\/\/lovepac.com\/es\/#organization"},"potentialAction":[{"@type":"SearchAction","target":{"@type":"EntryPoint","urlTemplate":"https:\/\/lovepac.com\/es\/?s={search_term_string}"},"query-input":{"@type":"PropertyValueSpecification","valueRequired":true,"valueName":"search_term_string"}}],"inLanguage":"es-ES"},{"@type":"Organization","@id":"https:\/\/lovepac.com\/es\/#organization","name":"Lovepac","url":"https:\/\/lovepac.com\/es\/","logo":{"@type":"ImageObject","inLanguage":"es-ES","@id":"https:\/\/lovepac.com\/es\/#\/schema\/logo\/image\/","url":"https:\/\/lovepac.com\/wp-content\/uploads\/2017\/10\/Novapac_Blog.jpg","contentUrl":"https:\/\/lovepac.com\/wp-content\/uploads\/2017\/10\/Novapac_Blog.jpg","width":1000,"height":600,"caption":"Lovepac"},"image":{"@id":"https:\/\/lovepac.com\/es\/#\/schema\/logo\/image\/"}}]}},"_links":{"self":[{"href":"https:\/\/lovepac.com\/es\/wp-json\/wp\/v2\/pages\/8892","targetHints":{"allow":["GET"]}}],"collection":[{"href":"https:\/\/lovepac.com\/es\/wp-json\/wp\/v2\/pages"}],"about":[{"href":"https:\/\/lovepac.com\/es\/wp-json\/wp\/v2\/types\/page"}],"author":[{"embeddable":true,"href":"https:\/\/lovepac.com\/es\/wp-json\/wp\/v2\/users\/13"}],"replies":[{"embeddable":true,"href":"https:\/\/lovepac.com\/es\/wp-json\/wp\/v2\/comments?post=8892"}],"version-history":[{"count":1,"href":"https:\/\/lovepac.com\/es\/wp-json\/wp\/v2\/pages\/8892\/revisions"}],"predecessor-version":[{"id":8893,"href":"https:\/\/lovepac.com\/es\/wp-json\/wp\/v2\/pages\/8892\/revisions\/8893"}],"wp:attachment":[{"href":"https:\/\/lovepac.com\/es\/wp-json\/wp\/v2\/media?parent=8892"}],"curies":[{"name":"wp","href":"https:\/\/api.w.org\/{rel}","templated":true}]}}