{"id":8894,"date":"2021-04-11T21:10:30","date_gmt":"2021-04-12T01:10:30","guid":{"rendered":"https:\/\/lovepac.com\/productos\/espuma-amortiguadora\/"},"modified":"2021-04-11T21:56:43","modified_gmt":"2021-04-12T01:56:43","slug":"espuma-amortiguadora","status":"publish","type":"page","link":"https:\/\/lovepac.com\/es\/productos\/espuma-amortiguadora\/","title":{"rendered":"Espuma amortiguadora"},"content":{"rendered":"<div class=\"fusion-fullwidth fullwidth-box fusion-builder-row-1 fusion-flex-container nonhundred-percent-fullwidth non-hundred-percent-height-scrolling\" style=\"--awb-border-radius-top-left:0px;--awb-border-radius-top-right:0px;--awb-border-radius-bottom-right:0px;--awb-border-radius-bottom-left:0px;--awb-flex-wrap:wrap;\" ><div class=\"fusion-builder-row fusion-row fusion-flex-align-items-flex-start fusion-flex-content-wrap\" style=\"max-width:calc( 1170px + 0px );margin-left: calc(-0px \/ 2 );margin-right: calc(-0px \/ 2 );\"><div class=\"fusion-layout-column fusion_builder_column fusion-builder-column-0 fusion_builder_column_1_1 1_1 fusion-flex-column\" style=\"--awb-bg-size:cover;--awb-width-large:100%;--awb-margin-top-large:0px;--awb-spacing-right-large:0px;--awb-margin-bottom-large:0px;--awb-spacing-left-large:0px;--awb-width-medium:100%;--awb-spacing-right-medium:0px;--awb-spacing-left-medium:0px;--awb-width-small:100%;--awb-spacing-right-small:0px;--awb-spacing-left-small:0px;\"><div class=\"fusion-column-wrapper fusion-flex-justify-content-flex-start fusion-content-layout-column\"><div class=\"fusion-text fusion-text-1\"><h4 style=\"text-align: left;\">Espuma amortiguadora<\/h4>\n<h4 style=\"text-align: left;\">Espuma de amortiguaci\u00f3n personalizada para todas sus necesidades de embalaje.<\/h4>\n<div class=\"fusion-menu-anchor\" id=\"polyurethanne\"><\/div>\n<h4>Polietileno<\/h4>\n<p>Los recortes de espuma de polietileno y poliuretano vienen en una variedad de formas, dise\u00f1os, espesores y densidades. Ofrecemos recortes de espuma est\u00e1ndar para calzar los productos m\u00e1s utilizados. \u00bfNecesita espuma de amortiguaci\u00f3n personalizada? Nuestro experimentado equipo de dise\u00f1o de CorrDesign puede crear un recorte que calzar\u00e1 su producto y lo proteger\u00e1 de vibraciones, golpes y muchos modos de transporte.<\/p>\n<h4 style=\"text-align: left;\"><img decoding=\"async\" width=\"425\" height=\"259\" class=\"size-full wp-image-8595 alignright\" src=\"https:\/\/lovepac.com\/wp-content\/uploads\/2014\/06\/images_PE roll.jpg\" alt=\"Rouleaux de mousse\" border=\"0\" srcset=\"https:\/\/lovepac.com\/wp-content\/uploads\/2014\/06\/images_PE%20roll-300x183.jpg 300w, https:\/\/lovepac.com\/wp-content\/uploads\/2014\/06\/images_PE%20roll.jpg 425w\" sizes=\"(max-width: 425px) 100vw, 425px\" \/><\/h4>\n<div class=\"fusion-menu-anchor\" id=\"rouleaux\"><\/div>\n<h4>Rodillos de espuma<\/h4>\n<p><a href=\"https:\/\/lovepac.com\/es\/contactenos\/\">Consigue una cotizaci\u00f3n<\/a><\/p>\n<p>La gama Revive de rodillos de espuma de polietileno est\u00e1 fabricada con un 75% de materiales reciclables y se ofrece en las siguientes densidades y tama\u00f1os:<\/p>\n<ul>\n<li>Espesor: 1\/2 pulg.\u00a0Densidad: 1,7 libras.\u00a0Ancho: 48 pulg.\u00a0Longitud: 125 pies<\/li>\n<\/ul>\n<h4><\/h4>\n<div class=\"fusion-menu-anchor\" id=\"planches\"><\/div>\n<h4>Tableros de espuma<\/h4>\n<p class=\"floatright\" style=\"text-align: left;\" align=\"center\"><img decoding=\"async\" width=\"425\" height=\"259\" class=\"size-full wp-image-8596 alignright\" src=\"https:\/\/lovepac.com\/wp-content\/uploads\/2014\/06\/images_foam plank.jpg\" alt=\"Planches de mousse\" border=\"0\" srcset=\"https:\/\/lovepac.com\/wp-content\/uploads\/2014\/06\/images_foam%20plank-300x183.jpg 300w, https:\/\/lovepac.com\/wp-content\/uploads\/2014\/06\/images_foam%20plank.jpg 425w\" sizes=\"(max-width: 425px) 100vw, 425px\" \/> <a href=\"https:\/\/lovepac.com\/es\/contactenos\/\">Consigue una cotizaci\u00f3n<\/a><\/p>\n<p>Nuestras tablas de espuma est\u00e1ndar est\u00e1n disponibles en l\u00e1minas de 48 &#8220;x 108&#8221; y en varios espesores y densidades (1.2 a 4 libras por pie cuadrado. Todas nuestras tablas se pueden cortar a la medida para satisfacer sus necesidades. Tambi\u00e9n puede elegir entre los siguientes tipos) : antiest\u00e1tico, no abrasivo y fabricado con un 75% de materiales reciclables.<\/p>\n<h4><\/h4>\n<div class=\"fusion-menu-anchor\" id=\"revive\"><\/div>\n<h4>Espuma revivir<\/h4>\n<p><a href=\"https:\/\/lovepac.com\/es\/contactenos\/\">Consigue una cotizaci\u00f3n<\/a><\/p>\n<p><strong><em>Nos volvimos negros para volvernos m\u00e1s verdes<\/em><\/strong><\/p>\n<p><img decoding=\"async\" class=\"size-full wp-image-312 alignright\" src=\"https:\/\/lovepac.com\/wp-content\/uploads\/2014\/06\/images_endcap revive.jpg\" alt=\"Mousse Revive\" border=\"0\" \/><\/p>\n<p>El material de embalaje ecol\u00f3gico es un tema candente en Lovepac.\u00a0Nuestro equipo se enorgullece de presentar nuestra gama de espuma acolchada ecol\u00f3gica: espuma Revive.\u00a0<strong>Nuestra l\u00ednea de productos negros est\u00e1 fabricada con un 75% de materiales reciclables<\/strong>\u00a0y mantiene las mismas propiedades f\u00edsicas que nuestros productos de espuma habituales.\u00a0Nuestros productos de espuma Revive se pueden personalizar como se desee y est\u00e1n disponibles en hojas o rollos.\u00a0Nuestros productos de espuma Revive est\u00e1n hechos a la medida de sus preferencias.<\/p>\n<p><strong><em>Nuestra gama Revive incluye los siguientes productos:<\/em><\/strong><\/p>\n<ul>\n<li>Rollos de Espuma Negra Reciclada: 1\/2 &#8221;, 1.7 lbs, 48 \u200b\u200b&#8221; x 125 &#8216;<\/li>\n<li>Hojas de espuma negra reciclada: 1 &#8221; o 2 &#8221;, 1.7 lbs, 48 \u200b\u200b&#8221; x 108 &#8216;<\/li>\n<li>Hojas de espuma reciclada regular: 1 &#8221; o 2 &#8221;, 2.2 lbs, 48 \u200b\u200b&#8221; x 108 &#8216;<\/li>\n<li>Capa superior azul L\u00e1minas de espuma reciclada negra: 1 &#8221; o 2 &#8221;, 1.7 lbs, 48 \u200b\u200b&#8221; x 108 &#8216;<\/li>\n<\/ul>\n<p>La elecci\u00f3n de un producto ecol\u00f3gico no implica necesariamente a expensas de la calidad.\u00a0Aqu\u00ed hay una tabla que compara las propiedades f\u00edsicas de la espuma normal con las de la espuma reciclada.<\/p>\n<table class=\"table alignleft\">\n<tbody>\n<tr>\n<th><strong>Propiedades f\u00edsicas<\/strong><\/th>\n<th><strong>M\u00e9todo de prueba<\/strong><\/th>\n<th><strong>Rollos y hojas de espuma\u00a0negra\u00a0reciclada\u00a0(capa azul opcional): \u00bd &#8221;, 1 &#8221; o 2 &#8221;, 1,7 libras, 48 \u200b\u200b&#8221; x 108 &#8221;<\/strong><\/th>\n<th><strong>Hojas de Espuma Reciclada Negra Regular : 1 &#8221; o 2 &#8221; 2.2 lbs, 48 \u200b\u200b&#8221; x 108&#8221;<\/strong><\/th>\n<\/tr>\n<tr>\n<th><strong>Fuerza compresiva<\/strong><\/th>\n<td>ASTM D3575-00, Sufijo D, 25% \/ 50%<\/td>\n<td>4-5 \/ 9-11<\/td>\n<td>5-11 \/ 14-18<\/td>\n<\/tr>\n<tr>\n<th><strong>Fuerza compresiva (%)<\/strong><\/th>\n<td>ASTM D3575-00 Sufijo B<\/td>\n<td>&lt; 25<\/td>\n<td>&lt; 20<\/td>\n<\/tr>\n<tr>\n<th><strong>Fluencia bajo compresi\u00f3n<\/strong><\/th>\n<td>ASTM D3575-00 Sufijo B 168 h<\/td>\n<td>&lt; 10 \u00e0 1.0 psi<\/td>\n<td>&lt; 10 \u00e0 2.5 psi<\/td>\n<\/tr>\n<tr>\n<th><strong>Escala de densidad (lb \/ ft3)<\/strong><\/th>\n<td>ASTM D3575-00<\/td>\n<td>1.7<\/td>\n<td>2.2<\/td>\n<\/tr>\n<tr>\n<th><strong>Absorci\u00f3n de agua (lb \/ ft2)<\/strong><\/th>\n<td>ASTM D3575-00 Sufijo\u00a0 L<\/td>\n<td>0.2<\/td>\n<td>0.13 &#8211; 0.3<\/td>\n<\/tr>\n<tr>\n<th><strong>Estabilidad t\u00e9rmica (%)<\/strong><\/th>\n<td>ASTM D3575-00 Sufijo\u00a0 S<\/td>\n<td>&lt; 8<\/td>\n<td>&lt; 8<\/td>\n<\/tr>\n<\/tbody>\n<\/table>\n<h4>PU &#8211; Poliuretano<\/h4>\n<p class=\"floatright\" style=\"text-align: left;\" align=\"center\"><img decoding=\"async\" class=\" wp-image-8598 alignright\" src=\"https:\/\/lovepac.com\/wp-content\/uploads\/2014\/06\/images_pu.jpg\" alt=\"PU \u2013 Polyur\u00e9thane\" width=\"426\" height=\"260\" border=\"0\" srcset=\"https:\/\/lovepac.com\/wp-content\/uploads\/2014\/06\/images_pu-300x183.jpg 300w, https:\/\/lovepac.com\/wp-content\/uploads\/2014\/06\/images_pu.jpg 539w\" sizes=\"(max-width: 426px) 100vw, 426px\" \/> <a href=\"https:\/\/lovepac.com\/es\/contactenos\/\">Consigue una cotizaci\u00f3n<\/a><\/p>\n<p>Los productos de poliuretano ultra suaves y flexibles son perfectos para envolver los productos m\u00e1s delicados.<\/p>\n<ul>\n<li>Plato<\/li>\n<li>Panal<\/li>\n<li>Gris<\/li>\n<li>Blanco, Blanca<\/li>\n<li>Tratado contra descargas electrost\u00e1ticas<\/li>\n<\/ul>\n<p>Disponible en la mayor\u00eda de densidades.<\/p>\n<h4><\/h4>\n<div class=\"fusion-menu-anchor\" id=\"profiles\"><\/div>\n<h4>Perfiles<\/h4>\n<p class=\"floatright\" style=\"text-align: left;\" align=\"center\"><img decoding=\"async\" width=\"425\" height=\"259\" class=\"size-full wp-image-8599 alignright\" src=\"https:\/\/lovepac.com\/wp-content\/uploads\/2014\/06\/images_profiles.jpg\" alt=\"Profil\u00e9s\" border=\"0\" srcset=\"https:\/\/lovepac.com\/wp-content\/uploads\/2014\/06\/images_profiles-300x183.jpg 300w, https:\/\/lovepac.com\/wp-content\/uploads\/2014\/06\/images_profiles.jpg 425w\" sizes=\"(max-width: 425px) 100vw, 425px\" \/><\/p>\n<p><a href=\"http:\/\/shop.lovepac.com\/index.php\/protective-foam\/profiles.html\">\u00a1Compre perfiles de espuma online!<\/a><\/p>\n<p>Los perfiles de polietileno ayudan a proteger superficies y bordes y se pueden utilizar para innumerables aplicaciones.\u00a0Dado que pueden adaptarse al contorno de casi cualquier producto, los perfiles son f\u00e1ciles de usar y pueden soportar m\u00faltiples golpes y vibraciones constantes.\u00a0Vienen en una variedad de formas y palos de 72 &#8221; que se pueden cortar a la longitud que desee.<\/p>\n<h4><\/h4>\n<div class=\"fusion-menu-anchor\" id=\"embouts\"><\/div>\n<h4>Puntas de espuma<\/h4>\n<p>Los recortes de espuma Lovepac est\u00e1n especialmente dise\u00f1ados por\u00a0<em>expertos<\/em>\u00a0de la manera m\u00e1s rentable posible.<\/p>\n<p><a href=\"https:\/\/lovepac.com\/es\/contactenos\/\">Consigue una cotizaci\u00f3n<\/a><\/p>\n<p style=\"text-align: left;\"><strong><em><img decoding=\"async\" class=\"size-medium wp-image-316 alignright\" src=\"https:\/\/lovepac.com\/wp-content\/uploads\/2014\/06\/images_endcap revive 2-300x178.jpg\" alt=\"embouts en mousse recycl\u00e9e\" width=\"300\" height=\"178\" srcset=\"https:\/\/lovepac.com\/wp-content\/uploads\/2014\/06\/images_endcap%20revive%202-300x178.jpg 300w, https:\/\/lovepac.com\/wp-content\/uploads\/2014\/06\/images_endcap%20revive%202.jpg 304w\" sizes=\"(max-width: 300px) 100vw, 300px\" \/><\/em><\/strong><\/p>\n<h4><em>Tapas de extremo de espuma reciclada<\/em><\/h4>\n<p>Las puntas de espuma son perfectas para calzar productos fr\u00e1giles.\u00a0Como parte de nuestra gama Revive de productos de espuma reciclada, las tapas de los extremos se fabrican a medida para adaptarse al tama\u00f1o y la forma de su producto.\u00a0Todas nuestras puntas de espuma est\u00e1n hechas a medida para ofrecerte la mejor protecci\u00f3n al mejor precio.<\/p>\n<h4><em>Tapas de espuma con bisagras<\/em><\/h4>\n<p><a href=\"https:\/\/lovepac.com\/es\/contactenos\/\">Consigue una cotizaci\u00f3n<\/a><\/p>\n<p><img decoding=\"async\" class=\"size-medium wp-image-318 alignright\" src=\"https:\/\/lovepac.com\/wp-content\/uploads\/2014\/06\/images_endcap-bluetop-revive-300x183.jpg\" alt=\"embouts en mousse \u00e0 charni\u00e8re\" width=\"300\" height=\"183\" srcset=\"https:\/\/lovepac.com\/wp-content\/uploads\/2014\/06\/images_endcap-bluetop-revive-300x183.jpg 300w, https:\/\/lovepac.com\/wp-content\/uploads\/2014\/06\/images_endcap-bluetop-revive.jpg 425w\" sizes=\"(max-width: 300px) 100vw, 300px\" \/><\/p>\n<p>Las puntas de espuma son perfectas para calzar productos fr\u00e1giles.\u00a0Las tapas de los extremos de espuma con bisagras incorporan una capa de espuma azul m\u00e1s densa que se corta solo en ciertos lugares.\u00a0Usando el m\u00e9todo de &#8220;corte al tacto&#8221;, la capa azul act\u00faa como una bisagra y crea una tapa de extremo f\u00e1cil de ensamblar que se puede enviar plana.<\/p>\n<p><strong><em>Nuestro equipo de dise\u00f1o de CorrDesign est\u00e1 siempre disponible para discutir sus necesidades de empaque.\u00a0<\/em><\/strong><strong><em><u><a href=\"https:\/\/lovepac.com\/es\/contactenos\/\">\u00a1Haga clic aqu\u00ed, ll\u00e1menos o chatee con nosotros si tiene<\/a><\/u><\/em><\/strong><strong><em>\u00a0alguna pregunta!<\/em><\/strong><\/p>\n<\/div><\/div><\/div><\/div><\/div>\n","protected":false},"excerpt":{"rendered":"","protected":false},"author":1,"featured_media":0,"parent":8786,"menu_order":4,"comment_status":"closed","ping_status":"closed","template":"side-navigation.php","meta":{"footnotes":""},"class_list":["post-8894","page","type-page","status-publish","hentry"],"yoast_head":"<!-- This site is optimized with the Yoast SEO plugin v27.3 - https:\/\/yoast.com\/product\/yoast-seo-wordpress\/ -->\n<title>Espuma de embalaje: hecha a medida para todas sus necesidades de embalaje<\/title>\n<meta name=\"description\" content=\"Espuma de embalaje: hecha a medida para todas sus necesidades de embalaje\" \/>\n<meta name=\"robots\" content=\"index, follow, max-snippet:-1, max-image-preview:large, max-video-preview:-1\" \/>\n<link rel=\"canonical\" href=\"https:\/\/lovepac.com\/es\/productos\/espuma-amortiguadora\/\" \/>\n<meta property=\"og:locale\" content=\"es_ES\" \/>\n<meta property=\"og:type\" content=\"article\" \/>\n<meta property=\"og:title\" content=\"Espuma de embalaje: hecha a medida para todas sus necesidades de embalaje\" \/>\n<meta property=\"og:description\" content=\"Espuma de embalaje: hecha a medida para todas sus necesidades de embalaje\" \/>\n<meta property=\"og:url\" content=\"https:\/\/lovepac.com\/es\/productos\/espuma-amortiguadora\/\" \/>\n<meta property=\"og:site_name\" content=\"Lovepac\" \/>\n<meta property=\"article:modified_time\" content=\"2021-04-12T01:56:43+00:00\" \/>\n<meta property=\"og:image\" content=\"https:\/\/lovepac.com\/wp-content\/uploads\/2014\/06\/images_PE%20roll.jpg\" \/>\n<meta name=\"twitter:card\" content=\"summary_large_image\" \/>\n<meta name=\"twitter:label1\" content=\"Est. reading time\" \/>\n\t<meta name=\"twitter:data1\" content=\"5 minutes\" \/>\n<script type=\"application\/ld+json\" class=\"yoast-schema-graph\">{\"@context\":\"https:\\\/\\\/schema.org\",\"@graph\":[{\"@type\":\"WebPage\",\"@id\":\"https:\\\/\\\/lovepac.com\\\/es\\\/productos\\\/espuma-amortiguadora\\\/\",\"url\":\"https:\\\/\\\/lovepac.com\\\/es\\\/productos\\\/espuma-amortiguadora\\\/\",\"name\":\"Espuma de embalaje: hecha a medida para todas sus necesidades de embalaje\",\"isPartOf\":{\"@id\":\"https:\\\/\\\/lovepac.com\\\/es\\\/#website\"},\"primaryImageOfPage\":{\"@id\":\"https:\\\/\\\/lovepac.com\\\/es\\\/productos\\\/espuma-amortiguadora\\\/#primaryimage\"},\"image\":{\"@id\":\"https:\\\/\\\/lovepac.com\\\/es\\\/productos\\\/espuma-amortiguadora\\\/#primaryimage\"},\"thumbnailUrl\":\"https:\\\/\\\/lovepac.com\\\/wp-content\\\/uploads\\\/2014\\\/06\\\/images_pu.jpg\",\"datePublished\":\"2021-04-12T01:10:30+00:00\",\"dateModified\":\"2021-04-12T01:56:43+00:00\",\"description\":\"Espuma de embalaje: hecha a medida para todas sus necesidades de embalaje\",\"breadcrumb\":{\"@id\":\"https:\\\/\\\/lovepac.com\\\/es\\\/productos\\\/espuma-amortiguadora\\\/#breadcrumb\"},\"inLanguage\":\"es-ES\",\"potentialAction\":[{\"@type\":\"ReadAction\",\"target\":[\"https:\\\/\\\/lovepac.com\\\/es\\\/productos\\\/espuma-amortiguadora\\\/\"]}]},{\"@type\":\"ImageObject\",\"inLanguage\":\"es-ES\",\"@id\":\"https:\\\/\\\/lovepac.com\\\/es\\\/productos\\\/espuma-amortiguadora\\\/#primaryimage\",\"url\":\"https:\\\/\\\/lovepac.com\\\/wp-content\\\/uploads\\\/2014\\\/06\\\/images_pu.jpg\",\"contentUrl\":\"https:\\\/\\\/lovepac.com\\\/wp-content\\\/uploads\\\/2014\\\/06\\\/images_pu.jpg\"},{\"@type\":\"BreadcrumbList\",\"@id\":\"https:\\\/\\\/lovepac.com\\\/es\\\/productos\\\/espuma-amortiguadora\\\/#breadcrumb\",\"itemListElement\":[{\"@type\":\"ListItem\",\"position\":1,\"name\":\"Accueil\",\"item\":\"https:\\\/\\\/lovepac.com\\\/es\\\/\"},{\"@type\":\"ListItem\",\"position\":2,\"name\":\"Productos\",\"item\":\"https:\\\/\\\/lovepac.com\\\/es\\\/productos\\\/\"},{\"@type\":\"ListItem\",\"position\":3,\"name\":\"Espuma amortiguadora\"}]},{\"@type\":\"WebSite\",\"@id\":\"https:\\\/\\\/lovepac.com\\\/es\\\/#website\",\"url\":\"https:\\\/\\\/lovepac.com\\\/es\\\/\",\"name\":\"Lovepac\",\"description\":\"Emballages de bo\u00eetes en carton fiables et de qualit\u00e9 sup\u00e9rieure\",\"publisher\":{\"@id\":\"https:\\\/\\\/lovepac.com\\\/es\\\/#organization\"},\"potentialAction\":[{\"@type\":\"SearchAction\",\"target\":{\"@type\":\"EntryPoint\",\"urlTemplate\":\"https:\\\/\\\/lovepac.com\\\/es\\\/?s={search_term_string}\"},\"query-input\":{\"@type\":\"PropertyValueSpecification\",\"valueRequired\":true,\"valueName\":\"search_term_string\"}}],\"inLanguage\":\"es-ES\"},{\"@type\":\"Organization\",\"@id\":\"https:\\\/\\\/lovepac.com\\\/es\\\/#organization\",\"name\":\"Lovepac\",\"url\":\"https:\\\/\\\/lovepac.com\\\/es\\\/\",\"logo\":{\"@type\":\"ImageObject\",\"inLanguage\":\"es-ES\",\"@id\":\"https:\\\/\\\/lovepac.com\\\/es\\\/#\\\/schema\\\/logo\\\/image\\\/\",\"url\":\"https:\\\/\\\/lovepac.com\\\/wp-content\\\/uploads\\\/2017\\\/10\\\/Novapac_Blog.jpg\",\"contentUrl\":\"https:\\\/\\\/lovepac.com\\\/wp-content\\\/uploads\\\/2017\\\/10\\\/Novapac_Blog.jpg\",\"width\":1000,\"height\":600,\"caption\":\"Lovepac\"},\"image\":{\"@id\":\"https:\\\/\\\/lovepac.com\\\/es\\\/#\\\/schema\\\/logo\\\/image\\\/\"}}]}<\/script>\n<!-- \/ Yoast SEO plugin. -->","yoast_head_json":{"title":"Espuma de embalaje: hecha a medida para todas sus necesidades de embalaje","description":"Espuma de embalaje: hecha a medida para todas sus necesidades de embalaje","robots":{"index":"index","follow":"follow","max-snippet":"max-snippet:-1","max-image-preview":"max-image-preview:large","max-video-preview":"max-video-preview:-1"},"canonical":"https:\/\/lovepac.com\/es\/productos\/espuma-amortiguadora\/","og_locale":"es_ES","og_type":"article","og_title":"Espuma de embalaje: hecha a medida para todas sus necesidades de embalaje","og_description":"Espuma de embalaje: hecha a medida para todas sus necesidades de embalaje","og_url":"https:\/\/lovepac.com\/es\/productos\/espuma-amortiguadora\/","og_site_name":"Lovepac","article_modified_time":"2021-04-12T01:56:43+00:00","og_image":[{"url":"https:\/\/lovepac.com\/wp-content\/uploads\/2014\/06\/images_PE roll.jpg","type":"","width":"","height":""}],"twitter_card":"summary_large_image","twitter_misc":{"Est. reading time":"5 minutes"},"schema":{"@context":"https:\/\/schema.org","@graph":[{"@type":"WebPage","@id":"https:\/\/lovepac.com\/es\/productos\/espuma-amortiguadora\/","url":"https:\/\/lovepac.com\/es\/productos\/espuma-amortiguadora\/","name":"Espuma de embalaje: hecha a medida para todas sus necesidades de embalaje","isPartOf":{"@id":"https:\/\/lovepac.com\/es\/#website"},"primaryImageOfPage":{"@id":"https:\/\/lovepac.com\/es\/productos\/espuma-amortiguadora\/#primaryimage"},"image":{"@id":"https:\/\/lovepac.com\/es\/productos\/espuma-amortiguadora\/#primaryimage"},"thumbnailUrl":"https:\/\/lovepac.com\/wp-content\/uploads\/2014\/06\/images_pu.jpg","datePublished":"2021-04-12T01:10:30+00:00","dateModified":"2021-04-12T01:56:43+00:00","description":"Espuma de embalaje: hecha a medida para todas sus necesidades de embalaje","breadcrumb":{"@id":"https:\/\/lovepac.com\/es\/productos\/espuma-amortiguadora\/#breadcrumb"},"inLanguage":"es-ES","potentialAction":[{"@type":"ReadAction","target":["https:\/\/lovepac.com\/es\/productos\/espuma-amortiguadora\/"]}]},{"@type":"ImageObject","inLanguage":"es-ES","@id":"https:\/\/lovepac.com\/es\/productos\/espuma-amortiguadora\/#primaryimage","url":"https:\/\/lovepac.com\/wp-content\/uploads\/2014\/06\/images_pu.jpg","contentUrl":"https:\/\/lovepac.com\/wp-content\/uploads\/2014\/06\/images_pu.jpg"},{"@type":"BreadcrumbList","@id":"https:\/\/lovepac.com\/es\/productos\/espuma-amortiguadora\/#breadcrumb","itemListElement":[{"@type":"ListItem","position":1,"name":"Accueil","item":"https:\/\/lovepac.com\/es\/"},{"@type":"ListItem","position":2,"name":"Productos","item":"https:\/\/lovepac.com\/es\/productos\/"},{"@type":"ListItem","position":3,"name":"Espuma amortiguadora"}]},{"@type":"WebSite","@id":"https:\/\/lovepac.com\/es\/#website","url":"https:\/\/lovepac.com\/es\/","name":"Lovepac","description":"Emballages de bo\u00eetes en carton fiables et de qualit\u00e9 sup\u00e9rieure","publisher":{"@id":"https:\/\/lovepac.com\/es\/#organization"},"potentialAction":[{"@type":"SearchAction","target":{"@type":"EntryPoint","urlTemplate":"https:\/\/lovepac.com\/es\/?s={search_term_string}"},"query-input":{"@type":"PropertyValueSpecification","valueRequired":true,"valueName":"search_term_string"}}],"inLanguage":"es-ES"},{"@type":"Organization","@id":"https:\/\/lovepac.com\/es\/#organization","name":"Lovepac","url":"https:\/\/lovepac.com\/es\/","logo":{"@type":"ImageObject","inLanguage":"es-ES","@id":"https:\/\/lovepac.com\/es\/#\/schema\/logo\/image\/","url":"https:\/\/lovepac.com\/wp-content\/uploads\/2017\/10\/Novapac_Blog.jpg","contentUrl":"https:\/\/lovepac.com\/wp-content\/uploads\/2017\/10\/Novapac_Blog.jpg","width":1000,"height":600,"caption":"Lovepac"},"image":{"@id":"https:\/\/lovepac.com\/es\/#\/schema\/logo\/image\/"}}]}},"_links":{"self":[{"href":"https:\/\/lovepac.com\/es\/wp-json\/wp\/v2\/pages\/8894","targetHints":{"allow":["GET"]}}],"collection":[{"href":"https:\/\/lovepac.com\/es\/wp-json\/wp\/v2\/pages"}],"about":[{"href":"https:\/\/lovepac.com\/es\/wp-json\/wp\/v2\/types\/page"}],"author":[{"embeddable":true,"href":"https:\/\/lovepac.com\/es\/wp-json\/wp\/v2\/users\/1"}],"replies":[{"embeddable":true,"href":"https:\/\/lovepac.com\/es\/wp-json\/wp\/v2\/comments?post=8894"}],"version-history":[{"count":5,"href":"https:\/\/lovepac.com\/es\/wp-json\/wp\/v2\/pages\/8894\/revisions"}],"predecessor-version":[{"id":8943,"href":"https:\/\/lovepac.com\/es\/wp-json\/wp\/v2\/pages\/8894\/revisions\/8943"}],"up":[{"embeddable":true,"href":"https:\/\/lovepac.com\/es\/wp-json\/wp\/v2\/pages\/8786"}],"wp:attachment":[{"href":"https:\/\/lovepac.com\/es\/wp-json\/wp\/v2\/media?parent=8894"}],"curies":[{"name":"wp","href":"https:\/\/api.w.org\/{rel}","templated":true}]}}