{"id":8944,"date":"2021-04-11T22:01:11","date_gmt":"2021-04-12T02:01:11","guid":{"rendered":"https:\/\/lovepac.com\/productos\/insertos-tarimas-de-corrugado-y-bolsas-esd\/"},"modified":"2021-04-11T22:01:12","modified_gmt":"2021-04-12T02:01:12","slug":"insertos-tarimas-de-corrugado-y-bolsas-esd","status":"publish","type":"page","link":"https:\/\/lovepac.com\/es\/productos\/insertos-tarimas-de-corrugado-y-bolsas-esd\/","title":{"rendered":"Insertos, tarimas de corrugado y bolsas ESD"},"content":{"rendered":"<div class=\"fusion-fullwidth fullwidth-box fusion-builder-row-1 fusion-flex-container nonhundred-percent-fullwidth non-hundred-percent-height-scrolling\" style=\"--awb-border-radius-top-left:0px;--awb-border-radius-top-right:0px;--awb-border-radius-bottom-right:0px;--awb-border-radius-bottom-left:0px;--awb-flex-wrap:wrap;\" ><div class=\"fusion-builder-row fusion-row fusion-flex-align-items-flex-start fusion-flex-content-wrap\" style=\"max-width:calc( 1170px + 0px );margin-left: calc(-0px \/ 2 );margin-right: calc(-0px \/ 2 );\"><div class=\"fusion-layout-column fusion_builder_column fusion-builder-column-0 fusion_builder_column_1_1 1_1 fusion-flex-column\" style=\"--awb-bg-size:cover;--awb-width-large:100%;--awb-margin-top-large:0px;--awb-spacing-right-large:0px;--awb-margin-bottom-large:0px;--awb-spacing-left-large:0px;--awb-width-medium:100%;--awb-spacing-right-medium:0px;--awb-spacing-left-medium:0px;--awb-width-small:100%;--awb-spacing-right-small:0px;--awb-spacing-left-small:0px;\"><div class=\"fusion-column-wrapper fusion-flex-justify-content-flex-start fusion-content-layout-column\"><div class=\"fusion-text fusion-text-1\"><header>\n<h4>Divisores y palets de cart\u00f3n ondulado y embalajes antiest\u00e1ticos<\/h4>\n<p><img decoding=\"async\" class=\"floatright alignright\" src=\"https:\/\/lovepac.com\/wp-content\/uploads\/2012\/09\/images_stuff.jpg\" alt=\"palettes en carton ondul\u00e9\" border=\"0\" \/><\/p>\n<p>Los separadores y pal\u00e9s de cart\u00f3n ondulado suelen ser la soluci\u00f3n ideal para reducir el volumen de existencias y proteger sus productos. Vienen en una variedad de dise\u00f1os, que incluyen divisores, cajas troqueladas y tapas con bisagras, paletas corrugadas, esquinas de cart\u00f3n y m\u00e1s. Nuestro equipo de dise\u00f1o altamente calificado de CorrDesign desarrollar\u00e1 un revestimiento de cart\u00f3n corrugado a medida que envolver\u00e1 su producto. Obtendr\u00e1 la m\u00e1xima protecci\u00f3n mientras se mantiene dentro del presupuesto y mantiene un inventario bajo. Como podemos integrar envases antiest\u00e1ticos (como bolsas protectoras antiest\u00e1ticas grises), podremos proteger sus productos sensibles a la electricidad est\u00e1tica.<\/p>\n<\/header>\n<\/div><\/div><\/div><\/div><\/div>\n","protected":false},"excerpt":{"rendered":"","protected":false},"author":1,"featured_media":0,"parent":8786,"menu_order":0,"comment_status":"closed","ping_status":"closed","template":"side-navigation.php","meta":{"footnotes":""},"class_list":["post-8944","page","type-page","status-publish","hentry"],"yoast_head":"<!-- This site is optimized with the Yoast SEO plugin v27.3 - https:\/\/yoast.com\/product\/yoast-seo-wordpress\/ -->\n<title>Palets de cart\u00f3n ondulado: para una m\u00e1xima protecci\u00f3n de sus productos<\/title>\n<meta name=\"description\" content=\"Palets de cart\u00f3n ondulado: para una m\u00e1xima protecci\u00f3n de sus productos, nuestros palets y separadores de cart\u00f3n ondulado est\u00e1n hechos a medida.\" \/>\n<meta name=\"robots\" content=\"index, follow, max-snippet:-1, max-image-preview:large, max-video-preview:-1\" \/>\n<link rel=\"canonical\" href=\"https:\/\/lovepac.com\/es\/productos\/insertos-tarimas-de-corrugado-y-bolsas-esd\/\" \/>\n<meta property=\"og:locale\" content=\"es_ES\" \/>\n<meta property=\"og:type\" content=\"article\" \/>\n<meta property=\"og:title\" content=\"Palets de cart\u00f3n ondulado: para una m\u00e1xima protecci\u00f3n de sus productos\" \/>\n<meta property=\"og:description\" content=\"Palets de cart\u00f3n ondulado: para una m\u00e1xima protecci\u00f3n de sus productos, nuestros palets y separadores de cart\u00f3n ondulado est\u00e1n hechos a medida.\" \/>\n<meta property=\"og:url\" content=\"https:\/\/lovepac.com\/es\/productos\/insertos-tarimas-de-corrugado-y-bolsas-esd\/\" \/>\n<meta property=\"og:site_name\" content=\"Lovepac\" \/>\n<meta property=\"article:modified_time\" content=\"2021-04-12T02:01:12+00:00\" \/>\n<meta property=\"og:image\" content=\"https:\/\/lovepac.com\/wp-content\/uploads\/2012\/09\/images_stuff.jpg\" \/>\n<meta name=\"twitter:card\" content=\"summary_large_image\" \/>\n<meta name=\"twitter:label1\" content=\"Est. reading time\" \/>\n\t<meta name=\"twitter:data1\" content=\"2 minutes\" \/>\n<script type=\"application\/ld+json\" class=\"yoast-schema-graph\">{\"@context\":\"https:\\\/\\\/schema.org\",\"@graph\":[{\"@type\":\"WebPage\",\"@id\":\"https:\\\/\\\/lovepac.com\\\/es\\\/productos\\\/insertos-tarimas-de-corrugado-y-bolsas-esd\\\/\",\"url\":\"https:\\\/\\\/lovepac.com\\\/es\\\/productos\\\/insertos-tarimas-de-corrugado-y-bolsas-esd\\\/\",\"name\":\"Palets de cart\u00f3n ondulado: para una m\u00e1xima protecci\u00f3n de sus productos\",\"isPartOf\":{\"@id\":\"https:\\\/\\\/lovepac.com\\\/es\\\/#website\"},\"primaryImageOfPage\":{\"@id\":\"https:\\\/\\\/lovepac.com\\\/es\\\/productos\\\/insertos-tarimas-de-corrugado-y-bolsas-esd\\\/#primaryimage\"},\"image\":{\"@id\":\"https:\\\/\\\/lovepac.com\\\/es\\\/productos\\\/insertos-tarimas-de-corrugado-y-bolsas-esd\\\/#primaryimage\"},\"thumbnailUrl\":\"https:\\\/\\\/lovepac.com\\\/wp-content\\\/uploads\\\/2012\\\/09\\\/images_stuff.jpg\",\"datePublished\":\"2021-04-12T02:01:11+00:00\",\"dateModified\":\"2021-04-12T02:01:12+00:00\",\"description\":\"Palets de cart\u00f3n ondulado: para una m\u00e1xima protecci\u00f3n de sus productos, nuestros palets y separadores de cart\u00f3n ondulado est\u00e1n hechos a medida.\",\"breadcrumb\":{\"@id\":\"https:\\\/\\\/lovepac.com\\\/es\\\/productos\\\/insertos-tarimas-de-corrugado-y-bolsas-esd\\\/#breadcrumb\"},\"inLanguage\":\"es-ES\",\"potentialAction\":[{\"@type\":\"ReadAction\",\"target\":[\"https:\\\/\\\/lovepac.com\\\/es\\\/productos\\\/insertos-tarimas-de-corrugado-y-bolsas-esd\\\/\"]}]},{\"@type\":\"ImageObject\",\"inLanguage\":\"es-ES\",\"@id\":\"https:\\\/\\\/lovepac.com\\\/es\\\/productos\\\/insertos-tarimas-de-corrugado-y-bolsas-esd\\\/#primaryimage\",\"url\":\"https:\\\/\\\/lovepac.com\\\/wp-content\\\/uploads\\\/2012\\\/09\\\/images_stuff.jpg\",\"contentUrl\":\"https:\\\/\\\/lovepac.com\\\/wp-content\\\/uploads\\\/2012\\\/09\\\/images_stuff.jpg\"},{\"@type\":\"BreadcrumbList\",\"@id\":\"https:\\\/\\\/lovepac.com\\\/es\\\/productos\\\/insertos-tarimas-de-corrugado-y-bolsas-esd\\\/#breadcrumb\",\"itemListElement\":[{\"@type\":\"ListItem\",\"position\":1,\"name\":\"Accueil\",\"item\":\"https:\\\/\\\/lovepac.com\\\/es\\\/\"},{\"@type\":\"ListItem\",\"position\":2,\"name\":\"Productos\",\"item\":\"https:\\\/\\\/lovepac.com\\\/es\\\/productos\\\/\"},{\"@type\":\"ListItem\",\"position\":3,\"name\":\"Insertos, tarimas de corrugado y bolsas ESD\"}]},{\"@type\":\"WebSite\",\"@id\":\"https:\\\/\\\/lovepac.com\\\/es\\\/#website\",\"url\":\"https:\\\/\\\/lovepac.com\\\/es\\\/\",\"name\":\"Lovepac\",\"description\":\"Emballages de bo\u00eetes en carton fiables et de qualit\u00e9 sup\u00e9rieure\",\"publisher\":{\"@id\":\"https:\\\/\\\/lovepac.com\\\/es\\\/#organization\"},\"potentialAction\":[{\"@type\":\"SearchAction\",\"target\":{\"@type\":\"EntryPoint\",\"urlTemplate\":\"https:\\\/\\\/lovepac.com\\\/es\\\/?s={search_term_string}\"},\"query-input\":{\"@type\":\"PropertyValueSpecification\",\"valueRequired\":true,\"valueName\":\"search_term_string\"}}],\"inLanguage\":\"es-ES\"},{\"@type\":\"Organization\",\"@id\":\"https:\\\/\\\/lovepac.com\\\/es\\\/#organization\",\"name\":\"Lovepac\",\"url\":\"https:\\\/\\\/lovepac.com\\\/es\\\/\",\"logo\":{\"@type\":\"ImageObject\",\"inLanguage\":\"es-ES\",\"@id\":\"https:\\\/\\\/lovepac.com\\\/es\\\/#\\\/schema\\\/logo\\\/image\\\/\",\"url\":\"https:\\\/\\\/lovepac.com\\\/wp-content\\\/uploads\\\/2017\\\/10\\\/Novapac_Blog.jpg\",\"contentUrl\":\"https:\\\/\\\/lovepac.com\\\/wp-content\\\/uploads\\\/2017\\\/10\\\/Novapac_Blog.jpg\",\"width\":1000,\"height\":600,\"caption\":\"Lovepac\"},\"image\":{\"@id\":\"https:\\\/\\\/lovepac.com\\\/es\\\/#\\\/schema\\\/logo\\\/image\\\/\"}}]}<\/script>\n<!-- \/ Yoast SEO plugin. -->","yoast_head_json":{"title":"Palets de cart\u00f3n ondulado: para una m\u00e1xima protecci\u00f3n de sus productos","description":"Palets de cart\u00f3n ondulado: para una m\u00e1xima protecci\u00f3n de sus productos, nuestros palets y separadores de cart\u00f3n ondulado est\u00e1n hechos a medida.","robots":{"index":"index","follow":"follow","max-snippet":"max-snippet:-1","max-image-preview":"max-image-preview:large","max-video-preview":"max-video-preview:-1"},"canonical":"https:\/\/lovepac.com\/es\/productos\/insertos-tarimas-de-corrugado-y-bolsas-esd\/","og_locale":"es_ES","og_type":"article","og_title":"Palets de cart\u00f3n ondulado: para una m\u00e1xima protecci\u00f3n de sus productos","og_description":"Palets de cart\u00f3n ondulado: para una m\u00e1xima protecci\u00f3n de sus productos, nuestros palets y separadores de cart\u00f3n ondulado est\u00e1n hechos a medida.","og_url":"https:\/\/lovepac.com\/es\/productos\/insertos-tarimas-de-corrugado-y-bolsas-esd\/","og_site_name":"Lovepac","article_modified_time":"2021-04-12T02:01:12+00:00","og_image":[{"url":"https:\/\/lovepac.com\/wp-content\/uploads\/2012\/09\/images_stuff.jpg","type":"","width":"","height":""}],"twitter_card":"summary_large_image","twitter_misc":{"Est. reading time":"2 minutes"},"schema":{"@context":"https:\/\/schema.org","@graph":[{"@type":"WebPage","@id":"https:\/\/lovepac.com\/es\/productos\/insertos-tarimas-de-corrugado-y-bolsas-esd\/","url":"https:\/\/lovepac.com\/es\/productos\/insertos-tarimas-de-corrugado-y-bolsas-esd\/","name":"Palets de cart\u00f3n ondulado: para una m\u00e1xima protecci\u00f3n de sus productos","isPartOf":{"@id":"https:\/\/lovepac.com\/es\/#website"},"primaryImageOfPage":{"@id":"https:\/\/lovepac.com\/es\/productos\/insertos-tarimas-de-corrugado-y-bolsas-esd\/#primaryimage"},"image":{"@id":"https:\/\/lovepac.com\/es\/productos\/insertos-tarimas-de-corrugado-y-bolsas-esd\/#primaryimage"},"thumbnailUrl":"https:\/\/lovepac.com\/wp-content\/uploads\/2012\/09\/images_stuff.jpg","datePublished":"2021-04-12T02:01:11+00:00","dateModified":"2021-04-12T02:01:12+00:00","description":"Palets de cart\u00f3n ondulado: para una m\u00e1xima protecci\u00f3n de sus productos, nuestros palets y separadores de cart\u00f3n ondulado est\u00e1n hechos a medida.","breadcrumb":{"@id":"https:\/\/lovepac.com\/es\/productos\/insertos-tarimas-de-corrugado-y-bolsas-esd\/#breadcrumb"},"inLanguage":"es-ES","potentialAction":[{"@type":"ReadAction","target":["https:\/\/lovepac.com\/es\/productos\/insertos-tarimas-de-corrugado-y-bolsas-esd\/"]}]},{"@type":"ImageObject","inLanguage":"es-ES","@id":"https:\/\/lovepac.com\/es\/productos\/insertos-tarimas-de-corrugado-y-bolsas-esd\/#primaryimage","url":"https:\/\/lovepac.com\/wp-content\/uploads\/2012\/09\/images_stuff.jpg","contentUrl":"https:\/\/lovepac.com\/wp-content\/uploads\/2012\/09\/images_stuff.jpg"},{"@type":"BreadcrumbList","@id":"https:\/\/lovepac.com\/es\/productos\/insertos-tarimas-de-corrugado-y-bolsas-esd\/#breadcrumb","itemListElement":[{"@type":"ListItem","position":1,"name":"Accueil","item":"https:\/\/lovepac.com\/es\/"},{"@type":"ListItem","position":2,"name":"Productos","item":"https:\/\/lovepac.com\/es\/productos\/"},{"@type":"ListItem","position":3,"name":"Insertos, tarimas de corrugado y bolsas ESD"}]},{"@type":"WebSite","@id":"https:\/\/lovepac.com\/es\/#website","url":"https:\/\/lovepac.com\/es\/","name":"Lovepac","description":"Emballages de bo\u00eetes en carton fiables et de qualit\u00e9 sup\u00e9rieure","publisher":{"@id":"https:\/\/lovepac.com\/es\/#organization"},"potentialAction":[{"@type":"SearchAction","target":{"@type":"EntryPoint","urlTemplate":"https:\/\/lovepac.com\/es\/?s={search_term_string}"},"query-input":{"@type":"PropertyValueSpecification","valueRequired":true,"valueName":"search_term_string"}}],"inLanguage":"es-ES"},{"@type":"Organization","@id":"https:\/\/lovepac.com\/es\/#organization","name":"Lovepac","url":"https:\/\/lovepac.com\/es\/","logo":{"@type":"ImageObject","inLanguage":"es-ES","@id":"https:\/\/lovepac.com\/es\/#\/schema\/logo\/image\/","url":"https:\/\/lovepac.com\/wp-content\/uploads\/2017\/10\/Novapac_Blog.jpg","contentUrl":"https:\/\/lovepac.com\/wp-content\/uploads\/2017\/10\/Novapac_Blog.jpg","width":1000,"height":600,"caption":"Lovepac"},"image":{"@id":"https:\/\/lovepac.com\/es\/#\/schema\/logo\/image\/"}}]}},"_links":{"self":[{"href":"https:\/\/lovepac.com\/es\/wp-json\/wp\/v2\/pages\/8944","targetHints":{"allow":["GET"]}}],"collection":[{"href":"https:\/\/lovepac.com\/es\/wp-json\/wp\/v2\/pages"}],"about":[{"href":"https:\/\/lovepac.com\/es\/wp-json\/wp\/v2\/types\/page"}],"author":[{"embeddable":true,"href":"https:\/\/lovepac.com\/es\/wp-json\/wp\/v2\/users\/1"}],"replies":[{"embeddable":true,"href":"https:\/\/lovepac.com\/es\/wp-json\/wp\/v2\/comments?post=8944"}],"version-history":[{"count":2,"href":"https:\/\/lovepac.com\/es\/wp-json\/wp\/v2\/pages\/8944\/revisions"}],"predecessor-version":[{"id":8946,"href":"https:\/\/lovepac.com\/es\/wp-json\/wp\/v2\/pages\/8944\/revisions\/8946"}],"up":[{"embeddable":true,"href":"https:\/\/lovepac.com\/es\/wp-json\/wp\/v2\/pages\/8786"}],"wp:attachment":[{"href":"https:\/\/lovepac.com\/es\/wp-json\/wp\/v2\/media?parent=8944"}],"curies":[{"name":"wp","href":"https:\/\/api.w.org\/{rel}","templated":true}]}}