{"id":8949,"date":"2021-04-11T22:11:32","date_gmt":"2021-04-12T02:11:32","guid":{"rendered":"https:\/\/lovepac.com\/productos\/tarimas-y-crates-personalizados\/"},"modified":"2021-04-11T22:11:33","modified_gmt":"2021-04-12T02:11:33","slug":"tarimas-y-crates-personalizados","status":"publish","type":"page","link":"https:\/\/lovepac.com\/es\/productos\/tarimas-y-crates-personalizados\/","title":{"rendered":"Tarimas y Crates personalizados"},"content":{"rendered":"<p><div class=\"fusion-fullwidth fullwidth-box fusion-builder-row-1 fusion-flex-container nonhundred-percent-fullwidth non-hundred-percent-height-scrolling\" style=\"--awb-border-radius-top-left:0px;--awb-border-radius-top-right:0px;--awb-border-radius-bottom-right:0px;--awb-border-radius-bottom-left:0px;--awb-flex-wrap:wrap;\" ><\/div><div class=\"fusion-builder-row fusion-row fusion-flex-align-items-flex-start fusion-flex-content-wrap\" style=\"max-width:calc( 1170px + 0px );margin-left: calc(-0px \/ 2 );margin-right: calc(-0px \/ 2 );\"><\/div><div class=\"fusion-layout-column fusion_builder_column fusion-builder-column-0 fusion_builder_column_1_1 1_1 fusion-one-full fusion-column-first fusion-column-last\" style=\"--awb-bg-size:cover;--awb-margin-bottom:0px;width:100%;\"><div class=\"fusion-column-wrapper fusion-flex-column-wrapper-legacy\"><div class=\"fusion-clearfix\"><\/div><\/div><\/div><div class=\"fusion-text fusion-text-1\"><\/div><\/p>\n<h4>Palets y cajones personalizados<\/h4>\n<p>Los palets y cajas de madera a medida son siempre la soluci\u00f3n ideal para proteger productos muy pesados \u200b\u200bo fr\u00e1giles transportados por varios transportistas.\u00a0Nuestro equipo de dise\u00f1o de CorrDesign tiene como objetivo utilizar la mayor cantidad de cart\u00f3n corrugado posible para reducir el peso y los costos de material, lo que le permite ahorrar en costos de empaque y env\u00edo.<\/p>\n<p>Utilizando nuestro m\u00e9todo exclusivo CorrMethod, desarrollamos soluciones de embalaje de protecci\u00f3n, que incluyen paletas y cajas de madera tratadas t\u00e9rmicamente personalizadas listas para la exportaci\u00f3n.\u00a0Nuestros modelos son m\u00e1s ligeros y asequibles que otros del mercado.\u00a0Adem\u00e1s, ocupan menos espacio en su espacio de almacenamiento.<\/p>\n<p><a href=\"https:\/\/lovepac.com\/es\/contactenos\/\">\u00a1Cont\u00e1ctanos ahora para una cotizaci\u00f3n!<\/a><\/p>\n<h4>Cajas de madera<\/h4>\n<p><img decoding=\"async\" class=\"alignnone size-medium wp-image-5876\" src=\"https:\/\/lovepac.com\/wp-content\/uploads\/2017\/10\/woodencrates-300x202.jpg\" alt=\"Caisses sur mesure - caisses de bois\" width=\"300\" height=\"202\" srcset=\"https:\/\/lovepac.com\/wp-content\/uploads\/2017\/10\/woodencrates-200x134.jpg 200w, https:\/\/lovepac.com\/wp-content\/uploads\/2017\/10\/woodencrates-300x202.jpg 300w, https:\/\/lovepac.com\/wp-content\/uploads\/2017\/10\/woodencrates-400x269.jpg 400w, https:\/\/lovepac.com\/wp-content\/uploads\/2017\/10\/woodencrates.jpg 418w\" sizes=\"(max-width: 300px) 100vw, 300px\" \/><\/p>\n<h4>Casos h\u00edbridos<\/h4>\n<p><img decoding=\"async\" class=\"alignnone size-medium wp-image-5874\" src=\"https:\/\/lovepac.com\/wp-content\/uploads\/2017\/10\/hybrides-300x202.jpg\" alt=\"Caisses sur mesure - caisses hybrides\" width=\"300\" height=\"202\" srcset=\"https:\/\/lovepac.com\/wp-content\/uploads\/2017\/10\/hybrides-200x134.jpg 200w, https:\/\/lovepac.com\/wp-content\/uploads\/2017\/10\/hybrides-300x202.jpg 300w, https:\/\/lovepac.com\/wp-content\/uploads\/2017\/10\/hybrides-400x269.jpg 400w, https:\/\/lovepac.com\/wp-content\/uploads\/2017\/10\/hybrides.jpg 418w\" sizes=\"(max-width: 300px) 100vw, 300px\" \/><\/p>\n<h4>Palets personalizados<\/h4>\n<p><img decoding=\"async\" class=\"alignnone size-medium wp-image-5872\" src=\"https:\/\/lovepac.com\/wp-content\/uploads\/2017\/10\/customcrates-300x202.jpg\" alt=\"Caisses sur mesure - palettes sur mesure\" width=\"300\" height=\"202\" srcset=\"https:\/\/lovepac.com\/wp-content\/uploads\/2017\/10\/customcrates-200x134.jpg 200w, https:\/\/lovepac.com\/wp-content\/uploads\/2017\/10\/customcrates-300x202.jpg 300w, https:\/\/lovepac.com\/wp-content\/uploads\/2017\/10\/customcrates-400x269.jpg 400w, https:\/\/lovepac.com\/wp-content\/uploads\/2017\/10\/customcrates.jpg 418w\" sizes=\"(max-width: 300px) 100vw, 300px\" \/><\/p>\n<h4>Pagos simplificados<\/h4>\n<p><img decoding=\"async\" class=\"alignnone size-medium wp-image-5872\" src=\"https:\/\/lovepac.com\/wp-content\/uploads\/2019\/06\/Easycrate-300x185.jpg\" alt=\"Caisses sur mesure - palettes sur mesure\" width=\"300\" height=\"202\" \/><\/p>\n<h4>Cajas Lovewood<\/h4>\n<p><img decoding=\"async\" class=\"alignnone size-medium wp-image-5872\" src=\"https:\/\/lovepac.com\/wp-content\/uploads\/2019\/06\/Lovewood-1-300x185.jpg\" alt=\"Caisses sur mesure - palettes sur mesure\" width=\"300\" height=\"202\" \/><\/p>\n<p>Hay mil y una formas de hacer una caja.\u00a0La aplicaci\u00f3n de sus productos y servicios nos ayudar\u00e1 a determinar el dise\u00f1o y la fabricaci\u00f3n ideales para su embalaje protector.<\/p>\n<p>Lovewood ofrece una impresionante variedad de cajas personalizadas.\u00a0Un dise\u00f1o a medida estar\u00e1 directamente en l\u00ednea con sus necesidades, manteniendo un dise\u00f1o simple para la fabricaci\u00f3n y el montaje.<\/p>\n<p>\u00a1El dise\u00f1o a medida de Lovewood se convierte en la soluci\u00f3n perfecta para diferenciarte en el mercado!<\/p>\n<p>&nbsp;<\/p>\n","protected":false},"excerpt":{"rendered":"<p>Palets y cajones personalizados Los palets y cajas de madera  [&#8230;]<\/p>\n","protected":false},"author":1,"featured_media":0,"parent":8786,"menu_order":16,"comment_status":"closed","ping_status":"closed","template":"side-navigation.php","meta":{"footnotes":""},"class_list":["post-8949","page","type-page","status-publish","hentry"],"yoast_head":"<!-- This site is optimized with the Yoast SEO plugin v27.5 - https:\/\/yoast.com\/product\/yoast-seo-wordpress\/ -->\n<title>Cajas personalizadas: Lovepac produce paletas y cajas personalizadas<\/title>\n<meta name=\"description\" content=\"Cajas personalizadas: Lovepac produce paletas y cajas de madera personalizadas para proteger productos muy pesados \u200b\u200bo fr\u00e1giles.\" \/>\n<meta name=\"robots\" content=\"index, follow, max-snippet:-1, max-image-preview:large, max-video-preview:-1\" \/>\n<link rel=\"canonical\" href=\"https:\/\/lovepac.com\/es\/productos\/tarimas-y-crates-personalizados\/\" \/>\n<meta property=\"og:locale\" content=\"es_ES\" \/>\n<meta property=\"og:type\" content=\"article\" \/>\n<meta property=\"og:title\" content=\"Cajas personalizadas: Lovepac produce paletas y cajas personalizadas\" \/>\n<meta property=\"og:description\" content=\"Cajas personalizadas: Lovepac produce paletas y cajas de madera personalizadas para proteger productos muy pesados \u200b\u200bo fr\u00e1giles.\" \/>\n<meta property=\"og:url\" content=\"https:\/\/lovepac.com\/es\/productos\/tarimas-y-crates-personalizados\/\" \/>\n<meta property=\"og:site_name\" content=\"Lovepac\" \/>\n<meta property=\"article:modified_time\" content=\"2021-04-12T02:11:33+00:00\" \/>\n<meta property=\"og:image\" content=\"https:\/\/lovepac.com\/wp-content\/uploads\/2017\/10\/woodencrates-300x202.jpg\" \/>\n<meta name=\"twitter:card\" content=\"summary_large_image\" \/>\n<meta name=\"twitter:label1\" content=\"Est. reading time\" \/>\n\t<meta name=\"twitter:data1\" content=\"2 minutes\" \/>\n<script type=\"application\/ld+json\" class=\"yoast-schema-graph\">{\"@context\":\"https:\\\/\\\/schema.org\",\"@graph\":[{\"@type\":\"WebPage\",\"@id\":\"https:\\\/\\\/lovepac.com\\\/es\\\/productos\\\/tarimas-y-crates-personalizados\\\/\",\"url\":\"https:\\\/\\\/lovepac.com\\\/es\\\/productos\\\/tarimas-y-crates-personalizados\\\/\",\"name\":\"Cajas personalizadas: Lovepac produce paletas y cajas personalizadas\",\"isPartOf\":{\"@id\":\"https:\\\/\\\/lovepac.com\\\/es\\\/#website\"},\"primaryImageOfPage\":{\"@id\":\"https:\\\/\\\/lovepac.com\\\/es\\\/productos\\\/tarimas-y-crates-personalizados\\\/#primaryimage\"},\"image\":{\"@id\":\"https:\\\/\\\/lovepac.com\\\/es\\\/productos\\\/tarimas-y-crates-personalizados\\\/#primaryimage\"},\"thumbnailUrl\":\"https:\\\/\\\/lovepac.com\\\/wp-content\\\/uploads\\\/2017\\\/10\\\/woodencrates-300x202.jpg\",\"datePublished\":\"2021-04-12T02:11:32+00:00\",\"dateModified\":\"2021-04-12T02:11:33+00:00\",\"description\":\"Cajas personalizadas: Lovepac produce paletas y cajas de madera personalizadas para proteger productos muy pesados \u200b\u200bo fr\u00e1giles.\",\"breadcrumb\":{\"@id\":\"https:\\\/\\\/lovepac.com\\\/es\\\/productos\\\/tarimas-y-crates-personalizados\\\/#breadcrumb\"},\"inLanguage\":\"es-ES\",\"potentialAction\":[{\"@type\":\"ReadAction\",\"target\":[\"https:\\\/\\\/lovepac.com\\\/es\\\/productos\\\/tarimas-y-crates-personalizados\\\/\"]}]},{\"@type\":\"ImageObject\",\"inLanguage\":\"es-ES\",\"@id\":\"https:\\\/\\\/lovepac.com\\\/es\\\/productos\\\/tarimas-y-crates-personalizados\\\/#primaryimage\",\"url\":\"https:\\\/\\\/lovepac.com\\\/wp-content\\\/uploads\\\/2017\\\/10\\\/woodencrates-300x202.jpg\",\"contentUrl\":\"https:\\\/\\\/lovepac.com\\\/wp-content\\\/uploads\\\/2017\\\/10\\\/woodencrates-300x202.jpg\"},{\"@type\":\"BreadcrumbList\",\"@id\":\"https:\\\/\\\/lovepac.com\\\/es\\\/productos\\\/tarimas-y-crates-personalizados\\\/#breadcrumb\",\"itemListElement\":[{\"@type\":\"ListItem\",\"position\":1,\"name\":\"Accueil\",\"item\":\"https:\\\/\\\/lovepac.com\\\/es\\\/\"},{\"@type\":\"ListItem\",\"position\":2,\"name\":\"Productos\",\"item\":\"https:\\\/\\\/lovepac.com\\\/es\\\/productos\\\/\"},{\"@type\":\"ListItem\",\"position\":3,\"name\":\"Tarimas y Crates personalizados\"}]},{\"@type\":\"WebSite\",\"@id\":\"https:\\\/\\\/lovepac.com\\\/es\\\/#website\",\"url\":\"https:\\\/\\\/lovepac.com\\\/es\\\/\",\"name\":\"Lovepac\",\"description\":\"Emballages de bo\u00eetes en carton fiables et de qualit\u00e9 sup\u00e9rieure\",\"publisher\":{\"@id\":\"https:\\\/\\\/lovepac.com\\\/es\\\/#organization\"},\"potentialAction\":[{\"@type\":\"SearchAction\",\"target\":{\"@type\":\"EntryPoint\",\"urlTemplate\":\"https:\\\/\\\/lovepac.com\\\/es\\\/?s={search_term_string}\"},\"query-input\":{\"@type\":\"PropertyValueSpecification\",\"valueRequired\":true,\"valueName\":\"search_term_string\"}}],\"inLanguage\":\"es-ES\"},{\"@type\":\"Organization\",\"@id\":\"https:\\\/\\\/lovepac.com\\\/es\\\/#organization\",\"name\":\"Lovepac\",\"url\":\"https:\\\/\\\/lovepac.com\\\/es\\\/\",\"logo\":{\"@type\":\"ImageObject\",\"inLanguage\":\"es-ES\",\"@id\":\"https:\\\/\\\/lovepac.com\\\/es\\\/#\\\/schema\\\/logo\\\/image\\\/\",\"url\":\"https:\\\/\\\/lovepac.com\\\/wp-content\\\/uploads\\\/2017\\\/10\\\/Novapac_Blog.jpg\",\"contentUrl\":\"https:\\\/\\\/lovepac.com\\\/wp-content\\\/uploads\\\/2017\\\/10\\\/Novapac_Blog.jpg\",\"width\":1000,\"height\":600,\"caption\":\"Lovepac\"},\"image\":{\"@id\":\"https:\\\/\\\/lovepac.com\\\/es\\\/#\\\/schema\\\/logo\\\/image\\\/\"}}]}<\/script>\n<!-- \/ Yoast SEO plugin. -->","yoast_head_json":{"title":"Cajas personalizadas: Lovepac produce paletas y cajas personalizadas","description":"Cajas personalizadas: Lovepac produce paletas y cajas de madera personalizadas para proteger productos muy pesados \u200b\u200bo fr\u00e1giles.","robots":{"index":"index","follow":"follow","max-snippet":"max-snippet:-1","max-image-preview":"max-image-preview:large","max-video-preview":"max-video-preview:-1"},"canonical":"https:\/\/lovepac.com\/es\/productos\/tarimas-y-crates-personalizados\/","og_locale":"es_ES","og_type":"article","og_title":"Cajas personalizadas: Lovepac produce paletas y cajas personalizadas","og_description":"Cajas personalizadas: Lovepac produce paletas y cajas de madera personalizadas para proteger productos muy pesados \u200b\u200bo fr\u00e1giles.","og_url":"https:\/\/lovepac.com\/es\/productos\/tarimas-y-crates-personalizados\/","og_site_name":"Lovepac","article_modified_time":"2021-04-12T02:11:33+00:00","og_image":[{"url":"https:\/\/lovepac.com\/wp-content\/uploads\/2017\/10\/woodencrates-300x202.jpg","type":"","width":"","height":""}],"twitter_card":"summary_large_image","twitter_misc":{"Est. reading time":"2 minutes"},"schema":{"@context":"https:\/\/schema.org","@graph":[{"@type":"WebPage","@id":"https:\/\/lovepac.com\/es\/productos\/tarimas-y-crates-personalizados\/","url":"https:\/\/lovepac.com\/es\/productos\/tarimas-y-crates-personalizados\/","name":"Cajas personalizadas: Lovepac produce paletas y cajas personalizadas","isPartOf":{"@id":"https:\/\/lovepac.com\/es\/#website"},"primaryImageOfPage":{"@id":"https:\/\/lovepac.com\/es\/productos\/tarimas-y-crates-personalizados\/#primaryimage"},"image":{"@id":"https:\/\/lovepac.com\/es\/productos\/tarimas-y-crates-personalizados\/#primaryimage"},"thumbnailUrl":"https:\/\/lovepac.com\/wp-content\/uploads\/2017\/10\/woodencrates-300x202.jpg","datePublished":"2021-04-12T02:11:32+00:00","dateModified":"2021-04-12T02:11:33+00:00","description":"Cajas personalizadas: Lovepac produce paletas y cajas de madera personalizadas para proteger productos muy pesados \u200b\u200bo fr\u00e1giles.","breadcrumb":{"@id":"https:\/\/lovepac.com\/es\/productos\/tarimas-y-crates-personalizados\/#breadcrumb"},"inLanguage":"es-ES","potentialAction":[{"@type":"ReadAction","target":["https:\/\/lovepac.com\/es\/productos\/tarimas-y-crates-personalizados\/"]}]},{"@type":"ImageObject","inLanguage":"es-ES","@id":"https:\/\/lovepac.com\/es\/productos\/tarimas-y-crates-personalizados\/#primaryimage","url":"https:\/\/lovepac.com\/wp-content\/uploads\/2017\/10\/woodencrates-300x202.jpg","contentUrl":"https:\/\/lovepac.com\/wp-content\/uploads\/2017\/10\/woodencrates-300x202.jpg"},{"@type":"BreadcrumbList","@id":"https:\/\/lovepac.com\/es\/productos\/tarimas-y-crates-personalizados\/#breadcrumb","itemListElement":[{"@type":"ListItem","position":1,"name":"Accueil","item":"https:\/\/lovepac.com\/es\/"},{"@type":"ListItem","position":2,"name":"Productos","item":"https:\/\/lovepac.com\/es\/productos\/"},{"@type":"ListItem","position":3,"name":"Tarimas y Crates personalizados"}]},{"@type":"WebSite","@id":"https:\/\/lovepac.com\/es\/#website","url":"https:\/\/lovepac.com\/es\/","name":"Lovepac","description":"Emballages de bo\u00eetes en carton fiables et de qualit\u00e9 sup\u00e9rieure","publisher":{"@id":"https:\/\/lovepac.com\/es\/#organization"},"potentialAction":[{"@type":"SearchAction","target":{"@type":"EntryPoint","urlTemplate":"https:\/\/lovepac.com\/es\/?s={search_term_string}"},"query-input":{"@type":"PropertyValueSpecification","valueRequired":true,"valueName":"search_term_string"}}],"inLanguage":"es-ES"},{"@type":"Organization","@id":"https:\/\/lovepac.com\/es\/#organization","name":"Lovepac","url":"https:\/\/lovepac.com\/es\/","logo":{"@type":"ImageObject","inLanguage":"es-ES","@id":"https:\/\/lovepac.com\/es\/#\/schema\/logo\/image\/","url":"https:\/\/lovepac.com\/wp-content\/uploads\/2017\/10\/Novapac_Blog.jpg","contentUrl":"https:\/\/lovepac.com\/wp-content\/uploads\/2017\/10\/Novapac_Blog.jpg","width":1000,"height":600,"caption":"Lovepac"},"image":{"@id":"https:\/\/lovepac.com\/es\/#\/schema\/logo\/image\/"}}]}},"_links":{"self":[{"href":"https:\/\/lovepac.com\/es\/wp-json\/wp\/v2\/pages\/8949","targetHints":{"allow":["GET"]}}],"collection":[{"href":"https:\/\/lovepac.com\/es\/wp-json\/wp\/v2\/pages"}],"about":[{"href":"https:\/\/lovepac.com\/es\/wp-json\/wp\/v2\/types\/page"}],"author":[{"embeddable":true,"href":"https:\/\/lovepac.com\/es\/wp-json\/wp\/v2\/users\/1"}],"replies":[{"embeddable":true,"href":"https:\/\/lovepac.com\/es\/wp-json\/wp\/v2\/comments?post=8949"}],"version-history":[{"count":2,"href":"https:\/\/lovepac.com\/es\/wp-json\/wp\/v2\/pages\/8949\/revisions"}],"predecessor-version":[{"id":8951,"href":"https:\/\/lovepac.com\/es\/wp-json\/wp\/v2\/pages\/8949\/revisions\/8951"}],"up":[{"embeddable":true,"href":"https:\/\/lovepac.com\/es\/wp-json\/wp\/v2\/pages\/8786"}],"wp:attachment":[{"href":"https:\/\/lovepac.com\/es\/wp-json\/wp\/v2\/media?parent=8949"}],"curies":[{"name":"wp","href":"https:\/\/api.w.org\/{rel}","templated":true}]}}