{"id":8953,"date":"2021-04-11T22:14:48","date_gmt":"2021-04-12T02:14:48","guid":{"rendered":"https:\/\/lovepac.com\/productos\/estuches-nanuk\/"},"modified":"2021-04-11T22:18:45","modified_gmt":"2021-04-12T02:18:45","slug":"estuches-nanuk","status":"publish","type":"page","link":"https:\/\/lovepac.com\/es\/productos\/estuches-nanuk\/","title":{"rendered":"Estuches Nanuk"},"content":{"rendered":"<div class=\"fusion-fullwidth fullwidth-box fusion-builder-row-1 fusion-flex-container nonhundred-percent-fullwidth non-hundred-percent-height-scrolling\" style=\"--awb-border-radius-top-left:0px;--awb-border-radius-top-right:0px;--awb-border-radius-bottom-right:0px;--awb-border-radius-bottom-left:0px;--awb-flex-wrap:wrap;\" ><div class=\"fusion-builder-row fusion-row fusion-flex-align-items-flex-start fusion-flex-content-wrap\" style=\"max-width:calc( 1170px + 0px );margin-left: calc(-0px \/ 2 );margin-right: calc(-0px \/ 2 );\"><div class=\"fusion-layout-column fusion_builder_column fusion-builder-column-0 fusion_builder_column_1_1 1_1 fusion-flex-column\" style=\"--awb-bg-size:cover;--awb-width-large:100%;--awb-margin-top-large:0px;--awb-spacing-right-large:0px;--awb-margin-bottom-large:0px;--awb-spacing-left-large:0px;--awb-width-medium:100%;--awb-spacing-right-medium:0px;--awb-spacing-left-medium:0px;--awb-width-small:100%;--awb-spacing-right-small:0px;--awb-spacing-left-small:0px;\"><div class=\"fusion-column-wrapper fusion-flex-justify-content-flex-start fusion-content-layout-column\"><div class=\"fusion-text fusion-text-1\"><h3>Estuches Nanuk<\/h3>\n<h4>Un producto a medida seg\u00fan tus preferencias<\/h4>\n<p><img decoding=\"async\" class=\"floatright alignright wp-image-8485 size-medium\" src=\"https:\/\/lovepac.com\/wp-content\/uploads\/2020\/07\/Nanuk-918-300x300.png\" alt=\"\" width=\"300\" height=\"300\" border=\"0\" srcset=\"https:\/\/lovepac.com\/wp-content\/uploads\/2020\/07\/Nanuk-918-66x66.png 66w, https:\/\/lovepac.com\/wp-content\/uploads\/2020\/07\/Nanuk-918-150x150.png 150w, https:\/\/lovepac.com\/wp-content\/uploads\/2020\/07\/Nanuk-918-200x200.png 200w, https:\/\/lovepac.com\/wp-content\/uploads\/2020\/07\/Nanuk-918-300x300.png 300w, https:\/\/lovepac.com\/wp-content\/uploads\/2020\/07\/Nanuk-918-400x400.png 400w, https:\/\/lovepac.com\/wp-content\/uploads\/2020\/07\/Nanuk-918.png 540w\" sizes=\"(max-width: 300px) 100vw, 300px\" \/><\/p>\n<p>Lovepac se enorgullece de ser un distribuidor oficial de estuches Nanuk en Am\u00e9rica del Norte.\u00a0Hay que decir que estos estuches existen desde hace m\u00e1s de 40 a\u00f1os, porque son robustos, duraderos y pr\u00e1cticamente irrompibles.<\/p>\n<p>Como fabricantes de embalajes protectores, podemos ofrecer a nuestros clientes una personalizaci\u00f3n \u00fanica de cualquier funda Nanuk.<\/p>\n<p>Podemos adaptar casi cualquier cosa que necesite y cumplir con los requisitos militares, de aviaci\u00f3n y de transporte.\u00a0Trabajamos con polietileno, poliuretano, espuma reticulada y una mezcla de estas espumas para crear un producto a tu medida.<\/p>\n<p>P\u00f3ngase en contacto con nuestro servicio de atenci\u00f3n al cliente o con nuestro equipo de dise\u00f1o de CorrDesign para discutir su proyecto.<\/p>\n<p align=\"center\"><img decoding=\"async\" class=\"aligncenter wp-image-8512\" src=\"https:\/\/lovepac.com\/wp-content\/uploads\/2020\/07\/Nanuk-3-3-300x122.png\" alt=\"\" width=\"686\" height=\"279\" border=\"0\" srcset=\"https:\/\/lovepac.com\/wp-content\/uploads\/2020\/07\/Nanuk-3-3-200x81.png 200w, https:\/\/lovepac.com\/wp-content\/uploads\/2020\/07\/Nanuk-3-3-300x122.png 300w, https:\/\/lovepac.com\/wp-content\/uploads\/2020\/07\/Nanuk-3-3-400x162.png 400w, https:\/\/lovepac.com\/wp-content\/uploads\/2020\/07\/Nanuk-3-3-600x244.png 600w, https:\/\/lovepac.com\/wp-content\/uploads\/2020\/07\/Nanuk-3-3-669x272.png 669w, https:\/\/lovepac.com\/wp-content\/uploads\/2020\/07\/Nanuk-3-3-768x312.png 768w, https:\/\/lovepac.com\/wp-content\/uploads\/2020\/07\/Nanuk-3-3-800x325.png 800w, https:\/\/lovepac.com\/wp-content\/uploads\/2020\/07\/Nanuk-3-3-1024x416.png 1024w, https:\/\/lovepac.com\/wp-content\/uploads\/2020\/07\/Nanuk-3-3-1200x487.png 1200w, https:\/\/lovepac.com\/wp-content\/uploads\/2020\/07\/Nanuk-3-3.png 1330w\" sizes=\"(max-width: 686px) 100vw, 686px\" \/><\/p>\n<p>Las fundas Nanuk son lo que mejor hacemos: tome un producto premium como la funda Nanuk y personal\u00edcelo para proteger lo que le importa.\u00a0Las atractivas fundas Nanuk son resistentes y proteger\u00e1n sus productos durante toda su vida.<\/p>\n<\/div><\/div><\/div><\/div><\/div>\n","protected":false},"excerpt":{"rendered":"","protected":false},"author":13,"featured_media":0,"parent":8786,"menu_order":11,"comment_status":"closed","ping_status":"closed","template":"side-navigation.php","meta":{"footnotes":""},"class_list":["post-8953","page","type-page","status-publish","hentry"],"yoast_head":"<!-- This site is optimized with the Yoast SEO plugin v27.3 - https:\/\/yoast.com\/product\/yoast-seo-wordpress\/ -->\n<title>Estuches Nanuk - Lovepac es el distribuidor oficial de estuches Nanuk<\/title>\n<meta name=\"description\" content=\"Estuches Nanuk: Lovepac es el distribuidor oficial de estuches Nanuk en Am\u00e9rica del Norte. Incluso podemos adaptarlos seg\u00fan sus necesidades.\" \/>\n<meta name=\"robots\" content=\"index, follow, max-snippet:-1, max-image-preview:large, max-video-preview:-1\" \/>\n<link rel=\"canonical\" href=\"https:\/\/lovepac.com\/es\/productos\/estuches-nanuk\/\" \/>\n<meta property=\"og:locale\" content=\"es_ES\" \/>\n<meta property=\"og:type\" content=\"article\" \/>\n<meta property=\"og:title\" content=\"Estuches Nanuk - Lovepac es el distribuidor oficial de estuches Nanuk\" \/>\n<meta property=\"og:description\" content=\"Estuches Nanuk: Lovepac es el distribuidor oficial de estuches Nanuk en Am\u00e9rica del Norte. Incluso podemos adaptarlos seg\u00fan sus necesidades.\" \/>\n<meta property=\"og:url\" content=\"https:\/\/lovepac.com\/es\/productos\/estuches-nanuk\/\" \/>\n<meta property=\"og:site_name\" content=\"Lovepac\" \/>\n<meta property=\"article:modified_time\" content=\"2021-04-12T02:18:45+00:00\" \/>\n<meta property=\"og:image\" content=\"https:\/\/lovepac.com\/wp-content\/uploads\/2020\/07\/Nanuk-918-300x300.png\" \/>\n<meta name=\"twitter:card\" content=\"summary_large_image\" \/>\n<meta name=\"twitter:label1\" content=\"Est. reading time\" \/>\n\t<meta name=\"twitter:data1\" content=\"2 minutes\" \/>\n<script type=\"application\/ld+json\" class=\"yoast-schema-graph\">{\"@context\":\"https:\\\/\\\/schema.org\",\"@graph\":[{\"@type\":\"WebPage\",\"@id\":\"https:\\\/\\\/lovepac.com\\\/es\\\/productos\\\/estuches-nanuk\\\/\",\"url\":\"https:\\\/\\\/lovepac.com\\\/es\\\/productos\\\/estuches-nanuk\\\/\",\"name\":\"Estuches Nanuk - Lovepac es el distribuidor oficial de estuches Nanuk\",\"isPartOf\":{\"@id\":\"https:\\\/\\\/lovepac.com\\\/es\\\/#website\"},\"primaryImageOfPage\":{\"@id\":\"https:\\\/\\\/lovepac.com\\\/es\\\/productos\\\/estuches-nanuk\\\/#primaryimage\"},\"image\":{\"@id\":\"https:\\\/\\\/lovepac.com\\\/es\\\/productos\\\/estuches-nanuk\\\/#primaryimage\"},\"thumbnailUrl\":\"https:\\\/\\\/lovepac.com\\\/wp-content\\\/uploads\\\/2020\\\/07\\\/Nanuk-918-300x300.png\",\"datePublished\":\"2021-04-12T02:14:48+00:00\",\"dateModified\":\"2021-04-12T02:18:45+00:00\",\"description\":\"Estuches Nanuk: Lovepac es el distribuidor oficial de estuches Nanuk en Am\u00e9rica del Norte. Incluso podemos adaptarlos seg\u00fan sus necesidades.\",\"breadcrumb\":{\"@id\":\"https:\\\/\\\/lovepac.com\\\/es\\\/productos\\\/estuches-nanuk\\\/#breadcrumb\"},\"inLanguage\":\"es-ES\",\"potentialAction\":[{\"@type\":\"ReadAction\",\"target\":[\"https:\\\/\\\/lovepac.com\\\/es\\\/productos\\\/estuches-nanuk\\\/\"]}]},{\"@type\":\"ImageObject\",\"inLanguage\":\"es-ES\",\"@id\":\"https:\\\/\\\/lovepac.com\\\/es\\\/productos\\\/estuches-nanuk\\\/#primaryimage\",\"url\":\"https:\\\/\\\/lovepac.com\\\/wp-content\\\/uploads\\\/2020\\\/07\\\/Nanuk-918-300x300.png\",\"contentUrl\":\"https:\\\/\\\/lovepac.com\\\/wp-content\\\/uploads\\\/2020\\\/07\\\/Nanuk-918-300x300.png\"},{\"@type\":\"BreadcrumbList\",\"@id\":\"https:\\\/\\\/lovepac.com\\\/es\\\/productos\\\/estuches-nanuk\\\/#breadcrumb\",\"itemListElement\":[{\"@type\":\"ListItem\",\"position\":1,\"name\":\"Accueil\",\"item\":\"https:\\\/\\\/lovepac.com\\\/es\\\/\"},{\"@type\":\"ListItem\",\"position\":2,\"name\":\"Productos\",\"item\":\"https:\\\/\\\/lovepac.com\\\/es\\\/productos\\\/\"},{\"@type\":\"ListItem\",\"position\":3,\"name\":\"Estuches Nanuk\"}]},{\"@type\":\"WebSite\",\"@id\":\"https:\\\/\\\/lovepac.com\\\/es\\\/#website\",\"url\":\"https:\\\/\\\/lovepac.com\\\/es\\\/\",\"name\":\"Lovepac\",\"description\":\"Emballages de bo\u00eetes en carton fiables et de qualit\u00e9 sup\u00e9rieure\",\"publisher\":{\"@id\":\"https:\\\/\\\/lovepac.com\\\/es\\\/#organization\"},\"potentialAction\":[{\"@type\":\"SearchAction\",\"target\":{\"@type\":\"EntryPoint\",\"urlTemplate\":\"https:\\\/\\\/lovepac.com\\\/es\\\/?s={search_term_string}\"},\"query-input\":{\"@type\":\"PropertyValueSpecification\",\"valueRequired\":true,\"valueName\":\"search_term_string\"}}],\"inLanguage\":\"es-ES\"},{\"@type\":\"Organization\",\"@id\":\"https:\\\/\\\/lovepac.com\\\/es\\\/#organization\",\"name\":\"Lovepac\",\"url\":\"https:\\\/\\\/lovepac.com\\\/es\\\/\",\"logo\":{\"@type\":\"ImageObject\",\"inLanguage\":\"es-ES\",\"@id\":\"https:\\\/\\\/lovepac.com\\\/es\\\/#\\\/schema\\\/logo\\\/image\\\/\",\"url\":\"https:\\\/\\\/lovepac.com\\\/wp-content\\\/uploads\\\/2017\\\/10\\\/Novapac_Blog.jpg\",\"contentUrl\":\"https:\\\/\\\/lovepac.com\\\/wp-content\\\/uploads\\\/2017\\\/10\\\/Novapac_Blog.jpg\",\"width\":1000,\"height\":600,\"caption\":\"Lovepac\"},\"image\":{\"@id\":\"https:\\\/\\\/lovepac.com\\\/es\\\/#\\\/schema\\\/logo\\\/image\\\/\"}}]}<\/script>\n<!-- \/ Yoast SEO plugin. -->","yoast_head_json":{"title":"Estuches Nanuk - Lovepac es el distribuidor oficial de estuches Nanuk","description":"Estuches Nanuk: Lovepac es el distribuidor oficial de estuches Nanuk en Am\u00e9rica del Norte. Incluso podemos adaptarlos seg\u00fan sus necesidades.","robots":{"index":"index","follow":"follow","max-snippet":"max-snippet:-1","max-image-preview":"max-image-preview:large","max-video-preview":"max-video-preview:-1"},"canonical":"https:\/\/lovepac.com\/es\/productos\/estuches-nanuk\/","og_locale":"es_ES","og_type":"article","og_title":"Estuches Nanuk - Lovepac es el distribuidor oficial de estuches Nanuk","og_description":"Estuches Nanuk: Lovepac es el distribuidor oficial de estuches Nanuk en Am\u00e9rica del Norte. Incluso podemos adaptarlos seg\u00fan sus necesidades.","og_url":"https:\/\/lovepac.com\/es\/productos\/estuches-nanuk\/","og_site_name":"Lovepac","article_modified_time":"2021-04-12T02:18:45+00:00","og_image":[{"url":"https:\/\/lovepac.com\/wp-content\/uploads\/2020\/07\/Nanuk-918-300x300.png","type":"","width":"","height":""}],"twitter_card":"summary_large_image","twitter_misc":{"Est. reading time":"2 minutes"},"schema":{"@context":"https:\/\/schema.org","@graph":[{"@type":"WebPage","@id":"https:\/\/lovepac.com\/es\/productos\/estuches-nanuk\/","url":"https:\/\/lovepac.com\/es\/productos\/estuches-nanuk\/","name":"Estuches Nanuk - Lovepac es el distribuidor oficial de estuches Nanuk","isPartOf":{"@id":"https:\/\/lovepac.com\/es\/#website"},"primaryImageOfPage":{"@id":"https:\/\/lovepac.com\/es\/productos\/estuches-nanuk\/#primaryimage"},"image":{"@id":"https:\/\/lovepac.com\/es\/productos\/estuches-nanuk\/#primaryimage"},"thumbnailUrl":"https:\/\/lovepac.com\/wp-content\/uploads\/2020\/07\/Nanuk-918-300x300.png","datePublished":"2021-04-12T02:14:48+00:00","dateModified":"2021-04-12T02:18:45+00:00","description":"Estuches Nanuk: Lovepac es el distribuidor oficial de estuches Nanuk en Am\u00e9rica del Norte. Incluso podemos adaptarlos seg\u00fan sus necesidades.","breadcrumb":{"@id":"https:\/\/lovepac.com\/es\/productos\/estuches-nanuk\/#breadcrumb"},"inLanguage":"es-ES","potentialAction":[{"@type":"ReadAction","target":["https:\/\/lovepac.com\/es\/productos\/estuches-nanuk\/"]}]},{"@type":"ImageObject","inLanguage":"es-ES","@id":"https:\/\/lovepac.com\/es\/productos\/estuches-nanuk\/#primaryimage","url":"https:\/\/lovepac.com\/wp-content\/uploads\/2020\/07\/Nanuk-918-300x300.png","contentUrl":"https:\/\/lovepac.com\/wp-content\/uploads\/2020\/07\/Nanuk-918-300x300.png"},{"@type":"BreadcrumbList","@id":"https:\/\/lovepac.com\/es\/productos\/estuches-nanuk\/#breadcrumb","itemListElement":[{"@type":"ListItem","position":1,"name":"Accueil","item":"https:\/\/lovepac.com\/es\/"},{"@type":"ListItem","position":2,"name":"Productos","item":"https:\/\/lovepac.com\/es\/productos\/"},{"@type":"ListItem","position":3,"name":"Estuches Nanuk"}]},{"@type":"WebSite","@id":"https:\/\/lovepac.com\/es\/#website","url":"https:\/\/lovepac.com\/es\/","name":"Lovepac","description":"Emballages de bo\u00eetes en carton fiables et de qualit\u00e9 sup\u00e9rieure","publisher":{"@id":"https:\/\/lovepac.com\/es\/#organization"},"potentialAction":[{"@type":"SearchAction","target":{"@type":"EntryPoint","urlTemplate":"https:\/\/lovepac.com\/es\/?s={search_term_string}"},"query-input":{"@type":"PropertyValueSpecification","valueRequired":true,"valueName":"search_term_string"}}],"inLanguage":"es-ES"},{"@type":"Organization","@id":"https:\/\/lovepac.com\/es\/#organization","name":"Lovepac","url":"https:\/\/lovepac.com\/es\/","logo":{"@type":"ImageObject","inLanguage":"es-ES","@id":"https:\/\/lovepac.com\/es\/#\/schema\/logo\/image\/","url":"https:\/\/lovepac.com\/wp-content\/uploads\/2017\/10\/Novapac_Blog.jpg","contentUrl":"https:\/\/lovepac.com\/wp-content\/uploads\/2017\/10\/Novapac_Blog.jpg","width":1000,"height":600,"caption":"Lovepac"},"image":{"@id":"https:\/\/lovepac.com\/es\/#\/schema\/logo\/image\/"}}]}},"_links":{"self":[{"href":"https:\/\/lovepac.com\/es\/wp-json\/wp\/v2\/pages\/8953","targetHints":{"allow":["GET"]}}],"collection":[{"href":"https:\/\/lovepac.com\/es\/wp-json\/wp\/v2\/pages"}],"about":[{"href":"https:\/\/lovepac.com\/es\/wp-json\/wp\/v2\/types\/page"}],"author":[{"embeddable":true,"href":"https:\/\/lovepac.com\/es\/wp-json\/wp\/v2\/users\/13"}],"replies":[{"embeddable":true,"href":"https:\/\/lovepac.com\/es\/wp-json\/wp\/v2\/comments?post=8953"}],"version-history":[{"count":2,"href":"https:\/\/lovepac.com\/es\/wp-json\/wp\/v2\/pages\/8953\/revisions"}],"predecessor-version":[{"id":8957,"href":"https:\/\/lovepac.com\/es\/wp-json\/wp\/v2\/pages\/8953\/revisions\/8957"}],"up":[{"embeddable":true,"href":"https:\/\/lovepac.com\/es\/wp-json\/wp\/v2\/pages\/8786"}],"wp:attachment":[{"href":"https:\/\/lovepac.com\/es\/wp-json\/wp\/v2\/media?parent=8953"}],"curies":[{"name":"wp","href":"https:\/\/api.w.org\/{rel}","templated":true}]}}