{"id":8959,"date":"2021-04-11T22:21:22","date_gmt":"2021-04-12T02:21:22","guid":{"rendered":"https:\/\/lovepac.com\/productos\/embalaje-termico\/"},"modified":"2021-04-11T22:30:11","modified_gmt":"2021-04-12T02:30:11","slug":"embalaje-termico","status":"publish","type":"page","link":"https:\/\/lovepac.com\/es\/productos\/embalaje-termico\/","title":{"rendered":"Embalaje t\u00e9rmico"},"content":{"rendered":"<p><div class=\"fusion-fullwidth fullwidth-box fusion-builder-row-1 fusion-flex-container nonhundred-percent-fullwidth non-hundred-percent-height-scrolling\" style=\"--awb-border-radius-top-left:0px;--awb-border-radius-top-right:0px;--awb-border-radius-bottom-right:0px;--awb-border-radius-bottom-left:0px;--awb-flex-wrap:wrap;\" ><\/div><div class=\"fusion-builder-row fusion-row fusion-flex-align-items-flex-start fusion-flex-content-wrap\" style=\"max-width:calc( 1170px + 0px );margin-left: calc(-0px \/ 2 );margin-right: calc(-0px \/ 2 );\"><\/div><div class=\"fusion-layout-column fusion_builder_column fusion-builder-column-0 fusion_builder_column_1_1 1_1 fusion-one-full fusion-column-first fusion-column-last\" style=\"--awb-bg-size:cover;--awb-margin-bottom:0px;width:100%;\"><div class=\"fusion-column-wrapper fusion-flex-column-wrapper-legacy\"><div class=\"fusion-clearfix\"><\/div><\/div><\/div><div class=\"fusion-text fusion-text-1\"><\/div><\/p>\n<h3>Embalaje t\u00e9rmico<\/h3>\n<h4>Thermocorr<\/h4>\n<p><img decoding=\"async\" class=\"alignright wp-image-8029 \" src=\"https:\/\/lovepac.com\/wp-content\/uploads\/2019\/06\/Thermocorr-300x185.jpg\" alt=\"\" width=\"491\" height=\"303\" srcset=\"https:\/\/lovepac.com\/wp-content\/uploads\/2019\/06\/Thermocorr-200x123.jpg 200w, https:\/\/lovepac.com\/wp-content\/uploads\/2019\/06\/Thermocorr-300x185.jpg 300w, https:\/\/lovepac.com\/wp-content\/uploads\/2019\/06\/Thermocorr-400x247.jpg 400w, https:\/\/lovepac.com\/wp-content\/uploads\/2019\/06\/Thermocorr.jpg 532w\" sizes=\"(max-width: 491px) 100vw, 491px\" \/><\/p>\n<ul>\n<li><strong>Servicio de entrega en \u201cestufa\u201d<\/strong>\u00a0Incluye: manta calefactora que elimina la necesidad de preparaci\u00f3n o montaje<\/li>\n<li><strong>La cubierta de repuesto<\/strong>\u00a0reduce el desperdicio y los costos en m\u00e1s del 95% durante el segundo uso<\/li>\n<li>Espuma\u00a0<strong>&#8220;Revive&#8221;<\/strong>\u00a075% espuma reciclada, 67% cart\u00f3n reciclado<\/li>\n<li><strong>El embalaje preciso<\/strong>\u00a0es parte de nuestro modelo de &#8220;inventario seg\u00fan sea necesario&#8221;<\/li>\n<li><strong>Cumple con los estrictos requisitos de aislamiento t\u00e9rmico<\/strong>\u00a0Las propiedades cambiantes se adaptan a las fluctuaciones de temperatura durante el transporte<\/li>\n<li><strong>La caja h\u00edbrida de cart\u00f3n ondulado<\/strong>\u00a0reduce el peso hasta en un 30%<\/li>\n<li><strong>La cinta aislante de espuma de alta eficiencia<\/strong>\u00a0proporciona impermeabilizaci\u00f3n<\/li>\n<li><strong>Paneles VIP de Panasonic<\/strong><\/li>\n<li>Embalaje ligero de\u00a0<strong>dise\u00f1o h\u00edbrido<\/strong>\u00a0, reducci\u00f3n de tama\u00f1o y peso, por lo que se ahorra en transporte<\/li>\n<li>Embalaje\u00a0<strong>ecol\u00f3gico<\/strong>\u00a0completo cargado en caja retornable a medida<\/li>\n<\/ul>\n","protected":false},"excerpt":{"rendered":"<p>Embalaje t\u00e9rmico Thermocorr Servicio de entrega en \u201cestufa\u201d\u00a0Incluye: manta calefactora  [&#8230;]<\/p>\n","protected":false},"author":13,"featured_media":0,"parent":8786,"menu_order":11,"comment_status":"closed","ping_status":"closed","template":"side-navigation.php","meta":{"footnotes":""},"class_list":["post-8959","page","type-page","status-publish","hentry"],"yoast_head":"<!-- This site is optimized with the Yoast SEO plugin v27.3 - https:\/\/yoast.com\/product\/yoast-seo-wordpress\/ -->\n<title>Embalaje t\u00e9rmico - Montreal<\/title>\n<meta name=\"description\" content=\"Embalaje t\u00e9rmico: cumple con los estrictos requisitos de aislamiento t\u00e9rmico. Las propiedades cambiantes se adaptan a las fluctuaciones de temperatura durante el transporte\" \/>\n<meta name=\"robots\" content=\"index, follow, max-snippet:-1, max-image-preview:large, max-video-preview:-1\" \/>\n<link rel=\"canonical\" href=\"https:\/\/lovepac.com\/es\/productos\/embalaje-termico\/\" \/>\n<meta property=\"og:locale\" content=\"es_ES\" \/>\n<meta property=\"og:type\" content=\"article\" \/>\n<meta property=\"og:title\" content=\"Embalaje t\u00e9rmico - Montreal\" \/>\n<meta property=\"og:description\" content=\"Embalaje t\u00e9rmico: cumple con los estrictos requisitos de aislamiento t\u00e9rmico. Las propiedades cambiantes se adaptan a las fluctuaciones de temperatura durante el transporte\" \/>\n<meta property=\"og:url\" content=\"https:\/\/lovepac.com\/es\/productos\/embalaje-termico\/\" \/>\n<meta property=\"og:site_name\" content=\"Lovepac\" \/>\n<meta property=\"article:modified_time\" content=\"2021-04-12T02:30:11+00:00\" \/>\n<meta property=\"og:image\" content=\"https:\/\/lovepac.com\/wp-content\/uploads\/2019\/06\/Thermocorr-300x185.jpg\" \/>\n<meta name=\"twitter:card\" content=\"summary_large_image\" \/>\n<meta name=\"twitter:label1\" content=\"Est. reading time\" \/>\n\t<meta name=\"twitter:data1\" content=\"2 minutes\" \/>\n<script type=\"application\/ld+json\" class=\"yoast-schema-graph\">{\"@context\":\"https:\\\/\\\/schema.org\",\"@graph\":[{\"@type\":\"WebPage\",\"@id\":\"https:\\\/\\\/lovepac.com\\\/es\\\/productos\\\/embalaje-termico\\\/\",\"url\":\"https:\\\/\\\/lovepac.com\\\/es\\\/productos\\\/embalaje-termico\\\/\",\"name\":\"Embalaje t\u00e9rmico - Montreal\",\"isPartOf\":{\"@id\":\"https:\\\/\\\/lovepac.com\\\/es\\\/#website\"},\"primaryImageOfPage\":{\"@id\":\"https:\\\/\\\/lovepac.com\\\/es\\\/productos\\\/embalaje-termico\\\/#primaryimage\"},\"image\":{\"@id\":\"https:\\\/\\\/lovepac.com\\\/es\\\/productos\\\/embalaje-termico\\\/#primaryimage\"},\"thumbnailUrl\":\"https:\\\/\\\/lovepac.com\\\/wp-content\\\/uploads\\\/2019\\\/06\\\/Thermocorr-300x185.jpg\",\"datePublished\":\"2021-04-12T02:21:22+00:00\",\"dateModified\":\"2021-04-12T02:30:11+00:00\",\"description\":\"Embalaje t\u00e9rmico: cumple con los estrictos requisitos de aislamiento t\u00e9rmico. Las propiedades cambiantes se adaptan a las fluctuaciones de temperatura durante el transporte\",\"breadcrumb\":{\"@id\":\"https:\\\/\\\/lovepac.com\\\/es\\\/productos\\\/embalaje-termico\\\/#breadcrumb\"},\"inLanguage\":\"es-ES\",\"potentialAction\":[{\"@type\":\"ReadAction\",\"target\":[\"https:\\\/\\\/lovepac.com\\\/es\\\/productos\\\/embalaje-termico\\\/\"]}]},{\"@type\":\"ImageObject\",\"inLanguage\":\"es-ES\",\"@id\":\"https:\\\/\\\/lovepac.com\\\/es\\\/productos\\\/embalaje-termico\\\/#primaryimage\",\"url\":\"https:\\\/\\\/lovepac.com\\\/wp-content\\\/uploads\\\/2019\\\/06\\\/Thermocorr-300x185.jpg\",\"contentUrl\":\"https:\\\/\\\/lovepac.com\\\/wp-content\\\/uploads\\\/2019\\\/06\\\/Thermocorr-300x185.jpg\"},{\"@type\":\"BreadcrumbList\",\"@id\":\"https:\\\/\\\/lovepac.com\\\/es\\\/productos\\\/embalaje-termico\\\/#breadcrumb\",\"itemListElement\":[{\"@type\":\"ListItem\",\"position\":1,\"name\":\"Accueil\",\"item\":\"https:\\\/\\\/lovepac.com\\\/es\\\/\"},{\"@type\":\"ListItem\",\"position\":2,\"name\":\"Productos\",\"item\":\"https:\\\/\\\/lovepac.com\\\/es\\\/productos\\\/\"},{\"@type\":\"ListItem\",\"position\":3,\"name\":\"Embalaje t\u00e9rmico\"}]},{\"@type\":\"WebSite\",\"@id\":\"https:\\\/\\\/lovepac.com\\\/es\\\/#website\",\"url\":\"https:\\\/\\\/lovepac.com\\\/es\\\/\",\"name\":\"Lovepac\",\"description\":\"Emballages de bo\u00eetes en carton fiables et de qualit\u00e9 sup\u00e9rieure\",\"publisher\":{\"@id\":\"https:\\\/\\\/lovepac.com\\\/es\\\/#organization\"},\"potentialAction\":[{\"@type\":\"SearchAction\",\"target\":{\"@type\":\"EntryPoint\",\"urlTemplate\":\"https:\\\/\\\/lovepac.com\\\/es\\\/?s={search_term_string}\"},\"query-input\":{\"@type\":\"PropertyValueSpecification\",\"valueRequired\":true,\"valueName\":\"search_term_string\"}}],\"inLanguage\":\"es-ES\"},{\"@type\":\"Organization\",\"@id\":\"https:\\\/\\\/lovepac.com\\\/es\\\/#organization\",\"name\":\"Lovepac\",\"url\":\"https:\\\/\\\/lovepac.com\\\/es\\\/\",\"logo\":{\"@type\":\"ImageObject\",\"inLanguage\":\"es-ES\",\"@id\":\"https:\\\/\\\/lovepac.com\\\/es\\\/#\\\/schema\\\/logo\\\/image\\\/\",\"url\":\"https:\\\/\\\/lovepac.com\\\/wp-content\\\/uploads\\\/2017\\\/10\\\/Novapac_Blog.jpg\",\"contentUrl\":\"https:\\\/\\\/lovepac.com\\\/wp-content\\\/uploads\\\/2017\\\/10\\\/Novapac_Blog.jpg\",\"width\":1000,\"height\":600,\"caption\":\"Lovepac\"},\"image\":{\"@id\":\"https:\\\/\\\/lovepac.com\\\/es\\\/#\\\/schema\\\/logo\\\/image\\\/\"}}]}<\/script>\n<!-- \/ Yoast SEO plugin. -->","yoast_head_json":{"title":"Embalaje t\u00e9rmico - Montreal","description":"Embalaje t\u00e9rmico: cumple con los estrictos requisitos de aislamiento t\u00e9rmico. Las propiedades cambiantes se adaptan a las fluctuaciones de temperatura durante el transporte","robots":{"index":"index","follow":"follow","max-snippet":"max-snippet:-1","max-image-preview":"max-image-preview:large","max-video-preview":"max-video-preview:-1"},"canonical":"https:\/\/lovepac.com\/es\/productos\/embalaje-termico\/","og_locale":"es_ES","og_type":"article","og_title":"Embalaje t\u00e9rmico - Montreal","og_description":"Embalaje t\u00e9rmico: cumple con los estrictos requisitos de aislamiento t\u00e9rmico. Las propiedades cambiantes se adaptan a las fluctuaciones de temperatura durante el transporte","og_url":"https:\/\/lovepac.com\/es\/productos\/embalaje-termico\/","og_site_name":"Lovepac","article_modified_time":"2021-04-12T02:30:11+00:00","og_image":[{"url":"https:\/\/lovepac.com\/wp-content\/uploads\/2019\/06\/Thermocorr-300x185.jpg","type":"","width":"","height":""}],"twitter_card":"summary_large_image","twitter_misc":{"Est. reading time":"2 minutes"},"schema":{"@context":"https:\/\/schema.org","@graph":[{"@type":"WebPage","@id":"https:\/\/lovepac.com\/es\/productos\/embalaje-termico\/","url":"https:\/\/lovepac.com\/es\/productos\/embalaje-termico\/","name":"Embalaje t\u00e9rmico - Montreal","isPartOf":{"@id":"https:\/\/lovepac.com\/es\/#website"},"primaryImageOfPage":{"@id":"https:\/\/lovepac.com\/es\/productos\/embalaje-termico\/#primaryimage"},"image":{"@id":"https:\/\/lovepac.com\/es\/productos\/embalaje-termico\/#primaryimage"},"thumbnailUrl":"https:\/\/lovepac.com\/wp-content\/uploads\/2019\/06\/Thermocorr-300x185.jpg","datePublished":"2021-04-12T02:21:22+00:00","dateModified":"2021-04-12T02:30:11+00:00","description":"Embalaje t\u00e9rmico: cumple con los estrictos requisitos de aislamiento t\u00e9rmico. Las propiedades cambiantes se adaptan a las fluctuaciones de temperatura durante el transporte","breadcrumb":{"@id":"https:\/\/lovepac.com\/es\/productos\/embalaje-termico\/#breadcrumb"},"inLanguage":"es-ES","potentialAction":[{"@type":"ReadAction","target":["https:\/\/lovepac.com\/es\/productos\/embalaje-termico\/"]}]},{"@type":"ImageObject","inLanguage":"es-ES","@id":"https:\/\/lovepac.com\/es\/productos\/embalaje-termico\/#primaryimage","url":"https:\/\/lovepac.com\/wp-content\/uploads\/2019\/06\/Thermocorr-300x185.jpg","contentUrl":"https:\/\/lovepac.com\/wp-content\/uploads\/2019\/06\/Thermocorr-300x185.jpg"},{"@type":"BreadcrumbList","@id":"https:\/\/lovepac.com\/es\/productos\/embalaje-termico\/#breadcrumb","itemListElement":[{"@type":"ListItem","position":1,"name":"Accueil","item":"https:\/\/lovepac.com\/es\/"},{"@type":"ListItem","position":2,"name":"Productos","item":"https:\/\/lovepac.com\/es\/productos\/"},{"@type":"ListItem","position":3,"name":"Embalaje t\u00e9rmico"}]},{"@type":"WebSite","@id":"https:\/\/lovepac.com\/es\/#website","url":"https:\/\/lovepac.com\/es\/","name":"Lovepac","description":"Emballages de bo\u00eetes en carton fiables et de qualit\u00e9 sup\u00e9rieure","publisher":{"@id":"https:\/\/lovepac.com\/es\/#organization"},"potentialAction":[{"@type":"SearchAction","target":{"@type":"EntryPoint","urlTemplate":"https:\/\/lovepac.com\/es\/?s={search_term_string}"},"query-input":{"@type":"PropertyValueSpecification","valueRequired":true,"valueName":"search_term_string"}}],"inLanguage":"es-ES"},{"@type":"Organization","@id":"https:\/\/lovepac.com\/es\/#organization","name":"Lovepac","url":"https:\/\/lovepac.com\/es\/","logo":{"@type":"ImageObject","inLanguage":"es-ES","@id":"https:\/\/lovepac.com\/es\/#\/schema\/logo\/image\/","url":"https:\/\/lovepac.com\/wp-content\/uploads\/2017\/10\/Novapac_Blog.jpg","contentUrl":"https:\/\/lovepac.com\/wp-content\/uploads\/2017\/10\/Novapac_Blog.jpg","width":1000,"height":600,"caption":"Lovepac"},"image":{"@id":"https:\/\/lovepac.com\/es\/#\/schema\/logo\/image\/"}}]}},"_links":{"self":[{"href":"https:\/\/lovepac.com\/es\/wp-json\/wp\/v2\/pages\/8959","targetHints":{"allow":["GET"]}}],"collection":[{"href":"https:\/\/lovepac.com\/es\/wp-json\/wp\/v2\/pages"}],"about":[{"href":"https:\/\/lovepac.com\/es\/wp-json\/wp\/v2\/types\/page"}],"author":[{"embeddable":true,"href":"https:\/\/lovepac.com\/es\/wp-json\/wp\/v2\/users\/13"}],"replies":[{"embeddable":true,"href":"https:\/\/lovepac.com\/es\/wp-json\/wp\/v2\/comments?post=8959"}],"version-history":[{"count":3,"href":"https:\/\/lovepac.com\/es\/wp-json\/wp\/v2\/pages\/8959\/revisions"}],"predecessor-version":[{"id":8973,"href":"https:\/\/lovepac.com\/es\/wp-json\/wp\/v2\/pages\/8959\/revisions\/8973"}],"up":[{"embeddable":true,"href":"https:\/\/lovepac.com\/es\/wp-json\/wp\/v2\/pages\/8786"}],"wp:attachment":[{"href":"https:\/\/lovepac.com\/es\/wp-json\/wp\/v2\/media?parent=8959"}],"curies":[{"name":"wp","href":"https:\/\/api.w.org\/{rel}","templated":true}]}}