{"id":8975,"date":"2021-04-11T22:34:39","date_gmt":"2021-04-12T02:34:39","guid":{"rendered":"https:\/\/lovepac.com\/productos\/catalogo\/"},"modified":"2022-02-01T15:12:47","modified_gmt":"2022-02-01T20:12:47","slug":"catalogo","status":"publish","type":"page","link":"https:\/\/lovepac.com\/es\/productos\/catalogo\/","title":{"rendered":"Catalogo"},"content":{"rendered":"<div class=\"fusion-fullwidth fullwidth-box fusion-builder-row-1 fusion-flex-container nonhundred-percent-fullwidth non-hundred-percent-height-scrolling\" style=\"--awb-border-radius-top-left:0px;--awb-border-radius-top-right:0px;--awb-border-radius-bottom-right:0px;--awb-border-radius-bottom-left:0px;--awb-flex-wrap:wrap;\" ><div class=\"fusion-builder-row fusion-row fusion-flex-align-items-flex-start fusion-flex-content-wrap\" style=\"max-width:1216.8px;margin-left: calc(-4% \/ 2 );margin-right: calc(-4% \/ 2 );\"><div class=\"fusion-layout-column fusion_builder_column fusion-builder-column-0 fusion_builder_column_1_1 1_1 fusion-flex-column\" style=\"--awb-bg-size:cover;--awb-width-large:100%;--awb-margin-top-large:0px;--awb-spacing-right-large:1.92%;--awb-margin-bottom-large:0px;--awb-spacing-left-large:1.92%;--awb-width-medium:100%;--awb-spacing-right-medium:1.92%;--awb-spacing-left-medium:1.92%;--awb-width-small:100%;--awb-spacing-right-small:1.92%;--awb-spacing-left-small:1.92%;\"><div class=\"fusion-column-wrapper fusion-flex-justify-content-flex-start fusion-content-layout-column\"><div class=\"fusion-text fusion-text-1\"><h3>Cat\u00e1logo de productos 2022<\/h3>\n<p><a href=\"https:\/\/lovepac.com\/wp-content\/uploads\/2019\/10\/Lovepac_ProductCatalog_2019.pdf\" target=\"_blank\" rel=\"noopener noreferrer\">Descarga nuestro cat\u00e1logo de productos<\/a><\/p>\n<\/div><\/div><\/div><\/div><\/div>\n","protected":false},"excerpt":{"rendered":"","protected":false},"author":1,"featured_media":0,"parent":8786,"menu_order":5,"comment_status":"closed","ping_status":"closed","template":"side-navigation.php","meta":{"footnotes":""},"class_list":["post-8975","page","type-page","status-publish","hentry"],"yoast_head":"<!-- This site is optimized with the Yoast SEO plugin v27.3 - https:\/\/yoast.com\/product\/yoast-seo-wordpress\/ -->\n<title>Cat\u00e1logo Lovepac - \u00a1Descubra todos los productos Lovepac!<\/title>\n<meta name=\"description\" content=\"Cat\u00e1logo Lovepac: \u00a1Descubra todos los productos Lovepac a trav\u00e9s de nuestro cat\u00e1logo en l\u00ednea! Cajas a medida, espuma acolchada, separadores, etc.\" \/>\n<meta name=\"robots\" content=\"index, follow, max-snippet:-1, max-image-preview:large, max-video-preview:-1\" \/>\n<link rel=\"canonical\" href=\"https:\/\/lovepac.com\/es\/productos\/catalogo\/\" \/>\n<meta property=\"og:locale\" content=\"es_ES\" \/>\n<meta property=\"og:type\" content=\"article\" \/>\n<meta property=\"og:title\" content=\"Cat\u00e1logo Lovepac - \u00a1Descubra todos los productos Lovepac!\" \/>\n<meta property=\"og:description\" content=\"Cat\u00e1logo Lovepac: \u00a1Descubra todos los productos Lovepac a trav\u00e9s de nuestro cat\u00e1logo en l\u00ednea! Cajas a medida, espuma acolchada, separadores, etc.\" \/>\n<meta property=\"og:url\" content=\"https:\/\/lovepac.com\/es\/productos\/catalogo\/\" \/>\n<meta property=\"og:site_name\" content=\"Lovepac\" \/>\n<meta property=\"article:modified_time\" content=\"2022-02-01T20:12:47+00:00\" \/>\n<meta name=\"twitter:card\" content=\"summary_large_image\" \/>\n<meta name=\"twitter:label1\" content=\"Est. reading time\" \/>\n\t<meta name=\"twitter:data1\" content=\"1 minute\" \/>\n<script type=\"application\/ld+json\" class=\"yoast-schema-graph\">{\"@context\":\"https:\\\/\\\/schema.org\",\"@graph\":[{\"@type\":\"WebPage\",\"@id\":\"https:\\\/\\\/lovepac.com\\\/es\\\/productos\\\/catalogo\\\/\",\"url\":\"https:\\\/\\\/lovepac.com\\\/es\\\/productos\\\/catalogo\\\/\",\"name\":\"Cat\u00e1logo Lovepac - \u00a1Descubra todos los productos Lovepac!\",\"isPartOf\":{\"@id\":\"https:\\\/\\\/lovepac.com\\\/es\\\/#website\"},\"datePublished\":\"2021-04-12T02:34:39+00:00\",\"dateModified\":\"2022-02-01T20:12:47+00:00\",\"description\":\"Cat\u00e1logo Lovepac: \u00a1Descubra todos los productos Lovepac a trav\u00e9s de nuestro cat\u00e1logo en l\u00ednea! Cajas a medida, espuma acolchada, separadores, etc.\",\"breadcrumb\":{\"@id\":\"https:\\\/\\\/lovepac.com\\\/es\\\/productos\\\/catalogo\\\/#breadcrumb\"},\"inLanguage\":\"es-ES\",\"potentialAction\":[{\"@type\":\"ReadAction\",\"target\":[\"https:\\\/\\\/lovepac.com\\\/es\\\/productos\\\/catalogo\\\/\"]}]},{\"@type\":\"BreadcrumbList\",\"@id\":\"https:\\\/\\\/lovepac.com\\\/es\\\/productos\\\/catalogo\\\/#breadcrumb\",\"itemListElement\":[{\"@type\":\"ListItem\",\"position\":1,\"name\":\"Accueil\",\"item\":\"https:\\\/\\\/lovepac.com\\\/es\\\/\"},{\"@type\":\"ListItem\",\"position\":2,\"name\":\"Productos\",\"item\":\"https:\\\/\\\/lovepac.com\\\/es\\\/productos\\\/\"},{\"@type\":\"ListItem\",\"position\":3,\"name\":\"Catalogo\"}]},{\"@type\":\"WebSite\",\"@id\":\"https:\\\/\\\/lovepac.com\\\/es\\\/#website\",\"url\":\"https:\\\/\\\/lovepac.com\\\/es\\\/\",\"name\":\"Lovepac\",\"description\":\"Emballages de bo\u00eetes en carton fiables et de qualit\u00e9 sup\u00e9rieure\",\"publisher\":{\"@id\":\"https:\\\/\\\/lovepac.com\\\/es\\\/#organization\"},\"potentialAction\":[{\"@type\":\"SearchAction\",\"target\":{\"@type\":\"EntryPoint\",\"urlTemplate\":\"https:\\\/\\\/lovepac.com\\\/es\\\/?s={search_term_string}\"},\"query-input\":{\"@type\":\"PropertyValueSpecification\",\"valueRequired\":true,\"valueName\":\"search_term_string\"}}],\"inLanguage\":\"es-ES\"},{\"@type\":\"Organization\",\"@id\":\"https:\\\/\\\/lovepac.com\\\/es\\\/#organization\",\"name\":\"Lovepac\",\"url\":\"https:\\\/\\\/lovepac.com\\\/es\\\/\",\"logo\":{\"@type\":\"ImageObject\",\"inLanguage\":\"es-ES\",\"@id\":\"https:\\\/\\\/lovepac.com\\\/es\\\/#\\\/schema\\\/logo\\\/image\\\/\",\"url\":\"https:\\\/\\\/lovepac.com\\\/wp-content\\\/uploads\\\/2017\\\/10\\\/Novapac_Blog.jpg\",\"contentUrl\":\"https:\\\/\\\/lovepac.com\\\/wp-content\\\/uploads\\\/2017\\\/10\\\/Novapac_Blog.jpg\",\"width\":1000,\"height\":600,\"caption\":\"Lovepac\"},\"image\":{\"@id\":\"https:\\\/\\\/lovepac.com\\\/es\\\/#\\\/schema\\\/logo\\\/image\\\/\"}}]}<\/script>\n<!-- \/ Yoast SEO plugin. -->","yoast_head_json":{"title":"Cat\u00e1logo Lovepac - \u00a1Descubra todos los productos Lovepac!","description":"Cat\u00e1logo Lovepac: \u00a1Descubra todos los productos Lovepac a trav\u00e9s de nuestro cat\u00e1logo en l\u00ednea! Cajas a medida, espuma acolchada, separadores, etc.","robots":{"index":"index","follow":"follow","max-snippet":"max-snippet:-1","max-image-preview":"max-image-preview:large","max-video-preview":"max-video-preview:-1"},"canonical":"https:\/\/lovepac.com\/es\/productos\/catalogo\/","og_locale":"es_ES","og_type":"article","og_title":"Cat\u00e1logo Lovepac - \u00a1Descubra todos los productos Lovepac!","og_description":"Cat\u00e1logo Lovepac: \u00a1Descubra todos los productos Lovepac a trav\u00e9s de nuestro cat\u00e1logo en l\u00ednea! Cajas a medida, espuma acolchada, separadores, etc.","og_url":"https:\/\/lovepac.com\/es\/productos\/catalogo\/","og_site_name":"Lovepac","article_modified_time":"2022-02-01T20:12:47+00:00","twitter_card":"summary_large_image","twitter_misc":{"Est. reading time":"1 minute"},"schema":{"@context":"https:\/\/schema.org","@graph":[{"@type":"WebPage","@id":"https:\/\/lovepac.com\/es\/productos\/catalogo\/","url":"https:\/\/lovepac.com\/es\/productos\/catalogo\/","name":"Cat\u00e1logo Lovepac - \u00a1Descubra todos los productos Lovepac!","isPartOf":{"@id":"https:\/\/lovepac.com\/es\/#website"},"datePublished":"2021-04-12T02:34:39+00:00","dateModified":"2022-02-01T20:12:47+00:00","description":"Cat\u00e1logo Lovepac: \u00a1Descubra todos los productos Lovepac a trav\u00e9s de nuestro cat\u00e1logo en l\u00ednea! Cajas a medida, espuma acolchada, separadores, etc.","breadcrumb":{"@id":"https:\/\/lovepac.com\/es\/productos\/catalogo\/#breadcrumb"},"inLanguage":"es-ES","potentialAction":[{"@type":"ReadAction","target":["https:\/\/lovepac.com\/es\/productos\/catalogo\/"]}]},{"@type":"BreadcrumbList","@id":"https:\/\/lovepac.com\/es\/productos\/catalogo\/#breadcrumb","itemListElement":[{"@type":"ListItem","position":1,"name":"Accueil","item":"https:\/\/lovepac.com\/es\/"},{"@type":"ListItem","position":2,"name":"Productos","item":"https:\/\/lovepac.com\/es\/productos\/"},{"@type":"ListItem","position":3,"name":"Catalogo"}]},{"@type":"WebSite","@id":"https:\/\/lovepac.com\/es\/#website","url":"https:\/\/lovepac.com\/es\/","name":"Lovepac","description":"Emballages de bo\u00eetes en carton fiables et de qualit\u00e9 sup\u00e9rieure","publisher":{"@id":"https:\/\/lovepac.com\/es\/#organization"},"potentialAction":[{"@type":"SearchAction","target":{"@type":"EntryPoint","urlTemplate":"https:\/\/lovepac.com\/es\/?s={search_term_string}"},"query-input":{"@type":"PropertyValueSpecification","valueRequired":true,"valueName":"search_term_string"}}],"inLanguage":"es-ES"},{"@type":"Organization","@id":"https:\/\/lovepac.com\/es\/#organization","name":"Lovepac","url":"https:\/\/lovepac.com\/es\/","logo":{"@type":"ImageObject","inLanguage":"es-ES","@id":"https:\/\/lovepac.com\/es\/#\/schema\/logo\/image\/","url":"https:\/\/lovepac.com\/wp-content\/uploads\/2017\/10\/Novapac_Blog.jpg","contentUrl":"https:\/\/lovepac.com\/wp-content\/uploads\/2017\/10\/Novapac_Blog.jpg","width":1000,"height":600,"caption":"Lovepac"},"image":{"@id":"https:\/\/lovepac.com\/es\/#\/schema\/logo\/image\/"}}]}},"_links":{"self":[{"href":"https:\/\/lovepac.com\/es\/wp-json\/wp\/v2\/pages\/8975","targetHints":{"allow":["GET"]}}],"collection":[{"href":"https:\/\/lovepac.com\/es\/wp-json\/wp\/v2\/pages"}],"about":[{"href":"https:\/\/lovepac.com\/es\/wp-json\/wp\/v2\/types\/page"}],"author":[{"embeddable":true,"href":"https:\/\/lovepac.com\/es\/wp-json\/wp\/v2\/users\/1"}],"replies":[{"embeddable":true,"href":"https:\/\/lovepac.com\/es\/wp-json\/wp\/v2\/comments?post=8975"}],"version-history":[{"count":3,"href":"https:\/\/lovepac.com\/es\/wp-json\/wp\/v2\/pages\/8975\/revisions"}],"predecessor-version":[{"id":9085,"href":"https:\/\/lovepac.com\/es\/wp-json\/wp\/v2\/pages\/8975\/revisions\/9085"}],"up":[{"embeddable":true,"href":"https:\/\/lovepac.com\/es\/wp-json\/wp\/v2\/pages\/8786"}],"wp:attachment":[{"href":"https:\/\/lovepac.com\/es\/wp-json\/wp\/v2\/media?parent=8975"}],"curies":[{"name":"wp","href":"https:\/\/api.w.org\/{rel}","templated":true}]}}